{"id":44798,"date":"2023-08-08T22:00:34","date_gmt":"2023-08-08T20:00:34","guid":{"rendered":"https:\/\/kiwistore.it\/negozio\/trudi-revolution-casseruola-2m-cm22-y0f3c20220\/"},"modified":"2026-05-05T08:24:26","modified_gmt":"2026-05-05T06:24:26","slug":"trudi-revolution-casseruola-2m-cm22-y0f3c20220","status":"publish","type":"product","link":"https:\/\/kiwistore.it\/nl\/negozio\/trudi-revolution-casseruola-2m-cm22-y0f3c20220\/","title":{"rendered":"trudi revolution-casseruola 2m cm22 y0f3c20220"},"content":{"rendered":"<ul>\n<li>Marca: Bialetti <\/li>\n<li>Serie: Trudi Revolution <\/li>\n<li>Verpakking: 1 stuk<\/li>\n<\/ul>","protected":false},"excerpt":{"rendered":"<p>TRADIZIONE ED INNOVAZIONE SI INCONTRANO PER DAR VITA ALLA NUOVA LINEA TRUDI REVOLUTION. LA PI\u00d9 USATA, LA PI\u00d9 VENDUTA E LA PI\u00d9 AMATA TORNA IN UNA NUOVA VERSIONE ADATTA A TUTTI I TIPI DI PIANI COTTURA COMPRESA L\u0092INDUZIONE. LA LINEA SI PRESENTA CON UN DESIGN PUNTINATO RIVISITATO IN CHIAVE MODERNA CON IL LOGO IN PARETE CHE RICORDA LA STORICA TRUDI. ANCHE QUESTA NUOVA VERSIONE \u00c8 STATA DOTATA DEL NUOVO RIVESTIMENTO PETRAVERA PER UNA MAGGIORE RESISTENZA ALLE ABRASIONI E OTTIME CARATTERISTICHE DI ANTIADERENZA<\/p>","protected":false},"featured_media":47627,"template":"","meta":[],"product_brand":[],"product_cat":[753],"product_tag":[],"class_list":{"0":"post-44798","1":"product","2":"type-product","3":"status-publish","4":"has-post-thumbnail","6":"product_cat-casseruola","8":"first","9":"outofstock","10":"sale","11":"taxable","12":"shipping-taxable","13":"purchasable","14":"product-type-simple"},"yoast_head":"<!-- This site is optimized with the Yoast SEO plugin v27.5 - https:\/\/yoast.com\/product\/yoast-seo-wordpress\/ -->\n<title>trudi revolution-casseruola 2m cm22 y0f3c20220 | KiwiStore<\/title>\n<meta name=\"description\" content=\"| trudi revolution-casseruola 2m cm22 y0f3c20220 KiwiStore\" \/>\n<meta name=\"robots\" content=\"index, follow, max-snippet:-1, max-image-preview:large, max-video-preview:-1\" \/>\n<link rel=\"canonical\" href=\"https:\/\/kiwistore.it\/nl\/winkel\/trudi-revolution-casseruola-2m-cm22-y0f3c20220\/\" \/>\n<meta property=\"og:locale\" content=\"nl_NL\" \/>\n<meta property=\"og:type\" content=\"article\" \/>\n<meta property=\"og:title\" content=\"trudi revolution-casseruola 2m cm22 y0f3c20220 | KiwiStore\" \/>\n<meta property=\"og:description\" content=\"| trudi revolution-casseruola 2m cm22 y0f3c20220 KiwiStore\" \/>\n<meta property=\"og:url\" content=\"https:\/\/kiwistore.it\/nl\/winkel\/trudi-revolution-casseruola-2m-cm22-y0f3c20220\/\" \/>\n<meta property=\"og:site_name\" content=\"KiwiStore\" \/>\n<meta property=\"article:publisher\" content=\"https:\/\/www.facebook.com\/kiwistore.it\" \/>\n<meta property=\"article:modified_time\" content=\"2026-05-05T06:24:26+00:00\" \/>\n<meta property=\"og:image\" content=\"https:\/\/i0.wp.com\/kiwistore.it\/wp-content\/uploads\/2023\/09\/12029.jpg?fit=1200%2C1200&ssl=1\" \/>\n\t<meta property=\"og:image:width\" content=\"1200\" \/>\n\t<meta property=\"og:image:height\" content=\"1200\" \/>\n\t<meta property=\"og:image:type\" content=\"image\/jpeg\" \/>\n<meta name=\"twitter:card\" content=\"summary_large_image\" \/>\n<meta name=\"twitter:label1\" content=\"Prijs\" \/>\n\t<meta name=\"twitter:data1\" content=\"20,59&euro; IVA inclusa\" \/>\n\t<meta name=\"twitter:label2\" content=\"Beschikbaarheid\" \/>\n\t<meta name=\"twitter:data2\" content=\"Uitverkocht\" \/>\n<script type=\"application\/ld+json\" class=\"yoast-schema-graph\">{\"@context\":\"https:\\\/\\\/schema.org\",\"@graph\":[{\"@type\":\"WebPage\",\"@id\":\"https:\\\/\\\/kiwistore.it\\\/negozio\\\/trudi-revolution-casseruola-2m-cm22-y0f3c20220\\\/\",\"url\":\"https:\\\/\\\/kiwistore.it\\\/negozio\\\/trudi-revolution-casseruola-2m-cm22-y0f3c20220\\\/\",\"name\":\"trudi revolution-casseruola 2m cm22 y0f3c20220 | KiwiStore\",\"isPartOf\":{\"@id\":\"https:\\\/\\\/kiwistore.it\\\/#website\"},\"primaryImageOfPage\":{\"@id\":\"https:\\\/\\\/kiwistore.it\\\/negozio\\\/trudi-revolution-casseruola-2m-cm22-y0f3c20220\\\/#primaryimage\"},\"image\":{\"@id\":\"https:\\\/\\\/kiwistore.it\\\/negozio\\\/trudi-revolution-casseruola-2m-cm22-y0f3c20220\\\/#primaryimage\"},\"thumbnailUrl\":\"https:\\\/\\\/i0.wp.com\\\/kiwistore.it\\\/wp-content\\\/uploads\\\/2023\\\/09\\\/12029.jpg?fit=1200%2C1200&ssl=1\",\"datePublished\":\"2023-08-08T20:00:34+00:00\",\"dateModified\":\"2026-05-05T06:24:26+00:00\",\"description\":\"| trudi revolution-casseruola 2m cm22 y0f3c20220 KiwiStore\",\"breadcrumb\":{\"@id\":\"https:\\\/\\\/kiwistore.it\\\/negozio\\\/trudi-revolution-casseruola-2m-cm22-y0f3c20220\\\/#breadcrumb\"},\"inLanguage\":\"nl-NL\",\"potentialAction\":[{\"@type\":\"ReadAction\",\"target\":[\"https:\\\/\\\/kiwistore.it\\\/negozio\\\/trudi-revolution-casseruola-2m-cm22-y0f3c20220\\\/\"]}]},{\"@type\":\"ImageObject\",\"inLanguage\":\"nl-NL\",\"@id\":\"https:\\\/\\\/kiwistore.it\\\/negozio\\\/trudi-revolution-casseruola-2m-cm22-y0f3c20220\\\/#primaryimage\",\"url\":\"https:\\\/\\\/i0.wp.com\\\/kiwistore.it\\\/wp-content\\\/uploads\\\/2023\\\/09\\\/12029.jpg?fit=1200%2C1200&ssl=1\",\"contentUrl\":\"https:\\\/\\\/i0.wp.com\\\/kiwistore.it\\\/wp-content\\\/uploads\\\/2023\\\/09\\\/12029.jpg?fit=1200%2C1200&ssl=1\",\"width\":1200,\"height\":1200},{\"@type\":\"BreadcrumbList\",\"@id\":\"https:\\\/\\\/kiwistore.it\\\/negozio\\\/trudi-revolution-casseruola-2m-cm22-y0f3c20220\\\/#breadcrumb\",\"itemListElement\":[{\"@type\":\"ListItem\",\"position\":1,\"name\":\"Home\",\"item\":\"https:\\\/\\\/kiwistore.it\\\/en\\\/\"},{\"@type\":\"ListItem\",\"position\":2,\"name\":\"Shop\",\"item\":\"https:\\\/\\\/kiwistore.it\\\/en\\\/shop\\\/\"},{\"@type\":\"ListItem\",\"position\":3,\"name\":\"trudi revolution-casseruola 2m cm22 y0f3c20220\"}]},{\"@type\":\"WebSite\",\"@id\":\"https:\\\/\\\/kiwistore.it\\\/#website\",\"url\":\"https:\\\/\\\/kiwistore.it\\\/\",\"name\":\"KiwiStore\",\"description\":\"Forniture alberghiere al Miglior Prezzo\",\"publisher\":{\"@id\":\"https:\\\/\\\/kiwistore.it\\\/#organization\"},\"potentialAction\":[{\"@type\":\"SearchAction\",\"target\":{\"@type\":\"EntryPoint\",\"urlTemplate\":\"https:\\\/\\\/kiwistore.it\\\/?s={search_term_string}\"},\"query-input\":{\"@type\":\"PropertyValueSpecification\",\"valueRequired\":true,\"valueName\":\"search_term_string\"}}],\"inLanguage\":\"nl-NL\"},{\"@type\":\"Organization\",\"@id\":\"https:\\\/\\\/kiwistore.it\\\/#organization\",\"name\":\"KiwiStore\",\"url\":\"https:\\\/\\\/kiwistore.it\\\/\",\"logo\":{\"@type\":\"ImageObject\",\"inLanguage\":\"nl-NL\",\"@id\":\"https:\\\/\\\/kiwistore.it\\\/#\\\/schema\\\/logo\\\/image\\\/\",\"url\":\"https:\\\/\\\/kiwistore.it\\\/wp-content\\\/uploads\\\/2021\\\/03\\\/cropped-LOGO-UMBERTO-03.png\",\"contentUrl\":\"https:\\\/\\\/kiwistore.it\\\/wp-content\\\/uploads\\\/2021\\\/03\\\/cropped-LOGO-UMBERTO-03.png\",\"width\":512,\"height\":512,\"caption\":\"KiwiStore\"},\"image\":{\"@id\":\"https:\\\/\\\/kiwistore.it\\\/#\\\/schema\\\/logo\\\/image\\\/\"},\"sameAs\":[\"https:\\\/\\\/www.facebook.com\\\/kiwistore.it\",\"https:\\\/\\\/www.instagram.com\\\/kiwistore.official\\\/\"],\"hasMerchantReturnPolicy\":{\"@type\":\"MerchantReturnPolicy\",\"merchantReturnLink\":\"https:\\\/\\\/kiwistore.it\\\/nl\\\/refund_returns\\\/\"}}]}<\/script>\n<meta property=\"product:price:amount\" content=\"20.59\" \/>\n<meta property=\"product:price:currency\" content=\"EUR\" \/>\n<meta property=\"og:availability\" content=\"out of stock\" \/>\n<meta property=\"product:availability\" content=\"out of stock\" \/>\n<meta property=\"product:retailer_item_id\" content=\"10429\" \/>\n<meta property=\"product:condition\" content=\"new\" \/>\n<!-- \/ Yoast SEO plugin. -->","yoast_head_json":{"title":"trudi revolution-casseruola 2m cm22 y0f3c20220 | KiwiStore","description":"| trudi revolution-casseruola 2m cm22 y0f3c20220 KiwiStore","robots":{"index":"index","follow":"follow","max-snippet":"max-snippet:-1","max-image-preview":"max-image-preview:large","max-video-preview":"max-video-preview:-1"},"canonical":"https:\/\/kiwistore.it\/nl\/winkel\/trudi-revolution-casseruola-2m-cm22-y0f3c20220\/","og_locale":"nl_NL","og_type":"article","og_title":"trudi revolution-casseruola 2m cm22 y0f3c20220 | KiwiStore","og_description":"| trudi revolution-casseruola 2m cm22 y0f3c20220 KiwiStore","og_url":"https:\/\/kiwistore.it\/nl\/winkel\/trudi-revolution-casseruola-2m-cm22-y0f3c20220\/","og_site_name":"KiwiStore","article_publisher":"https:\/\/www.facebook.com\/kiwistore.it","article_modified_time":"2026-05-05T06:24:26+00:00","og_image":[{"width":1200,"height":1200,"url":"https:\/\/i0.wp.com\/kiwistore.it\/wp-content\/uploads\/2023\/09\/12029.jpg?fit=1200%2C1200&ssl=1","type":"image\/jpeg"}],"twitter_card":"summary_large_image","twitter_misc":{"Prijs":"20,59&euro; IVA inclusa","Beschikbaarheid":"Uitverkocht"},"schema":{"@context":"https:\/\/schema.org","@graph":[{"@type":"WebPage","@id":"https:\/\/kiwistore.it\/negozio\/trudi-revolution-casseruola-2m-cm22-y0f3c20220\/","url":"https:\/\/kiwistore.it\/negozio\/trudi-revolution-casseruola-2m-cm22-y0f3c20220\/","name":"trudi revolution-casseruola 2m cm22 y0f3c20220 | KiwiStore","isPartOf":{"@id":"https:\/\/kiwistore.it\/#website"},"primaryImageOfPage":{"@id":"https:\/\/kiwistore.it\/negozio\/trudi-revolution-casseruola-2m-cm22-y0f3c20220\/#primaryimage"},"image":{"@id":"https:\/\/kiwistore.it\/negozio\/trudi-revolution-casseruola-2m-cm22-y0f3c20220\/#primaryimage"},"thumbnailUrl":"https:\/\/i0.wp.com\/kiwistore.it\/wp-content\/uploads\/2023\/09\/12029.jpg?fit=1200%2C1200&ssl=1","datePublished":"2023-08-08T20:00:34+00:00","dateModified":"2026-05-05T06:24:26+00:00","description":"| trudi revolution-casseruola 2m cm22 y0f3c20220 KiwiStore","breadcrumb":{"@id":"https:\/\/kiwistore.it\/negozio\/trudi-revolution-casseruola-2m-cm22-y0f3c20220\/#breadcrumb"},"inLanguage":"nl-NL","potentialAction":[{"@type":"ReadAction","target":["https:\/\/kiwistore.it\/negozio\/trudi-revolution-casseruola-2m-cm22-y0f3c20220\/"]}]},{"@type":"ImageObject","inLanguage":"nl-NL","@id":"https:\/\/kiwistore.it\/negozio\/trudi-revolution-casseruola-2m-cm22-y0f3c20220\/#primaryimage","url":"https:\/\/i0.wp.com\/kiwistore.it\/wp-content\/uploads\/2023\/09\/12029.jpg?fit=1200%2C1200&ssl=1","contentUrl":"https:\/\/i0.wp.com\/kiwistore.it\/wp-content\/uploads\/2023\/09\/12029.jpg?fit=1200%2C1200&ssl=1","width":1200,"height":1200},{"@type":"BreadcrumbList","@id":"https:\/\/kiwistore.it\/negozio\/trudi-revolution-casseruola-2m-cm22-y0f3c20220\/#breadcrumb","itemListElement":[{"@type":"ListItem","position":1,"name":"Home","item":"https:\/\/kiwistore.it\/en\/"},{"@type":"ListItem","position":2,"name":"Shop","item":"https:\/\/kiwistore.it\/en\/shop\/"},{"@type":"ListItem","position":3,"name":"trudi revolution-casseruola 2m cm22 y0f3c20220"}]},{"@type":"WebSite","@id":"https:\/\/kiwistore.it\/#website","url":"https:\/\/kiwistore.it\/","name":"KiwiStore","description":"Hotelbenodigdheden voor de beste prijs","publisher":{"@id":"https:\/\/kiwistore.it\/#organization"},"potentialAction":[{"@type":"SearchAction","target":{"@type":"EntryPoint","urlTemplate":"https:\/\/kiwistore.it\/?s={search_term_string}"},"query-input":{"@type":"PropertyValueSpecification","valueRequired":true,"valueName":"search_term_string"}}],"inLanguage":"nl-NL"},{"@type":"Organization","@id":"https:\/\/kiwistore.it\/#organization","name":"KiwiStore","url":"https:\/\/kiwistore.it\/","logo":{"@type":"ImageObject","inLanguage":"nl-NL","@id":"https:\/\/kiwistore.it\/#\/schema\/logo\/image\/","url":"https:\/\/kiwistore.it\/wp-content\/uploads\/2021\/03\/cropped-LOGO-UMBERTO-03.png","contentUrl":"https:\/\/kiwistore.it\/wp-content\/uploads\/2021\/03\/cropped-LOGO-UMBERTO-03.png","width":512,"height":512,"caption":"KiwiStore"},"image":{"@id":"https:\/\/kiwistore.it\/#\/schema\/logo\/image\/"},"sameAs":["https:\/\/www.facebook.com\/kiwistore.it","https:\/\/www.instagram.com\/kiwistore.official\/"],"hasMerchantReturnPolicy":{"@type":"MerchantReturnPolicy","merchantReturnLink":"https:\/\/kiwistore.it\/nl\/refund_returns\/"}}]},"product_price_amount":"20.59","product_price_currency":"EUR","og_availability":"out of stock","product_availability":"out of stock","product_retailer_item_id":"10429","product_condition":"new"},"_links":{"self":[{"href":"https:\/\/kiwistore.it\/nl\/wp-json\/wp\/v2\/product\/44798","targetHints":{"allow":["GET"]}}],"collection":[{"href":"https:\/\/kiwistore.it\/nl\/wp-json\/wp\/v2\/product"}],"about":[{"href":"https:\/\/kiwistore.it\/nl\/wp-json\/wp\/v2\/types\/product"}],"wp:featuredmedia":[{"embeddable":true,"href":"https:\/\/kiwistore.it\/nl\/wp-json\/wp\/v2\/media\/47627"}],"wp:attachment":[{"href":"https:\/\/kiwistore.it\/nl\/wp-json\/wp\/v2\/media?parent=44798"}],"wp:term":[{"taxonomy":"product_brand","embeddable":true,"href":"https:\/\/kiwistore.it\/nl\/wp-json\/wp\/v2\/product_brand?post=44798"},{"taxonomy":"product_cat","embeddable":true,"href":"https:\/\/kiwistore.it\/nl\/wp-json\/wp\/v2\/product_cat?post=44798"},{"taxonomy":"product_tag","embeddable":true,"href":"https:\/\/kiwistore.it\/nl\/wp-json\/wp\/v2\/product_tag?post=44798"}],"curies":[{"name":"wp","href":"https:\/\/api.w.org\/{rel}","templated":true}]}}