{"id":79754,"date":"2025-11-18T21:50:03","date_gmt":"2025-11-18T19:50:03","guid":{"rendered":"https:\/\/kiwistore.it\/negozio\/coperchio-per-contenitori-gn-con-bordo-in-silicone-hendi-kitchen-line-gn-1-4-265x162mm\/"},"modified":"2026-04-19T20:37:07","modified_gmt":"2026-04-19T18:37:07","slug":"coperchio-per-contenitori-gn-con-bordo-in-silicone-hendi-kitchen-line-gn-1-4-265x162mm","status":"publish","type":"product","link":"https:\/\/kiwistore.it\/fr\/negozio\/coperchio-per-contenitori-gn-con-bordo-in-silicone-hendi-kitchen-line-gn-1-4-265x162mm\/","title":{"rendered":"Coperchio per contenitori GN con bordo in silicone, Hendi, Kitchen Line, GN 1\/4, 265x162mm"},"content":{"rendered":"<ul>\n<li>Marque : Hendi<\/li>\n<li>Mat\u00e9riau principal : M\u00e9tal<\/li>\n<li>Autres mat\u00e9riaux\u00a0: acier inoxydable 18\/10<\/li>\n<li>Conditionnement : 1 pi\u00e8ce<\/li>\n<\/ul>","protected":false},"excerpt":{"rendered":"<p>Tr\u00e8s r\u00e9sistant gr\u00e2ce \u00e0 ses bords renforc\u00e9s.<br \/>\nFormat GN imprim\u00e9.<br \/>\nCoins arrondis, faciles \u00e0 nettoyer.<br \/>\nCompatible avec les fours \u00e0 convection, les r\u00e9frig\u00e9rateurs, les bains-marie et les chauffe-plats.<\/p>","protected":false},"featured_media":86146,"template":"","meta":[],"product_brand":[],"product_cat":[1064],"product_tag":[],"class_list":{"0":"post-79754","1":"product","2":"type-product","3":"status-publish","4":"has-post-thumbnail","6":"product_cat-accessori-per-cucina","8":"first","9":"onbackorder","10":"sale","11":"taxable","12":"shipping-taxable","13":"purchasable","14":"product-type-simple"},"yoast_head":"<!-- This site is optimized with the Yoast SEO plugin v27.2 - https:\/\/yoast.com\/product\/yoast-seo-wordpress\/ -->\n<title>Coperchio per contenitori GN con bordo in silicone, Hendi, Kitchen Line, GN 1\/4, 265x162mm | KiwiStore<\/title>\n<meta name=\"description\" content=\"| Coperchio per contenitori GN con bordo in silicone, Hendi, Kitchen Line, GN 1\/4, 265x162mm KiwiStore\" \/>\n<meta name=\"robots\" content=\"index, follow, max-snippet:-1, max-image-preview:large, max-video-preview:-1\" \/>\n<link rel=\"canonical\" href=\"https:\/\/kiwistore.it\/fr\/boutique\/coperchio-per-contenitori-gn-con-bordo-in-silicone-hendi-kitchen-line-gn-1-4-265x162mm\/\" \/>\n<meta property=\"og:locale\" content=\"fr_FR\" \/>\n<meta property=\"og:type\" content=\"article\" \/>\n<meta property=\"og:title\" content=\"Coperchio per contenitori GN con bordo in silicone, Hendi, Kitchen Line, GN 1\/4, 265x162mm | KiwiStore\" \/>\n<meta property=\"og:description\" content=\"| Coperchio per contenitori GN con bordo in silicone, Hendi, Kitchen Line, GN 1\/4, 265x162mm KiwiStore\" \/>\n<meta property=\"og:url\" content=\"https:\/\/kiwistore.it\/fr\/boutique\/coperchio-per-contenitori-gn-con-bordo-in-silicone-hendi-kitchen-line-gn-1-4-265x162mm\/\" \/>\n<meta property=\"og:site_name\" content=\"KiwiStore\" \/>\n<meta property=\"article:publisher\" content=\"https:\/\/www.facebook.com\/kiwistore.it\" \/>\n<meta property=\"article:modified_time\" content=\"2026-04-19T18:37:07+00:00\" \/>\n<meta property=\"og:image\" content=\"https:\/\/i0.wp.com\/kiwistore.it\/wp-content\/uploads\/2023\/08\/Logo-Kiwi.jpg?fit=1169%2C1169&ssl=1\" \/>\n\t<meta property=\"og:image:width\" content=\"1169\" \/>\n\t<meta property=\"og:image:height\" content=\"1169\" \/>\n\t<meta property=\"og:image:type\" content=\"image\/jpeg\" \/>\n<meta name=\"twitter:card\" content=\"summary_large_image\" \/>\n<meta name=\"twitter:label1\" content=\"Prix\" \/>\n\t<meta name=\"twitter:data1\" content=\"15,06&euro; IVA inclusa\" \/>\n\t<meta name=\"twitter:label2\" content=\"Disponibilit\u00e9\" \/>\n\t<meta name=\"twitter:data2\" content=\"En r\u00e9assort\" \/>\n<script type=\"application\/ld+json\" class=\"yoast-schema-graph\">{\"@context\":\"https:\/\/schema.org\",\"@graph\":[{\"@type\":\"WebPage\",\"@id\":\"https:\/\/kiwistore.it\/negozio\/coperchio-per-contenitori-gn-con-bordo-in-silicone-hendi-kitchen-line-gn-1-4-265x162mm\/\",\"url\":\"https:\/\/kiwistore.it\/negozio\/coperchio-per-contenitori-gn-con-bordo-in-silicone-hendi-kitchen-line-gn-1-4-265x162mm\/\",\"name\":\"Coperchio per contenitori GN con bordo in silicone, Hendi, Kitchen Line, GN 1\/4, 265x162mm | KiwiStore\",\"isPartOf\":{\"@id\":\"https:\/\/kiwistore.it\/#website\"},\"primaryImageOfPage\":{\"@id\":\"https:\/\/kiwistore.it\/negozio\/coperchio-per-contenitori-gn-con-bordo-in-silicone-hendi-kitchen-line-gn-1-4-265x162mm\/#primaryimage\"},\"image\":{\"@id\":\"https:\/\/kiwistore.it\/negozio\/coperchio-per-contenitori-gn-con-bordo-in-silicone-hendi-kitchen-line-gn-1-4-265x162mm\/#primaryimage\"},\"thumbnailUrl\":\"https:\/\/i0.wp.com\/kiwistore.it\/wp-content\/uploads\/2025\/11\/31953.jpg?fit=1000%2C507&ssl=1\",\"datePublished\":\"2025-11-18T19:50:03+00:00\",\"dateModified\":\"2026-04-19T18:37:07+00:00\",\"description\":\"| Coperchio per contenitori GN con bordo in silicone, Hendi, Kitchen Line, GN 1\/4, 265x162mm KiwiStore\",\"breadcrumb\":{\"@id\":\"https:\/\/kiwistore.it\/negozio\/coperchio-per-contenitori-gn-con-bordo-in-silicone-hendi-kitchen-line-gn-1-4-265x162mm\/#breadcrumb\"},\"inLanguage\":\"fr-FR\",\"potentialAction\":[{\"@type\":\"ReadAction\",\"target\":[\"https:\/\/kiwistore.it\/negozio\/coperchio-per-contenitori-gn-con-bordo-in-silicone-hendi-kitchen-line-gn-1-4-265x162mm\/\"]}]},{\"@type\":\"ImageObject\",\"inLanguage\":\"fr-FR\",\"@id\":\"https:\/\/kiwistore.it\/negozio\/coperchio-per-contenitori-gn-con-bordo-in-silicone-hendi-kitchen-line-gn-1-4-265x162mm\/#primaryimage\",\"url\":\"https:\/\/i0.wp.com\/kiwistore.it\/wp-content\/uploads\/2025\/11\/31953.jpg?fit=1000%2C507&ssl=1\",\"contentUrl\":\"https:\/\/i0.wp.com\/kiwistore.it\/wp-content\/uploads\/2025\/11\/31953.jpg?fit=1000%2C507&ssl=1\",\"width\":1000,\"height\":507},{\"@type\":\"BreadcrumbList\",\"@id\":\"https:\/\/kiwistore.it\/negozio\/coperchio-per-contenitori-gn-con-bordo-in-silicone-hendi-kitchen-line-gn-1-4-265x162mm\/#breadcrumb\",\"itemListElement\":[{\"@type\":\"ListItem\",\"position\":1,\"name\":\"Home\",\"item\":\"https:\/\/kiwistore.it\/en\/\"},{\"@type\":\"ListItem\",\"position\":2,\"name\":\"Shop\",\"item\":\"https:\/\/kiwistore.it\/en\/shop\/\"},{\"@type\":\"ListItem\",\"position\":3,\"name\":\"Coperchio per contenitori GN con bordo in silicone, Hendi, Kitchen Line, GN 1\/4, 265x162mm\"}]},{\"@type\":\"WebSite\",\"@id\":\"https:\/\/kiwistore.it\/#website\",\"url\":\"https:\/\/kiwistore.it\/\",\"name\":\"KiwiStore\",\"description\":\"Forniture alberghiere al Miglior Prezzo\",\"publisher\":{\"@id\":\"https:\/\/kiwistore.it\/#organization\"},\"potentialAction\":[{\"@type\":\"SearchAction\",\"target\":{\"@type\":\"EntryPoint\",\"urlTemplate\":\"https:\/\/kiwistore.it\/?s={search_term_string}\"},\"query-input\":{\"@type\":\"PropertyValueSpecification\",\"valueRequired\":true,\"valueName\":\"search_term_string\"}}],\"inLanguage\":\"fr-FR\"},{\"@type\":\"Organization\",\"@id\":\"https:\/\/kiwistore.it\/#organization\",\"name\":\"KiwiStore\",\"url\":\"https:\/\/kiwistore.it\/\",\"logo\":{\"@type\":\"ImageObject\",\"inLanguage\":\"fr-FR\",\"@id\":\"https:\/\/kiwistore.it\/#\/schema\/logo\/image\/\",\"url\":\"https:\/\/kiwistore.it\/wp-content\/uploads\/2021\/03\/cropped-LOGO-UMBERTO-03.png\",\"contentUrl\":\"https:\/\/kiwistore.it\/wp-content\/uploads\/2021\/03\/cropped-LOGO-UMBERTO-03.png\",\"width\":512,\"height\":512,\"caption\":\"KiwiStore\"},\"image\":{\"@id\":\"https:\/\/kiwistore.it\/#\/schema\/logo\/image\/\"},\"sameAs\":[\"https:\/\/www.facebook.com\/kiwistore.it\",\"https:\/\/www.instagram.com\/kiwistore.official\/\"],\"hasMerchantReturnPolicy\":{\"@type\":\"MerchantReturnPolicy\",\"merchantReturnLink\":\"https:\/\/kiwistore.it\/fr\/refund_returns\/\"}}]}<\/script>\n<meta property=\"product:price:amount\" content=\"15.06\" \/>\n<meta property=\"product:price:currency\" content=\"EUR\" \/>\n<meta property=\"og:availability\" content=\"backorder\" \/>\n<meta property=\"product:availability\" content=\"available for order\" \/>\n<meta property=\"product:retailer_item_id\" content=\"807644\" \/>\n<meta property=\"product:condition\" content=\"new\" \/>\n<!-- \/ Yoast SEO plugin. -->","yoast_head_json":{"title":"Coperchio per contenitori GN con bordo in silicone, Hendi, Kitchen Line, GN 1\/4, 265x162mm | KiwiStore","description":"| Coperchio per contenitori GN con bordo in silicone, Hendi, Kitchen Line, GN 1\/4, 265x162mm KiwiStore","robots":{"index":"index","follow":"follow","max-snippet":"max-snippet:-1","max-image-preview":"max-image-preview:large","max-video-preview":"max-video-preview:-1"},"canonical":"https:\/\/kiwistore.it\/fr\/boutique\/coperchio-per-contenitori-gn-con-bordo-in-silicone-hendi-kitchen-line-gn-1-4-265x162mm\/","og_locale":"fr_FR","og_type":"article","og_title":"Coperchio per contenitori GN con bordo in silicone, Hendi, Kitchen Line, GN 1\/4, 265x162mm | KiwiStore","og_description":"| Coperchio per contenitori GN con bordo in silicone, Hendi, Kitchen Line, GN 1\/4, 265x162mm KiwiStore","og_url":"https:\/\/kiwistore.it\/fr\/boutique\/coperchio-per-contenitori-gn-con-bordo-in-silicone-hendi-kitchen-line-gn-1-4-265x162mm\/","og_site_name":"KiwiStore","article_publisher":"https:\/\/www.facebook.com\/kiwistore.it","article_modified_time":"2026-04-19T18:37:07+00:00","og_image":[{"width":1169,"height":1169,"url":"https:\/\/i0.wp.com\/kiwistore.it\/wp-content\/uploads\/2023\/08\/Logo-Kiwi.jpg?fit=1169%2C1169&ssl=1","type":"image\/jpeg"}],"twitter_card":"summary_large_image","twitter_misc":{"Prix":"15,06&euro; IVA inclusa","Disponibilit\u00e9":"En r\u00e9assort"},"schema":{"@context":"https:\/\/schema.org","@graph":[{"@type":"WebPage","@id":"https:\/\/kiwistore.it\/negozio\/coperchio-per-contenitori-gn-con-bordo-in-silicone-hendi-kitchen-line-gn-1-4-265x162mm\/","url":"https:\/\/kiwistore.it\/negozio\/coperchio-per-contenitori-gn-con-bordo-in-silicone-hendi-kitchen-line-gn-1-4-265x162mm\/","name":"Coperchio per contenitori GN con bordo in silicone, Hendi, Kitchen Line, GN 1\/4, 265x162mm | KiwiStore","isPartOf":{"@id":"https:\/\/kiwistore.it\/#website"},"primaryImageOfPage":{"@id":"https:\/\/kiwistore.it\/negozio\/coperchio-per-contenitori-gn-con-bordo-in-silicone-hendi-kitchen-line-gn-1-4-265x162mm\/#primaryimage"},"image":{"@id":"https:\/\/kiwistore.it\/negozio\/coperchio-per-contenitori-gn-con-bordo-in-silicone-hendi-kitchen-line-gn-1-4-265x162mm\/#primaryimage"},"thumbnailUrl":"https:\/\/i0.wp.com\/kiwistore.it\/wp-content\/uploads\/2025\/11\/31953.jpg?fit=1000%2C507&ssl=1","datePublished":"2025-11-18T19:50:03+00:00","dateModified":"2026-04-19T18:37:07+00:00","description":"| Coperchio per contenitori GN con bordo in silicone, Hendi, Kitchen Line, GN 1\/4, 265x162mm KiwiStore","breadcrumb":{"@id":"https:\/\/kiwistore.it\/negozio\/coperchio-per-contenitori-gn-con-bordo-in-silicone-hendi-kitchen-line-gn-1-4-265x162mm\/#breadcrumb"},"inLanguage":"fr-FR","potentialAction":[{"@type":"ReadAction","target":["https:\/\/kiwistore.it\/negozio\/coperchio-per-contenitori-gn-con-bordo-in-silicone-hendi-kitchen-line-gn-1-4-265x162mm\/"]}]},{"@type":"ImageObject","inLanguage":"fr-FR","@id":"https:\/\/kiwistore.it\/negozio\/coperchio-per-contenitori-gn-con-bordo-in-silicone-hendi-kitchen-line-gn-1-4-265x162mm\/#primaryimage","url":"https:\/\/i0.wp.com\/kiwistore.it\/wp-content\/uploads\/2025\/11\/31953.jpg?fit=1000%2C507&ssl=1","contentUrl":"https:\/\/i0.wp.com\/kiwistore.it\/wp-content\/uploads\/2025\/11\/31953.jpg?fit=1000%2C507&ssl=1","width":1000,"height":507},{"@type":"BreadcrumbList","@id":"https:\/\/kiwistore.it\/negozio\/coperchio-per-contenitori-gn-con-bordo-in-silicone-hendi-kitchen-line-gn-1-4-265x162mm\/#breadcrumb","itemListElement":[{"@type":"ListItem","position":1,"name":"Home","item":"https:\/\/kiwistore.it\/en\/"},{"@type":"ListItem","position":2,"name":"Shop","item":"https:\/\/kiwistore.it\/en\/shop\/"},{"@type":"ListItem","position":3,"name":"Coperchio per contenitori GN con bordo in silicone, Hendi, Kitchen Line, GN 1\/4, 265x162mm"}]},{"@type":"WebSite","@id":"https:\/\/kiwistore.it\/#website","url":"https:\/\/kiwistore.it\/","name":"KiwiStore","description":"Fournitures h\u00f4teli\u00e8res au meilleur prix","publisher":{"@id":"https:\/\/kiwistore.it\/#organization"},"potentialAction":[{"@type":"SearchAction","target":{"@type":"EntryPoint","urlTemplate":"https:\/\/kiwistore.it\/?s={search_term_string}"},"query-input":{"@type":"PropertyValueSpecification","valueRequired":true,"valueName":"search_term_string"}}],"inLanguage":"fr-FR"},{"@type":"Organization","@id":"https:\/\/kiwistore.it\/#organization","name":"KiwiStore","url":"https:\/\/kiwistore.it\/","logo":{"@type":"ImageObject","inLanguage":"fr-FR","@id":"https:\/\/kiwistore.it\/#\/schema\/logo\/image\/","url":"https:\/\/kiwistore.it\/wp-content\/uploads\/2021\/03\/cropped-LOGO-UMBERTO-03.png","contentUrl":"https:\/\/kiwistore.it\/wp-content\/uploads\/2021\/03\/cropped-LOGO-UMBERTO-03.png","width":512,"height":512,"caption":"KiwiStore"},"image":{"@id":"https:\/\/kiwistore.it\/#\/schema\/logo\/image\/"},"sameAs":["https:\/\/www.facebook.com\/kiwistore.it","https:\/\/www.instagram.com\/kiwistore.official\/"],"hasMerchantReturnPolicy":{"@type":"MerchantReturnPolicy","merchantReturnLink":"https:\/\/kiwistore.it\/fr\/refund_returns\/"}}]},"product_price_amount":"15.06","product_price_currency":"EUR","og_availability":"backorder","product_availability":"available for order","product_retailer_item_id":"807644","product_condition":"new"},"_links":{"self":[{"href":"https:\/\/kiwistore.it\/fr\/wp-json\/wp\/v2\/product\/79754","targetHints":{"allow":["GET"]}}],"collection":[{"href":"https:\/\/kiwistore.it\/fr\/wp-json\/wp\/v2\/product"}],"about":[{"href":"https:\/\/kiwistore.it\/fr\/wp-json\/wp\/v2\/types\/product"}],"wp:featuredmedia":[{"embeddable":true,"href":"https:\/\/kiwistore.it\/fr\/wp-json\/wp\/v2\/media\/86146"}],"wp:attachment":[{"href":"https:\/\/kiwistore.it\/fr\/wp-json\/wp\/v2\/media?parent=79754"}],"wp:term":[{"taxonomy":"product_brand","embeddable":true,"href":"https:\/\/kiwistore.it\/fr\/wp-json\/wp\/v2\/product_brand?post=79754"},{"taxonomy":"product_cat","embeddable":true,"href":"https:\/\/kiwistore.it\/fr\/wp-json\/wp\/v2\/product_cat?post=79754"},{"taxonomy":"product_tag","embeddable":true,"href":"https:\/\/kiwistore.it\/fr\/wp-json\/wp\/v2\/product_tag?post=79754"}],"curies":[{"name":"wp","href":"https:\/\/api.w.org\/{rel}","templated":true}]}}