{"id":44801,"date":"2023-08-08T22:00:37","date_gmt":"2023-08-08T20:00:37","guid":{"rendered":"https:\/\/kiwistore.it\/negozio\/trudi-revolution-casseruola-2m-cm24-y0f3c20240\/"},"modified":"2026-05-05T08:24:26","modified_gmt":"2026-05-05T06:24:26","slug":"trudi-revolution-casseruola-2m-cm24-y0f3c20240","status":"publish","type":"product","link":"https:\/\/kiwistore.it\/fr\/negozio\/trudi-revolution-casseruola-2m-cm24-y0f3c20240\/","title":{"rendered":"trudi revolution-casseruola 2m cm24 y0f3c20240"},"content":{"rendered":"<ul>\n<li>Marque : Bialetti <\/li>\n<li>S\u00e9rie : Trudi Revolution <\/li>\n<li>Conditionnement : 1 pi\u00e8ce<\/li>\n<\/ul>","protected":false},"excerpt":{"rendered":"<p>TRADITION ET INNOVATION SE RENCONTRENT POUR DONNER VIE \u00c0 LA NOUVELLE GAMME TRUDI REVOLUTION. LA GAMME LA PLUS UTILIS\u00c9E, LA PLUS VENDUE ET LA PLUS APPR\u00c9CI\u00c9E EST DE RETOUR DANS UNE NOUVELLE VERSION ADAPT\u00c9E \u00c0 TOUS LES TYPES DE PLAQUES DE CUISSON, Y COMPRIS L&#039;INDUCTION. LA GAMME AFFICHE UN DESIGN MODERNE ET REVISIT\u00c9 \u00c0 POINTES, AVEC UN LOGO SUR LA PAROI, \u00c9VOQUANT L&#039;HISTOIRE DE TRUDI. CETTE NOUVELLE VERSION EST \u00c9GALEMENT \u00c9QUIP\u00c9E DU NOUVEAU REV\u00caTEMENT PETRAVERA, POUR UNE MEILLEURE R\u00c9SISTANCE \u00c0 L&#039;ABRASION ET D&#039;EXCELLENTES PROPRI\u00c9T\u00c9S ANTIADH\u00c9SIVES.<\/p>","protected":false},"featured_media":47629,"template":"","meta":[],"product_brand":[],"product_cat":[753],"product_tag":[],"class_list":{"0":"post-44801","1":"product","2":"type-product","3":"status-publish","4":"has-post-thumbnail","6":"product_cat-casseruola","8":"first","9":"onbackorder","10":"sale","11":"taxable","12":"shipping-taxable","13":"purchasable","14":"product-type-simple"},"yoast_head":"<!-- This site is optimized with the Yoast SEO plugin v27.5 - https:\/\/yoast.com\/product\/yoast-seo-wordpress\/ -->\n<title>trudi revolution-casseruola 2m cm24 y0f3c20240 | KiwiStore<\/title>\n<meta name=\"description\" content=\"| trudi revolution-casseruola 2m cm24 y0f3c20240 KiwiStore\" \/>\n<meta name=\"robots\" content=\"index, follow, max-snippet:-1, max-image-preview:large, max-video-preview:-1\" \/>\n<link rel=\"canonical\" href=\"https:\/\/kiwistore.it\/fr\/boutique\/trudi-revolution-casseruola-2m-cm24-y0f3c20240\/\" \/>\n<meta property=\"og:locale\" content=\"fr_FR\" \/>\n<meta property=\"og:type\" content=\"article\" \/>\n<meta property=\"og:title\" content=\"trudi revolution-casseruola 2m cm24 y0f3c20240 | KiwiStore\" \/>\n<meta property=\"og:description\" content=\"| trudi revolution-casseruola 2m cm24 y0f3c20240 KiwiStore\" \/>\n<meta property=\"og:url\" content=\"https:\/\/kiwistore.it\/fr\/boutique\/trudi-revolution-casseruola-2m-cm24-y0f3c20240\/\" \/>\n<meta property=\"og:site_name\" content=\"KiwiStore\" \/>\n<meta property=\"article:publisher\" content=\"https:\/\/www.facebook.com\/kiwistore.it\" \/>\n<meta property=\"article:modified_time\" content=\"2026-05-05T06:24:26+00:00\" \/>\n<meta property=\"og:image\" content=\"https:\/\/i0.wp.com\/kiwistore.it\/wp-content\/uploads\/2023\/09\/12031.jpg?fit=1200%2C1200&ssl=1\" \/>\n\t<meta property=\"og:image:width\" content=\"1200\" \/>\n\t<meta property=\"og:image:height\" content=\"1200\" \/>\n\t<meta property=\"og:image:type\" content=\"image\/jpeg\" \/>\n<meta name=\"twitter:card\" content=\"summary_large_image\" \/>\n<meta name=\"twitter:label1\" content=\"Prix\" \/>\n\t<meta name=\"twitter:data1\" content=\"22,28&euro; IVA inclusa\" \/>\n\t<meta name=\"twitter:label2\" content=\"Disponibilit\u00e9\" \/>\n\t<meta name=\"twitter:data2\" content=\"En r\u00e9assort\" \/>\n<script type=\"application\/ld+json\" class=\"yoast-schema-graph\">{\"@context\":\"https:\\\/\\\/schema.org\",\"@graph\":[{\"@type\":\"WebPage\",\"@id\":\"https:\\\/\\\/kiwistore.it\\\/negozio\\\/trudi-revolution-casseruola-2m-cm24-y0f3c20240\\\/\",\"url\":\"https:\\\/\\\/kiwistore.it\\\/negozio\\\/trudi-revolution-casseruola-2m-cm24-y0f3c20240\\\/\",\"name\":\"trudi revolution-casseruola 2m cm24 y0f3c20240 | KiwiStore\",\"isPartOf\":{\"@id\":\"https:\\\/\\\/kiwistore.it\\\/#website\"},\"primaryImageOfPage\":{\"@id\":\"https:\\\/\\\/kiwistore.it\\\/negozio\\\/trudi-revolution-casseruola-2m-cm24-y0f3c20240\\\/#primaryimage\"},\"image\":{\"@id\":\"https:\\\/\\\/kiwistore.it\\\/negozio\\\/trudi-revolution-casseruola-2m-cm24-y0f3c20240\\\/#primaryimage\"},\"thumbnailUrl\":\"https:\\\/\\\/i0.wp.com\\\/kiwistore.it\\\/wp-content\\\/uploads\\\/2023\\\/09\\\/12031.jpg?fit=1200%2C1200&ssl=1\",\"datePublished\":\"2023-08-08T20:00:37+00:00\",\"dateModified\":\"2026-05-05T06:24:26+00:00\",\"description\":\"| trudi revolution-casseruola 2m cm24 y0f3c20240 KiwiStore\",\"breadcrumb\":{\"@id\":\"https:\\\/\\\/kiwistore.it\\\/negozio\\\/trudi-revolution-casseruola-2m-cm24-y0f3c20240\\\/#breadcrumb\"},\"inLanguage\":\"fr-FR\",\"potentialAction\":[{\"@type\":\"ReadAction\",\"target\":[\"https:\\\/\\\/kiwistore.it\\\/negozio\\\/trudi-revolution-casseruola-2m-cm24-y0f3c20240\\\/\"]}]},{\"@type\":\"ImageObject\",\"inLanguage\":\"fr-FR\",\"@id\":\"https:\\\/\\\/kiwistore.it\\\/negozio\\\/trudi-revolution-casseruola-2m-cm24-y0f3c20240\\\/#primaryimage\",\"url\":\"https:\\\/\\\/i0.wp.com\\\/kiwistore.it\\\/wp-content\\\/uploads\\\/2023\\\/09\\\/12031.jpg?fit=1200%2C1200&ssl=1\",\"contentUrl\":\"https:\\\/\\\/i0.wp.com\\\/kiwistore.it\\\/wp-content\\\/uploads\\\/2023\\\/09\\\/12031.jpg?fit=1200%2C1200&ssl=1\",\"width\":1200,\"height\":1200},{\"@type\":\"BreadcrumbList\",\"@id\":\"https:\\\/\\\/kiwistore.it\\\/negozio\\\/trudi-revolution-casseruola-2m-cm24-y0f3c20240\\\/#breadcrumb\",\"itemListElement\":[{\"@type\":\"ListItem\",\"position\":1,\"name\":\"Home\",\"item\":\"https:\\\/\\\/kiwistore.it\\\/en\\\/\"},{\"@type\":\"ListItem\",\"position\":2,\"name\":\"Shop\",\"item\":\"https:\\\/\\\/kiwistore.it\\\/en\\\/shop\\\/\"},{\"@type\":\"ListItem\",\"position\":3,\"name\":\"trudi revolution-casseruola 2m cm24 y0f3c20240\"}]},{\"@type\":\"WebSite\",\"@id\":\"https:\\\/\\\/kiwistore.it\\\/#website\",\"url\":\"https:\\\/\\\/kiwistore.it\\\/\",\"name\":\"KiwiStore\",\"description\":\"Forniture alberghiere al Miglior Prezzo\",\"publisher\":{\"@id\":\"https:\\\/\\\/kiwistore.it\\\/#organization\"},\"potentialAction\":[{\"@type\":\"SearchAction\",\"target\":{\"@type\":\"EntryPoint\",\"urlTemplate\":\"https:\\\/\\\/kiwistore.it\\\/?s={search_term_string}\"},\"query-input\":{\"@type\":\"PropertyValueSpecification\",\"valueRequired\":true,\"valueName\":\"search_term_string\"}}],\"inLanguage\":\"fr-FR\"},{\"@type\":\"Organization\",\"@id\":\"https:\\\/\\\/kiwistore.it\\\/#organization\",\"name\":\"KiwiStore\",\"url\":\"https:\\\/\\\/kiwistore.it\\\/\",\"logo\":{\"@type\":\"ImageObject\",\"inLanguage\":\"fr-FR\",\"@id\":\"https:\\\/\\\/kiwistore.it\\\/#\\\/schema\\\/logo\\\/image\\\/\",\"url\":\"https:\\\/\\\/kiwistore.it\\\/wp-content\\\/uploads\\\/2021\\\/03\\\/cropped-LOGO-UMBERTO-03.png\",\"contentUrl\":\"https:\\\/\\\/kiwistore.it\\\/wp-content\\\/uploads\\\/2021\\\/03\\\/cropped-LOGO-UMBERTO-03.png\",\"width\":512,\"height\":512,\"caption\":\"KiwiStore\"},\"image\":{\"@id\":\"https:\\\/\\\/kiwistore.it\\\/#\\\/schema\\\/logo\\\/image\\\/\"},\"sameAs\":[\"https:\\\/\\\/www.facebook.com\\\/kiwistore.it\",\"https:\\\/\\\/www.instagram.com\\\/kiwistore.official\\\/\"],\"hasMerchantReturnPolicy\":{\"@type\":\"MerchantReturnPolicy\",\"merchantReturnLink\":\"https:\\\/\\\/kiwistore.it\\\/fr\\\/refund_returns\\\/\"}}]}<\/script>\n<meta property=\"product:price:amount\" content=\"22.28\" \/>\n<meta property=\"product:price:currency\" content=\"EUR\" \/>\n<meta property=\"og:availability\" content=\"backorder\" \/>\n<meta property=\"product:availability\" content=\"available for order\" \/>\n<meta property=\"product:retailer_item_id\" content=\"10430\" \/>\n<meta property=\"product:condition\" content=\"new\" \/>\n<!-- \/ Yoast SEO plugin. -->","yoast_head_json":{"title":"trudi revolution-casseruola 2m cm24 y0f3c20240 | KiwiStore","description":"| trudi revolution-casseruola 2m cm24 y0f3c20240 KiwiStore","robots":{"index":"index","follow":"follow","max-snippet":"max-snippet:-1","max-image-preview":"max-image-preview:large","max-video-preview":"max-video-preview:-1"},"canonical":"https:\/\/kiwistore.it\/fr\/boutique\/trudi-revolution-casseruola-2m-cm24-y0f3c20240\/","og_locale":"fr_FR","og_type":"article","og_title":"trudi revolution-casseruola 2m cm24 y0f3c20240 | KiwiStore","og_description":"| trudi revolution-casseruola 2m cm24 y0f3c20240 KiwiStore","og_url":"https:\/\/kiwistore.it\/fr\/boutique\/trudi-revolution-casseruola-2m-cm24-y0f3c20240\/","og_site_name":"KiwiStore","article_publisher":"https:\/\/www.facebook.com\/kiwistore.it","article_modified_time":"2026-05-05T06:24:26+00:00","og_image":[{"width":1200,"height":1200,"url":"https:\/\/i0.wp.com\/kiwistore.it\/wp-content\/uploads\/2023\/09\/12031.jpg?fit=1200%2C1200&ssl=1","type":"image\/jpeg"}],"twitter_card":"summary_large_image","twitter_misc":{"Prix":"22,28&euro; IVA inclusa","Disponibilit\u00e9":"En r\u00e9assort"},"schema":{"@context":"https:\/\/schema.org","@graph":[{"@type":"WebPage","@id":"https:\/\/kiwistore.it\/negozio\/trudi-revolution-casseruola-2m-cm24-y0f3c20240\/","url":"https:\/\/kiwistore.it\/negozio\/trudi-revolution-casseruola-2m-cm24-y0f3c20240\/","name":"trudi revolution-casseruola 2m cm24 y0f3c20240 | KiwiStore","isPartOf":{"@id":"https:\/\/kiwistore.it\/#website"},"primaryImageOfPage":{"@id":"https:\/\/kiwistore.it\/negozio\/trudi-revolution-casseruola-2m-cm24-y0f3c20240\/#primaryimage"},"image":{"@id":"https:\/\/kiwistore.it\/negozio\/trudi-revolution-casseruola-2m-cm24-y0f3c20240\/#primaryimage"},"thumbnailUrl":"https:\/\/i0.wp.com\/kiwistore.it\/wp-content\/uploads\/2023\/09\/12031.jpg?fit=1200%2C1200&ssl=1","datePublished":"2023-08-08T20:00:37+00:00","dateModified":"2026-05-05T06:24:26+00:00","description":"| trudi revolution-casseruola 2m cm24 y0f3c20240 KiwiStore","breadcrumb":{"@id":"https:\/\/kiwistore.it\/negozio\/trudi-revolution-casseruola-2m-cm24-y0f3c20240\/#breadcrumb"},"inLanguage":"fr-FR","potentialAction":[{"@type":"ReadAction","target":["https:\/\/kiwistore.it\/negozio\/trudi-revolution-casseruola-2m-cm24-y0f3c20240\/"]}]},{"@type":"ImageObject","inLanguage":"fr-FR","@id":"https:\/\/kiwistore.it\/negozio\/trudi-revolution-casseruola-2m-cm24-y0f3c20240\/#primaryimage","url":"https:\/\/i0.wp.com\/kiwistore.it\/wp-content\/uploads\/2023\/09\/12031.jpg?fit=1200%2C1200&ssl=1","contentUrl":"https:\/\/i0.wp.com\/kiwistore.it\/wp-content\/uploads\/2023\/09\/12031.jpg?fit=1200%2C1200&ssl=1","width":1200,"height":1200},{"@type":"BreadcrumbList","@id":"https:\/\/kiwistore.it\/negozio\/trudi-revolution-casseruola-2m-cm24-y0f3c20240\/#breadcrumb","itemListElement":[{"@type":"ListItem","position":1,"name":"Home","item":"https:\/\/kiwistore.it\/en\/"},{"@type":"ListItem","position":2,"name":"Shop","item":"https:\/\/kiwistore.it\/en\/shop\/"},{"@type":"ListItem","position":3,"name":"trudi revolution-casseruola 2m cm24 y0f3c20240"}]},{"@type":"WebSite","@id":"https:\/\/kiwistore.it\/#website","url":"https:\/\/kiwistore.it\/","name":"KiwiStore","description":"Fournitures h\u00f4teli\u00e8res au meilleur prix","publisher":{"@id":"https:\/\/kiwistore.it\/#organization"},"potentialAction":[{"@type":"SearchAction","target":{"@type":"EntryPoint","urlTemplate":"https:\/\/kiwistore.it\/?s={search_term_string}"},"query-input":{"@type":"PropertyValueSpecification","valueRequired":true,"valueName":"search_term_string"}}],"inLanguage":"fr-FR"},{"@type":"Organization","@id":"https:\/\/kiwistore.it\/#organization","name":"KiwiStore","url":"https:\/\/kiwistore.it\/","logo":{"@type":"ImageObject","inLanguage":"fr-FR","@id":"https:\/\/kiwistore.it\/#\/schema\/logo\/image\/","url":"https:\/\/kiwistore.it\/wp-content\/uploads\/2021\/03\/cropped-LOGO-UMBERTO-03.png","contentUrl":"https:\/\/kiwistore.it\/wp-content\/uploads\/2021\/03\/cropped-LOGO-UMBERTO-03.png","width":512,"height":512,"caption":"KiwiStore"},"image":{"@id":"https:\/\/kiwistore.it\/#\/schema\/logo\/image\/"},"sameAs":["https:\/\/www.facebook.com\/kiwistore.it","https:\/\/www.instagram.com\/kiwistore.official\/"],"hasMerchantReturnPolicy":{"@type":"MerchantReturnPolicy","merchantReturnLink":"https:\/\/kiwistore.it\/fr\/refund_returns\/"}}]},"product_price_amount":"22.28","product_price_currency":"EUR","og_availability":"backorder","product_availability":"available for order","product_retailer_item_id":"10430","product_condition":"new"},"_links":{"self":[{"href":"https:\/\/kiwistore.it\/fr\/wp-json\/wp\/v2\/product\/44801","targetHints":{"allow":["GET"]}}],"collection":[{"href":"https:\/\/kiwistore.it\/fr\/wp-json\/wp\/v2\/product"}],"about":[{"href":"https:\/\/kiwistore.it\/fr\/wp-json\/wp\/v2\/types\/product"}],"wp:featuredmedia":[{"embeddable":true,"href":"https:\/\/kiwistore.it\/fr\/wp-json\/wp\/v2\/media\/47629"}],"wp:attachment":[{"href":"https:\/\/kiwistore.it\/fr\/wp-json\/wp\/v2\/media?parent=44801"}],"wp:term":[{"taxonomy":"product_brand","embeddable":true,"href":"https:\/\/kiwistore.it\/fr\/wp-json\/wp\/v2\/product_brand?post=44801"},{"taxonomy":"product_cat","embeddable":true,"href":"https:\/\/kiwistore.it\/fr\/wp-json\/wp\/v2\/product_cat?post=44801"},{"taxonomy":"product_tag","embeddable":true,"href":"https:\/\/kiwistore.it\/fr\/wp-json\/wp\/v2\/product_tag?post=44801"}],"curies":[{"name":"wp","href":"https:\/\/api.w.org\/{rel}","templated":true}]}}