{"id":43579,"date":"2023-07-17T21:17:25","date_gmt":"2023-07-17T19:17:25","guid":{"rendered":"https:\/\/kiwistore.it\/negozio\/vassoio-fast-food-polipropilene-cm-435x31-grigio-prffmg\/"},"modified":"2026-05-05T08:24:02","modified_gmt":"2026-05-05T06:24:02","slug":"vassoio-fast-food-polipropilene-cm-435x31-grigio-prffmg","status":"publish","type":"product","link":"https:\/\/kiwistore.it\/fr\/negozio\/vassoio-fast-food-polipropilene-cm-435x31-grigio-prffmg\/","title":{"rendered":"vassoio fast food polipropilene cm.43,5&#215;31 grigio   prffmg"},"content":{"rendered":"<ul>\n<li>Marca: Inox Macel<\/li>\n<li>Conditionnement : 1 pi\u00e8ce<\/li>\n<\/ul>","protected":false},"excerpt":{"rendered":"<p>Colorati o trasparenti, sono nati negli anni per rispondere alle sempre pi\u00f9 diffuse esigenze di sicurezza, praticit\u00e0 e convenienza a cui la plastica pu\u00f2 rispondere. Bicchieri, brocche, piatti e copripiatti, vassoi in plastica sono ideali sostituti di materiali fragili come ceramica e vetro in luoghi come discoteche, piscine, ospedali, locali all\u0092aperto\u0085 grazie alla loro durabilit\u00e0 e resistenza agli urti e alla rottura. Offrono anche un notevole risparmio rispetto ai materiali tradizionali. Pensati per essere comodi: all\u0092esterno superfici zigrinate antigraffio e antiscivolo, all\u0092interno lisce per una facile pulizia; lavabili in lavastoviglie. Trasparenti come vetro o con colori brillanti, si adattano a tutti i contesti.<\/p>","protected":false},"featured_media":46722,"template":"","meta":[],"product_brand":[],"product_cat":[643],"product_tag":[],"class_list":{"0":"post-43579","1":"product","2":"type-product","3":"status-publish","4":"has-post-thumbnail","6":"product_cat-vassoio","8":"first","9":"onbackorder","10":"sale","11":"taxable","12":"shipping-taxable","13":"purchasable","14":"product-type-simple"},"yoast_head":"<!-- This site is optimized with the Yoast SEO plugin v27.5 - https:\/\/yoast.com\/product\/yoast-seo-wordpress\/ -->\n<title>vassoio fast food polipropilene cm.43,5x31 grigio  prffmg | KiwiStore<\/title>\n<meta name=\"description\" content=\"| vassoio fast food polipropilene cm.43,5x31 grigio  prffmg KiwiStore\" \/>\n<meta name=\"robots\" content=\"index, follow, max-snippet:-1, max-image-preview:large, max-video-preview:-1\" \/>\n<link rel=\"canonical\" href=\"https:\/\/kiwistore.it\/fr\/boutique\/vassoio-fast-food-polipropilene-cm-435x31-grigio-prffmg\/\" \/>\n<meta property=\"og:locale\" content=\"fr_FR\" \/>\n<meta property=\"og:type\" content=\"article\" \/>\n<meta property=\"og:title\" content=\"vassoio fast food polipropilene cm.43,5x31 grigio  prffmg | KiwiStore\" \/>\n<meta property=\"og:description\" content=\"| vassoio fast food polipropilene cm.43,5x31 grigio  prffmg KiwiStore\" \/>\n<meta property=\"og:url\" content=\"https:\/\/kiwistore.it\/fr\/boutique\/vassoio-fast-food-polipropilene-cm-435x31-grigio-prffmg\/\" \/>\n<meta property=\"og:site_name\" content=\"KiwiStore\" \/>\n<meta property=\"article:publisher\" content=\"https:\/\/www.facebook.com\/kiwistore.it\" \/>\n<meta property=\"article:modified_time\" content=\"2026-05-05T06:24:02+00:00\" \/>\n<meta property=\"og:image\" content=\"https:\/\/i0.wp.com\/kiwistore.it\/wp-content\/uploads\/2023\/09\/10851.jpg?fit=1200%2C1200&ssl=1\" \/>\n\t<meta property=\"og:image:width\" content=\"1200\" \/>\n\t<meta property=\"og:image:height\" content=\"1200\" \/>\n\t<meta property=\"og:image:type\" content=\"image\/jpeg\" \/>\n<meta name=\"twitter:card\" content=\"summary_large_image\" \/>\n<meta name=\"twitter:label1\" content=\"Prix\" \/>\n\t<meta name=\"twitter:data1\" content=\"3,29&euro; IVA inclusa\" \/>\n\t<meta name=\"twitter:label2\" content=\"Disponibilit\u00e9\" \/>\n\t<meta name=\"twitter:data2\" content=\"En r\u00e9assort\" \/>\n<script type=\"application\/ld+json\" class=\"yoast-schema-graph\">{\"@context\":\"https:\\\/\\\/schema.org\",\"@graph\":[{\"@type\":\"WebPage\",\"@id\":\"https:\\\/\\\/kiwistore.it\\\/negozio\\\/vassoio-fast-food-polipropilene-cm-435x31-grigio-prffmg\\\/\",\"url\":\"https:\\\/\\\/kiwistore.it\\\/negozio\\\/vassoio-fast-food-polipropilene-cm-435x31-grigio-prffmg\\\/\",\"name\":\"vassoio fast food polipropilene cm.43,5x31 grigio prffmg | KiwiStore\",\"isPartOf\":{\"@id\":\"https:\\\/\\\/kiwistore.it\\\/#website\"},\"primaryImageOfPage\":{\"@id\":\"https:\\\/\\\/kiwistore.it\\\/negozio\\\/vassoio-fast-food-polipropilene-cm-435x31-grigio-prffmg\\\/#primaryimage\"},\"image\":{\"@id\":\"https:\\\/\\\/kiwistore.it\\\/negozio\\\/vassoio-fast-food-polipropilene-cm-435x31-grigio-prffmg\\\/#primaryimage\"},\"thumbnailUrl\":\"https:\\\/\\\/i0.wp.com\\\/kiwistore.it\\\/wp-content\\\/uploads\\\/2023\\\/09\\\/10851.jpg?fit=1200%2C1200&ssl=1\",\"datePublished\":\"2023-07-17T19:17:25+00:00\",\"dateModified\":\"2026-05-05T06:24:02+00:00\",\"description\":\"| vassoio fast food polipropilene cm.43,5x31 grigio prffmg KiwiStore\",\"breadcrumb\":{\"@id\":\"https:\\\/\\\/kiwistore.it\\\/negozio\\\/vassoio-fast-food-polipropilene-cm-435x31-grigio-prffmg\\\/#breadcrumb\"},\"inLanguage\":\"fr-FR\",\"potentialAction\":[{\"@type\":\"ReadAction\",\"target\":[\"https:\\\/\\\/kiwistore.it\\\/negozio\\\/vassoio-fast-food-polipropilene-cm-435x31-grigio-prffmg\\\/\"]}]},{\"@type\":\"ImageObject\",\"inLanguage\":\"fr-FR\",\"@id\":\"https:\\\/\\\/kiwistore.it\\\/negozio\\\/vassoio-fast-food-polipropilene-cm-435x31-grigio-prffmg\\\/#primaryimage\",\"url\":\"https:\\\/\\\/i0.wp.com\\\/kiwistore.it\\\/wp-content\\\/uploads\\\/2023\\\/09\\\/10851.jpg?fit=1200%2C1200&ssl=1\",\"contentUrl\":\"https:\\\/\\\/i0.wp.com\\\/kiwistore.it\\\/wp-content\\\/uploads\\\/2023\\\/09\\\/10851.jpg?fit=1200%2C1200&ssl=1\",\"width\":1200,\"height\":1200},{\"@type\":\"BreadcrumbList\",\"@id\":\"https:\\\/\\\/kiwistore.it\\\/negozio\\\/vassoio-fast-food-polipropilene-cm-435x31-grigio-prffmg\\\/#breadcrumb\",\"itemListElement\":[{\"@type\":\"ListItem\",\"position\":1,\"name\":\"Home\",\"item\":\"https:\\\/\\\/kiwistore.it\\\/en\\\/\"},{\"@type\":\"ListItem\",\"position\":2,\"name\":\"Shop\",\"item\":\"https:\\\/\\\/kiwistore.it\\\/en\\\/shop\\\/\"},{\"@type\":\"ListItem\",\"position\":3,\"name\":\"vassoio fast food polipropilene cm.43,5&#215;31 grigio prffmg\"}]},{\"@type\":\"WebSite\",\"@id\":\"https:\\\/\\\/kiwistore.it\\\/#website\",\"url\":\"https:\\\/\\\/kiwistore.it\\\/\",\"name\":\"KiwiStore\",\"description\":\"Forniture alberghiere al Miglior Prezzo\",\"publisher\":{\"@id\":\"https:\\\/\\\/kiwistore.it\\\/#organization\"},\"potentialAction\":[{\"@type\":\"SearchAction\",\"target\":{\"@type\":\"EntryPoint\",\"urlTemplate\":\"https:\\\/\\\/kiwistore.it\\\/?s={search_term_string}\"},\"query-input\":{\"@type\":\"PropertyValueSpecification\",\"valueRequired\":true,\"valueName\":\"search_term_string\"}}],\"inLanguage\":\"fr-FR\"},{\"@type\":\"Organization\",\"@id\":\"https:\\\/\\\/kiwistore.it\\\/#organization\",\"name\":\"KiwiStore\",\"url\":\"https:\\\/\\\/kiwistore.it\\\/\",\"logo\":{\"@type\":\"ImageObject\",\"inLanguage\":\"fr-FR\",\"@id\":\"https:\\\/\\\/kiwistore.it\\\/#\\\/schema\\\/logo\\\/image\\\/\",\"url\":\"https:\\\/\\\/kiwistore.it\\\/wp-content\\\/uploads\\\/2021\\\/03\\\/cropped-LOGO-UMBERTO-03.png\",\"contentUrl\":\"https:\\\/\\\/kiwistore.it\\\/wp-content\\\/uploads\\\/2021\\\/03\\\/cropped-LOGO-UMBERTO-03.png\",\"width\":512,\"height\":512,\"caption\":\"KiwiStore\"},\"image\":{\"@id\":\"https:\\\/\\\/kiwistore.it\\\/#\\\/schema\\\/logo\\\/image\\\/\"},\"sameAs\":[\"https:\\\/\\\/www.facebook.com\\\/kiwistore.it\",\"https:\\\/\\\/www.instagram.com\\\/kiwistore.official\\\/\"],\"hasMerchantReturnPolicy\":{\"@type\":\"MerchantReturnPolicy\",\"merchantReturnLink\":\"https:\\\/\\\/kiwistore.it\\\/fr\\\/refund_returns\\\/\"}}]}<\/script>\n<meta property=\"product:price:amount\" content=\"3.29\" \/>\n<meta property=\"product:price:currency\" content=\"EUR\" \/>\n<meta property=\"og:availability\" content=\"backorder\" \/>\n<meta property=\"product:availability\" content=\"available for order\" \/>\n<meta property=\"product:retailer_item_id\" content=\"12645\" \/>\n<meta property=\"product:condition\" content=\"new\" \/>\n<!-- \/ Yoast SEO plugin. -->","yoast_head_json":{"title":"vassoio fast food polipropilene cm.43,5x31 grigio  prffmg | KiwiStore","description":"| vassoio fast food polipropilene cm.43,5x31 grigio  prffmg KiwiStore","robots":{"index":"index","follow":"follow","max-snippet":"max-snippet:-1","max-image-preview":"max-image-preview:large","max-video-preview":"max-video-preview:-1"},"canonical":"https:\/\/kiwistore.it\/fr\/boutique\/vassoio-fast-food-polipropilene-cm-435x31-grigio-prffmg\/","og_locale":"fr_FR","og_type":"article","og_title":"vassoio fast food polipropilene cm.43,5x31 grigio  prffmg | KiwiStore","og_description":"| vassoio fast food polipropilene cm.43,5x31 grigio  prffmg KiwiStore","og_url":"https:\/\/kiwistore.it\/fr\/boutique\/vassoio-fast-food-polipropilene-cm-435x31-grigio-prffmg\/","og_site_name":"KiwiStore","article_publisher":"https:\/\/www.facebook.com\/kiwistore.it","article_modified_time":"2026-05-05T06:24:02+00:00","og_image":[{"width":1200,"height":1200,"url":"https:\/\/i0.wp.com\/kiwistore.it\/wp-content\/uploads\/2023\/09\/10851.jpg?fit=1200%2C1200&ssl=1","type":"image\/jpeg"}],"twitter_card":"summary_large_image","twitter_misc":{"Prix":"3,29&euro; IVA inclusa","Disponibilit\u00e9":"En r\u00e9assort"},"schema":{"@context":"https:\/\/schema.org","@graph":[{"@type":"WebPage","@id":"https:\/\/kiwistore.it\/negozio\/vassoio-fast-food-polipropilene-cm-435x31-grigio-prffmg\/","url":"https:\/\/kiwistore.it\/negozio\/vassoio-fast-food-polipropilene-cm-435x31-grigio-prffmg\/","name":"vassoio fast food polipropilene cm.43,5x31 grigio prffmg | KiwiStore","isPartOf":{"@id":"https:\/\/kiwistore.it\/#website"},"primaryImageOfPage":{"@id":"https:\/\/kiwistore.it\/negozio\/vassoio-fast-food-polipropilene-cm-435x31-grigio-prffmg\/#primaryimage"},"image":{"@id":"https:\/\/kiwistore.it\/negozio\/vassoio-fast-food-polipropilene-cm-435x31-grigio-prffmg\/#primaryimage"},"thumbnailUrl":"https:\/\/i0.wp.com\/kiwistore.it\/wp-content\/uploads\/2023\/09\/10851.jpg?fit=1200%2C1200&ssl=1","datePublished":"2023-07-17T19:17:25+00:00","dateModified":"2026-05-05T06:24:02+00:00","description":"| vassoio fast food polipropilene cm.43,5x31 grigio prffmg KiwiStore","breadcrumb":{"@id":"https:\/\/kiwistore.it\/negozio\/vassoio-fast-food-polipropilene-cm-435x31-grigio-prffmg\/#breadcrumb"},"inLanguage":"fr-FR","potentialAction":[{"@type":"ReadAction","target":["https:\/\/kiwistore.it\/negozio\/vassoio-fast-food-polipropilene-cm-435x31-grigio-prffmg\/"]}]},{"@type":"ImageObject","inLanguage":"fr-FR","@id":"https:\/\/kiwistore.it\/negozio\/vassoio-fast-food-polipropilene-cm-435x31-grigio-prffmg\/#primaryimage","url":"https:\/\/i0.wp.com\/kiwistore.it\/wp-content\/uploads\/2023\/09\/10851.jpg?fit=1200%2C1200&ssl=1","contentUrl":"https:\/\/i0.wp.com\/kiwistore.it\/wp-content\/uploads\/2023\/09\/10851.jpg?fit=1200%2C1200&ssl=1","width":1200,"height":1200},{"@type":"BreadcrumbList","@id":"https:\/\/kiwistore.it\/negozio\/vassoio-fast-food-polipropilene-cm-435x31-grigio-prffmg\/#breadcrumb","itemListElement":[{"@type":"ListItem","position":1,"name":"Home","item":"https:\/\/kiwistore.it\/en\/"},{"@type":"ListItem","position":2,"name":"Shop","item":"https:\/\/kiwistore.it\/en\/shop\/"},{"@type":"ListItem","position":3,"name":"vassoio fast food polipropilene cm.43,5&#215;31 grigio prffmg"}]},{"@type":"WebSite","@id":"https:\/\/kiwistore.it\/#website","url":"https:\/\/kiwistore.it\/","name":"KiwiStore","description":"Fournitures h\u00f4teli\u00e8res au meilleur prix","publisher":{"@id":"https:\/\/kiwistore.it\/#organization"},"potentialAction":[{"@type":"SearchAction","target":{"@type":"EntryPoint","urlTemplate":"https:\/\/kiwistore.it\/?s={search_term_string}"},"query-input":{"@type":"PropertyValueSpecification","valueRequired":true,"valueName":"search_term_string"}}],"inLanguage":"fr-FR"},{"@type":"Organization","@id":"https:\/\/kiwistore.it\/#organization","name":"KiwiStore","url":"https:\/\/kiwistore.it\/","logo":{"@type":"ImageObject","inLanguage":"fr-FR","@id":"https:\/\/kiwistore.it\/#\/schema\/logo\/image\/","url":"https:\/\/kiwistore.it\/wp-content\/uploads\/2021\/03\/cropped-LOGO-UMBERTO-03.png","contentUrl":"https:\/\/kiwistore.it\/wp-content\/uploads\/2021\/03\/cropped-LOGO-UMBERTO-03.png","width":512,"height":512,"caption":"KiwiStore"},"image":{"@id":"https:\/\/kiwistore.it\/#\/schema\/logo\/image\/"},"sameAs":["https:\/\/www.facebook.com\/kiwistore.it","https:\/\/www.instagram.com\/kiwistore.official\/"],"hasMerchantReturnPolicy":{"@type":"MerchantReturnPolicy","merchantReturnLink":"https:\/\/kiwistore.it\/fr\/refund_returns\/"}}]},"product_price_amount":"3.29","product_price_currency":"EUR","og_availability":"backorder","product_availability":"available for order","product_retailer_item_id":"12645","product_condition":"new"},"_links":{"self":[{"href":"https:\/\/kiwistore.it\/fr\/wp-json\/wp\/v2\/product\/43579","targetHints":{"allow":["GET"]}}],"collection":[{"href":"https:\/\/kiwistore.it\/fr\/wp-json\/wp\/v2\/product"}],"about":[{"href":"https:\/\/kiwistore.it\/fr\/wp-json\/wp\/v2\/types\/product"}],"wp:featuredmedia":[{"embeddable":true,"href":"https:\/\/kiwistore.it\/fr\/wp-json\/wp\/v2\/media\/46722"}],"wp:attachment":[{"href":"https:\/\/kiwistore.it\/fr\/wp-json\/wp\/v2\/media?parent=43579"}],"wp:term":[{"taxonomy":"product_brand","embeddable":true,"href":"https:\/\/kiwistore.it\/fr\/wp-json\/wp\/v2\/product_brand?post=43579"},{"taxonomy":"product_cat","embeddable":true,"href":"https:\/\/kiwistore.it\/fr\/wp-json\/wp\/v2\/product_cat?post=43579"},{"taxonomy":"product_tag","embeddable":true,"href":"https:\/\/kiwistore.it\/fr\/wp-json\/wp\/v2\/product_tag?post=43579"}],"curies":[{"name":"wp","href":"https:\/\/api.w.org\/{rel}","templated":true}]}}