{"id":40507,"date":"2023-05-30T12:11:13","date_gmt":"2023-05-30T10:11:13","guid":{"rendered":"https:\/\/kiwistore.it\/negozio\/stromboli-vassoio-rettangolare-oblungo-cm-375x233-rh42331-37-fs1-x\/"},"modified":"2026-04-15T20:59:18","modified_gmt":"2026-04-15T18:59:18","slug":"stromboli-vassoio-rettangolare-oblungo-cm-375x233-rh42331-37-fs1-x","status":"publish","type":"product","link":"https:\/\/kiwistore.it\/fr\/negozio\/stromboli-vassoio-rettangolare-oblungo-cm-375x233-rh42331-37-fs1-x\/","title":{"rendered":"stromboli-vassoio rettangolare oblungo cm.37,5&#215;23,3  rh42331-37-fs1-x"},"content":{"rendered":"<ul>\n<li>Marque : Import Tavola <\/li>\n<li>Conditionnement : 4 Pi\u00e8ces <\/li>\n<\/ul>","protected":false},"excerpt":{"rendered":"<p>ASSIETTES ET ACCESSOIRES EN GR\u00c8S NOIR, AVEC UN \u00c9L\u00c9GANT BORDURE CUIVR\u00c9 QUI APPORTE UNE \u00c9L\u00c9GANCE \u00c0 UNE LIGNE INSPIR\u00c9 PAR LA TERRE ET LES COULEURS DES \u00ceLES VOLCANIQUES<\/p>","protected":false},"featured_media":40504,"template":"","meta":[],"product_brand":[],"product_cat":[663],"product_tag":[],"class_list":{"0":"post-40507","1":"product","2":"type-product","3":"status-publish","4":"has-post-thumbnail","6":"product_cat-vassoio-tavola","8":"first","9":"onbackorder","10":"taxable","11":"shipping-taxable","12":"purchasable","13":"product-type-simple"},"yoast_head":"<!-- This site is optimized with the Yoast SEO plugin v27.2 - https:\/\/yoast.com\/product\/yoast-seo-wordpress\/ -->\n<title>stromboli-vassoio rettangolare oblungo cm.37,5x23,3 rh42331-37-fs1-x | KiwiStore<\/title>\n<meta name=\"description\" content=\"| stromboli-vassoio rettangolare oblungo cm.37,5x23,3 rh42331-37-fs1-x KiwiStore\" \/>\n<meta name=\"robots\" content=\"index, follow, max-snippet:-1, max-image-preview:large, max-video-preview:-1\" \/>\n<link rel=\"canonical\" href=\"https:\/\/kiwistore.it\/fr\/boutique\/stromboli-vassoio-rettangolare-oblungo-cm-375x233-rh42331-37-fs1-x\/\" \/>\n<meta property=\"og:locale\" content=\"fr_FR\" \/>\n<meta property=\"og:type\" content=\"article\" \/>\n<meta property=\"og:title\" content=\"stromboli-vassoio rettangolare oblungo cm.37,5x23,3 rh42331-37-fs1-x | KiwiStore\" \/>\n<meta property=\"og:description\" content=\"| stromboli-vassoio rettangolare oblungo cm.37,5x23,3 rh42331-37-fs1-x KiwiStore\" \/>\n<meta property=\"og:url\" content=\"https:\/\/kiwistore.it\/fr\/boutique\/stromboli-vassoio-rettangolare-oblungo-cm-375x233-rh42331-37-fs1-x\/\" \/>\n<meta property=\"og:site_name\" content=\"KiwiStore\" \/>\n<meta property=\"article:publisher\" content=\"https:\/\/www.facebook.com\/kiwistore.it\" \/>\n<meta property=\"article:modified_time\" content=\"2026-04-15T18:59:18+00:00\" \/>\n<meta property=\"og:image\" content=\"https:\/\/i0.wp.com\/kiwistore.it\/wp-content\/uploads\/2023\/05\/STROMBOLI-PIATTO-RETT.-CM.37X23-RH42331-37-FS1-X_8297_MUCG-scaled-wpp1685624948416.jpg?fit=1200%2C1200&ssl=1\" \/>\n\t<meta property=\"og:image:width\" content=\"1200\" \/>\n\t<meta property=\"og:image:height\" content=\"1200\" \/>\n\t<meta property=\"og:image:type\" content=\"image\/jpeg\" \/>\n<meta name=\"twitter:card\" content=\"summary_large_image\" \/>\n<meta name=\"twitter:label1\" content=\"Prix\" \/>\n\t<meta name=\"twitter:data1\" content=\"68,60&euro; IVA inclusa\" \/>\n\t<meta name=\"twitter:label2\" content=\"Disponibilit\u00e9\" \/>\n\t<meta name=\"twitter:data2\" content=\"En r\u00e9assort\" \/>\n<script type=\"application\/ld+json\" class=\"yoast-schema-graph\">{\"@context\":\"https:\/\/schema.org\",\"@graph\":[{\"@type\":\"WebPage\",\"@id\":\"https:\/\/kiwistore.it\/negozio\/stromboli-vassoio-rettangolare-oblungo-cm-375x233-rh42331-37-fs1-x\/\",\"url\":\"https:\/\/kiwistore.it\/negozio\/stromboli-vassoio-rettangolare-oblungo-cm-375x233-rh42331-37-fs1-x\/\",\"name\":\"stromboli-vassoio rettangolare oblungo cm.37,5x23,3 rh42331-37-fs1-x | KiwiStore\",\"isPartOf\":{\"@id\":\"https:\/\/kiwistore.it\/#website\"},\"primaryImageOfPage\":{\"@id\":\"https:\/\/kiwistore.it\/negozio\/stromboli-vassoio-rettangolare-oblungo-cm-375x233-rh42331-37-fs1-x\/#primaryimage\"},\"image\":{\"@id\":\"https:\/\/kiwistore.it\/negozio\/stromboli-vassoio-rettangolare-oblungo-cm-375x233-rh42331-37-fs1-x\/#primaryimage\"},\"thumbnailUrl\":\"https:\/\/i0.wp.com\/kiwistore.it\/wp-content\/uploads\/2023\/05\/STROMBOLI-PIATTO-RETT.-CM.37X23-RH42331-37-FS1-X_8297_MUCG-scaled-wpp1685624948416.jpg?fit=1200%2C1200&ssl=1\",\"datePublished\":\"2023-05-30T10:11:13+00:00\",\"dateModified\":\"2026-04-15T18:59:18+00:00\",\"description\":\"| stromboli-vassoio rettangolare oblungo cm.37,5x23,3 rh42331-37-fs1-x KiwiStore\",\"breadcrumb\":{\"@id\":\"https:\/\/kiwistore.it\/negozio\/stromboli-vassoio-rettangolare-oblungo-cm-375x233-rh42331-37-fs1-x\/#breadcrumb\"},\"inLanguage\":\"fr-FR\",\"potentialAction\":[{\"@type\":\"ReadAction\",\"target\":[\"https:\/\/kiwistore.it\/negozio\/stromboli-vassoio-rettangolare-oblungo-cm-375x233-rh42331-37-fs1-x\/\"]}]},{\"@type\":\"ImageObject\",\"inLanguage\":\"fr-FR\",\"@id\":\"https:\/\/kiwistore.it\/negozio\/stromboli-vassoio-rettangolare-oblungo-cm-375x233-rh42331-37-fs1-x\/#primaryimage\",\"url\":\"https:\/\/i0.wp.com\/kiwistore.it\/wp-content\/uploads\/2023\/05\/STROMBOLI-PIATTO-RETT.-CM.37X23-RH42331-37-FS1-X_8297_MUCG-scaled-wpp1685624948416.jpg?fit=1200%2C1200&ssl=1\",\"contentUrl\":\"https:\/\/i0.wp.com\/kiwistore.it\/wp-content\/uploads\/2023\/05\/STROMBOLI-PIATTO-RETT.-CM.37X23-RH42331-37-FS1-X_8297_MUCG-scaled-wpp1685624948416.jpg?fit=1200%2C1200&ssl=1\",\"width\":1200,\"height\":1200},{\"@type\":\"BreadcrumbList\",\"@id\":\"https:\/\/kiwistore.it\/negozio\/stromboli-vassoio-rettangolare-oblungo-cm-375x233-rh42331-37-fs1-x\/#breadcrumb\",\"itemListElement\":[{\"@type\":\"ListItem\",\"position\":1,\"name\":\"Home\",\"item\":\"https:\/\/kiwistore.it\/en\/\"},{\"@type\":\"ListItem\",\"position\":2,\"name\":\"Shop\",\"item\":\"https:\/\/kiwistore.it\/en\/shop\/\"},{\"@type\":\"ListItem\",\"position\":3,\"name\":\"stromboli-vassoio rettangolare oblungo cm.37,5&#215;23,3 rh42331-37-fs1-x\"}]},{\"@type\":\"WebSite\",\"@id\":\"https:\/\/kiwistore.it\/#website\",\"url\":\"https:\/\/kiwistore.it\/\",\"name\":\"KiwiStore\",\"description\":\"Forniture alberghiere al Miglior Prezzo\",\"publisher\":{\"@id\":\"https:\/\/kiwistore.it\/#organization\"},\"potentialAction\":[{\"@type\":\"SearchAction\",\"target\":{\"@type\":\"EntryPoint\",\"urlTemplate\":\"https:\/\/kiwistore.it\/?s={search_term_string}\"},\"query-input\":{\"@type\":\"PropertyValueSpecification\",\"valueRequired\":true,\"valueName\":\"search_term_string\"}}],\"inLanguage\":\"fr-FR\"},{\"@type\":\"Organization\",\"@id\":\"https:\/\/kiwistore.it\/#organization\",\"name\":\"KiwiStore\",\"url\":\"https:\/\/kiwistore.it\/\",\"logo\":{\"@type\":\"ImageObject\",\"inLanguage\":\"fr-FR\",\"@id\":\"https:\/\/kiwistore.it\/#\/schema\/logo\/image\/\",\"url\":\"https:\/\/kiwistore.it\/wp-content\/uploads\/2021\/03\/cropped-LOGO-UMBERTO-03.png\",\"contentUrl\":\"https:\/\/kiwistore.it\/wp-content\/uploads\/2021\/03\/cropped-LOGO-UMBERTO-03.png\",\"width\":512,\"height\":512,\"caption\":\"KiwiStore\"},\"image\":{\"@id\":\"https:\/\/kiwistore.it\/#\/schema\/logo\/image\/\"},\"sameAs\":[\"https:\/\/www.facebook.com\/kiwistore.it\",\"https:\/\/www.instagram.com\/kiwistore.official\/\"],\"hasMerchantReturnPolicy\":{\"@type\":\"MerchantReturnPolicy\",\"merchantReturnLink\":\"https:\/\/kiwistore.it\/fr\/refund_returns\/\"}}]}<\/script>\n<meta property=\"product:price:amount\" content=\"68.60\" \/>\n<meta property=\"product:price:currency\" content=\"EUR\" \/>\n<meta property=\"og:availability\" content=\"backorder\" \/>\n<meta property=\"product:availability\" content=\"available for order\" \/>\n<meta property=\"product:retailer_item_id\" content=\"8297\" \/>\n<meta property=\"product:condition\" content=\"new\" \/>\n<!-- \/ Yoast SEO plugin. -->","yoast_head_json":{"title":"stromboli-vassoio rettangolare oblungo cm.37,5x23,3 rh42331-37-fs1-x | KiwiStore","description":"| stromboli-vassoio rettangolare oblungo cm.37,5x23,3 rh42331-37-fs1-x KiwiStore","robots":{"index":"index","follow":"follow","max-snippet":"max-snippet:-1","max-image-preview":"max-image-preview:large","max-video-preview":"max-video-preview:-1"},"canonical":"https:\/\/kiwistore.it\/fr\/boutique\/stromboli-vassoio-rettangolare-oblungo-cm-375x233-rh42331-37-fs1-x\/","og_locale":"fr_FR","og_type":"article","og_title":"stromboli-vassoio rettangolare oblungo cm.37,5x23,3 rh42331-37-fs1-x | KiwiStore","og_description":"| stromboli-vassoio rettangolare oblungo cm.37,5x23,3 rh42331-37-fs1-x KiwiStore","og_url":"https:\/\/kiwistore.it\/fr\/boutique\/stromboli-vassoio-rettangolare-oblungo-cm-375x233-rh42331-37-fs1-x\/","og_site_name":"KiwiStore","article_publisher":"https:\/\/www.facebook.com\/kiwistore.it","article_modified_time":"2026-04-15T18:59:18+00:00","og_image":[{"width":1200,"height":1200,"url":"https:\/\/i0.wp.com\/kiwistore.it\/wp-content\/uploads\/2023\/05\/STROMBOLI-PIATTO-RETT.-CM.37X23-RH42331-37-FS1-X_8297_MUCG-scaled-wpp1685624948416.jpg?fit=1200%2C1200&ssl=1","type":"image\/jpeg"}],"twitter_card":"summary_large_image","twitter_misc":{"Prix":"68,60&euro; IVA inclusa","Disponibilit\u00e9":"En r\u00e9assort"},"schema":{"@context":"https:\/\/schema.org","@graph":[{"@type":"WebPage","@id":"https:\/\/kiwistore.it\/negozio\/stromboli-vassoio-rettangolare-oblungo-cm-375x233-rh42331-37-fs1-x\/","url":"https:\/\/kiwistore.it\/negozio\/stromboli-vassoio-rettangolare-oblungo-cm-375x233-rh42331-37-fs1-x\/","name":"stromboli-vassoio rettangolare oblungo cm.37,5x23,3 rh42331-37-fs1-x | KiwiStore","isPartOf":{"@id":"https:\/\/kiwistore.it\/#website"},"primaryImageOfPage":{"@id":"https:\/\/kiwistore.it\/negozio\/stromboli-vassoio-rettangolare-oblungo-cm-375x233-rh42331-37-fs1-x\/#primaryimage"},"image":{"@id":"https:\/\/kiwistore.it\/negozio\/stromboli-vassoio-rettangolare-oblungo-cm-375x233-rh42331-37-fs1-x\/#primaryimage"},"thumbnailUrl":"https:\/\/i0.wp.com\/kiwistore.it\/wp-content\/uploads\/2023\/05\/STROMBOLI-PIATTO-RETT.-CM.37X23-RH42331-37-FS1-X_8297_MUCG-scaled-wpp1685624948416.jpg?fit=1200%2C1200&ssl=1","datePublished":"2023-05-30T10:11:13+00:00","dateModified":"2026-04-15T18:59:18+00:00","description":"| stromboli-vassoio rettangolare oblungo cm.37,5x23,3 rh42331-37-fs1-x KiwiStore","breadcrumb":{"@id":"https:\/\/kiwistore.it\/negozio\/stromboli-vassoio-rettangolare-oblungo-cm-375x233-rh42331-37-fs1-x\/#breadcrumb"},"inLanguage":"fr-FR","potentialAction":[{"@type":"ReadAction","target":["https:\/\/kiwistore.it\/negozio\/stromboli-vassoio-rettangolare-oblungo-cm-375x233-rh42331-37-fs1-x\/"]}]},{"@type":"ImageObject","inLanguage":"fr-FR","@id":"https:\/\/kiwistore.it\/negozio\/stromboli-vassoio-rettangolare-oblungo-cm-375x233-rh42331-37-fs1-x\/#primaryimage","url":"https:\/\/i0.wp.com\/kiwistore.it\/wp-content\/uploads\/2023\/05\/STROMBOLI-PIATTO-RETT.-CM.37X23-RH42331-37-FS1-X_8297_MUCG-scaled-wpp1685624948416.jpg?fit=1200%2C1200&ssl=1","contentUrl":"https:\/\/i0.wp.com\/kiwistore.it\/wp-content\/uploads\/2023\/05\/STROMBOLI-PIATTO-RETT.-CM.37X23-RH42331-37-FS1-X_8297_MUCG-scaled-wpp1685624948416.jpg?fit=1200%2C1200&ssl=1","width":1200,"height":1200},{"@type":"BreadcrumbList","@id":"https:\/\/kiwistore.it\/negozio\/stromboli-vassoio-rettangolare-oblungo-cm-375x233-rh42331-37-fs1-x\/#breadcrumb","itemListElement":[{"@type":"ListItem","position":1,"name":"Home","item":"https:\/\/kiwistore.it\/en\/"},{"@type":"ListItem","position":2,"name":"Shop","item":"https:\/\/kiwistore.it\/en\/shop\/"},{"@type":"ListItem","position":3,"name":"stromboli-vassoio rettangolare oblungo cm.37,5&#215;23,3 rh42331-37-fs1-x"}]},{"@type":"WebSite","@id":"https:\/\/kiwistore.it\/#website","url":"https:\/\/kiwistore.it\/","name":"KiwiStore","description":"Fournitures h\u00f4teli\u00e8res au meilleur prix","publisher":{"@id":"https:\/\/kiwistore.it\/#organization"},"potentialAction":[{"@type":"SearchAction","target":{"@type":"EntryPoint","urlTemplate":"https:\/\/kiwistore.it\/?s={search_term_string}"},"query-input":{"@type":"PropertyValueSpecification","valueRequired":true,"valueName":"search_term_string"}}],"inLanguage":"fr-FR"},{"@type":"Organization","@id":"https:\/\/kiwistore.it\/#organization","name":"KiwiStore","url":"https:\/\/kiwistore.it\/","logo":{"@type":"ImageObject","inLanguage":"fr-FR","@id":"https:\/\/kiwistore.it\/#\/schema\/logo\/image\/","url":"https:\/\/kiwistore.it\/wp-content\/uploads\/2021\/03\/cropped-LOGO-UMBERTO-03.png","contentUrl":"https:\/\/kiwistore.it\/wp-content\/uploads\/2021\/03\/cropped-LOGO-UMBERTO-03.png","width":512,"height":512,"caption":"KiwiStore"},"image":{"@id":"https:\/\/kiwistore.it\/#\/schema\/logo\/image\/"},"sameAs":["https:\/\/www.facebook.com\/kiwistore.it","https:\/\/www.instagram.com\/kiwistore.official\/"],"hasMerchantReturnPolicy":{"@type":"MerchantReturnPolicy","merchantReturnLink":"https:\/\/kiwistore.it\/fr\/refund_returns\/"}}]},"product_price_amount":"68.60","product_price_currency":"EUR","og_availability":"backorder","product_availability":"available for order","product_retailer_item_id":"8297","product_condition":"new"},"_links":{"self":[{"href":"https:\/\/kiwistore.it\/fr\/wp-json\/wp\/v2\/product\/40507","targetHints":{"allow":["GET"]}}],"collection":[{"href":"https:\/\/kiwistore.it\/fr\/wp-json\/wp\/v2\/product"}],"about":[{"href":"https:\/\/kiwistore.it\/fr\/wp-json\/wp\/v2\/types\/product"}],"wp:featuredmedia":[{"embeddable":true,"href":"https:\/\/kiwistore.it\/fr\/wp-json\/wp\/v2\/media\/40504"}],"wp:attachment":[{"href":"https:\/\/kiwistore.it\/fr\/wp-json\/wp\/v2\/media?parent=40507"}],"wp:term":[{"taxonomy":"product_brand","embeddable":true,"href":"https:\/\/kiwistore.it\/fr\/wp-json\/wp\/v2\/product_brand?post=40507"},{"taxonomy":"product_cat","embeddable":true,"href":"https:\/\/kiwistore.it\/fr\/wp-json\/wp\/v2\/product_cat?post=40507"},{"taxonomy":"product_tag","embeddable":true,"href":"https:\/\/kiwistore.it\/fr\/wp-json\/wp\/v2\/product_tag?post=40507"}],"curies":[{"name":"wp","href":"https:\/\/api.w.org\/{rel}","templated":true}]}}