{"id":39582,"date":"2023-05-24T14:17:33","date_gmt":"2023-05-24T12:17:33","guid":{"rendered":"https:\/\/kiwistore.it\/negozio\/dust-vassoio-ovale-cm-33x23-ff0391691746-4-pz\/"},"modified":"2026-04-06T18:44:15","modified_gmt":"2026-04-06T16:44:15","slug":"dust-vassoio-ovale-cm-33x23-ff0391691746-4-pz","status":"publish","type":"product","link":"https:\/\/kiwistore.it\/fr\/negozio\/dust-vassoio-ovale-cm-33x23-ff0391691746-4-pz\/","title":{"rendered":"Bac \u00e0 poussi\u00e8re ovale cm.33\u00d723 ff0391691746 (4 pi\u00e8ces)"},"content":{"rendered":"<ul>\n<li>Marca: Mesa Ceramics<\/li>\n<li>Conditionnement : 4 Pi\u00e8ces<\/li>\n<\/ul>","protected":false},"excerpt":{"rendered":"<p>Une collection de gr\u00e8s moderne aux formes \u00e9pur\u00e9es, d\u00e9licatement adoucies par des bases l\u00e9g\u00e8rement arrondies. Le d\u00e9cor, \u00e0 la fois discret et \u00e9l\u00e9gant, dans des tons neutres de gris et de beige, conf\u00e8re aux pi\u00e8ces de cette collection un charme et une originalit\u00e9 captivants. Chaque pi\u00e8ce est unique et se distingue des autres.<\/p>","protected":false},"featured_media":39580,"template":"","meta":[],"product_brand":[],"product_cat":[942,888,663],"product_tag":[],"class_list":{"0":"post-39582","1":"product","2":"type-product","3":"status-publish","4":"has-post-thumbnail","6":"product_cat-dust","7":"product_cat-piatti-ovali","8":"product_cat-vassoio-tavola","10":"first","11":"onbackorder","12":"taxable","13":"shipping-taxable","14":"purchasable","15":"product-type-simple"},"yoast_head":"<!-- This site is optimized with the Yoast SEO plugin v27.2 - https:\/\/yoast.com\/product\/yoast-seo-wordpress\/ -->\n<title>dust-vassoio ovale cm.33x23 ff0391691746 (4 pz.) | KiwiStore<\/title>\n<meta name=\"description\" content=\"| dust-vassoio ovale cm.33x23 ff0391691746 (4 pz.) KiwiStore\" \/>\n<meta name=\"robots\" content=\"index, follow, max-snippet:-1, max-image-preview:large, max-video-preview:-1\" \/>\n<link rel=\"canonical\" href=\"https:\/\/kiwistore.it\/fr\/boutique\/dust-vassoio-ovale-cm-33x23-ff0391691746-4-pz\/\" \/>\n<meta property=\"og:locale\" content=\"fr_FR\" \/>\n<meta property=\"og:type\" content=\"article\" \/>\n<meta property=\"og:title\" content=\"dust-vassoio ovale cm.33x23 ff0391691746 (4 pz.) | KiwiStore\" \/>\n<meta property=\"og:description\" content=\"| dust-vassoio ovale cm.33x23 ff0391691746 (4 pz.) KiwiStore\" \/>\n<meta property=\"og:url\" content=\"https:\/\/kiwistore.it\/fr\/boutique\/dust-vassoio-ovale-cm-33x23-ff0391691746-4-pz\/\" \/>\n<meta property=\"og:site_name\" content=\"KiwiStore\" \/>\n<meta property=\"article:publisher\" content=\"https:\/\/www.facebook.com\/kiwistore.it\" \/>\n<meta property=\"article:modified_time\" content=\"2026-04-06T16:44:15+00:00\" \/>\n<meta property=\"og:image\" content=\"https:\/\/i0.wp.com\/kiwistore.it\/wp-content\/uploads\/2023\/05\/DUST-VASSOIO-OVALE-CM.33X23-FF0391691746_16447_VWJG-scaled-wpp1686147784291.jpg?fit=1200%2C1200&ssl=1\" \/>\n\t<meta property=\"og:image:width\" content=\"1200\" \/>\n\t<meta property=\"og:image:height\" content=\"1200\" \/>\n\t<meta property=\"og:image:type\" content=\"image\/jpeg\" \/>\n<meta name=\"twitter:card\" content=\"summary_large_image\" \/>\n<meta name=\"twitter:label1\" content=\"Prix\" \/>\n\t<meta name=\"twitter:data1\" content=\"84,70&euro; IVA inclusa\" \/>\n\t<meta name=\"twitter:label2\" content=\"Disponibilit\u00e9\" \/>\n\t<meta name=\"twitter:data2\" content=\"En r\u00e9assort\" \/>\n<script type=\"application\/ld+json\" class=\"yoast-schema-graph\">{\"@context\":\"https:\/\/schema.org\",\"@graph\":[{\"@type\":\"WebPage\",\"@id\":\"https:\/\/kiwistore.it\/negozio\/dust-vassoio-ovale-cm-33x23-ff0391691746-4-pz\/\",\"url\":\"https:\/\/kiwistore.it\/negozio\/dust-vassoio-ovale-cm-33x23-ff0391691746-4-pz\/\",\"name\":\"dust-vassoio ovale cm.33x23 ff0391691746 (4 pz.) | KiwiStore\",\"isPartOf\":{\"@id\":\"https:\/\/kiwistore.it\/#website\"},\"primaryImageOfPage\":{\"@id\":\"https:\/\/kiwistore.it\/negozio\/dust-vassoio-ovale-cm-33x23-ff0391691746-4-pz\/#primaryimage\"},\"image\":{\"@id\":\"https:\/\/kiwistore.it\/negozio\/dust-vassoio-ovale-cm-33x23-ff0391691746-4-pz\/#primaryimage\"},\"thumbnailUrl\":\"https:\/\/i0.wp.com\/kiwistore.it\/wp-content\/uploads\/2023\/05\/DUST-VASSOIO-OVALE-CM.33X23-FF0391691746_16447_VWJG-scaled-wpp1686147784291.jpg?fit=1200%2C1200&ssl=1\",\"datePublished\":\"2023-05-24T12:17:33+00:00\",\"dateModified\":\"2026-04-06T16:44:15+00:00\",\"description\":\"| dust-vassoio ovale cm.33x23 ff0391691746 (4 pz.) KiwiStore\",\"breadcrumb\":{\"@id\":\"https:\/\/kiwistore.it\/negozio\/dust-vassoio-ovale-cm-33x23-ff0391691746-4-pz\/#breadcrumb\"},\"inLanguage\":\"fr-FR\",\"potentialAction\":[{\"@type\":\"ReadAction\",\"target\":[\"https:\/\/kiwistore.it\/negozio\/dust-vassoio-ovale-cm-33x23-ff0391691746-4-pz\/\"]}]},{\"@type\":\"ImageObject\",\"inLanguage\":\"fr-FR\",\"@id\":\"https:\/\/kiwistore.it\/negozio\/dust-vassoio-ovale-cm-33x23-ff0391691746-4-pz\/#primaryimage\",\"url\":\"https:\/\/i0.wp.com\/kiwistore.it\/wp-content\/uploads\/2023\/05\/DUST-VASSOIO-OVALE-CM.33X23-FF0391691746_16447_VWJG-scaled-wpp1686147784291.jpg?fit=1200%2C1200&ssl=1\",\"contentUrl\":\"https:\/\/i0.wp.com\/kiwistore.it\/wp-content\/uploads\/2023\/05\/DUST-VASSOIO-OVALE-CM.33X23-FF0391691746_16447_VWJG-scaled-wpp1686147784291.jpg?fit=1200%2C1200&ssl=1\",\"width\":1200,\"height\":1200},{\"@type\":\"BreadcrumbList\",\"@id\":\"https:\/\/kiwistore.it\/negozio\/dust-vassoio-ovale-cm-33x23-ff0391691746-4-pz\/#breadcrumb\",\"itemListElement\":[{\"@type\":\"ListItem\",\"position\":1,\"name\":\"Home\",\"item\":\"https:\/\/kiwistore.it\/en\/\"},{\"@type\":\"ListItem\",\"position\":2,\"name\":\"Shop\",\"item\":\"https:\/\/kiwistore.it\/en\/shop\/\"},{\"@type\":\"ListItem\",\"position\":3,\"name\":\"dust-vassoio ovale cm.33&#215;23 ff0391691746 (4 pz.)\"}]},{\"@type\":\"WebSite\",\"@id\":\"https:\/\/kiwistore.it\/#website\",\"url\":\"https:\/\/kiwistore.it\/\",\"name\":\"KiwiStore\",\"description\":\"Forniture alberghiere al Miglior Prezzo\",\"publisher\":{\"@id\":\"https:\/\/kiwistore.it\/#organization\"},\"potentialAction\":[{\"@type\":\"SearchAction\",\"target\":{\"@type\":\"EntryPoint\",\"urlTemplate\":\"https:\/\/kiwistore.it\/?s={search_term_string}\"},\"query-input\":{\"@type\":\"PropertyValueSpecification\",\"valueRequired\":true,\"valueName\":\"search_term_string\"}}],\"inLanguage\":\"fr-FR\"},{\"@type\":\"Organization\",\"@id\":\"https:\/\/kiwistore.it\/#organization\",\"name\":\"KiwiStore\",\"url\":\"https:\/\/kiwistore.it\/\",\"logo\":{\"@type\":\"ImageObject\",\"inLanguage\":\"fr-FR\",\"@id\":\"https:\/\/kiwistore.it\/#\/schema\/logo\/image\/\",\"url\":\"https:\/\/kiwistore.it\/wp-content\/uploads\/2021\/03\/cropped-LOGO-UMBERTO-03.png\",\"contentUrl\":\"https:\/\/kiwistore.it\/wp-content\/uploads\/2021\/03\/cropped-LOGO-UMBERTO-03.png\",\"width\":512,\"height\":512,\"caption\":\"KiwiStore\"},\"image\":{\"@id\":\"https:\/\/kiwistore.it\/#\/schema\/logo\/image\/\"},\"sameAs\":[\"https:\/\/www.facebook.com\/kiwistore.it\",\"https:\/\/www.instagram.com\/kiwistore.official\/\"],\"hasMerchantReturnPolicy\":{\"@type\":\"MerchantReturnPolicy\",\"merchantReturnLink\":\"https:\/\/kiwistore.it\/fr\/refund_returns\/\"}}]}<\/script>\n<meta property=\"product:price:amount\" content=\"84.70\" \/>\n<meta property=\"product:price:currency\" content=\"EUR\" \/>\n<meta property=\"og:availability\" content=\"backorder\" \/>\n<meta property=\"product:availability\" content=\"available for order\" \/>\n<meta property=\"product:retailer_item_id\" content=\"16447\" \/>\n<meta property=\"product:condition\" content=\"new\" \/>\n<!-- \/ Yoast SEO plugin. -->","yoast_head_json":{"title":"dust-vassoio ovale cm.33x23 ff0391691746 (4 pz.) | KiwiStore","description":"| dust-vassoio ovale cm.33x23 ff0391691746 (4 pz.) KiwiStore","robots":{"index":"index","follow":"follow","max-snippet":"max-snippet:-1","max-image-preview":"max-image-preview:large","max-video-preview":"max-video-preview:-1"},"canonical":"https:\/\/kiwistore.it\/fr\/boutique\/dust-vassoio-ovale-cm-33x23-ff0391691746-4-pz\/","og_locale":"fr_FR","og_type":"article","og_title":"dust-vassoio ovale cm.33x23 ff0391691746 (4 pz.) | KiwiStore","og_description":"| dust-vassoio ovale cm.33x23 ff0391691746 (4 pz.) KiwiStore","og_url":"https:\/\/kiwistore.it\/fr\/boutique\/dust-vassoio-ovale-cm-33x23-ff0391691746-4-pz\/","og_site_name":"KiwiStore","article_publisher":"https:\/\/www.facebook.com\/kiwistore.it","article_modified_time":"2026-04-06T16:44:15+00:00","og_image":[{"width":1200,"height":1200,"url":"https:\/\/i0.wp.com\/kiwistore.it\/wp-content\/uploads\/2023\/05\/DUST-VASSOIO-OVALE-CM.33X23-FF0391691746_16447_VWJG-scaled-wpp1686147784291.jpg?fit=1200%2C1200&ssl=1","type":"image\/jpeg"}],"twitter_card":"summary_large_image","twitter_misc":{"Prix":"84,70&euro; IVA inclusa","Disponibilit\u00e9":"En r\u00e9assort"},"schema":{"@context":"https:\/\/schema.org","@graph":[{"@type":"WebPage","@id":"https:\/\/kiwistore.it\/negozio\/dust-vassoio-ovale-cm-33x23-ff0391691746-4-pz\/","url":"https:\/\/kiwistore.it\/negozio\/dust-vassoio-ovale-cm-33x23-ff0391691746-4-pz\/","name":"dust-vassoio ovale cm.33x23 ff0391691746 (4 pz.) | KiwiStore","isPartOf":{"@id":"https:\/\/kiwistore.it\/#website"},"primaryImageOfPage":{"@id":"https:\/\/kiwistore.it\/negozio\/dust-vassoio-ovale-cm-33x23-ff0391691746-4-pz\/#primaryimage"},"image":{"@id":"https:\/\/kiwistore.it\/negozio\/dust-vassoio-ovale-cm-33x23-ff0391691746-4-pz\/#primaryimage"},"thumbnailUrl":"https:\/\/i0.wp.com\/kiwistore.it\/wp-content\/uploads\/2023\/05\/DUST-VASSOIO-OVALE-CM.33X23-FF0391691746_16447_VWJG-scaled-wpp1686147784291.jpg?fit=1200%2C1200&ssl=1","datePublished":"2023-05-24T12:17:33+00:00","dateModified":"2026-04-06T16:44:15+00:00","description":"| dust-vassoio ovale cm.33x23 ff0391691746 (4 pz.) KiwiStore","breadcrumb":{"@id":"https:\/\/kiwistore.it\/negozio\/dust-vassoio-ovale-cm-33x23-ff0391691746-4-pz\/#breadcrumb"},"inLanguage":"fr-FR","potentialAction":[{"@type":"ReadAction","target":["https:\/\/kiwistore.it\/negozio\/dust-vassoio-ovale-cm-33x23-ff0391691746-4-pz\/"]}]},{"@type":"ImageObject","inLanguage":"fr-FR","@id":"https:\/\/kiwistore.it\/negozio\/dust-vassoio-ovale-cm-33x23-ff0391691746-4-pz\/#primaryimage","url":"https:\/\/i0.wp.com\/kiwistore.it\/wp-content\/uploads\/2023\/05\/DUST-VASSOIO-OVALE-CM.33X23-FF0391691746_16447_VWJG-scaled-wpp1686147784291.jpg?fit=1200%2C1200&ssl=1","contentUrl":"https:\/\/i0.wp.com\/kiwistore.it\/wp-content\/uploads\/2023\/05\/DUST-VASSOIO-OVALE-CM.33X23-FF0391691746_16447_VWJG-scaled-wpp1686147784291.jpg?fit=1200%2C1200&ssl=1","width":1200,"height":1200},{"@type":"BreadcrumbList","@id":"https:\/\/kiwistore.it\/negozio\/dust-vassoio-ovale-cm-33x23-ff0391691746-4-pz\/#breadcrumb","itemListElement":[{"@type":"ListItem","position":1,"name":"Home","item":"https:\/\/kiwistore.it\/en\/"},{"@type":"ListItem","position":2,"name":"Shop","item":"https:\/\/kiwistore.it\/en\/shop\/"},{"@type":"ListItem","position":3,"name":"dust-vassoio ovale cm.33&#215;23 ff0391691746 (4 pz.)"}]},{"@type":"WebSite","@id":"https:\/\/kiwistore.it\/#website","url":"https:\/\/kiwistore.it\/","name":"KiwiStore","description":"Fournitures h\u00f4teli\u00e8res au meilleur prix","publisher":{"@id":"https:\/\/kiwistore.it\/#organization"},"potentialAction":[{"@type":"SearchAction","target":{"@type":"EntryPoint","urlTemplate":"https:\/\/kiwistore.it\/?s={search_term_string}"},"query-input":{"@type":"PropertyValueSpecification","valueRequired":true,"valueName":"search_term_string"}}],"inLanguage":"fr-FR"},{"@type":"Organization","@id":"https:\/\/kiwistore.it\/#organization","name":"KiwiStore","url":"https:\/\/kiwistore.it\/","logo":{"@type":"ImageObject","inLanguage":"fr-FR","@id":"https:\/\/kiwistore.it\/#\/schema\/logo\/image\/","url":"https:\/\/kiwistore.it\/wp-content\/uploads\/2021\/03\/cropped-LOGO-UMBERTO-03.png","contentUrl":"https:\/\/kiwistore.it\/wp-content\/uploads\/2021\/03\/cropped-LOGO-UMBERTO-03.png","width":512,"height":512,"caption":"KiwiStore"},"image":{"@id":"https:\/\/kiwistore.it\/#\/schema\/logo\/image\/"},"sameAs":["https:\/\/www.facebook.com\/kiwistore.it","https:\/\/www.instagram.com\/kiwistore.official\/"],"hasMerchantReturnPolicy":{"@type":"MerchantReturnPolicy","merchantReturnLink":"https:\/\/kiwistore.it\/fr\/refund_returns\/"}}]},"product_price_amount":"84.70","product_price_currency":"EUR","og_availability":"backorder","product_availability":"available for order","product_retailer_item_id":"16447","product_condition":"new"},"_links":{"self":[{"href":"https:\/\/kiwistore.it\/fr\/wp-json\/wp\/v2\/product\/39582","targetHints":{"allow":["GET"]}}],"collection":[{"href":"https:\/\/kiwistore.it\/fr\/wp-json\/wp\/v2\/product"}],"about":[{"href":"https:\/\/kiwistore.it\/fr\/wp-json\/wp\/v2\/types\/product"}],"wp:featuredmedia":[{"embeddable":true,"href":"https:\/\/kiwistore.it\/fr\/wp-json\/wp\/v2\/media\/39580"}],"wp:attachment":[{"href":"https:\/\/kiwistore.it\/fr\/wp-json\/wp\/v2\/media?parent=39582"}],"wp:term":[{"taxonomy":"product_brand","embeddable":true,"href":"https:\/\/kiwistore.it\/fr\/wp-json\/wp\/v2\/product_brand?post=39582"},{"taxonomy":"product_cat","embeddable":true,"href":"https:\/\/kiwistore.it\/fr\/wp-json\/wp\/v2\/product_cat?post=39582"},{"taxonomy":"product_tag","embeddable":true,"href":"https:\/\/kiwistore.it\/fr\/wp-json\/wp\/v2\/product_tag?post=39582"}],"curies":[{"name":"wp","href":"https:\/\/api.w.org\/{rel}","templated":true}]}}