{"id":34770,"date":"2023-05-11T19:51:12","date_gmt":"2023-05-11T17:51:12","guid":{"rendered":"https:\/\/kiwistore.it\/negozio\/atlantida-ice-black-cucchiaio-dolce-inox-18-10-cm-163-mm-5\/"},"modified":"2026-04-25T11:30:33","modified_gmt":"2026-04-25T09:30:33","slug":"atlantida-ice-black-cucchiaio-dolce-inox-18-10-cm-163-mm-5","status":"publish","type":"product","link":"https:\/\/kiwistore.it\/fr\/negozio\/atlantida-ice-black-cucchiaio-dolce-inox-18-10-cm-163-mm-5\/","title":{"rendered":"Cuill\u00e8res \u00e0 dessert Atlantida Comas 16,3 cm (lot de 6) Noir glac\u00e9"},"content":{"rendered":"<ul>\n<li>Marque : Comas<\/li>\n<li>Serie: Atlantida Lunghezza: 16,3 cm.<\/li>\n<li>Mat\u00e9riau : Acier inoxydable<\/li>\n<li>Conditionnement : 6 Pi\u00e8ces<\/li>\n<\/ul>","protected":false},"excerpt":{"rendered":"<p>Cuill\u00e8re \u00e0 dessert de la s\u00e9rie Atlantida, coloris Noir Glac\u00e9, par Comas.<\/p>\n<p>Longueur : 16,3 cm.<\/p>\n<p>Produit <strong>lave-vaisselle<\/strong>.<\/p>","protected":false},"featured_media":34769,"template":"","meta":[],"product_brand":[],"product_cat":[777,784],"product_tag":[],"class_list":{"0":"post-34770","1":"product","2":"type-product","3":"status-publish","4":"has-post-thumbnail","6":"product_cat-atlandita","7":"product_cat-cucchiai-dolci","9":"first","10":"onbackorder","11":"sale","12":"taxable","13":"shipping-taxable","14":"purchasable","15":"product-type-simple"},"yoast_head":"<!-- This site is optimized with the Yoast SEO plugin v27.2 - https:\/\/yoast.com\/product\/yoast-seo-wordpress\/ -->\n<title>Cucchiaio Dolce Atlantida Comas 16,3 cm. (6 Pz.) Ice Black | KiwiStore<\/title>\n<meta name=\"description\" content=\"| Cucchiaio Dolce Atlantida Comas 16,3 cm. (6 Pz.) Ice Black KiwiStore\" \/>\n<meta name=\"robots\" content=\"index, follow, max-snippet:-1, max-image-preview:large, max-video-preview:-1\" \/>\n<link rel=\"canonical\" href=\"https:\/\/kiwistore.it\/fr\/boutique\/atlantida-ice-black-cucchiaio-dolce-inox-18-10-cm-163-mm-5\/\" \/>\n<meta property=\"og:locale\" content=\"fr_FR\" \/>\n<meta property=\"og:type\" content=\"article\" \/>\n<meta property=\"og:title\" content=\"Cucchiaio Dolce Atlantida Comas 16,3 cm. (6 Pz.) Ice Black | KiwiStore\" \/>\n<meta property=\"og:description\" content=\"| Cucchiaio Dolce Atlantida Comas 16,3 cm. (6 Pz.) Ice Black KiwiStore\" \/>\n<meta property=\"og:url\" content=\"https:\/\/kiwistore.it\/fr\/boutique\/atlantida-ice-black-cucchiaio-dolce-inox-18-10-cm-163-mm-5\/\" \/>\n<meta property=\"og:site_name\" content=\"KiwiStore\" \/>\n<meta property=\"article:publisher\" content=\"https:\/\/www.facebook.com\/kiwistore.it\" \/>\n<meta property=\"article:modified_time\" content=\"2026-04-25T09:30:33+00:00\" \/>\n<meta property=\"og:image\" content=\"https:\/\/i0.wp.com\/kiwistore.it\/wp-content\/uploads\/2023\/05\/ATLANTIDA-ICE-BLACK-CUCCHIAIO-DOLCE-18-10-CM.16-3_19634_GZKG-scaled-wpp1684151910992.jpg?fit=1200%2C1200&ssl=1\" \/>\n\t<meta property=\"og:image:width\" content=\"1200\" \/>\n\t<meta property=\"og:image:height\" content=\"1200\" \/>\n\t<meta property=\"og:image:type\" content=\"image\/jpeg\" \/>\n<meta name=\"twitter:card\" content=\"summary_large_image\" \/>\n<meta name=\"twitter:label1\" content=\"Prix\" \/>\n\t<meta name=\"twitter:data1\" content=\"35,51&euro; IVA inclusa\" \/>\n\t<meta name=\"twitter:label2\" content=\"Disponibilit\u00e9\" \/>\n\t<meta name=\"twitter:data2\" content=\"En r\u00e9assort\" \/>\n<script type=\"application\/ld+json\" class=\"yoast-schema-graph\">{\"@context\":\"https:\/\/schema.org\",\"@graph\":[{\"@type\":\"WebPage\",\"@id\":\"https:\/\/kiwistore.it\/negozio\/atlantida-ice-black-cucchiaio-dolce-inox-18-10-cm-163-mm-5\/\",\"url\":\"https:\/\/kiwistore.it\/negozio\/atlantida-ice-black-cucchiaio-dolce-inox-18-10-cm-163-mm-5\/\",\"name\":\"Cucchiaio Dolce Atlantida Comas 16,3 cm. (6 Pz.) Ice Black | KiwiStore\",\"isPartOf\":{\"@id\":\"https:\/\/kiwistore.it\/#website\"},\"primaryImageOfPage\":{\"@id\":\"https:\/\/kiwistore.it\/negozio\/atlantida-ice-black-cucchiaio-dolce-inox-18-10-cm-163-mm-5\/#primaryimage\"},\"image\":{\"@id\":\"https:\/\/kiwistore.it\/negozio\/atlantida-ice-black-cucchiaio-dolce-inox-18-10-cm-163-mm-5\/#primaryimage\"},\"thumbnailUrl\":\"https:\/\/i0.wp.com\/kiwistore.it\/wp-content\/uploads\/2023\/05\/ATLANTIDA-ICE-BLACK-CUCCHIAIO-DOLCE-18-10-CM.16-3_19634_GZKG-scaled-wpp1684151910992.jpg?fit=1200%2C1200&ssl=1\",\"datePublished\":\"2023-05-11T17:51:12+00:00\",\"dateModified\":\"2026-04-25T09:30:33+00:00\",\"description\":\"| Cucchiaio Dolce Atlantida Comas 16,3 cm. (6 Pz.) Ice Black KiwiStore\",\"breadcrumb\":{\"@id\":\"https:\/\/kiwistore.it\/negozio\/atlantida-ice-black-cucchiaio-dolce-inox-18-10-cm-163-mm-5\/#breadcrumb\"},\"inLanguage\":\"fr-FR\",\"potentialAction\":[{\"@type\":\"ReadAction\",\"target\":[\"https:\/\/kiwistore.it\/negozio\/atlantida-ice-black-cucchiaio-dolce-inox-18-10-cm-163-mm-5\/\"]}]},{\"@type\":\"ImageObject\",\"inLanguage\":\"fr-FR\",\"@id\":\"https:\/\/kiwistore.it\/negozio\/atlantida-ice-black-cucchiaio-dolce-inox-18-10-cm-163-mm-5\/#primaryimage\",\"url\":\"https:\/\/i0.wp.com\/kiwistore.it\/wp-content\/uploads\/2023\/05\/ATLANTIDA-ICE-BLACK-CUCCHIAIO-DOLCE-18-10-CM.16-3_19634_GZKG-scaled-wpp1684151910992.jpg?fit=1200%2C1200&ssl=1\",\"contentUrl\":\"https:\/\/i0.wp.com\/kiwistore.it\/wp-content\/uploads\/2023\/05\/ATLANTIDA-ICE-BLACK-CUCCHIAIO-DOLCE-18-10-CM.16-3_19634_GZKG-scaled-wpp1684151910992.jpg?fit=1200%2C1200&ssl=1\",\"width\":1200,\"height\":1200},{\"@type\":\"BreadcrumbList\",\"@id\":\"https:\/\/kiwistore.it\/negozio\/atlantida-ice-black-cucchiaio-dolce-inox-18-10-cm-163-mm-5\/#breadcrumb\",\"itemListElement\":[{\"@type\":\"ListItem\",\"position\":1,\"name\":\"Home\",\"item\":\"https:\/\/kiwistore.it\/en\/\"},{\"@type\":\"ListItem\",\"position\":2,\"name\":\"Shop\",\"item\":\"https:\/\/kiwistore.it\/en\/shop\/\"},{\"@type\":\"ListItem\",\"position\":3,\"name\":\"Cucchiaio Dolce Atlantida Comas 16,3 cm. (6 Pz.) Ice Black\"}]},{\"@type\":\"WebSite\",\"@id\":\"https:\/\/kiwistore.it\/#website\",\"url\":\"https:\/\/kiwistore.it\/\",\"name\":\"KiwiStore\",\"description\":\"Forniture alberghiere al Miglior Prezzo\",\"publisher\":{\"@id\":\"https:\/\/kiwistore.it\/#organization\"},\"potentialAction\":[{\"@type\":\"SearchAction\",\"target\":{\"@type\":\"EntryPoint\",\"urlTemplate\":\"https:\/\/kiwistore.it\/?s={search_term_string}\"},\"query-input\":{\"@type\":\"PropertyValueSpecification\",\"valueRequired\":true,\"valueName\":\"search_term_string\"}}],\"inLanguage\":\"fr-FR\"},{\"@type\":\"Organization\",\"@id\":\"https:\/\/kiwistore.it\/#organization\",\"name\":\"KiwiStore\",\"url\":\"https:\/\/kiwistore.it\/\",\"logo\":{\"@type\":\"ImageObject\",\"inLanguage\":\"fr-FR\",\"@id\":\"https:\/\/kiwistore.it\/#\/schema\/logo\/image\/\",\"url\":\"https:\/\/kiwistore.it\/wp-content\/uploads\/2021\/03\/cropped-LOGO-UMBERTO-03.png\",\"contentUrl\":\"https:\/\/kiwistore.it\/wp-content\/uploads\/2021\/03\/cropped-LOGO-UMBERTO-03.png\",\"width\":512,\"height\":512,\"caption\":\"KiwiStore\"},\"image\":{\"@id\":\"https:\/\/kiwistore.it\/#\/schema\/logo\/image\/\"},\"sameAs\":[\"https:\/\/www.facebook.com\/kiwistore.it\",\"https:\/\/www.instagram.com\/kiwistore.official\/\"],\"hasMerchantReturnPolicy\":{\"@type\":\"MerchantReturnPolicy\",\"merchantReturnLink\":\"https:\/\/kiwistore.it\/fr\/refund_returns\/\"}}]}<\/script>\n<meta property=\"product:price:amount\" content=\"35.51\" \/>\n<meta property=\"product:price:currency\" content=\"EUR\" \/>\n<meta property=\"og:availability\" content=\"backorder\" \/>\n<meta property=\"product:availability\" content=\"available for order\" \/>\n<meta property=\"product:retailer_item_id\" content=\"19634\" \/>\n<meta property=\"product:condition\" content=\"new\" \/>\n<!-- \/ Yoast SEO plugin. -->","yoast_head_json":{"title":"Cucchiaio Dolce Atlantida Comas 16,3 cm. (6 Pz.) Ice Black | KiwiStore","description":"| Cucchiaio Dolce Atlantida Comas 16,3 cm. (6 Pz.) Ice Black KiwiStore","robots":{"index":"index","follow":"follow","max-snippet":"max-snippet:-1","max-image-preview":"max-image-preview:large","max-video-preview":"max-video-preview:-1"},"canonical":"https:\/\/kiwistore.it\/fr\/boutique\/atlantida-ice-black-cucchiaio-dolce-inox-18-10-cm-163-mm-5\/","og_locale":"fr_FR","og_type":"article","og_title":"Cucchiaio Dolce Atlantida Comas 16,3 cm. (6 Pz.) Ice Black | KiwiStore","og_description":"| Cucchiaio Dolce Atlantida Comas 16,3 cm. (6 Pz.) Ice Black KiwiStore","og_url":"https:\/\/kiwistore.it\/fr\/boutique\/atlantida-ice-black-cucchiaio-dolce-inox-18-10-cm-163-mm-5\/","og_site_name":"KiwiStore","article_publisher":"https:\/\/www.facebook.com\/kiwistore.it","article_modified_time":"2026-04-25T09:30:33+00:00","og_image":[{"width":1200,"height":1200,"url":"https:\/\/i0.wp.com\/kiwistore.it\/wp-content\/uploads\/2023\/05\/ATLANTIDA-ICE-BLACK-CUCCHIAIO-DOLCE-18-10-CM.16-3_19634_GZKG-scaled-wpp1684151910992.jpg?fit=1200%2C1200&ssl=1","type":"image\/jpeg"}],"twitter_card":"summary_large_image","twitter_misc":{"Prix":"35,51&euro; IVA inclusa","Disponibilit\u00e9":"En r\u00e9assort"},"schema":{"@context":"https:\/\/schema.org","@graph":[{"@type":"WebPage","@id":"https:\/\/kiwistore.it\/negozio\/atlantida-ice-black-cucchiaio-dolce-inox-18-10-cm-163-mm-5\/","url":"https:\/\/kiwistore.it\/negozio\/atlantida-ice-black-cucchiaio-dolce-inox-18-10-cm-163-mm-5\/","name":"Cucchiaio Dolce Atlantida Comas 16,3 cm. (6 Pz.) Ice Black | KiwiStore","isPartOf":{"@id":"https:\/\/kiwistore.it\/#website"},"primaryImageOfPage":{"@id":"https:\/\/kiwistore.it\/negozio\/atlantida-ice-black-cucchiaio-dolce-inox-18-10-cm-163-mm-5\/#primaryimage"},"image":{"@id":"https:\/\/kiwistore.it\/negozio\/atlantida-ice-black-cucchiaio-dolce-inox-18-10-cm-163-mm-5\/#primaryimage"},"thumbnailUrl":"https:\/\/i0.wp.com\/kiwistore.it\/wp-content\/uploads\/2023\/05\/ATLANTIDA-ICE-BLACK-CUCCHIAIO-DOLCE-18-10-CM.16-3_19634_GZKG-scaled-wpp1684151910992.jpg?fit=1200%2C1200&ssl=1","datePublished":"2023-05-11T17:51:12+00:00","dateModified":"2026-04-25T09:30:33+00:00","description":"| Cucchiaio Dolce Atlantida Comas 16,3 cm. (6 Pz.) Ice Black KiwiStore","breadcrumb":{"@id":"https:\/\/kiwistore.it\/negozio\/atlantida-ice-black-cucchiaio-dolce-inox-18-10-cm-163-mm-5\/#breadcrumb"},"inLanguage":"fr-FR","potentialAction":[{"@type":"ReadAction","target":["https:\/\/kiwistore.it\/negozio\/atlantida-ice-black-cucchiaio-dolce-inox-18-10-cm-163-mm-5\/"]}]},{"@type":"ImageObject","inLanguage":"fr-FR","@id":"https:\/\/kiwistore.it\/negozio\/atlantida-ice-black-cucchiaio-dolce-inox-18-10-cm-163-mm-5\/#primaryimage","url":"https:\/\/i0.wp.com\/kiwistore.it\/wp-content\/uploads\/2023\/05\/ATLANTIDA-ICE-BLACK-CUCCHIAIO-DOLCE-18-10-CM.16-3_19634_GZKG-scaled-wpp1684151910992.jpg?fit=1200%2C1200&ssl=1","contentUrl":"https:\/\/i0.wp.com\/kiwistore.it\/wp-content\/uploads\/2023\/05\/ATLANTIDA-ICE-BLACK-CUCCHIAIO-DOLCE-18-10-CM.16-3_19634_GZKG-scaled-wpp1684151910992.jpg?fit=1200%2C1200&ssl=1","width":1200,"height":1200},{"@type":"BreadcrumbList","@id":"https:\/\/kiwistore.it\/negozio\/atlantida-ice-black-cucchiaio-dolce-inox-18-10-cm-163-mm-5\/#breadcrumb","itemListElement":[{"@type":"ListItem","position":1,"name":"Home","item":"https:\/\/kiwistore.it\/en\/"},{"@type":"ListItem","position":2,"name":"Shop","item":"https:\/\/kiwistore.it\/en\/shop\/"},{"@type":"ListItem","position":3,"name":"Cucchiaio Dolce Atlantida Comas 16,3 cm. (6 Pz.) Ice Black"}]},{"@type":"WebSite","@id":"https:\/\/kiwistore.it\/#website","url":"https:\/\/kiwistore.it\/","name":"KiwiStore","description":"Fournitures h\u00f4teli\u00e8res au meilleur prix","publisher":{"@id":"https:\/\/kiwistore.it\/#organization"},"potentialAction":[{"@type":"SearchAction","target":{"@type":"EntryPoint","urlTemplate":"https:\/\/kiwistore.it\/?s={search_term_string}"},"query-input":{"@type":"PropertyValueSpecification","valueRequired":true,"valueName":"search_term_string"}}],"inLanguage":"fr-FR"},{"@type":"Organization","@id":"https:\/\/kiwistore.it\/#organization","name":"KiwiStore","url":"https:\/\/kiwistore.it\/","logo":{"@type":"ImageObject","inLanguage":"fr-FR","@id":"https:\/\/kiwistore.it\/#\/schema\/logo\/image\/","url":"https:\/\/kiwistore.it\/wp-content\/uploads\/2021\/03\/cropped-LOGO-UMBERTO-03.png","contentUrl":"https:\/\/kiwistore.it\/wp-content\/uploads\/2021\/03\/cropped-LOGO-UMBERTO-03.png","width":512,"height":512,"caption":"KiwiStore"},"image":{"@id":"https:\/\/kiwistore.it\/#\/schema\/logo\/image\/"},"sameAs":["https:\/\/www.facebook.com\/kiwistore.it","https:\/\/www.instagram.com\/kiwistore.official\/"],"hasMerchantReturnPolicy":{"@type":"MerchantReturnPolicy","merchantReturnLink":"https:\/\/kiwistore.it\/fr\/refund_returns\/"}}]},"product_price_amount":"35.51","product_price_currency":"EUR","og_availability":"backorder","product_availability":"available for order","product_retailer_item_id":"19634","product_condition":"new"},"_links":{"self":[{"href":"https:\/\/kiwistore.it\/fr\/wp-json\/wp\/v2\/product\/34770","targetHints":{"allow":["GET"]}}],"collection":[{"href":"https:\/\/kiwistore.it\/fr\/wp-json\/wp\/v2\/product"}],"about":[{"href":"https:\/\/kiwistore.it\/fr\/wp-json\/wp\/v2\/types\/product"}],"wp:featuredmedia":[{"embeddable":true,"href":"https:\/\/kiwistore.it\/fr\/wp-json\/wp\/v2\/media\/34769"}],"wp:attachment":[{"href":"https:\/\/kiwistore.it\/fr\/wp-json\/wp\/v2\/media?parent=34770"}],"wp:term":[{"taxonomy":"product_brand","embeddable":true,"href":"https:\/\/kiwistore.it\/fr\/wp-json\/wp\/v2\/product_brand?post=34770"},{"taxonomy":"product_cat","embeddable":true,"href":"https:\/\/kiwistore.it\/fr\/wp-json\/wp\/v2\/product_cat?post=34770"},{"taxonomy":"product_tag","embeddable":true,"href":"https:\/\/kiwistore.it\/fr\/wp-json\/wp\/v2\/product_tag?post=34770"}],"curies":[{"name":"wp","href":"https:\/\/api.w.org\/{rel}","templated":true}]}}