{"id":13326,"date":"2022-01-13T11:36:38","date_gmt":"2022-01-13T09:36:38","guid":{"rendered":"https:\/\/kiwistore.it\/?post_type=product&#038;p=13326"},"modified":"2026-04-06T18:39:47","modified_gmt":"2026-04-06T16:39:47","slug":"calice-cocktail-mixology-luigi-bormioli-225-cl-6-pezzi","status":"publish","type":"product","link":"https:\/\/kiwistore.it\/fr\/negozio\/calice-cocktail-mixology-luigi-bormioli-225-cl-6-pezzi\/","title":{"rendered":"Luigi Bormioli Mixologie Verre \u00e0 Cocktail 22,5 cl (6 pi\u00e8ces)"},"content":{"rendered":"<ul>\n<li>Marque : Luigi Bormioli<\/li>\n<li>S\u00e9rie : Mixologie<\/li>\n<li>Capacit\u00e0: 22,5 cl.<\/li>\n<li>Altezza: 140 mm<\/li>\n<li>Diametro: 95 mm<\/li>\n<li>Mat\u00e9riel: Verre<\/li>\n<li>Conditionnement : 6 Verres<\/li>\n<li>Venduto con imballo originale<\/li>\n<\/ul>","protected":false},"excerpt":{"rendered":"<p>LA GAMME MIXOLOGY SE COMPOSE D&#039;ARTICLES DE BAR DE LUXE SP\u00c9CIFIQUEMENT CON\u00c7US POUR OPTIMISER LA PR\u00c9PARATION ET LA PR\u00c9SENTATION DES BOISSONS M\u00c9LANG\u00c9ES.Verre ultra clair : La nouvelle g\u00e9n\u00e9ration de verre, parfaitement transparent et brillant. Conforme \u00e0 la norme ISO\/PAS IWA 8:2009. Haute r\u00e9sistance \u00e0 la rupture.<\/p>","protected":false},"featured_media":3051,"template":"","meta":[],"product_brand":[],"product_cat":[68,342],"product_tag":[],"class_list":{"0":"post-13326","1":"product","2":"type-product","3":"status-publish","4":"has-post-thumbnail","6":"product_cat-calici","7":"product_cat-mixology-luigibormioli","9":"first","10":"instock","11":"sale","12":"taxable","13":"shipping-taxable","14":"purchasable","15":"product-type-simple"},"yoast_head":"<!-- This site is optimized with the Yoast SEO plugin v27.2 - https:\/\/yoast.com\/product\/yoast-seo-wordpress\/ -->\n<title>Calice Cocktail Mixology Luigi Bormioli 22,5 cl (6 pezzi) | KiwiStore<\/title>\n<meta name=\"description\" content=\"| Calice Cocktail Mixology Luigi Bormioli 22,5 cl (6 pezzi) KiwiStore\" \/>\n<meta name=\"robots\" content=\"index, follow, max-snippet:-1, max-image-preview:large, max-video-preview:-1\" \/>\n<link rel=\"canonical\" href=\"https:\/\/kiwistore.it\/fr\/boutique\/calice-cocktail-mixology-luigi-bormioli-225-cl-6-pezzi\/\" \/>\n<meta property=\"og:locale\" content=\"fr_FR\" \/>\n<meta property=\"og:type\" content=\"article\" \/>\n<meta property=\"og:title\" content=\"Calice Cocktail Mixology Luigi Bormioli 22,5 cl (6 pezzi) | KiwiStore\" \/>\n<meta property=\"og:description\" content=\"| Calice Cocktail Mixology Luigi Bormioli 22,5 cl (6 pezzi) KiwiStore\" \/>\n<meta property=\"og:url\" content=\"https:\/\/kiwistore.it\/fr\/boutique\/calice-cocktail-mixology-luigi-bormioli-225-cl-6-pezzi\/\" \/>\n<meta property=\"og:site_name\" content=\"KiwiStore\" \/>\n<meta property=\"article:publisher\" content=\"https:\/\/www.facebook.com\/kiwistore.it\" \/>\n<meta property=\"article:modified_time\" content=\"2026-04-06T16:39:47+00:00\" \/>\n<meta property=\"og:image\" content=\"https:\/\/i0.wp.com\/kiwistore.it\/wp-content\/uploads\/2021\/02\/Mixology-Luigi-Cocktail.png?fit=1200%2C1200&ssl=1\" \/>\n\t<meta property=\"og:image:width\" content=\"1200\" \/>\n\t<meta property=\"og:image:height\" content=\"1200\" \/>\n\t<meta property=\"og:image:type\" content=\"image\/png\" \/>\n<meta name=\"twitter:card\" content=\"summary_large_image\" \/>\n<meta name=\"twitter:label1\" content=\"Prix\" \/>\n\t<meta name=\"twitter:data1\" content=\"26,36&euro; IVA inclusa\" \/>\n\t<meta name=\"twitter:label2\" content=\"Disponibilit\u00e9\" \/>\n\t<meta name=\"twitter:data2\" content=\"En stock\" \/>\n<script type=\"application\/ld+json\" class=\"yoast-schema-graph\">{\"@context\":\"https:\/\/schema.org\",\"@graph\":[{\"@type\":\"WebPage\",\"@id\":\"https:\/\/kiwistore.it\/negozio\/calice-cocktail-mixology-luigi-bormioli-225-cl-6-pezzi\/\",\"url\":\"https:\/\/kiwistore.it\/negozio\/calice-cocktail-mixology-luigi-bormioli-225-cl-6-pezzi\/\",\"name\":\"Calice Cocktail Mixology Luigi Bormioli 22,5 cl (6 pezzi) | KiwiStore\",\"isPartOf\":{\"@id\":\"https:\/\/kiwistore.it\/#website\"},\"primaryImageOfPage\":{\"@id\":\"https:\/\/kiwistore.it\/negozio\/calice-cocktail-mixology-luigi-bormioli-225-cl-6-pezzi\/#primaryimage\"},\"image\":{\"@id\":\"https:\/\/kiwistore.it\/negozio\/calice-cocktail-mixology-luigi-bormioli-225-cl-6-pezzi\/#primaryimage\"},\"thumbnailUrl\":\"https:\/\/i0.wp.com\/kiwistore.it\/wp-content\/uploads\/2021\/02\/Mixology-Luigi-Cocktail.png?fit=1200%2C1200&ssl=1\",\"datePublished\":\"2022-01-13T09:36:38+00:00\",\"dateModified\":\"2026-04-06T16:39:47+00:00\",\"description\":\"| Calice Cocktail Mixology Luigi Bormioli 22,5 cl (6 pezzi) KiwiStore\",\"breadcrumb\":{\"@id\":\"https:\/\/kiwistore.it\/negozio\/calice-cocktail-mixology-luigi-bormioli-225-cl-6-pezzi\/#breadcrumb\"},\"inLanguage\":\"fr-FR\",\"potentialAction\":[{\"@type\":\"ReadAction\",\"target\":[\"https:\/\/kiwistore.it\/negozio\/calice-cocktail-mixology-luigi-bormioli-225-cl-6-pezzi\/\"]}]},{\"@type\":\"ImageObject\",\"inLanguage\":\"fr-FR\",\"@id\":\"https:\/\/kiwistore.it\/negozio\/calice-cocktail-mixology-luigi-bormioli-225-cl-6-pezzi\/#primaryimage\",\"url\":\"https:\/\/i0.wp.com\/kiwistore.it\/wp-content\/uploads\/2021\/02\/Mixology-Luigi-Cocktail.png?fit=1200%2C1200&ssl=1\",\"contentUrl\":\"https:\/\/i0.wp.com\/kiwistore.it\/wp-content\/uploads\/2021\/02\/Mixology-Luigi-Cocktail.png?fit=1200%2C1200&ssl=1\",\"width\":1200,\"height\":1200,\"caption\":\"Mixology Luigi Cocktail\"},{\"@type\":\"BreadcrumbList\",\"@id\":\"https:\/\/kiwistore.it\/negozio\/calice-cocktail-mixology-luigi-bormioli-225-cl-6-pezzi\/#breadcrumb\",\"itemListElement\":[{\"@type\":\"ListItem\",\"position\":1,\"name\":\"Home\",\"item\":\"https:\/\/kiwistore.it\/en\/\"},{\"@type\":\"ListItem\",\"position\":2,\"name\":\"Shop\",\"item\":\"https:\/\/kiwistore.it\/en\/shop\/\"},{\"@type\":\"ListItem\",\"position\":3,\"name\":\"Calice Cocktail Mixology Luigi Bormioli 22,5 cl (6 pezzi)\"}]},{\"@type\":\"WebSite\",\"@id\":\"https:\/\/kiwistore.it\/#website\",\"url\":\"https:\/\/kiwistore.it\/\",\"name\":\"KiwiStore\",\"description\":\"Forniture alberghiere al Miglior Prezzo\",\"publisher\":{\"@id\":\"https:\/\/kiwistore.it\/#organization\"},\"potentialAction\":[{\"@type\":\"SearchAction\",\"target\":{\"@type\":\"EntryPoint\",\"urlTemplate\":\"https:\/\/kiwistore.it\/?s={search_term_string}\"},\"query-input\":{\"@type\":\"PropertyValueSpecification\",\"valueRequired\":true,\"valueName\":\"search_term_string\"}}],\"inLanguage\":\"fr-FR\"},{\"@type\":\"Organization\",\"@id\":\"https:\/\/kiwistore.it\/#organization\",\"name\":\"KiwiStore\",\"url\":\"https:\/\/kiwistore.it\/\",\"logo\":{\"@type\":\"ImageObject\",\"inLanguage\":\"fr-FR\",\"@id\":\"https:\/\/kiwistore.it\/#\/schema\/logo\/image\/\",\"url\":\"https:\/\/kiwistore.it\/wp-content\/uploads\/2021\/03\/cropped-LOGO-UMBERTO-03.png\",\"contentUrl\":\"https:\/\/kiwistore.it\/wp-content\/uploads\/2021\/03\/cropped-LOGO-UMBERTO-03.png\",\"width\":512,\"height\":512,\"caption\":\"KiwiStore\"},\"image\":{\"@id\":\"https:\/\/kiwistore.it\/#\/schema\/logo\/image\/\"},\"sameAs\":[\"https:\/\/www.facebook.com\/kiwistore.it\",\"https:\/\/www.instagram.com\/kiwistore.official\/\"],\"hasMerchantReturnPolicy\":{\"@type\":\"MerchantReturnPolicy\",\"merchantReturnLink\":\"https:\/\/kiwistore.it\/fr\/refund_returns\/\"}}]}<\/script>\n<meta property=\"product:price:amount\" content=\"26.36\" \/>\n<meta property=\"product:price:currency\" content=\"EUR\" \/>\n<meta property=\"og:availability\" content=\"instock\" \/>\n<meta property=\"product:availability\" content=\"instock\" \/>\n<meta property=\"product:retailer_item_id\" content=\"5525\" \/>\n<meta property=\"product:condition\" content=\"new\" \/>\n<!-- \/ Yoast SEO plugin. -->","yoast_head_json":{"title":"Calice Cocktail Mixology Luigi Bormioli 22,5 cl (6 pezzi) | KiwiStore","description":"| Calice Cocktail Mixology Luigi Bormioli 22,5 cl (6 pezzi) KiwiStore","robots":{"index":"index","follow":"follow","max-snippet":"max-snippet:-1","max-image-preview":"max-image-preview:large","max-video-preview":"max-video-preview:-1"},"canonical":"https:\/\/kiwistore.it\/fr\/boutique\/calice-cocktail-mixology-luigi-bormioli-225-cl-6-pezzi\/","og_locale":"fr_FR","og_type":"article","og_title":"Calice Cocktail Mixology Luigi Bormioli 22,5 cl (6 pezzi) | KiwiStore","og_description":"| Calice Cocktail Mixology Luigi Bormioli 22,5 cl (6 pezzi) KiwiStore","og_url":"https:\/\/kiwistore.it\/fr\/boutique\/calice-cocktail-mixology-luigi-bormioli-225-cl-6-pezzi\/","og_site_name":"KiwiStore","article_publisher":"https:\/\/www.facebook.com\/kiwistore.it","article_modified_time":"2026-04-06T16:39:47+00:00","og_image":[{"width":1200,"height":1200,"url":"https:\/\/i0.wp.com\/kiwistore.it\/wp-content\/uploads\/2021\/02\/Mixology-Luigi-Cocktail.png?fit=1200%2C1200&ssl=1","type":"image\/png"}],"twitter_card":"summary_large_image","twitter_misc":{"Prix":"26,36&euro; IVA inclusa","Disponibilit\u00e9":"En stock"},"schema":{"@context":"https:\/\/schema.org","@graph":[{"@type":"WebPage","@id":"https:\/\/kiwistore.it\/negozio\/calice-cocktail-mixology-luigi-bormioli-225-cl-6-pezzi\/","url":"https:\/\/kiwistore.it\/negozio\/calice-cocktail-mixology-luigi-bormioli-225-cl-6-pezzi\/","name":"Calice Cocktail Mixology Luigi Bormioli 22,5 cl (6 pezzi) | KiwiStore","isPartOf":{"@id":"https:\/\/kiwistore.it\/#website"},"primaryImageOfPage":{"@id":"https:\/\/kiwistore.it\/negozio\/calice-cocktail-mixology-luigi-bormioli-225-cl-6-pezzi\/#primaryimage"},"image":{"@id":"https:\/\/kiwistore.it\/negozio\/calice-cocktail-mixology-luigi-bormioli-225-cl-6-pezzi\/#primaryimage"},"thumbnailUrl":"https:\/\/i0.wp.com\/kiwistore.it\/wp-content\/uploads\/2021\/02\/Mixology-Luigi-Cocktail.png?fit=1200%2C1200&ssl=1","datePublished":"2022-01-13T09:36:38+00:00","dateModified":"2026-04-06T16:39:47+00:00","description":"| Calice Cocktail Mixology Luigi Bormioli 22,5 cl (6 pezzi) KiwiStore","breadcrumb":{"@id":"https:\/\/kiwistore.it\/negozio\/calice-cocktail-mixology-luigi-bormioli-225-cl-6-pezzi\/#breadcrumb"},"inLanguage":"fr-FR","potentialAction":[{"@type":"ReadAction","target":["https:\/\/kiwistore.it\/negozio\/calice-cocktail-mixology-luigi-bormioli-225-cl-6-pezzi\/"]}]},{"@type":"ImageObject","inLanguage":"fr-FR","@id":"https:\/\/kiwistore.it\/negozio\/calice-cocktail-mixology-luigi-bormioli-225-cl-6-pezzi\/#primaryimage","url":"https:\/\/i0.wp.com\/kiwistore.it\/wp-content\/uploads\/2021\/02\/Mixology-Luigi-Cocktail.png?fit=1200%2C1200&ssl=1","contentUrl":"https:\/\/i0.wp.com\/kiwistore.it\/wp-content\/uploads\/2021\/02\/Mixology-Luigi-Cocktail.png?fit=1200%2C1200&ssl=1","width":1200,"height":1200,"caption":"Mixology Luigi Cocktail"},{"@type":"BreadcrumbList","@id":"https:\/\/kiwistore.it\/negozio\/calice-cocktail-mixology-luigi-bormioli-225-cl-6-pezzi\/#breadcrumb","itemListElement":[{"@type":"ListItem","position":1,"name":"Home","item":"https:\/\/kiwistore.it\/en\/"},{"@type":"ListItem","position":2,"name":"Shop","item":"https:\/\/kiwistore.it\/en\/shop\/"},{"@type":"ListItem","position":3,"name":"Calice Cocktail Mixology Luigi Bormioli 22,5 cl (6 pezzi)"}]},{"@type":"WebSite","@id":"https:\/\/kiwistore.it\/#website","url":"https:\/\/kiwistore.it\/","name":"KiwiStore","description":"Fournitures h\u00f4teli\u00e8res au meilleur prix","publisher":{"@id":"https:\/\/kiwistore.it\/#organization"},"potentialAction":[{"@type":"SearchAction","target":{"@type":"EntryPoint","urlTemplate":"https:\/\/kiwistore.it\/?s={search_term_string}"},"query-input":{"@type":"PropertyValueSpecification","valueRequired":true,"valueName":"search_term_string"}}],"inLanguage":"fr-FR"},{"@type":"Organization","@id":"https:\/\/kiwistore.it\/#organization","name":"KiwiStore","url":"https:\/\/kiwistore.it\/","logo":{"@type":"ImageObject","inLanguage":"fr-FR","@id":"https:\/\/kiwistore.it\/#\/schema\/logo\/image\/","url":"https:\/\/kiwistore.it\/wp-content\/uploads\/2021\/03\/cropped-LOGO-UMBERTO-03.png","contentUrl":"https:\/\/kiwistore.it\/wp-content\/uploads\/2021\/03\/cropped-LOGO-UMBERTO-03.png","width":512,"height":512,"caption":"KiwiStore"},"image":{"@id":"https:\/\/kiwistore.it\/#\/schema\/logo\/image\/"},"sameAs":["https:\/\/www.facebook.com\/kiwistore.it","https:\/\/www.instagram.com\/kiwistore.official\/"],"hasMerchantReturnPolicy":{"@type":"MerchantReturnPolicy","merchantReturnLink":"https:\/\/kiwistore.it\/fr\/refund_returns\/"}}]},"product_price_amount":"26.36","product_price_currency":"EUR","og_availability":"instock","product_availability":"instock","product_retailer_item_id":"5525","product_condition":"new"},"_links":{"self":[{"href":"https:\/\/kiwistore.it\/fr\/wp-json\/wp\/v2\/product\/13326","targetHints":{"allow":["GET"]}}],"collection":[{"href":"https:\/\/kiwistore.it\/fr\/wp-json\/wp\/v2\/product"}],"about":[{"href":"https:\/\/kiwistore.it\/fr\/wp-json\/wp\/v2\/types\/product"}],"wp:featuredmedia":[{"embeddable":true,"href":"https:\/\/kiwistore.it\/fr\/wp-json\/wp\/v2\/media\/3051"}],"wp:attachment":[{"href":"https:\/\/kiwistore.it\/fr\/wp-json\/wp\/v2\/media?parent=13326"}],"wp:term":[{"taxonomy":"product_brand","embeddable":true,"href":"https:\/\/kiwistore.it\/fr\/wp-json\/wp\/v2\/product_brand?post=13326"},{"taxonomy":"product_cat","embeddable":true,"href":"https:\/\/kiwistore.it\/fr\/wp-json\/wp\/v2\/product_cat?post=13326"},{"taxonomy":"product_tag","embeddable":true,"href":"https:\/\/kiwistore.it\/fr\/wp-json\/wp\/v2\/product_tag?post=13326"}],"curies":[{"name":"wp","href":"https:\/\/api.w.org\/{rel}","templated":true}]}}