{"id":12790,"date":"2021-12-17T13:10:17","date_gmt":"2021-12-17T11:10:17","guid":{"rendered":"https:\/\/kiwistore.it\/prodotto\/frigoverre-evolution-rocco-bormioli-18x18-bassa-4-pz\/"},"modified":"2026-04-19T20:29:47","modified_gmt":"2026-04-19T18:29:47","slug":"frigoverre-evo-18x18-bassa","status":"publish","type":"product","link":"https:\/\/kiwistore.it\/fr\/negozio\/frigoverre-evo-18x18-bassa\/","title":{"rendered":"Frigoverre Evolution Rocco Bormioli 18&#215;18 Bassa (4 Pz.)"},"content":{"rendered":"<ul>\n<li>Marque : Rocco Bormioli<\/li>\n<li>Serie: Frigoverre Evolution<\/li>\n<li>Dimensioni: 18&#215;18 cm.<\/li>\n<li>Altezza 8 cm.<\/li>\n<li>Capacit\u00e0: 140 cl.<\/li>\n<li>Mat\u00e9riel: Verre Tremp\u00e9\/Plastique<\/li>\n<li>Conditionnement : 4 Pi\u00e8ces<\/li>\n<\/ul>","protected":false},"excerpt":{"rendered":"<p>R\u00e9cipient avec couvercle de la s\u00e9rie Frigoverre Evolution de Rocco Bormioli<\/p>\n<p>Dimensioni: 18&times;18 cm.<\/p>\n<p>R\u00e9siste au cong\u00e9lateur jusqu&#039;\u00e0 -20 \u00b0C \/ -4 \u00b0F. Passe au micro-ondes avec le couvercle ouvert. Passe au four.<\/p>\n<p>Produit <strong>lave-vaisselle<\/strong>.<\/p>","protected":false},"featured_media":11362,"template":"","meta":[],"product_brand":[],"product_cat":[306,460],"product_tag":[],"class_list":{"0":"post-12790","1":"product","2":"type-product","3":"status-publish","4":"has-post-thumbnail","6":"product_cat-barattoli","7":"product_cat-frigoverre","9":"first","10":"onbackorder","11":"sale","12":"taxable","13":"shipping-taxable","14":"purchasable","15":"product-type-simple"},"yoast_head":"<!-- This site is optimized with the Yoast SEO plugin v27.2 - https:\/\/yoast.com\/product\/yoast-seo-wordpress\/ -->\n<title>Frigoverre Evolution Rocco Bormioli 18x18 Bassa (4 Pz.) | KiwiStore<\/title>\n<meta name=\"description\" content=\"| Frigoverre Evolution Rocco Bormioli 18x18 Bassa (4 Pz.) KiwiStore\" \/>\n<meta name=\"robots\" content=\"index, follow, max-snippet:-1, max-image-preview:large, max-video-preview:-1\" \/>\n<link rel=\"canonical\" href=\"https:\/\/kiwistore.it\/fr\/boutique\/frigoverre-evo-18x18-bassa\/\" \/>\n<meta property=\"og:locale\" content=\"fr_FR\" \/>\n<meta property=\"og:type\" content=\"article\" \/>\n<meta property=\"og:title\" content=\"Frigoverre Evolution Rocco Bormioli 18x18 Bassa (4 Pz.) | KiwiStore\" \/>\n<meta property=\"og:description\" content=\"| Frigoverre Evolution Rocco Bormioli 18x18 Bassa (4 Pz.) KiwiStore\" \/>\n<meta property=\"og:url\" content=\"https:\/\/kiwistore.it\/fr\/boutique\/frigoverre-evo-18x18-bassa\/\" \/>\n<meta property=\"og:site_name\" content=\"KiwiStore\" \/>\n<meta property=\"article:publisher\" content=\"https:\/\/www.facebook.com\/kiwistore.it\" \/>\n<meta property=\"article:modified_time\" content=\"2026-04-19T18:29:47+00:00\" \/>\n<meta property=\"og:image\" content=\"https:\/\/i0.wp.com\/kiwistore.it\/wp-content\/uploads\/2021\/11\/Frigoverre-Evolution-18x18-Basso.jpg?fit=800%2C800&ssl=1\" \/>\n\t<meta property=\"og:image:width\" content=\"800\" \/>\n\t<meta property=\"og:image:height\" content=\"800\" \/>\n\t<meta property=\"og:image:type\" content=\"image\/jpeg\" \/>\n<meta name=\"twitter:card\" content=\"summary_large_image\" \/>\n<meta name=\"twitter:label1\" content=\"Prix\" \/>\n\t<meta name=\"twitter:data1\" content=\"28,24&euro; IVA inclusa\" \/>\n\t<meta name=\"twitter:label2\" content=\"Disponibilit\u00e9\" \/>\n\t<meta name=\"twitter:data2\" content=\"En r\u00e9assort\" \/>\n<script type=\"application\/ld+json\" class=\"yoast-schema-graph\">{\"@context\":\"https:\/\/schema.org\",\"@graph\":[{\"@type\":\"WebPage\",\"@id\":\"https:\/\/kiwistore.it\/negozio\/frigoverre-evo-18x18-bassa\/\",\"url\":\"https:\/\/kiwistore.it\/negozio\/frigoverre-evo-18x18-bassa\/\",\"name\":\"Frigoverre Evolution Rocco Bormioli 18x18 Bassa (4 Pz.) | KiwiStore\",\"isPartOf\":{\"@id\":\"https:\/\/kiwistore.it\/#website\"},\"primaryImageOfPage\":{\"@id\":\"https:\/\/kiwistore.it\/negozio\/frigoverre-evo-18x18-bassa\/#primaryimage\"},\"image\":{\"@id\":\"https:\/\/kiwistore.it\/negozio\/frigoverre-evo-18x18-bassa\/#primaryimage\"},\"thumbnailUrl\":\"https:\/\/i0.wp.com\/kiwistore.it\/wp-content\/uploads\/2021\/11\/Frigoverre-Evolution-18x18-Basso.jpg?fit=800%2C800&ssl=1\",\"datePublished\":\"2021-12-17T11:10:17+00:00\",\"dateModified\":\"2026-04-19T18:29:47+00:00\",\"description\":\"| Frigoverre Evolution Rocco Bormioli 18x18 Bassa (4 Pz.) KiwiStore\",\"breadcrumb\":{\"@id\":\"https:\/\/kiwistore.it\/negozio\/frigoverre-evo-18x18-bassa\/#breadcrumb\"},\"inLanguage\":\"fr-FR\",\"potentialAction\":[{\"@type\":\"ReadAction\",\"target\":[\"https:\/\/kiwistore.it\/negozio\/frigoverre-evo-18x18-bassa\/\"]}]},{\"@type\":\"ImageObject\",\"inLanguage\":\"fr-FR\",\"@id\":\"https:\/\/kiwistore.it\/negozio\/frigoverre-evo-18x18-bassa\/#primaryimage\",\"url\":\"https:\/\/i0.wp.com\/kiwistore.it\/wp-content\/uploads\/2021\/11\/Frigoverre-Evolution-18x18-Basso.jpg?fit=800%2C800&ssl=1\",\"contentUrl\":\"https:\/\/i0.wp.com\/kiwistore.it\/wp-content\/uploads\/2021\/11\/Frigoverre-Evolution-18x18-Basso.jpg?fit=800%2C800&ssl=1\",\"width\":800,\"height\":800},{\"@type\":\"BreadcrumbList\",\"@id\":\"https:\/\/kiwistore.it\/negozio\/frigoverre-evo-18x18-bassa\/#breadcrumb\",\"itemListElement\":[{\"@type\":\"ListItem\",\"position\":1,\"name\":\"Home\",\"item\":\"https:\/\/kiwistore.it\/en\/\"},{\"@type\":\"ListItem\",\"position\":2,\"name\":\"Shop\",\"item\":\"https:\/\/kiwistore.it\/en\/shop\/\"},{\"@type\":\"ListItem\",\"position\":3,\"name\":\"Frigoverre Evolution Rocco Bormioli 18&#215;18 Bassa (4 Pz.)\"}]},{\"@type\":\"WebSite\",\"@id\":\"https:\/\/kiwistore.it\/#website\",\"url\":\"https:\/\/kiwistore.it\/\",\"name\":\"KiwiStore\",\"description\":\"Forniture alberghiere al Miglior Prezzo\",\"publisher\":{\"@id\":\"https:\/\/kiwistore.it\/#organization\"},\"potentialAction\":[{\"@type\":\"SearchAction\",\"target\":{\"@type\":\"EntryPoint\",\"urlTemplate\":\"https:\/\/kiwistore.it\/?s={search_term_string}\"},\"query-input\":{\"@type\":\"PropertyValueSpecification\",\"valueRequired\":true,\"valueName\":\"search_term_string\"}}],\"inLanguage\":\"fr-FR\"},{\"@type\":\"Organization\",\"@id\":\"https:\/\/kiwistore.it\/#organization\",\"name\":\"KiwiStore\",\"url\":\"https:\/\/kiwistore.it\/\",\"logo\":{\"@type\":\"ImageObject\",\"inLanguage\":\"fr-FR\",\"@id\":\"https:\/\/kiwistore.it\/#\/schema\/logo\/image\/\",\"url\":\"https:\/\/kiwistore.it\/wp-content\/uploads\/2021\/03\/cropped-LOGO-UMBERTO-03.png\",\"contentUrl\":\"https:\/\/kiwistore.it\/wp-content\/uploads\/2021\/03\/cropped-LOGO-UMBERTO-03.png\",\"width\":512,\"height\":512,\"caption\":\"KiwiStore\"},\"image\":{\"@id\":\"https:\/\/kiwistore.it\/#\/schema\/logo\/image\/\"},\"sameAs\":[\"https:\/\/www.facebook.com\/kiwistore.it\",\"https:\/\/www.instagram.com\/kiwistore.official\/\"],\"hasMerchantReturnPolicy\":{\"@type\":\"MerchantReturnPolicy\",\"merchantReturnLink\":\"https:\/\/kiwistore.it\/fr\/refund_returns\/\"}}]}<\/script>\n<meta property=\"product:price:amount\" content=\"28.24\" \/>\n<meta property=\"product:price:currency\" content=\"EUR\" \/>\n<meta property=\"og:availability\" content=\"backorder\" \/>\n<meta property=\"product:availability\" content=\"available for order\" \/>\n<meta property=\"product:retailer_item_id\" content=\"110503\" \/>\n<meta property=\"product:condition\" content=\"new\" \/>\n<!-- \/ Yoast SEO plugin. -->","yoast_head_json":{"title":"Frigoverre Evolution Rocco Bormioli 18x18 Bassa (4 Pz.) | KiwiStore","description":"| Frigoverre Evolution Rocco Bormioli 18x18 Bassa (4 Pz.) KiwiStore","robots":{"index":"index","follow":"follow","max-snippet":"max-snippet:-1","max-image-preview":"max-image-preview:large","max-video-preview":"max-video-preview:-1"},"canonical":"https:\/\/kiwistore.it\/fr\/boutique\/frigoverre-evo-18x18-bassa\/","og_locale":"fr_FR","og_type":"article","og_title":"Frigoverre Evolution Rocco Bormioli 18x18 Bassa (4 Pz.) | KiwiStore","og_description":"| Frigoverre Evolution Rocco Bormioli 18x18 Bassa (4 Pz.) KiwiStore","og_url":"https:\/\/kiwistore.it\/fr\/boutique\/frigoverre-evo-18x18-bassa\/","og_site_name":"KiwiStore","article_publisher":"https:\/\/www.facebook.com\/kiwistore.it","article_modified_time":"2026-04-19T18:29:47+00:00","og_image":[{"width":800,"height":800,"url":"https:\/\/i0.wp.com\/kiwistore.it\/wp-content\/uploads\/2021\/11\/Frigoverre-Evolution-18x18-Basso.jpg?fit=800%2C800&ssl=1","type":"image\/jpeg"}],"twitter_card":"summary_large_image","twitter_misc":{"Prix":"28,24&euro; IVA inclusa","Disponibilit\u00e9":"En r\u00e9assort"},"schema":{"@context":"https:\/\/schema.org","@graph":[{"@type":"WebPage","@id":"https:\/\/kiwistore.it\/negozio\/frigoverre-evo-18x18-bassa\/","url":"https:\/\/kiwistore.it\/negozio\/frigoverre-evo-18x18-bassa\/","name":"Frigoverre Evolution Rocco Bormioli 18x18 Bassa (4 Pz.) | KiwiStore","isPartOf":{"@id":"https:\/\/kiwistore.it\/#website"},"primaryImageOfPage":{"@id":"https:\/\/kiwistore.it\/negozio\/frigoverre-evo-18x18-bassa\/#primaryimage"},"image":{"@id":"https:\/\/kiwistore.it\/negozio\/frigoverre-evo-18x18-bassa\/#primaryimage"},"thumbnailUrl":"https:\/\/i0.wp.com\/kiwistore.it\/wp-content\/uploads\/2021\/11\/Frigoverre-Evolution-18x18-Basso.jpg?fit=800%2C800&ssl=1","datePublished":"2021-12-17T11:10:17+00:00","dateModified":"2026-04-19T18:29:47+00:00","description":"| Frigoverre Evolution Rocco Bormioli 18x18 Bassa (4 Pz.) KiwiStore","breadcrumb":{"@id":"https:\/\/kiwistore.it\/negozio\/frigoverre-evo-18x18-bassa\/#breadcrumb"},"inLanguage":"fr-FR","potentialAction":[{"@type":"ReadAction","target":["https:\/\/kiwistore.it\/negozio\/frigoverre-evo-18x18-bassa\/"]}]},{"@type":"ImageObject","inLanguage":"fr-FR","@id":"https:\/\/kiwistore.it\/negozio\/frigoverre-evo-18x18-bassa\/#primaryimage","url":"https:\/\/i0.wp.com\/kiwistore.it\/wp-content\/uploads\/2021\/11\/Frigoverre-Evolution-18x18-Basso.jpg?fit=800%2C800&ssl=1","contentUrl":"https:\/\/i0.wp.com\/kiwistore.it\/wp-content\/uploads\/2021\/11\/Frigoverre-Evolution-18x18-Basso.jpg?fit=800%2C800&ssl=1","width":800,"height":800},{"@type":"BreadcrumbList","@id":"https:\/\/kiwistore.it\/negozio\/frigoverre-evo-18x18-bassa\/#breadcrumb","itemListElement":[{"@type":"ListItem","position":1,"name":"Home","item":"https:\/\/kiwistore.it\/en\/"},{"@type":"ListItem","position":2,"name":"Shop","item":"https:\/\/kiwistore.it\/en\/shop\/"},{"@type":"ListItem","position":3,"name":"Frigoverre Evolution Rocco Bormioli 18&#215;18 Bassa (4 Pz.)"}]},{"@type":"WebSite","@id":"https:\/\/kiwistore.it\/#website","url":"https:\/\/kiwistore.it\/","name":"KiwiStore","description":"Fournitures h\u00f4teli\u00e8res au meilleur prix","publisher":{"@id":"https:\/\/kiwistore.it\/#organization"},"potentialAction":[{"@type":"SearchAction","target":{"@type":"EntryPoint","urlTemplate":"https:\/\/kiwistore.it\/?s={search_term_string}"},"query-input":{"@type":"PropertyValueSpecification","valueRequired":true,"valueName":"search_term_string"}}],"inLanguage":"fr-FR"},{"@type":"Organization","@id":"https:\/\/kiwistore.it\/#organization","name":"KiwiStore","url":"https:\/\/kiwistore.it\/","logo":{"@type":"ImageObject","inLanguage":"fr-FR","@id":"https:\/\/kiwistore.it\/#\/schema\/logo\/image\/","url":"https:\/\/kiwistore.it\/wp-content\/uploads\/2021\/03\/cropped-LOGO-UMBERTO-03.png","contentUrl":"https:\/\/kiwistore.it\/wp-content\/uploads\/2021\/03\/cropped-LOGO-UMBERTO-03.png","width":512,"height":512,"caption":"KiwiStore"},"image":{"@id":"https:\/\/kiwistore.it\/#\/schema\/logo\/image\/"},"sameAs":["https:\/\/www.facebook.com\/kiwistore.it","https:\/\/www.instagram.com\/kiwistore.official\/"],"hasMerchantReturnPolicy":{"@type":"MerchantReturnPolicy","merchantReturnLink":"https:\/\/kiwistore.it\/fr\/refund_returns\/"}}]},"product_price_amount":"28.24","product_price_currency":"EUR","og_availability":"backorder","product_availability":"available for order","product_retailer_item_id":"110503","product_condition":"new"},"_links":{"self":[{"href":"https:\/\/kiwistore.it\/fr\/wp-json\/wp\/v2\/product\/12790","targetHints":{"allow":["GET"]}}],"collection":[{"href":"https:\/\/kiwistore.it\/fr\/wp-json\/wp\/v2\/product"}],"about":[{"href":"https:\/\/kiwistore.it\/fr\/wp-json\/wp\/v2\/types\/product"}],"wp:featuredmedia":[{"embeddable":true,"href":"https:\/\/kiwistore.it\/fr\/wp-json\/wp\/v2\/media\/11362"}],"wp:attachment":[{"href":"https:\/\/kiwistore.it\/fr\/wp-json\/wp\/v2\/media?parent=12790"}],"wp:term":[{"taxonomy":"product_brand","embeddable":true,"href":"https:\/\/kiwistore.it\/fr\/wp-json\/wp\/v2\/product_brand?post=12790"},{"taxonomy":"product_cat","embeddable":true,"href":"https:\/\/kiwistore.it\/fr\/wp-json\/wp\/v2\/product_cat?post=12790"},{"taxonomy":"product_tag","embeddable":true,"href":"https:\/\/kiwistore.it\/fr\/wp-json\/wp\/v2\/product_tag?post=12790"}],"curies":[{"name":"wp","href":"https:\/\/api.w.org\/{rel}","templated":true}]}}