{"id":62172,"date":"2025-11-15T20:35:46","date_gmt":"2025-11-15T18:35:46","guid":{"rendered":"https:\/\/kiwistore.it\/negozio\/combustibile-per-scaldavivande-hendi-trasparente\/"},"modified":"2026-04-19T20:36:19","modified_gmt":"2026-04-19T18:36:19","slug":"combustibile-per-scaldavivande-hendi-trasparente","status":"publish","type":"product","link":"https:\/\/kiwistore.it\/es\/negozio\/combustibile-per-scaldavivande-hendi-trasparente\/","title":{"rendered":"Combustibile per Scaldavivande, Hendi, Trasparente"},"content":{"rendered":"<ul>\n<li>Marca: Hendi<\/li>\n<li>Material principal: <\/li>\n<li>Otros materiales: <\/li>\n<li>Embalaje: 1 pieza<\/li>\n<\/ul>","protected":false},"excerpt":{"rendered":"<p>Il combustibile per scaldavivande \u00e8 realizzato con alcol di etanolo naturale, miscelato con acqua e un agente addensante per renderlo un solido o un gel.<br \/>\nIl carburante per chafing dish Hendi \u00e8 speficatamente prodotto talmente amaro che \u00e8 impossibile da deglutire.<br \/>\nPer riscaldare in modo sicuro ed efficiente gli chafing dish, consigliamo di posizionare la lattina di carburante per chafing dish nei portacarburanti indicati.<br \/>\nLa capacit\u00e0 di riscaldamento \u00e8 uguale in tutto l&#8217;intervallo mentre la velocit\u00e0 di riscaldamento dipende dalle dimensioni della fiamma, determinata dalla distanza con cui il coperchio del supporto del carburante per chafing dish viene mantenuto aperto.<br \/>\nIl carburante per chafing dish Hendi brucia senza fuliggine ed \u00e9 inodore.<br \/>\nLe cartucce e le lattine di carburante per chafing dish diventano molto calde durante l\u2019uso, creando un rischio significativo di ustioni se non vengono collocati all\u2019interno del contenitore del carburante per chafing dish. Pericolo di ustioni!<br \/>\nQuesti supporti per lattine di carburante per chafing dish sono inclusi negli chafing dish Hendi e sono disponibili separatamente.<br \/>\nLeggere sempre le istruzioni del prodotto prima dell\u2019uso.<br \/>\nAssicurarsi che non vi siano fiamme libere o oggetti caldi nelle vicinanze quando si lavora con carburante chafing dish.<br \/>\nIl vapore infiammabile fuoriesce facilmente dal contenitore.<br \/>\nAssicurarsi che non goccioli acqua (condensa) nel carburante in combustione. Pu\u00f2 causare spruzzi pericolosi e spruzzi di carburante.<br \/>\nAccendere il carburante solo dopo aver posizionato il contenitore di carburante per chafing dish nella posizione finale.<br \/>\nLe fiamme sono quasi interamente blu, rendendole molto difficili da vedere alla luce. Si consiglia cautela.<br \/>\nSpegnere il carburante solo chiudendo il coperchio del contenitore del carburante per chafing dish.<br \/>\nRicarica: assicurarsi sempre che la lattina e il suo supporto si siano completamente raffreddati.<br \/>\nRimuovere la lattina dal supporto per lattina carburante per chafing dish per riempire la lattina.<br \/>\nConservazione: conservare sempre in contenitori chiusi in un luogo buio e ben ventilato, a una temperatura inferiore a 20 \u00b0C.<br \/>\nPer conservare quantit\u00e0 maggiori di carburante, consultare le normative locali.<br \/>\nSe vengono seguite le istruzioni di cui sopra, il rischio di incidenti sar\u00e0 minimo.<br \/>\nIn caso di incendio iniziale\/piccolo: utilizzare una coperta antincendio (o una coperta grande e bagnata) per coprire l&#8217;incendio e privarlo di ossigeno.<br \/>\nIn caso di incendio su indumenti\/corpo: utilizzare una coperta antincendio o un estintore a polvere\/CO2.<br \/>\nNon cercare mai di spegnere il fuoco con un piccolo asciugamano, in quanto questo diffonderebbe solo il carburante e le fiamme! Dopo aver spento l\u2019incendio, mantenere il corpo fresco per 15 minuti o fino all\u2019arrivo dell\u2019assistenza medica.<br \/>\nNon rimuovere eventuali indumenti bruciati.<br \/>\nRichiedere sempre assistenza medica immediatamente.<\/p>","protected":false},"featured_media":84345,"template":"","meta":[],"product_brand":[],"product_cat":[1066],"product_tag":[],"class_list":{"0":"post-62172","1":"product","2":"type-product","3":"status-publish","4":"has-post-thumbnail","6":"product_cat-presentazione","8":"first","9":"onbackorder","10":"sale","11":"taxable","12":"shipping-taxable","13":"purchasable","14":"product-type-simple"},"yoast_head":"<!-- This site is optimized with the Yoast SEO plugin v27.2 - https:\/\/yoast.com\/product\/yoast-seo-wordpress\/ -->\n<title>Combustibile per Scaldavivande, Hendi, Trasparente | KiwiStore<\/title>\n<meta name=\"description\" content=\"| Combustibile per Scaldavivande, Hendi, Trasparente KiwiStore\" \/>\n<meta name=\"robots\" content=\"index, follow, max-snippet:-1, max-image-preview:large, max-video-preview:-1\" \/>\n<link rel=\"canonical\" href=\"https:\/\/kiwistore.it\/es\/tienda\/combustibile-per-scaldavivande-hendi-trasparente\/\" \/>\n<meta property=\"og:locale\" content=\"es_ES\" \/>\n<meta property=\"og:type\" content=\"article\" \/>\n<meta property=\"og:title\" content=\"Combustibile per Scaldavivande, Hendi, Trasparente | KiwiStore\" \/>\n<meta property=\"og:description\" content=\"| Combustibile per Scaldavivande, Hendi, Trasparente KiwiStore\" \/>\n<meta property=\"og:url\" content=\"https:\/\/kiwistore.it\/es\/tienda\/combustibile-per-scaldavivande-hendi-trasparente\/\" \/>\n<meta property=\"og:site_name\" content=\"KiwiStore\" \/>\n<meta property=\"article:publisher\" content=\"https:\/\/www.facebook.com\/kiwistore.it\" \/>\n<meta property=\"article:modified_time\" content=\"2026-04-19T18:36:19+00:00\" \/>\n<meta property=\"og:image\" content=\"https:\/\/i0.wp.com\/kiwistore.it\/wp-content\/uploads\/2025\/11\/30118.jpg?fit=419%2C1000&ssl=1\" \/>\n\t<meta property=\"og:image:width\" content=\"419\" \/>\n\t<meta property=\"og:image:height\" content=\"1000\" \/>\n\t<meta property=\"og:image:type\" content=\"image\/jpeg\" \/>\n<meta name=\"twitter:card\" content=\"summary_large_image\" \/>\n<meta name=\"twitter:label1\" content=\"Precio\" \/>\n\t<meta name=\"twitter:data1\" content=\"4,67&euro; IVA inclusa\" \/>\n\t<meta name=\"twitter:label2\" content=\"Disponibilidad\" \/>\n\t<meta name=\"twitter:data2\" content=\"Disponible para reservar\" \/>\n<script type=\"application\/ld+json\" class=\"yoast-schema-graph\">{\"@context\":\"https:\/\/schema.org\",\"@graph\":[{\"@type\":\"WebPage\",\"@id\":\"https:\/\/kiwistore.it\/negozio\/combustibile-per-scaldavivande-hendi-trasparente\/\",\"url\":\"https:\/\/kiwistore.it\/negozio\/combustibile-per-scaldavivande-hendi-trasparente\/\",\"name\":\"Combustibile per Scaldavivande, Hendi, Trasparente | KiwiStore\",\"isPartOf\":{\"@id\":\"https:\/\/kiwistore.it\/#website\"},\"primaryImageOfPage\":{\"@id\":\"https:\/\/kiwistore.it\/negozio\/combustibile-per-scaldavivande-hendi-trasparente\/#primaryimage\"},\"image\":{\"@id\":\"https:\/\/kiwistore.it\/negozio\/combustibile-per-scaldavivande-hendi-trasparente\/#primaryimage\"},\"thumbnailUrl\":\"https:\/\/i0.wp.com\/kiwistore.it\/wp-content\/uploads\/2025\/11\/30118.jpg?fit=419%2C1000&ssl=1\",\"datePublished\":\"2025-11-15T18:35:46+00:00\",\"dateModified\":\"2026-04-19T18:36:19+00:00\",\"description\":\"| Combustibile per Scaldavivande, Hendi, Trasparente KiwiStore\",\"breadcrumb\":{\"@id\":\"https:\/\/kiwistore.it\/negozio\/combustibile-per-scaldavivande-hendi-trasparente\/#breadcrumb\"},\"inLanguage\":\"es\",\"potentialAction\":[{\"@type\":\"ReadAction\",\"target\":[\"https:\/\/kiwistore.it\/negozio\/combustibile-per-scaldavivande-hendi-trasparente\/\"]}]},{\"@type\":\"ImageObject\",\"inLanguage\":\"es\",\"@id\":\"https:\/\/kiwistore.it\/negozio\/combustibile-per-scaldavivande-hendi-trasparente\/#primaryimage\",\"url\":\"https:\/\/i0.wp.com\/kiwistore.it\/wp-content\/uploads\/2025\/11\/30118.jpg?fit=419%2C1000&ssl=1\",\"contentUrl\":\"https:\/\/i0.wp.com\/kiwistore.it\/wp-content\/uploads\/2025\/11\/30118.jpg?fit=419%2C1000&ssl=1\",\"width\":419,\"height\":1000},{\"@type\":\"BreadcrumbList\",\"@id\":\"https:\/\/kiwistore.it\/negozio\/combustibile-per-scaldavivande-hendi-trasparente\/#breadcrumb\",\"itemListElement\":[{\"@type\":\"ListItem\",\"position\":1,\"name\":\"Home\",\"item\":\"https:\/\/kiwistore.it\/en\/\"},{\"@type\":\"ListItem\",\"position\":2,\"name\":\"Shop\",\"item\":\"https:\/\/kiwistore.it\/en\/shop\/\"},{\"@type\":\"ListItem\",\"position\":3,\"name\":\"Combustibile per Scaldavivande, Hendi, Trasparente\"}]},{\"@type\":\"WebSite\",\"@id\":\"https:\/\/kiwistore.it\/#website\",\"url\":\"https:\/\/kiwistore.it\/\",\"name\":\"KiwiStore\",\"description\":\"Forniture alberghiere al Miglior Prezzo\",\"publisher\":{\"@id\":\"https:\/\/kiwistore.it\/#organization\"},\"potentialAction\":[{\"@type\":\"SearchAction\",\"target\":{\"@type\":\"EntryPoint\",\"urlTemplate\":\"https:\/\/kiwistore.it\/?s={search_term_string}\"},\"query-input\":{\"@type\":\"PropertyValueSpecification\",\"valueRequired\":true,\"valueName\":\"search_term_string\"}}],\"inLanguage\":\"es\"},{\"@type\":\"Organization\",\"@id\":\"https:\/\/kiwistore.it\/#organization\",\"name\":\"KiwiStore\",\"url\":\"https:\/\/kiwistore.it\/\",\"logo\":{\"@type\":\"ImageObject\",\"inLanguage\":\"es\",\"@id\":\"https:\/\/kiwistore.it\/#\/schema\/logo\/image\/\",\"url\":\"https:\/\/kiwistore.it\/wp-content\/uploads\/2021\/03\/cropped-LOGO-UMBERTO-03.png\",\"contentUrl\":\"https:\/\/kiwistore.it\/wp-content\/uploads\/2021\/03\/cropped-LOGO-UMBERTO-03.png\",\"width\":512,\"height\":512,\"caption\":\"KiwiStore\"},\"image\":{\"@id\":\"https:\/\/kiwistore.it\/#\/schema\/logo\/image\/\"},\"sameAs\":[\"https:\/\/www.facebook.com\/kiwistore.it\",\"https:\/\/www.instagram.com\/kiwistore.official\/\"],\"hasMerchantReturnPolicy\":{\"@type\":\"MerchantReturnPolicy\",\"merchantReturnLink\":\"https:\/\/kiwistore.it\/es\/refund_returns\/\"}}]}<\/script>\n<meta property=\"product:price:amount\" content=\"4.67\" \/>\n<meta property=\"product:price:currency\" content=\"EUR\" \/>\n<meta property=\"og:availability\" content=\"backorder\" \/>\n<meta property=\"product:availability\" content=\"available for order\" \/>\n<meta property=\"product:retailer_item_id\" content=\"195109\" \/>\n<meta property=\"product:condition\" content=\"new\" \/>\n<!-- \/ Yoast SEO plugin. -->","yoast_head_json":{"title":"Combustibile per Scaldavivande, Hendi, Trasparente | KiwiStore","description":"| Combustibile per Scaldavivande, Hendi, Trasparente KiwiStore","robots":{"index":"index","follow":"follow","max-snippet":"max-snippet:-1","max-image-preview":"max-image-preview:large","max-video-preview":"max-video-preview:-1"},"canonical":"https:\/\/kiwistore.it\/es\/tienda\/combustibile-per-scaldavivande-hendi-trasparente\/","og_locale":"es_ES","og_type":"article","og_title":"Combustibile per Scaldavivande, Hendi, Trasparente | KiwiStore","og_description":"| Combustibile per Scaldavivande, Hendi, Trasparente KiwiStore","og_url":"https:\/\/kiwistore.it\/es\/tienda\/combustibile-per-scaldavivande-hendi-trasparente\/","og_site_name":"KiwiStore","article_publisher":"https:\/\/www.facebook.com\/kiwistore.it","article_modified_time":"2026-04-19T18:36:19+00:00","og_image":[{"width":419,"height":1000,"url":"https:\/\/i0.wp.com\/kiwistore.it\/wp-content\/uploads\/2025\/11\/30118.jpg?fit=419%2C1000&ssl=1","type":"image\/jpeg"}],"twitter_card":"summary_large_image","twitter_misc":{"Precio":"4,67&euro; IVA inclusa","Disponibilidad":"Disponible para reservar"},"schema":{"@context":"https:\/\/schema.org","@graph":[{"@type":"WebPage","@id":"https:\/\/kiwistore.it\/negozio\/combustibile-per-scaldavivande-hendi-trasparente\/","url":"https:\/\/kiwistore.it\/negozio\/combustibile-per-scaldavivande-hendi-trasparente\/","name":"Combustibile per Scaldavivande, Hendi, Trasparente | KiwiStore","isPartOf":{"@id":"https:\/\/kiwistore.it\/#website"},"primaryImageOfPage":{"@id":"https:\/\/kiwistore.it\/negozio\/combustibile-per-scaldavivande-hendi-trasparente\/#primaryimage"},"image":{"@id":"https:\/\/kiwistore.it\/negozio\/combustibile-per-scaldavivande-hendi-trasparente\/#primaryimage"},"thumbnailUrl":"https:\/\/i0.wp.com\/kiwistore.it\/wp-content\/uploads\/2025\/11\/30118.jpg?fit=419%2C1000&ssl=1","datePublished":"2025-11-15T18:35:46+00:00","dateModified":"2026-04-19T18:36:19+00:00","description":"| Combustibile per Scaldavivande, Hendi, Trasparente KiwiStore","breadcrumb":{"@id":"https:\/\/kiwistore.it\/negozio\/combustibile-per-scaldavivande-hendi-trasparente\/#breadcrumb"},"inLanguage":"es","potentialAction":[{"@type":"ReadAction","target":["https:\/\/kiwistore.it\/negozio\/combustibile-per-scaldavivande-hendi-trasparente\/"]}]},{"@type":"ImageObject","inLanguage":"es","@id":"https:\/\/kiwistore.it\/negozio\/combustibile-per-scaldavivande-hendi-trasparente\/#primaryimage","url":"https:\/\/i0.wp.com\/kiwistore.it\/wp-content\/uploads\/2025\/11\/30118.jpg?fit=419%2C1000&ssl=1","contentUrl":"https:\/\/i0.wp.com\/kiwistore.it\/wp-content\/uploads\/2025\/11\/30118.jpg?fit=419%2C1000&ssl=1","width":419,"height":1000},{"@type":"BreadcrumbList","@id":"https:\/\/kiwistore.it\/negozio\/combustibile-per-scaldavivande-hendi-trasparente\/#breadcrumb","itemListElement":[{"@type":"ListItem","position":1,"name":"Home","item":"https:\/\/kiwistore.it\/en\/"},{"@type":"ListItem","position":2,"name":"Shop","item":"https:\/\/kiwistore.it\/en\/shop\/"},{"@type":"ListItem","position":3,"name":"Combustibile per Scaldavivande, Hendi, Trasparente"}]},{"@type":"WebSite","@id":"https:\/\/kiwistore.it\/#website","url":"https:\/\/kiwistore.it\/","name":"Tienda Kiwi","description":"Suministros para hoteles al mejor precio","publisher":{"@id":"https:\/\/kiwistore.it\/#organization"},"potentialAction":[{"@type":"SearchAction","target":{"@type":"EntryPoint","urlTemplate":"https:\/\/kiwistore.it\/?s={search_term_string}"},"query-input":{"@type":"PropertyValueSpecification","valueRequired":true,"valueName":"search_term_string"}}],"inLanguage":"es"},{"@type":"Organization","@id":"https:\/\/kiwistore.it\/#organization","name":"Tienda Kiwi","url":"https:\/\/kiwistore.it\/","logo":{"@type":"ImageObject","inLanguage":"es","@id":"https:\/\/kiwistore.it\/#\/schema\/logo\/image\/","url":"https:\/\/kiwistore.it\/wp-content\/uploads\/2021\/03\/cropped-LOGO-UMBERTO-03.png","contentUrl":"https:\/\/kiwistore.it\/wp-content\/uploads\/2021\/03\/cropped-LOGO-UMBERTO-03.png","width":512,"height":512,"caption":"KiwiStore"},"image":{"@id":"https:\/\/kiwistore.it\/#\/schema\/logo\/image\/"},"sameAs":["https:\/\/www.facebook.com\/kiwistore.it","https:\/\/www.instagram.com\/kiwistore.official\/"],"hasMerchantReturnPolicy":{"@type":"MerchantReturnPolicy","merchantReturnLink":"https:\/\/kiwistore.it\/es\/refund_returns\/"}}]},"product_price_amount":"4.67","product_price_currency":"EUR","og_availability":"backorder","product_availability":"available for order","product_retailer_item_id":"195109","product_condition":"new"},"_links":{"self":[{"href":"https:\/\/kiwistore.it\/es\/wp-json\/wp\/v2\/product\/62172","targetHints":{"allow":["GET"]}}],"collection":[{"href":"https:\/\/kiwistore.it\/es\/wp-json\/wp\/v2\/product"}],"about":[{"href":"https:\/\/kiwistore.it\/es\/wp-json\/wp\/v2\/types\/product"}],"wp:featuredmedia":[{"embeddable":true,"href":"https:\/\/kiwistore.it\/es\/wp-json\/wp\/v2\/media\/84345"}],"wp:attachment":[{"href":"https:\/\/kiwistore.it\/es\/wp-json\/wp\/v2\/media?parent=62172"}],"wp:term":[{"taxonomy":"product_brand","embeddable":true,"href":"https:\/\/kiwistore.it\/es\/wp-json\/wp\/v2\/product_brand?post=62172"},{"taxonomy":"product_cat","embeddable":true,"href":"https:\/\/kiwistore.it\/es\/wp-json\/wp\/v2\/product_cat?post=62172"},{"taxonomy":"product_tag","embeddable":true,"href":"https:\/\/kiwistore.it\/es\/wp-json\/wp\/v2\/product_tag?post=62172"}],"curies":[{"name":"wp","href":"https:\/\/api.w.org\/{rel}","templated":true}]}}