{"id":45070,"date":"2023-08-08T22:07:34","date_gmt":"2023-08-08T20:07:34","guid":{"rendered":"https:\/\/kiwistore.it\/negozio\/premium-confezione-6-calici-cl-47-10-barbera\/"},"modified":"2026-05-05T08:24:31","modified_gmt":"2026-05-05T06:24:31","slug":"pack-premium-de-6-vasos-cl-47-10-barbera","status":"publish","type":"product","link":"https:\/\/kiwistore.it\/es\/negozio\/premium-confezione-6-calici-cl-47-10-barbera\/","title":{"rendered":"Pack Premium. 6 vasos de 47-10 cl Barbera"},"content":{"rendered":"<ul>\n<li>Marca: Rocco Bormioli <\/li>\n<li>Embalaje: 6 Piezas <\/li>\n<\/ul>","protected":false},"excerpt":{"rendered":"<p>UN PERFIL FINO Y ELEGANTE PARA UN ESTILO INCONFUNDIBLE. LA COLECCI\u00d3N PREMIUM NACE DE LA COLABORACI\u00d3N CON LA ASOCIACI\u00d3N ITALIANA DE SOMMELIERS: UNA S\u00cdNTESIS PERFECTA DE PAR\u00c1METROS EST\u00c9TICOS Y FUNCIONALES. TODOS LOS ART\u00cdCULOS EST\u00c1N FABRICADOS EN CRISTAL DE ALTA CALIDAD CON UN BORDE FINO CORTADO A L\u00c1SER Y SON M\u00c1S RESISTENTES GRACIAS AL TRATAMIENTO XLT AL QUE EST\u00c1N SOMETIDOS.<\/p>","protected":false},"featured_media":47807,"template":"","meta":[],"product_brand":[],"product_cat":[625],"product_tag":[],"class_list":{"0":"post-45070","1":"product","2":"type-product","3":"status-publish","4":"has-post-thumbnail","6":"product_cat-calici-vino-rosso","8":"first","9":"onbackorder","10":"taxable","11":"shipping-taxable","12":"purchasable","13":"product-type-simple"},"yoast_head":"<!-- This site is optimized with the Yoast SEO plugin v27.5 - https:\/\/yoast.com\/product\/yoast-seo-wordpress\/ -->\n<title>premium-confezione.6 calici cl 47-10 barbera | KiwiStore<\/title>\n<meta name=\"description\" content=\"| premium-confezione.6 calici cl 47-10 barbera KiwiStore\" \/>\n<meta name=\"robots\" content=\"index, follow, max-snippet:-1, max-image-preview:large, max-video-preview:-1\" \/>\n<link rel=\"canonical\" href=\"https:\/\/kiwistore.it\/es\/tienda\/pack-premium-de-6-vasos-cl-47-10-barbera\/\" \/>\n<meta property=\"og:locale\" content=\"es_ES\" \/>\n<meta property=\"og:type\" content=\"article\" \/>\n<meta property=\"og:title\" content=\"premium-confezione.6 calici cl 47-10 barbera | KiwiStore\" \/>\n<meta property=\"og:description\" content=\"| premium-confezione.6 calici cl 47-10 barbera KiwiStore\" \/>\n<meta property=\"og:url\" content=\"https:\/\/kiwistore.it\/es\/tienda\/pack-premium-de-6-vasos-cl-47-10-barbera\/\" \/>\n<meta property=\"og:site_name\" content=\"KiwiStore\" \/>\n<meta property=\"article:publisher\" content=\"https:\/\/www.facebook.com\/kiwistore.it\" \/>\n<meta property=\"article:modified_time\" content=\"2026-05-05T06:24:31+00:00\" \/>\n<meta property=\"og:image\" content=\"https:\/\/i0.wp.com\/kiwistore.it\/wp-content\/uploads\/2023\/09\/12209.jpg?fit=1200%2C1200&ssl=1\" \/>\n\t<meta property=\"og:image:width\" content=\"1200\" \/>\n\t<meta property=\"og:image:height\" content=\"1200\" \/>\n\t<meta property=\"og:image:type\" content=\"image\/jpeg\" \/>\n<meta name=\"twitter:card\" content=\"summary_large_image\" \/>\n<meta name=\"twitter:label1\" content=\"Precio\" \/>\n\t<meta name=\"twitter:data1\" content=\"28,30&euro; IVA inclusa\" \/>\n\t<meta name=\"twitter:label2\" content=\"Disponibilidad\" \/>\n\t<meta name=\"twitter:data2\" content=\"Disponible para reservar\" \/>\n<script type=\"application\/ld+json\" class=\"yoast-schema-graph\">{\"@context\":\"https:\\\/\\\/schema.org\",\"@graph\":[{\"@type\":\"WebPage\",\"@id\":\"https:\\\/\\\/kiwistore.it\\\/negozio\\\/premium-confezione-6-calici-cl-47-10-barbera\\\/\",\"url\":\"https:\\\/\\\/kiwistore.it\\\/negozio\\\/premium-confezione-6-calici-cl-47-10-barbera\\\/\",\"name\":\"premium-confezione.6 calici cl 47-10 barbera | KiwiStore\",\"isPartOf\":{\"@id\":\"https:\\\/\\\/kiwistore.it\\\/#website\"},\"primaryImageOfPage\":{\"@id\":\"https:\\\/\\\/kiwistore.it\\\/negozio\\\/premium-confezione-6-calici-cl-47-10-barbera\\\/#primaryimage\"},\"image\":{\"@id\":\"https:\\\/\\\/kiwistore.it\\\/negozio\\\/premium-confezione-6-calici-cl-47-10-barbera\\\/#primaryimage\"},\"thumbnailUrl\":\"https:\\\/\\\/i0.wp.com\\\/kiwistore.it\\\/wp-content\\\/uploads\\\/2023\\\/09\\\/12209.jpg?fit=1200%2C1200&ssl=1\",\"datePublished\":\"2023-08-08T20:07:34+00:00\",\"dateModified\":\"2026-05-05T06:24:31+00:00\",\"description\":\"| premium-confezione.6 calici cl 47-10 barbera KiwiStore\",\"breadcrumb\":{\"@id\":\"https:\\\/\\\/kiwistore.it\\\/negozio\\\/premium-confezione-6-calici-cl-47-10-barbera\\\/#breadcrumb\"},\"inLanguage\":\"es\",\"potentialAction\":[{\"@type\":\"ReadAction\",\"target\":[\"https:\\\/\\\/kiwistore.it\\\/negozio\\\/premium-confezione-6-calici-cl-47-10-barbera\\\/\"]}]},{\"@type\":\"ImageObject\",\"inLanguage\":\"es\",\"@id\":\"https:\\\/\\\/kiwistore.it\\\/negozio\\\/premium-confezione-6-calici-cl-47-10-barbera\\\/#primaryimage\",\"url\":\"https:\\\/\\\/i0.wp.com\\\/kiwistore.it\\\/wp-content\\\/uploads\\\/2023\\\/09\\\/12209.jpg?fit=1200%2C1200&ssl=1\",\"contentUrl\":\"https:\\\/\\\/i0.wp.com\\\/kiwistore.it\\\/wp-content\\\/uploads\\\/2023\\\/09\\\/12209.jpg?fit=1200%2C1200&ssl=1\",\"width\":1200,\"height\":1200},{\"@type\":\"BreadcrumbList\",\"@id\":\"https:\\\/\\\/kiwistore.it\\\/negozio\\\/premium-confezione-6-calici-cl-47-10-barbera\\\/#breadcrumb\",\"itemListElement\":[{\"@type\":\"ListItem\",\"position\":1,\"name\":\"Home\",\"item\":\"https:\\\/\\\/kiwistore.it\\\/en\\\/\"},{\"@type\":\"ListItem\",\"position\":2,\"name\":\"Shop\",\"item\":\"https:\\\/\\\/kiwistore.it\\\/en\\\/shop\\\/\"},{\"@type\":\"ListItem\",\"position\":3,\"name\":\"premium-confezione.6 calici cl 47-10 barbera\"}]},{\"@type\":\"WebSite\",\"@id\":\"https:\\\/\\\/kiwistore.it\\\/#website\",\"url\":\"https:\\\/\\\/kiwistore.it\\\/\",\"name\":\"KiwiStore\",\"description\":\"Forniture alberghiere al Miglior Prezzo\",\"publisher\":{\"@id\":\"https:\\\/\\\/kiwistore.it\\\/#organization\"},\"potentialAction\":[{\"@type\":\"SearchAction\",\"target\":{\"@type\":\"EntryPoint\",\"urlTemplate\":\"https:\\\/\\\/kiwistore.it\\\/?s={search_term_string}\"},\"query-input\":{\"@type\":\"PropertyValueSpecification\",\"valueRequired\":true,\"valueName\":\"search_term_string\"}}],\"inLanguage\":\"es\"},{\"@type\":\"Organization\",\"@id\":\"https:\\\/\\\/kiwistore.it\\\/#organization\",\"name\":\"KiwiStore\",\"url\":\"https:\\\/\\\/kiwistore.it\\\/\",\"logo\":{\"@type\":\"ImageObject\",\"inLanguage\":\"es\",\"@id\":\"https:\\\/\\\/kiwistore.it\\\/#\\\/schema\\\/logo\\\/image\\\/\",\"url\":\"https:\\\/\\\/kiwistore.it\\\/wp-content\\\/uploads\\\/2021\\\/03\\\/cropped-LOGO-UMBERTO-03.png\",\"contentUrl\":\"https:\\\/\\\/kiwistore.it\\\/wp-content\\\/uploads\\\/2021\\\/03\\\/cropped-LOGO-UMBERTO-03.png\",\"width\":512,\"height\":512,\"caption\":\"KiwiStore\"},\"image\":{\"@id\":\"https:\\\/\\\/kiwistore.it\\\/#\\\/schema\\\/logo\\\/image\\\/\"},\"sameAs\":[\"https:\\\/\\\/www.facebook.com\\\/kiwistore.it\",\"https:\\\/\\\/www.instagram.com\\\/kiwistore.official\\\/\"],\"hasMerchantReturnPolicy\":{\"@type\":\"MerchantReturnPolicy\",\"merchantReturnLink\":\"https:\\\/\\\/kiwistore.it\\\/es\\\/refund_returns\\\/\"}}]}<\/script>\n<meta property=\"product:price:amount\" content=\"28.30\" \/>\n<meta property=\"product:price:currency\" content=\"EUR\" \/>\n<meta property=\"og:availability\" content=\"backorder\" \/>\n<meta property=\"product:availability\" content=\"available for order\" \/>\n<meta property=\"product:retailer_item_id\" content=\"8294500\" \/>\n<meta property=\"product:condition\" content=\"new\" \/>\n<!-- \/ Yoast SEO plugin. -->","yoast_head_json":{"title":"Pack premium de 6 copas Barbera de 47-10 cl | KiwiStore","description":"| premium-confezione.6 calici cl 47-10 barbera KiwiStore","robots":{"index":"index","follow":"follow","max-snippet":"max-snippet:-1","max-image-preview":"max-image-preview:large","max-video-preview":"max-video-preview:-1"},"canonical":"https:\/\/kiwistore.it\/es\/tienda\/pack-premium-de-6-vasos-cl-47-10-barbera\/","og_locale":"es_ES","og_type":"article","og_title":"premium-confezione.6 calici cl 47-10 barbera | KiwiStore","og_description":"| premium-confezione.6 calici cl 47-10 barbera KiwiStore","og_url":"https:\/\/kiwistore.it\/es\/tienda\/pack-premium-de-6-vasos-cl-47-10-barbera\/","og_site_name":"KiwiStore","article_publisher":"https:\/\/www.facebook.com\/kiwistore.it","article_modified_time":"2026-05-05T06:24:31+00:00","og_image":[{"width":1200,"height":1200,"url":"https:\/\/i0.wp.com\/kiwistore.it\/wp-content\/uploads\/2023\/09\/12209.jpg?fit=1200%2C1200&ssl=1","type":"image\/jpeg"}],"twitter_card":"summary_large_image","twitter_misc":{"Precio":"28,30&euro; IVA inclusa","Disponibilidad":"Disponible para reservar"},"schema":{"@context":"https:\/\/schema.org","@graph":[{"@type":"WebPage","@id":"https:\/\/kiwistore.it\/negozio\/premium-confezione-6-calici-cl-47-10-barbera\/","url":"https:\/\/kiwistore.it\/negozio\/premium-confezione-6-calici-cl-47-10-barbera\/","name":"Pack premium de 6 copas Barbera de 47-10 cl | KiwiStore","isPartOf":{"@id":"https:\/\/kiwistore.it\/#website"},"primaryImageOfPage":{"@id":"https:\/\/kiwistore.it\/negozio\/premium-confezione-6-calici-cl-47-10-barbera\/#primaryimage"},"image":{"@id":"https:\/\/kiwistore.it\/negozio\/premium-confezione-6-calici-cl-47-10-barbera\/#primaryimage"},"thumbnailUrl":"https:\/\/i0.wp.com\/kiwistore.it\/wp-content\/uploads\/2023\/09\/12209.jpg?fit=1200%2C1200&ssl=1","datePublished":"2023-08-08T20:07:34+00:00","dateModified":"2026-05-05T06:24:31+00:00","description":"| premium-confezione.6 calici cl 47-10 barbera KiwiStore","breadcrumb":{"@id":"https:\/\/kiwistore.it\/negozio\/premium-confezione-6-calici-cl-47-10-barbera\/#breadcrumb"},"inLanguage":"es","potentialAction":[{"@type":"ReadAction","target":["https:\/\/kiwistore.it\/negozio\/premium-confezione-6-calici-cl-47-10-barbera\/"]}]},{"@type":"ImageObject","inLanguage":"es","@id":"https:\/\/kiwistore.it\/negozio\/premium-confezione-6-calici-cl-47-10-barbera\/#primaryimage","url":"https:\/\/i0.wp.com\/kiwistore.it\/wp-content\/uploads\/2023\/09\/12209.jpg?fit=1200%2C1200&ssl=1","contentUrl":"https:\/\/i0.wp.com\/kiwistore.it\/wp-content\/uploads\/2023\/09\/12209.jpg?fit=1200%2C1200&ssl=1","width":1200,"height":1200},{"@type":"BreadcrumbList","@id":"https:\/\/kiwistore.it\/negozio\/premium-confezione-6-calici-cl-47-10-barbera\/#breadcrumb","itemListElement":[{"@type":"ListItem","position":1,"name":"Home","item":"https:\/\/kiwistore.it\/en\/"},{"@type":"ListItem","position":2,"name":"Shop","item":"https:\/\/kiwistore.it\/en\/shop\/"},{"@type":"ListItem","position":3,"name":"premium-confezione.6 calici cl 47-10 barbera"}]},{"@type":"WebSite","@id":"https:\/\/kiwistore.it\/#website","url":"https:\/\/kiwistore.it\/","name":"Tienda Kiwi","description":"Suministros para hoteles al mejor precio","publisher":{"@id":"https:\/\/kiwistore.it\/#organization"},"potentialAction":[{"@type":"SearchAction","target":{"@type":"EntryPoint","urlTemplate":"https:\/\/kiwistore.it\/?s={search_term_string}"},"query-input":{"@type":"PropertyValueSpecification","valueRequired":true,"valueName":"search_term_string"}}],"inLanguage":"es"},{"@type":"Organization","@id":"https:\/\/kiwistore.it\/#organization","name":"Tienda Kiwi","url":"https:\/\/kiwistore.it\/","logo":{"@type":"ImageObject","inLanguage":"es","@id":"https:\/\/kiwistore.it\/#\/schema\/logo\/image\/","url":"https:\/\/kiwistore.it\/wp-content\/uploads\/2021\/03\/cropped-LOGO-UMBERTO-03.png","contentUrl":"https:\/\/kiwistore.it\/wp-content\/uploads\/2021\/03\/cropped-LOGO-UMBERTO-03.png","width":512,"height":512,"caption":"KiwiStore"},"image":{"@id":"https:\/\/kiwistore.it\/#\/schema\/logo\/image\/"},"sameAs":["https:\/\/www.facebook.com\/kiwistore.it","https:\/\/www.instagram.com\/kiwistore.official\/"],"hasMerchantReturnPolicy":{"@type":"MerchantReturnPolicy","merchantReturnLink":"https:\/\/kiwistore.it\/es\/refund_returns\/"}}]},"product_price_amount":"28.30","product_price_currency":"EUR","og_availability":"backorder","product_availability":"available for order","product_retailer_item_id":"8294500","product_condition":"new"},"_links":{"self":[{"href":"https:\/\/kiwistore.it\/es\/wp-json\/wp\/v2\/product\/45070","targetHints":{"allow":["GET"]}}],"collection":[{"href":"https:\/\/kiwistore.it\/es\/wp-json\/wp\/v2\/product"}],"about":[{"href":"https:\/\/kiwistore.it\/es\/wp-json\/wp\/v2\/types\/product"}],"wp:featuredmedia":[{"embeddable":true,"href":"https:\/\/kiwistore.it\/es\/wp-json\/wp\/v2\/media\/47807"}],"wp:attachment":[{"href":"https:\/\/kiwistore.it\/es\/wp-json\/wp\/v2\/media?parent=45070"}],"wp:term":[{"taxonomy":"product_brand","embeddable":true,"href":"https:\/\/kiwistore.it\/es\/wp-json\/wp\/v2\/product_brand?post=45070"},{"taxonomy":"product_cat","embeddable":true,"href":"https:\/\/kiwistore.it\/es\/wp-json\/wp\/v2\/product_cat?post=45070"},{"taxonomy":"product_tag","embeddable":true,"href":"https:\/\/kiwistore.it\/es\/wp-json\/wp\/v2\/product_tag?post=45070"}],"curies":[{"name":"wp","href":"https:\/\/api.w.org\/{rel}","templated":true}]}}