{"id":43536,"date":"2023-07-17T21:15:56","date_gmt":"2023-07-17T19:15:56","guid":{"rendered":"https:\/\/kiwistore.it\/negozio\/base-universale-grigia-aperta-cm-355x355-x-lavastoviglie-rbase3535\/"},"modified":"2026-04-30T15:46:16","modified_gmt":"2026-04-30T13:46:16","slug":"base-universale-grigia-aperta-cm-355x355-x-lavastoviglie-rbase3535","status":"publish","type":"product","link":"https:\/\/kiwistore.it\/es\/negozio\/base-universale-grigia-aperta-cm-355x355-x-lavastoviglie-rbase3535\/","title":{"rendered":"base universale grigia aperta cm.35,5&#215;35,5 x lavastoviglie"},"content":{"rendered":"<ul>\n<li>Marca: Inox Macel<\/li>\n<li>Embalaje: 1 pieza<\/li>\n<\/ul>","protected":false},"excerpt":{"rendered":"<p>Cestas industriales de polipropileno resistentes, disponibles en varios tama\u00f1os y modelos para lavar, almacenar y transportar todo tipo de vajilla y cristaler\u00eda, aptas para m\u00faltiples tama\u00f1os est\u00e1ndar.<\/p>","protected":false},"featured_media":46710,"template":"","meta":[],"product_brand":[],"product_cat":[898],"product_tag":[],"class_list":{"0":"post-43536","1":"product","2":"type-product","3":"status-publish","4":"has-post-thumbnail","6":"product_cat-accessori-lavastoviglie","8":"first","9":"instock","10":"sale","11":"taxable","12":"shipping-taxable","13":"purchasable","14":"product-type-simple"},"yoast_head":"<!-- This site is optimized with the Yoast SEO plugin v27.2 - https:\/\/yoast.com\/product\/yoast-seo-wordpress\/ -->\n<title>base universale grigia aperta cm.35,5x35,5 x lavastoviglie | KiwiStore<\/title>\n<meta name=\"description\" content=\"| base universale grigia aperta cm.35,5x35,5 x lavastoviglie KiwiStore\" \/>\n<meta name=\"robots\" content=\"index, follow, max-snippet:-1, max-image-preview:large, max-video-preview:-1\" \/>\n<link rel=\"canonical\" href=\"https:\/\/kiwistore.it\/es\/tienda\/base-universale-grigia-aperta-cm-355x355-x-lavastoviglie-rbase3535\/\" \/>\n<meta property=\"og:locale\" content=\"es_ES\" \/>\n<meta property=\"og:type\" content=\"article\" \/>\n<meta property=\"og:title\" content=\"base universale grigia aperta cm.35,5x35,5 x lavastoviglie | KiwiStore\" \/>\n<meta property=\"og:description\" content=\"| base universale grigia aperta cm.35,5x35,5 x lavastoviglie KiwiStore\" \/>\n<meta property=\"og:url\" content=\"https:\/\/kiwistore.it\/es\/tienda\/base-universale-grigia-aperta-cm-355x355-x-lavastoviglie-rbase3535\/\" \/>\n<meta property=\"og:site_name\" content=\"KiwiStore\" \/>\n<meta property=\"article:publisher\" content=\"https:\/\/www.facebook.com\/kiwistore.it\" \/>\n<meta property=\"article:modified_time\" content=\"2026-04-30T13:46:16+00:00\" \/>\n<meta property=\"og:image\" content=\"https:\/\/i0.wp.com\/kiwistore.it\/wp-content\/uploads\/2023\/09\/10829.jpg?fit=1200%2C1200&ssl=1\" \/>\n\t<meta property=\"og:image:width\" content=\"1200\" \/>\n\t<meta property=\"og:image:height\" content=\"1200\" \/>\n\t<meta property=\"og:image:type\" content=\"image\/jpeg\" \/>\n<meta name=\"twitter:card\" content=\"summary_large_image\" \/>\n<meta name=\"twitter:label1\" content=\"Precio\" \/>\n\t<meta name=\"twitter:data1\" content=\"10,90&euro; IVA inclusa\" \/>\n\t<meta name=\"twitter:label2\" content=\"Disponibilidad\" \/>\n\t<meta name=\"twitter:data2\" content=\"Disponible\" \/>\n<script type=\"application\/ld+json\" class=\"yoast-schema-graph\">{\"@context\":\"https:\/\/schema.org\",\"@graph\":[{\"@type\":\"WebPage\",\"@id\":\"https:\/\/kiwistore.it\/negozio\/base-universale-grigia-aperta-cm-355x355-x-lavastoviglie-rbase3535\/\",\"url\":\"https:\/\/kiwistore.it\/negozio\/base-universale-grigia-aperta-cm-355x355-x-lavastoviglie-rbase3535\/\",\"name\":\"base universale grigia aperta cm.35,5x35,5 x lavastoviglie | KiwiStore\",\"isPartOf\":{\"@id\":\"https:\/\/kiwistore.it\/#website\"},\"primaryImageOfPage\":{\"@id\":\"https:\/\/kiwistore.it\/negozio\/base-universale-grigia-aperta-cm-355x355-x-lavastoviglie-rbase3535\/#primaryimage\"},\"image\":{\"@id\":\"https:\/\/kiwistore.it\/negozio\/base-universale-grigia-aperta-cm-355x355-x-lavastoviglie-rbase3535\/#primaryimage\"},\"thumbnailUrl\":\"https:\/\/i0.wp.com\/kiwistore.it\/wp-content\/uploads\/2023\/09\/10829.jpg?fit=1200%2C1200&ssl=1\",\"datePublished\":\"2023-07-17T19:15:56+00:00\",\"dateModified\":\"2026-04-30T13:46:16+00:00\",\"description\":\"| base universale grigia aperta cm.35,5x35,5 x lavastoviglie KiwiStore\",\"breadcrumb\":{\"@id\":\"https:\/\/kiwistore.it\/negozio\/base-universale-grigia-aperta-cm-355x355-x-lavastoviglie-rbase3535\/#breadcrumb\"},\"inLanguage\":\"es\",\"potentialAction\":[{\"@type\":\"ReadAction\",\"target\":[\"https:\/\/kiwistore.it\/negozio\/base-universale-grigia-aperta-cm-355x355-x-lavastoviglie-rbase3535\/\"]}]},{\"@type\":\"ImageObject\",\"inLanguage\":\"es\",\"@id\":\"https:\/\/kiwistore.it\/negozio\/base-universale-grigia-aperta-cm-355x355-x-lavastoviglie-rbase3535\/#primaryimage\",\"url\":\"https:\/\/i0.wp.com\/kiwistore.it\/wp-content\/uploads\/2023\/09\/10829.jpg?fit=1200%2C1200&ssl=1\",\"contentUrl\":\"https:\/\/i0.wp.com\/kiwistore.it\/wp-content\/uploads\/2023\/09\/10829.jpg?fit=1200%2C1200&ssl=1\",\"width\":1200,\"height\":1200},{\"@type\":\"BreadcrumbList\",\"@id\":\"https:\/\/kiwistore.it\/negozio\/base-universale-grigia-aperta-cm-355x355-x-lavastoviglie-rbase3535\/#breadcrumb\",\"itemListElement\":[{\"@type\":\"ListItem\",\"position\":1,\"name\":\"Home\",\"item\":\"https:\/\/kiwistore.it\/en\/\"},{\"@type\":\"ListItem\",\"position\":2,\"name\":\"Shop\",\"item\":\"https:\/\/kiwistore.it\/en\/shop\/\"},{\"@type\":\"ListItem\",\"position\":3,\"name\":\"base universale grigia aperta cm.35,5&#215;35,5 x lavastoviglie\"}]},{\"@type\":\"WebSite\",\"@id\":\"https:\/\/kiwistore.it\/#website\",\"url\":\"https:\/\/kiwistore.it\/\",\"name\":\"KiwiStore\",\"description\":\"Forniture alberghiere al Miglior Prezzo\",\"publisher\":{\"@id\":\"https:\/\/kiwistore.it\/#organization\"},\"potentialAction\":[{\"@type\":\"SearchAction\",\"target\":{\"@type\":\"EntryPoint\",\"urlTemplate\":\"https:\/\/kiwistore.it\/?s={search_term_string}\"},\"query-input\":{\"@type\":\"PropertyValueSpecification\",\"valueRequired\":true,\"valueName\":\"search_term_string\"}}],\"inLanguage\":\"es\"},{\"@type\":\"Organization\",\"@id\":\"https:\/\/kiwistore.it\/#organization\",\"name\":\"KiwiStore\",\"url\":\"https:\/\/kiwistore.it\/\",\"logo\":{\"@type\":\"ImageObject\",\"inLanguage\":\"es\",\"@id\":\"https:\/\/kiwistore.it\/#\/schema\/logo\/image\/\",\"url\":\"https:\/\/kiwistore.it\/wp-content\/uploads\/2021\/03\/cropped-LOGO-UMBERTO-03.png\",\"contentUrl\":\"https:\/\/kiwistore.it\/wp-content\/uploads\/2021\/03\/cropped-LOGO-UMBERTO-03.png\",\"width\":512,\"height\":512,\"caption\":\"KiwiStore\"},\"image\":{\"@id\":\"https:\/\/kiwistore.it\/#\/schema\/logo\/image\/\"},\"sameAs\":[\"https:\/\/www.facebook.com\/kiwistore.it\",\"https:\/\/www.instagram.com\/kiwistore.official\/\"],\"hasMerchantReturnPolicy\":{\"@type\":\"MerchantReturnPolicy\",\"merchantReturnLink\":\"https:\/\/kiwistore.it\/es\/refund_returns\/\"}}]}<\/script>\n<meta property=\"product:price:amount\" content=\"10.90\" \/>\n<meta property=\"product:price:currency\" content=\"EUR\" \/>\n<meta property=\"og:availability\" content=\"instock\" \/>\n<meta property=\"product:availability\" content=\"instock\" \/>\n<meta property=\"product:retailer_item_id\" content=\"12641\" \/>\n<meta property=\"product:condition\" content=\"new\" \/>\n<!-- \/ Yoast SEO plugin. -->","yoast_head_json":{"title":"base universale grigia aperta cm.35,5x35,5 x lavastoviglie | KiwiStore","description":"| base universale grigia aperta cm.35,5x35,5 x lavastoviglie KiwiStore","robots":{"index":"index","follow":"follow","max-snippet":"max-snippet:-1","max-image-preview":"max-image-preview:large","max-video-preview":"max-video-preview:-1"},"canonical":"https:\/\/kiwistore.it\/es\/tienda\/base-universale-grigia-aperta-cm-355x355-x-lavastoviglie-rbase3535\/","og_locale":"es_ES","og_type":"article","og_title":"base universale grigia aperta cm.35,5x35,5 x lavastoviglie | KiwiStore","og_description":"| base universale grigia aperta cm.35,5x35,5 x lavastoviglie KiwiStore","og_url":"https:\/\/kiwistore.it\/es\/tienda\/base-universale-grigia-aperta-cm-355x355-x-lavastoviglie-rbase3535\/","og_site_name":"KiwiStore","article_publisher":"https:\/\/www.facebook.com\/kiwistore.it","article_modified_time":"2026-04-30T13:46:16+00:00","og_image":[{"width":1200,"height":1200,"url":"https:\/\/i0.wp.com\/kiwistore.it\/wp-content\/uploads\/2023\/09\/10829.jpg?fit=1200%2C1200&ssl=1","type":"image\/jpeg"}],"twitter_card":"summary_large_image","twitter_misc":{"Precio":"10,90&euro; IVA inclusa","Disponibilidad":"Disponible"},"schema":{"@context":"https:\/\/schema.org","@graph":[{"@type":"WebPage","@id":"https:\/\/kiwistore.it\/negozio\/base-universale-grigia-aperta-cm-355x355-x-lavastoviglie-rbase3535\/","url":"https:\/\/kiwistore.it\/negozio\/base-universale-grigia-aperta-cm-355x355-x-lavastoviglie-rbase3535\/","name":"base universale grigia aperta cm.35,5x35,5 x lavastoviglie | KiwiStore","isPartOf":{"@id":"https:\/\/kiwistore.it\/#website"},"primaryImageOfPage":{"@id":"https:\/\/kiwistore.it\/negozio\/base-universale-grigia-aperta-cm-355x355-x-lavastoviglie-rbase3535\/#primaryimage"},"image":{"@id":"https:\/\/kiwistore.it\/negozio\/base-universale-grigia-aperta-cm-355x355-x-lavastoviglie-rbase3535\/#primaryimage"},"thumbnailUrl":"https:\/\/i0.wp.com\/kiwistore.it\/wp-content\/uploads\/2023\/09\/10829.jpg?fit=1200%2C1200&ssl=1","datePublished":"2023-07-17T19:15:56+00:00","dateModified":"2026-04-30T13:46:16+00:00","description":"| base universale grigia aperta cm.35,5x35,5 x lavastoviglie KiwiStore","breadcrumb":{"@id":"https:\/\/kiwistore.it\/negozio\/base-universale-grigia-aperta-cm-355x355-x-lavastoviglie-rbase3535\/#breadcrumb"},"inLanguage":"es","potentialAction":[{"@type":"ReadAction","target":["https:\/\/kiwistore.it\/negozio\/base-universale-grigia-aperta-cm-355x355-x-lavastoviglie-rbase3535\/"]}]},{"@type":"ImageObject","inLanguage":"es","@id":"https:\/\/kiwistore.it\/negozio\/base-universale-grigia-aperta-cm-355x355-x-lavastoviglie-rbase3535\/#primaryimage","url":"https:\/\/i0.wp.com\/kiwistore.it\/wp-content\/uploads\/2023\/09\/10829.jpg?fit=1200%2C1200&ssl=1","contentUrl":"https:\/\/i0.wp.com\/kiwistore.it\/wp-content\/uploads\/2023\/09\/10829.jpg?fit=1200%2C1200&ssl=1","width":1200,"height":1200},{"@type":"BreadcrumbList","@id":"https:\/\/kiwistore.it\/negozio\/base-universale-grigia-aperta-cm-355x355-x-lavastoviglie-rbase3535\/#breadcrumb","itemListElement":[{"@type":"ListItem","position":1,"name":"Home","item":"https:\/\/kiwistore.it\/en\/"},{"@type":"ListItem","position":2,"name":"Shop","item":"https:\/\/kiwistore.it\/en\/shop\/"},{"@type":"ListItem","position":3,"name":"base universale grigia aperta cm.35,5&#215;35,5 x lavastoviglie"}]},{"@type":"WebSite","@id":"https:\/\/kiwistore.it\/#website","url":"https:\/\/kiwistore.it\/","name":"Tienda Kiwi","description":"Suministros para hoteles al mejor precio","publisher":{"@id":"https:\/\/kiwistore.it\/#organization"},"potentialAction":[{"@type":"SearchAction","target":{"@type":"EntryPoint","urlTemplate":"https:\/\/kiwistore.it\/?s={search_term_string}"},"query-input":{"@type":"PropertyValueSpecification","valueRequired":true,"valueName":"search_term_string"}}],"inLanguage":"es"},{"@type":"Organization","@id":"https:\/\/kiwistore.it\/#organization","name":"Tienda Kiwi","url":"https:\/\/kiwistore.it\/","logo":{"@type":"ImageObject","inLanguage":"es","@id":"https:\/\/kiwistore.it\/#\/schema\/logo\/image\/","url":"https:\/\/kiwistore.it\/wp-content\/uploads\/2021\/03\/cropped-LOGO-UMBERTO-03.png","contentUrl":"https:\/\/kiwistore.it\/wp-content\/uploads\/2021\/03\/cropped-LOGO-UMBERTO-03.png","width":512,"height":512,"caption":"KiwiStore"},"image":{"@id":"https:\/\/kiwistore.it\/#\/schema\/logo\/image\/"},"sameAs":["https:\/\/www.facebook.com\/kiwistore.it","https:\/\/www.instagram.com\/kiwistore.official\/"],"hasMerchantReturnPolicy":{"@type":"MerchantReturnPolicy","merchantReturnLink":"https:\/\/kiwistore.it\/es\/refund_returns\/"}}]},"product_price_amount":"10.90","product_price_currency":"EUR","og_availability":"instock","product_availability":"instock","product_retailer_item_id":"12641","product_condition":"new"},"_links":{"self":[{"href":"https:\/\/kiwistore.it\/es\/wp-json\/wp\/v2\/product\/43536","targetHints":{"allow":["GET"]}}],"collection":[{"href":"https:\/\/kiwistore.it\/es\/wp-json\/wp\/v2\/product"}],"about":[{"href":"https:\/\/kiwistore.it\/es\/wp-json\/wp\/v2\/types\/product"}],"wp:featuredmedia":[{"embeddable":true,"href":"https:\/\/kiwistore.it\/es\/wp-json\/wp\/v2\/media\/46710"}],"wp:attachment":[{"href":"https:\/\/kiwistore.it\/es\/wp-json\/wp\/v2\/media?parent=43536"}],"wp:term":[{"taxonomy":"product_brand","embeddable":true,"href":"https:\/\/kiwistore.it\/es\/wp-json\/wp\/v2\/product_brand?post=43536"},{"taxonomy":"product_cat","embeddable":true,"href":"https:\/\/kiwistore.it\/es\/wp-json\/wp\/v2\/product_cat?post=43536"},{"taxonomy":"product_tag","embeddable":true,"href":"https:\/\/kiwistore.it\/es\/wp-json\/wp\/v2\/product_tag?post=43536"}],"curies":[{"name":"wp","href":"https:\/\/api.w.org\/{rel}","templated":true}]}}