{"id":42107,"date":"2023-07-14T11:54:55","date_gmt":"2023-07-14T09:54:55","guid":{"rendered":"https:\/\/kiwistore.it\/negozio\/icon-boccale-birra-cl-1170-12009020\/"},"modified":"2026-04-06T18:44:56","modified_gmt":"2026-04-06T16:44:56","slug":"icon-boccale-birra-cl-1170-12009020","status":"publish","type":"product","link":"https:\/\/kiwistore.it\/es\/negozio\/icon-boccale-birra-cl-1170-12009020\/","title":{"rendered":"icono \u2013 jarra de cerveza cl.1170 12009020"},"content":{"rendered":"<ul>\n<li>Marca: Borgonova<\/li>\n<li>Embalaje: 6 Piezas<\/li>\n<\/ul>","protected":false},"excerpt":{"rendered":"<p>\u00bfRubia o pelirroja? \u00bfQu\u00e9 color prefieres? Con la jarra de cerveza Icon, solo tienes que elegir, porque ella hace el resto... Cl\u00e1sica, elegante, atemporal... Aqu\u00ed tienes el vaso que m\u00e1s te gusta para tus cervezas bien fr\u00edas, y que ahuyentar\u00e1 el calor del verano e incluso los malos pensamientos...<\/p>","protected":false},"featured_media":42106,"template":"","meta":[],"product_brand":[],"product_cat":[749],"product_tag":[],"class_list":{"0":"post-42107","1":"product","2":"type-product","3":"status-publish","4":"has-post-thumbnail","6":"product_cat-boccali-birra","8":"first","9":"onbackorder","10":"sale","11":"taxable","12":"shipping-taxable","13":"purchasable","14":"product-type-simple"},"yoast_head":"<!-- This site is optimized with the Yoast SEO plugin v27.2 - https:\/\/yoast.com\/product\/yoast-seo-wordpress\/ -->\n<title>icon - boccale birra cl.1170  12009020 | KiwiStore<\/title>\n<meta name=\"description\" content=\"| icon - boccale birra cl.1170  12009020 KiwiStore\" \/>\n<meta name=\"robots\" content=\"index, follow, max-snippet:-1, max-image-preview:large, max-video-preview:-1\" \/>\n<link rel=\"canonical\" href=\"https:\/\/kiwistore.it\/es\/tienda\/icon-boccale-birra-cl-1170-12009020\/\" \/>\n<meta property=\"og:locale\" content=\"es_ES\" \/>\n<meta property=\"og:type\" content=\"article\" \/>\n<meta property=\"og:title\" content=\"icon - boccale birra cl.1170  12009020 | KiwiStore\" \/>\n<meta property=\"og:description\" content=\"| icon - boccale birra cl.1170  12009020 KiwiStore\" \/>\n<meta property=\"og:url\" content=\"https:\/\/kiwistore.it\/es\/tienda\/icon-boccale-birra-cl-1170-12009020\/\" \/>\n<meta property=\"og:site_name\" content=\"KiwiStore\" \/>\n<meta property=\"article:publisher\" content=\"https:\/\/www.facebook.com\/kiwistore.it\" \/>\n<meta property=\"article:modified_time\" content=\"2026-04-06T16:44:56+00:00\" \/>\n<meta property=\"og:image\" content=\"https:\/\/i0.wp.com\/kiwistore.it\/wp-content\/uploads\/2023\/07\/ICON-BOCCALE-BIRRA-CL-1170-12009020_8424200_SYYG-scaled-wpp1692092618402.jpg?fit=1200%2C1200&ssl=1\" \/>\n\t<meta property=\"og:image:width\" content=\"1200\" \/>\n\t<meta property=\"og:image:height\" content=\"1200\" \/>\n\t<meta property=\"og:image:type\" content=\"image\/jpeg\" \/>\n<meta name=\"twitter:card\" content=\"summary_large_image\" \/>\n<meta name=\"twitter:label1\" content=\"Precio\" \/>\n\t<meta name=\"twitter:data1\" content=\"46,37&euro; IVA inclusa\" \/>\n\t<meta name=\"twitter:label2\" content=\"Disponibilidad\" \/>\n\t<meta name=\"twitter:data2\" content=\"Disponible para reservar\" \/>\n<script type=\"application\/ld+json\" class=\"yoast-schema-graph\">{\"@context\":\"https:\/\/schema.org\",\"@graph\":[{\"@type\":\"WebPage\",\"@id\":\"https:\/\/kiwistore.it\/negozio\/icon-boccale-birra-cl-1170-12009020\/\",\"url\":\"https:\/\/kiwistore.it\/negozio\/icon-boccale-birra-cl-1170-12009020\/\",\"name\":\"icon - boccale birra cl.1170 12009020 | KiwiStore\",\"isPartOf\":{\"@id\":\"https:\/\/kiwistore.it\/#website\"},\"primaryImageOfPage\":{\"@id\":\"https:\/\/kiwistore.it\/negozio\/icon-boccale-birra-cl-1170-12009020\/#primaryimage\"},\"image\":{\"@id\":\"https:\/\/kiwistore.it\/negozio\/icon-boccale-birra-cl-1170-12009020\/#primaryimage\"},\"thumbnailUrl\":\"https:\/\/i0.wp.com\/kiwistore.it\/wp-content\/uploads\/2023\/07\/ICON-BOCCALE-BIRRA-CL-1170-12009020_8424200_SYYG-scaled-wpp1692092618402.jpg?fit=1200%2C1200&ssl=1\",\"datePublished\":\"2023-07-14T09:54:55+00:00\",\"dateModified\":\"2026-04-06T16:44:56+00:00\",\"description\":\"| icon - boccale birra cl.1170 12009020 KiwiStore\",\"breadcrumb\":{\"@id\":\"https:\/\/kiwistore.it\/negozio\/icon-boccale-birra-cl-1170-12009020\/#breadcrumb\"},\"inLanguage\":\"es\",\"potentialAction\":[{\"@type\":\"ReadAction\",\"target\":[\"https:\/\/kiwistore.it\/negozio\/icon-boccale-birra-cl-1170-12009020\/\"]}]},{\"@type\":\"ImageObject\",\"inLanguage\":\"es\",\"@id\":\"https:\/\/kiwistore.it\/negozio\/icon-boccale-birra-cl-1170-12009020\/#primaryimage\",\"url\":\"https:\/\/i0.wp.com\/kiwistore.it\/wp-content\/uploads\/2023\/07\/ICON-BOCCALE-BIRRA-CL-1170-12009020_8424200_SYYG-scaled-wpp1692092618402.jpg?fit=1200%2C1200&ssl=1\",\"contentUrl\":\"https:\/\/i0.wp.com\/kiwistore.it\/wp-content\/uploads\/2023\/07\/ICON-BOCCALE-BIRRA-CL-1170-12009020_8424200_SYYG-scaled-wpp1692092618402.jpg?fit=1200%2C1200&ssl=1\",\"width\":1200,\"height\":1200},{\"@type\":\"BreadcrumbList\",\"@id\":\"https:\/\/kiwistore.it\/negozio\/icon-boccale-birra-cl-1170-12009020\/#breadcrumb\",\"itemListElement\":[{\"@type\":\"ListItem\",\"position\":1,\"name\":\"Home\",\"item\":\"https:\/\/kiwistore.it\/en\/\"},{\"@type\":\"ListItem\",\"position\":2,\"name\":\"Shop\",\"item\":\"https:\/\/kiwistore.it\/en\/shop\/\"},{\"@type\":\"ListItem\",\"position\":3,\"name\":\"icon &#8211; boccale birra cl.1170 12009020\"}]},{\"@type\":\"WebSite\",\"@id\":\"https:\/\/kiwistore.it\/#website\",\"url\":\"https:\/\/kiwistore.it\/\",\"name\":\"KiwiStore\",\"description\":\"Forniture alberghiere al Miglior Prezzo\",\"publisher\":{\"@id\":\"https:\/\/kiwistore.it\/#organization\"},\"potentialAction\":[{\"@type\":\"SearchAction\",\"target\":{\"@type\":\"EntryPoint\",\"urlTemplate\":\"https:\/\/kiwistore.it\/?s={search_term_string}\"},\"query-input\":{\"@type\":\"PropertyValueSpecification\",\"valueRequired\":true,\"valueName\":\"search_term_string\"}}],\"inLanguage\":\"es\"},{\"@type\":\"Organization\",\"@id\":\"https:\/\/kiwistore.it\/#organization\",\"name\":\"KiwiStore\",\"url\":\"https:\/\/kiwistore.it\/\",\"logo\":{\"@type\":\"ImageObject\",\"inLanguage\":\"es\",\"@id\":\"https:\/\/kiwistore.it\/#\/schema\/logo\/image\/\",\"url\":\"https:\/\/kiwistore.it\/wp-content\/uploads\/2021\/03\/cropped-LOGO-UMBERTO-03.png\",\"contentUrl\":\"https:\/\/kiwistore.it\/wp-content\/uploads\/2021\/03\/cropped-LOGO-UMBERTO-03.png\",\"width\":512,\"height\":512,\"caption\":\"KiwiStore\"},\"image\":{\"@id\":\"https:\/\/kiwistore.it\/#\/schema\/logo\/image\/\"},\"sameAs\":[\"https:\/\/www.facebook.com\/kiwistore.it\",\"https:\/\/www.instagram.com\/kiwistore.official\/\"],\"hasMerchantReturnPolicy\":{\"@type\":\"MerchantReturnPolicy\",\"merchantReturnLink\":\"https:\/\/kiwistore.it\/es\/refund_returns\/\"}}]}<\/script>\n<meta property=\"product:price:amount\" content=\"46.37\" \/>\n<meta property=\"product:price:currency\" content=\"EUR\" \/>\n<meta property=\"og:availability\" content=\"backorder\" \/>\n<meta property=\"product:availability\" content=\"available for order\" \/>\n<meta property=\"product:retailer_item_id\" content=\"8424200\" \/>\n<meta property=\"product:condition\" content=\"new\" \/>\n<!-- \/ Yoast SEO plugin. -->","yoast_head_json":{"title":"icon - boccale birra cl.1170  12009020 | KiwiStore","description":"| icon - boccale birra cl.1170  12009020 KiwiStore","robots":{"index":"index","follow":"follow","max-snippet":"max-snippet:-1","max-image-preview":"max-image-preview:large","max-video-preview":"max-video-preview:-1"},"canonical":"https:\/\/kiwistore.it\/es\/tienda\/icon-boccale-birra-cl-1170-12009020\/","og_locale":"es_ES","og_type":"article","og_title":"icon - boccale birra cl.1170  12009020 | KiwiStore","og_description":"| icon - boccale birra cl.1170  12009020 KiwiStore","og_url":"https:\/\/kiwistore.it\/es\/tienda\/icon-boccale-birra-cl-1170-12009020\/","og_site_name":"KiwiStore","article_publisher":"https:\/\/www.facebook.com\/kiwistore.it","article_modified_time":"2026-04-06T16:44:56+00:00","og_image":[{"width":1200,"height":1200,"url":"https:\/\/i0.wp.com\/kiwistore.it\/wp-content\/uploads\/2023\/07\/ICON-BOCCALE-BIRRA-CL-1170-12009020_8424200_SYYG-scaled-wpp1692092618402.jpg?fit=1200%2C1200&ssl=1","type":"image\/jpeg"}],"twitter_card":"summary_large_image","twitter_misc":{"Precio":"46,37&euro; IVA inclusa","Disponibilidad":"Disponible para reservar"},"schema":{"@context":"https:\/\/schema.org","@graph":[{"@type":"WebPage","@id":"https:\/\/kiwistore.it\/negozio\/icon-boccale-birra-cl-1170-12009020\/","url":"https:\/\/kiwistore.it\/negozio\/icon-boccale-birra-cl-1170-12009020\/","name":"icon - boccale birra cl.1170 12009020 | KiwiStore","isPartOf":{"@id":"https:\/\/kiwistore.it\/#website"},"primaryImageOfPage":{"@id":"https:\/\/kiwistore.it\/negozio\/icon-boccale-birra-cl-1170-12009020\/#primaryimage"},"image":{"@id":"https:\/\/kiwistore.it\/negozio\/icon-boccale-birra-cl-1170-12009020\/#primaryimage"},"thumbnailUrl":"https:\/\/i0.wp.com\/kiwistore.it\/wp-content\/uploads\/2023\/07\/ICON-BOCCALE-BIRRA-CL-1170-12009020_8424200_SYYG-scaled-wpp1692092618402.jpg?fit=1200%2C1200&ssl=1","datePublished":"2023-07-14T09:54:55+00:00","dateModified":"2026-04-06T16:44:56+00:00","description":"| icon - boccale birra cl.1170 12009020 KiwiStore","breadcrumb":{"@id":"https:\/\/kiwistore.it\/negozio\/icon-boccale-birra-cl-1170-12009020\/#breadcrumb"},"inLanguage":"es","potentialAction":[{"@type":"ReadAction","target":["https:\/\/kiwistore.it\/negozio\/icon-boccale-birra-cl-1170-12009020\/"]}]},{"@type":"ImageObject","inLanguage":"es","@id":"https:\/\/kiwistore.it\/negozio\/icon-boccale-birra-cl-1170-12009020\/#primaryimage","url":"https:\/\/i0.wp.com\/kiwistore.it\/wp-content\/uploads\/2023\/07\/ICON-BOCCALE-BIRRA-CL-1170-12009020_8424200_SYYG-scaled-wpp1692092618402.jpg?fit=1200%2C1200&ssl=1","contentUrl":"https:\/\/i0.wp.com\/kiwistore.it\/wp-content\/uploads\/2023\/07\/ICON-BOCCALE-BIRRA-CL-1170-12009020_8424200_SYYG-scaled-wpp1692092618402.jpg?fit=1200%2C1200&ssl=1","width":1200,"height":1200},{"@type":"BreadcrumbList","@id":"https:\/\/kiwistore.it\/negozio\/icon-boccale-birra-cl-1170-12009020\/#breadcrumb","itemListElement":[{"@type":"ListItem","position":1,"name":"Home","item":"https:\/\/kiwistore.it\/en\/"},{"@type":"ListItem","position":2,"name":"Shop","item":"https:\/\/kiwistore.it\/en\/shop\/"},{"@type":"ListItem","position":3,"name":"icon &#8211; boccale birra cl.1170 12009020"}]},{"@type":"WebSite","@id":"https:\/\/kiwistore.it\/#website","url":"https:\/\/kiwistore.it\/","name":"Tienda Kiwi","description":"Suministros para hoteles al mejor precio","publisher":{"@id":"https:\/\/kiwistore.it\/#organization"},"potentialAction":[{"@type":"SearchAction","target":{"@type":"EntryPoint","urlTemplate":"https:\/\/kiwistore.it\/?s={search_term_string}"},"query-input":{"@type":"PropertyValueSpecification","valueRequired":true,"valueName":"search_term_string"}}],"inLanguage":"es"},{"@type":"Organization","@id":"https:\/\/kiwistore.it\/#organization","name":"Tienda Kiwi","url":"https:\/\/kiwistore.it\/","logo":{"@type":"ImageObject","inLanguage":"es","@id":"https:\/\/kiwistore.it\/#\/schema\/logo\/image\/","url":"https:\/\/kiwistore.it\/wp-content\/uploads\/2021\/03\/cropped-LOGO-UMBERTO-03.png","contentUrl":"https:\/\/kiwistore.it\/wp-content\/uploads\/2021\/03\/cropped-LOGO-UMBERTO-03.png","width":512,"height":512,"caption":"KiwiStore"},"image":{"@id":"https:\/\/kiwistore.it\/#\/schema\/logo\/image\/"},"sameAs":["https:\/\/www.facebook.com\/kiwistore.it","https:\/\/www.instagram.com\/kiwistore.official\/"],"hasMerchantReturnPolicy":{"@type":"MerchantReturnPolicy","merchantReturnLink":"https:\/\/kiwistore.it\/es\/refund_returns\/"}}]},"product_price_amount":"46.37","product_price_currency":"EUR","og_availability":"backorder","product_availability":"available for order","product_retailer_item_id":"8424200","product_condition":"new"},"_links":{"self":[{"href":"https:\/\/kiwistore.it\/es\/wp-json\/wp\/v2\/product\/42107","targetHints":{"allow":["GET"]}}],"collection":[{"href":"https:\/\/kiwistore.it\/es\/wp-json\/wp\/v2\/product"}],"about":[{"href":"https:\/\/kiwistore.it\/es\/wp-json\/wp\/v2\/types\/product"}],"wp:featuredmedia":[{"embeddable":true,"href":"https:\/\/kiwistore.it\/es\/wp-json\/wp\/v2\/media\/42106"}],"wp:attachment":[{"href":"https:\/\/kiwistore.it\/es\/wp-json\/wp\/v2\/media?parent=42107"}],"wp:term":[{"taxonomy":"product_brand","embeddable":true,"href":"https:\/\/kiwistore.it\/es\/wp-json\/wp\/v2\/product_brand?post=42107"},{"taxonomy":"product_cat","embeddable":true,"href":"https:\/\/kiwistore.it\/es\/wp-json\/wp\/v2\/product_cat?post=42107"},{"taxonomy":"product_tag","embeddable":true,"href":"https:\/\/kiwistore.it\/es\/wp-json\/wp\/v2\/product_tag?post=42107"}],"curies":[{"name":"wp","href":"https:\/\/api.w.org\/{rel}","templated":true}]}}