{"id":62460,"date":"2025-11-15T20:48:42","date_gmt":"2025-11-15T18:48:42","guid":{"rendered":"https:\/\/kiwistore.it\/negozio\/bollitore-per-bevande-calde-uniq-hendi-designed-by-robert-bronwasser-16l-220-240v-1650w-357x380xh502mm\/"},"modified":"2026-04-06T18:47:13","modified_gmt":"2026-04-06T16:47:13","slug":"bollitore-per-bevande-calde-uniq-hendi-designed-by-robert-bronwasser-16l-220-240v-1650w-357x380xh502mm","status":"publish","type":"product","link":"https:\/\/kiwistore.it\/de\/negozio\/bollitore-per-bevande-calde-uniq-hendi-designed-by-robert-bronwasser-16l-220-240v-1650w-357x380xh502mm\/","title":{"rendered":"UNIQ Wasserkocher f\u00fcr Hei\u00dfgetr\u00e4nke, Modell Hendi, Design: Robert Bronwasser, 16 l, 220\u2013240 V\/1650 W, 357 \u00d7 380 \u00d7 (H) 502 mm"},"content":{"rendered":"<ul>\n<li>Marke: Hendi<\/li>\n<li>Hauptmaterial: Kunststoff, Metall<\/li>\n<li>Altri Materiali: Acciaio inox,PP (polipropilene)<\/li>\n<li>Packung: 1 St\u00fcck<\/li>\n<\/ul>","protected":false},"excerpt":{"rendered":"<p>Progettato dal famoso designer olandese Robert Bronwasser. La sua costruzione unica e l&#039;attenzione ai dettagli rendono l&#039;apparecchio un&#039;aggiunta accattivante a qualsiasi buffet. Alloggiamento a parete singola in acciaio inox. Maniglie eleganti in polipropilene. Rubinetto antigoccia. Indicatore di livello in policarbonato. Vaschetta raccogligocce fissata con un magnete, facile da pulire. Indicatore del termostato. Indicatore di livello massimo di liquido situato all&#039;interno dell&#039;apparecchio. Temperatura impostabile da 30&deg;C a 100&deg;C. Altezza massima della tazza: 100 mm. Pulsante di reset &#8211; da utilizzare in caso di surriscaldamento. Spia di avvertimento in caso di surriscaldamento o quando \u00e8 necessaria la decalcificazione. Solo per far bollire l&#039;acqua o riscaldare il vino &#8211; non adatto ad altri liquidi come il latte o la cioccolata calda.<\/p>","protected":false},"featured_media":84062,"template":"","meta":[],"product_brand":[],"product_cat":[1061],"product_tag":[],"class_list":{"0":"post-62460","1":"product","2":"type-product","3":"status-publish","4":"has-post-thumbnail","6":"product_cat-bar-caffe","8":"first","9":"onbackorder","10":"sale","11":"taxable","12":"shipping-taxable","13":"purchasable","14":"product-type-simple"},"yoast_head":"<!-- This site is optimized with the Yoast SEO plugin v27.2 - https:\/\/yoast.com\/product\/yoast-seo-wordpress\/ -->\n<title>Bollitore per bevande calde UNIQ, Hendi, designed by Robert Bronwasser, 16L, 220-240V\/1650W, 357x380x(H)502mm | KiwiStore<\/title>\n<meta name=\"description\" content=\"| Bollitore per bevande calde UNIQ, Hendi, designed by Robert Bronwasser, 16L, 220-240V\/1650W, 357x380x(H)502mm KiwiStore\" \/>\n<meta name=\"robots\" content=\"index, follow, max-snippet:-1, max-image-preview:large, max-video-preview:-1\" \/>\n<link rel=\"canonical\" href=\"https:\/\/kiwistore.it\/de\/geschaft\/bollitore-per-bevande-calde-uniq-hendi-designed-by-robert-bronwasser-16l-220-240v-1650w-357x380xh502mm\/\" \/>\n<meta property=\"og:locale\" content=\"de_DE\" \/>\n<meta property=\"og:type\" content=\"article\" \/>\n<meta property=\"og:title\" content=\"Bollitore per bevande calde UNIQ, Hendi, designed by Robert Bronwasser, 16L, 220-240V\/1650W, 357x380x(H)502mm | KiwiStore\" \/>\n<meta property=\"og:description\" content=\"| Bollitore per bevande calde UNIQ, Hendi, designed by Robert Bronwasser, 16L, 220-240V\/1650W, 357x380x(H)502mm KiwiStore\" \/>\n<meta property=\"og:url\" content=\"https:\/\/kiwistore.it\/de\/geschaft\/bollitore-per-bevande-calde-uniq-hendi-designed-by-robert-bronwasser-16l-220-240v-1650w-357x380xh502mm\/\" \/>\n<meta property=\"og:site_name\" content=\"KiwiStore\" \/>\n<meta property=\"article:publisher\" content=\"https:\/\/www.facebook.com\/kiwistore.it\" \/>\n<meta property=\"article:modified_time\" content=\"2026-04-06T16:47:13+00:00\" \/>\n<meta property=\"og:image\" content=\"https:\/\/i0.wp.com\/kiwistore.it\/wp-content\/uploads\/2025\/11\/14606.jpg?fit=730%2C1000&ssl=1\" \/>\n\t<meta property=\"og:image:width\" content=\"730\" \/>\n\t<meta property=\"og:image:height\" content=\"1000\" \/>\n\t<meta property=\"og:image:type\" content=\"image\/jpeg\" \/>\n<meta name=\"twitter:card\" content=\"summary_large_image\" \/>\n<meta name=\"twitter:label1\" content=\"Preis\" \/>\n\t<meta name=\"twitter:data1\" content=\"108,84&euro; IVA inclusa\" \/>\n\t<meta name=\"twitter:label2\" content=\"Verf\u00fcgbarkeit\" \/>\n\t<meta name=\"twitter:data2\" content=\"bei Nachbestellung\" \/>\n<script type=\"application\/ld+json\" class=\"yoast-schema-graph\">{\"@context\":\"https:\/\/schema.org\",\"@graph\":[{\"@type\":\"WebPage\",\"@id\":\"https:\/\/kiwistore.it\/negozio\/bollitore-per-bevande-calde-uniq-hendi-designed-by-robert-bronwasser-16l-220-240v-1650w-357x380xh502mm\/\",\"url\":\"https:\/\/kiwistore.it\/negozio\/bollitore-per-bevande-calde-uniq-hendi-designed-by-robert-bronwasser-16l-220-240v-1650w-357x380xh502mm\/\",\"name\":\"Bollitore per bevande calde UNIQ, Hendi, designed by Robert Bronwasser, 16L, 220-240V\/1650W, 357x380x(H)502mm | KiwiStore\",\"isPartOf\":{\"@id\":\"https:\/\/kiwistore.it\/#website\"},\"primaryImageOfPage\":{\"@id\":\"https:\/\/kiwistore.it\/negozio\/bollitore-per-bevande-calde-uniq-hendi-designed-by-robert-bronwasser-16l-220-240v-1650w-357x380xh502mm\/#primaryimage\"},\"image\":{\"@id\":\"https:\/\/kiwistore.it\/negozio\/bollitore-per-bevande-calde-uniq-hendi-designed-by-robert-bronwasser-16l-220-240v-1650w-357x380xh502mm\/#primaryimage\"},\"thumbnailUrl\":\"https:\/\/i0.wp.com\/kiwistore.it\/wp-content\/uploads\/2025\/11\/30316.jpg?fit=730%2C1000&ssl=1\",\"datePublished\":\"2025-11-15T18:48:42+00:00\",\"dateModified\":\"2026-04-06T16:47:13+00:00\",\"description\":\"| Bollitore per bevande calde UNIQ, Hendi, designed by Robert Bronwasser, 16L, 220-240V\/1650W, 357x380x(H)502mm KiwiStore\",\"breadcrumb\":{\"@id\":\"https:\/\/kiwistore.it\/negozio\/bollitore-per-bevande-calde-uniq-hendi-designed-by-robert-bronwasser-16l-220-240v-1650w-357x380xh502mm\/#breadcrumb\"},\"inLanguage\":\"de\",\"potentialAction\":[{\"@type\":\"ReadAction\",\"target\":[\"https:\/\/kiwistore.it\/negozio\/bollitore-per-bevande-calde-uniq-hendi-designed-by-robert-bronwasser-16l-220-240v-1650w-357x380xh502mm\/\"]}]},{\"@type\":\"ImageObject\",\"inLanguage\":\"de\",\"@id\":\"https:\/\/kiwistore.it\/negozio\/bollitore-per-bevande-calde-uniq-hendi-designed-by-robert-bronwasser-16l-220-240v-1650w-357x380xh502mm\/#primaryimage\",\"url\":\"https:\/\/i0.wp.com\/kiwistore.it\/wp-content\/uploads\/2025\/11\/30316.jpg?fit=730%2C1000&ssl=1\",\"contentUrl\":\"https:\/\/i0.wp.com\/kiwistore.it\/wp-content\/uploads\/2025\/11\/30316.jpg?fit=730%2C1000&ssl=1\",\"width\":730,\"height\":1000},{\"@type\":\"BreadcrumbList\",\"@id\":\"https:\/\/kiwistore.it\/negozio\/bollitore-per-bevande-calde-uniq-hendi-designed-by-robert-bronwasser-16l-220-240v-1650w-357x380xh502mm\/#breadcrumb\",\"itemListElement\":[{\"@type\":\"ListItem\",\"position\":1,\"name\":\"Home\",\"item\":\"https:\/\/kiwistore.it\/en\/\"},{\"@type\":\"ListItem\",\"position\":2,\"name\":\"Shop\",\"item\":\"https:\/\/kiwistore.it\/en\/shop\/\"},{\"@type\":\"ListItem\",\"position\":3,\"name\":\"Bollitore per bevande calde UNIQ, Hendi, designed by Robert Bronwasser, 16L, 220-240V\/1650W, 357x380x(H)502mm\"}]},{\"@type\":\"WebSite\",\"@id\":\"https:\/\/kiwistore.it\/#website\",\"url\":\"https:\/\/kiwistore.it\/\",\"name\":\"KiwiStore\",\"description\":\"Forniture alberghiere al Miglior Prezzo\",\"publisher\":{\"@id\":\"https:\/\/kiwistore.it\/#organization\"},\"potentialAction\":[{\"@type\":\"SearchAction\",\"target\":{\"@type\":\"EntryPoint\",\"urlTemplate\":\"https:\/\/kiwistore.it\/?s={search_term_string}\"},\"query-input\":{\"@type\":\"PropertyValueSpecification\",\"valueRequired\":true,\"valueName\":\"search_term_string\"}}],\"inLanguage\":\"de\"},{\"@type\":\"Organization\",\"@id\":\"https:\/\/kiwistore.it\/#organization\",\"name\":\"KiwiStore\",\"url\":\"https:\/\/kiwistore.it\/\",\"logo\":{\"@type\":\"ImageObject\",\"inLanguage\":\"de\",\"@id\":\"https:\/\/kiwistore.it\/#\/schema\/logo\/image\/\",\"url\":\"https:\/\/kiwistore.it\/wp-content\/uploads\/2021\/03\/cropped-LOGO-UMBERTO-03.png\",\"contentUrl\":\"https:\/\/kiwistore.it\/wp-content\/uploads\/2021\/03\/cropped-LOGO-UMBERTO-03.png\",\"width\":512,\"height\":512,\"caption\":\"KiwiStore\"},\"image\":{\"@id\":\"https:\/\/kiwistore.it\/#\/schema\/logo\/image\/\"},\"sameAs\":[\"https:\/\/www.facebook.com\/kiwistore.it\",\"https:\/\/www.instagram.com\/kiwistore.official\/\"],\"hasMerchantReturnPolicy\":{\"@type\":\"MerchantReturnPolicy\",\"merchantReturnLink\":\"https:\/\/kiwistore.it\/de\/refund_returns\/\"}}]}<\/script>\n<meta property=\"product:price:amount\" content=\"108.84\" \/>\n<meta property=\"product:price:currency\" content=\"EUR\" \/>\n<meta property=\"og:availability\" content=\"backorder\" \/>\n<meta property=\"product:availability\" content=\"available for order\" \/>\n<meta property=\"product:retailer_item_id\" content=\"211427\" \/>\n<meta property=\"product:condition\" content=\"new\" \/>\n<!-- \/ Yoast SEO plugin. -->","yoast_head_json":{"title":"Bollitore per bevande calde UNIQ, Hendi, designed by Robert Bronwasser, 16L, 220-240V\/1650W, 357x380x(H)502mm | KiwiStore","description":"| Bollitore per bevande calde UNIQ, Hendi, designed by Robert Bronwasser, 16L, 220-240V\/1650W, 357x380x(H)502mm KiwiStore","robots":{"index":"index","follow":"follow","max-snippet":"max-snippet:-1","max-image-preview":"max-image-preview:large","max-video-preview":"max-video-preview:-1"},"canonical":"https:\/\/kiwistore.it\/de\/geschaft\/bollitore-per-bevande-calde-uniq-hendi-designed-by-robert-bronwasser-16l-220-240v-1650w-357x380xh502mm\/","og_locale":"de_DE","og_type":"article","og_title":"Bollitore per bevande calde UNIQ, Hendi, designed by Robert Bronwasser, 16L, 220-240V\/1650W, 357x380x(H)502mm | KiwiStore","og_description":"| Bollitore per bevande calde UNIQ, Hendi, designed by Robert Bronwasser, 16L, 220-240V\/1650W, 357x380x(H)502mm KiwiStore","og_url":"https:\/\/kiwistore.it\/de\/geschaft\/bollitore-per-bevande-calde-uniq-hendi-designed-by-robert-bronwasser-16l-220-240v-1650w-357x380xh502mm\/","og_site_name":"KiwiStore","article_publisher":"https:\/\/www.facebook.com\/kiwistore.it","article_modified_time":"2026-04-06T16:47:13+00:00","og_image":[{"width":730,"height":1000,"url":"https:\/\/i0.wp.com\/kiwistore.it\/wp-content\/uploads\/2025\/11\/14606.jpg?fit=730%2C1000&ssl=1","type":"image\/jpeg"}],"twitter_card":"summary_large_image","twitter_misc":{"Preis":"108,84&euro; IVA inclusa","Verf\u00fcgbarkeit":"bei Nachbestellung"},"schema":{"@context":"https:\/\/schema.org","@graph":[{"@type":"WebPage","@id":"https:\/\/kiwistore.it\/negozio\/bollitore-per-bevande-calde-uniq-hendi-designed-by-robert-bronwasser-16l-220-240v-1650w-357x380xh502mm\/","url":"https:\/\/kiwistore.it\/negozio\/bollitore-per-bevande-calde-uniq-hendi-designed-by-robert-bronwasser-16l-220-240v-1650w-357x380xh502mm\/","name":"Bollitore per bevande calde UNIQ, Hendi, designed by Robert Bronwasser, 16L, 220-240V\/1650W, 357x380x(H)502mm | KiwiStore","isPartOf":{"@id":"https:\/\/kiwistore.it\/#website"},"primaryImageOfPage":{"@id":"https:\/\/kiwistore.it\/negozio\/bollitore-per-bevande-calde-uniq-hendi-designed-by-robert-bronwasser-16l-220-240v-1650w-357x380xh502mm\/#primaryimage"},"image":{"@id":"https:\/\/kiwistore.it\/negozio\/bollitore-per-bevande-calde-uniq-hendi-designed-by-robert-bronwasser-16l-220-240v-1650w-357x380xh502mm\/#primaryimage"},"thumbnailUrl":"https:\/\/i0.wp.com\/kiwistore.it\/wp-content\/uploads\/2025\/11\/30316.jpg?fit=730%2C1000&ssl=1","datePublished":"2025-11-15T18:48:42+00:00","dateModified":"2026-04-06T16:47:13+00:00","description":"| Bollitore per bevande calde UNIQ, Hendi, designed by Robert Bronwasser, 16L, 220-240V\/1650W, 357x380x(H)502mm KiwiStore","breadcrumb":{"@id":"https:\/\/kiwistore.it\/negozio\/bollitore-per-bevande-calde-uniq-hendi-designed-by-robert-bronwasser-16l-220-240v-1650w-357x380xh502mm\/#breadcrumb"},"inLanguage":"de","potentialAction":[{"@type":"ReadAction","target":["https:\/\/kiwistore.it\/negozio\/bollitore-per-bevande-calde-uniq-hendi-designed-by-robert-bronwasser-16l-220-240v-1650w-357x380xh502mm\/"]}]},{"@type":"ImageObject","inLanguage":"de","@id":"https:\/\/kiwistore.it\/negozio\/bollitore-per-bevande-calde-uniq-hendi-designed-by-robert-bronwasser-16l-220-240v-1650w-357x380xh502mm\/#primaryimage","url":"https:\/\/i0.wp.com\/kiwistore.it\/wp-content\/uploads\/2025\/11\/30316.jpg?fit=730%2C1000&ssl=1","contentUrl":"https:\/\/i0.wp.com\/kiwistore.it\/wp-content\/uploads\/2025\/11\/30316.jpg?fit=730%2C1000&ssl=1","width":730,"height":1000},{"@type":"BreadcrumbList","@id":"https:\/\/kiwistore.it\/negozio\/bollitore-per-bevande-calde-uniq-hendi-designed-by-robert-bronwasser-16l-220-240v-1650w-357x380xh502mm\/#breadcrumb","itemListElement":[{"@type":"ListItem","position":1,"name":"Home","item":"https:\/\/kiwistore.it\/en\/"},{"@type":"ListItem","position":2,"name":"Shop","item":"https:\/\/kiwistore.it\/en\/shop\/"},{"@type":"ListItem","position":3,"name":"Bollitore per bevande calde UNIQ, Hendi, designed by Robert Bronwasser, 16L, 220-240V\/1650W, 357x380x(H)502mm"}]},{"@type":"WebSite","@id":"https:\/\/kiwistore.it\/#website","url":"https:\/\/kiwistore.it\/","name":"KiwiStore","description":"Hotelbedarf zum besten Preis","publisher":{"@id":"https:\/\/kiwistore.it\/#organization"},"potentialAction":[{"@type":"SearchAction","target":{"@type":"EntryPoint","urlTemplate":"https:\/\/kiwistore.it\/?s={search_term_string}"},"query-input":{"@type":"PropertyValueSpecification","valueRequired":true,"valueName":"search_term_string"}}],"inLanguage":"de"},{"@type":"Organization","@id":"https:\/\/kiwistore.it\/#organization","name":"KiwiStore","url":"https:\/\/kiwistore.it\/","logo":{"@type":"ImageObject","inLanguage":"de","@id":"https:\/\/kiwistore.it\/#\/schema\/logo\/image\/","url":"https:\/\/kiwistore.it\/wp-content\/uploads\/2021\/03\/cropped-LOGO-UMBERTO-03.png","contentUrl":"https:\/\/kiwistore.it\/wp-content\/uploads\/2021\/03\/cropped-LOGO-UMBERTO-03.png","width":512,"height":512,"caption":"KiwiStore"},"image":{"@id":"https:\/\/kiwistore.it\/#\/schema\/logo\/image\/"},"sameAs":["https:\/\/www.facebook.com\/kiwistore.it","https:\/\/www.instagram.com\/kiwistore.official\/"],"hasMerchantReturnPolicy":{"@type":"MerchantReturnPolicy","merchantReturnLink":"https:\/\/kiwistore.it\/de\/refund_returns\/"}}]},"product_price_amount":"108.84","product_price_currency":"EUR","og_availability":"backorder","product_availability":"available for order","product_retailer_item_id":"211427","product_condition":"new"},"_links":{"self":[{"href":"https:\/\/kiwistore.it\/de\/wp-json\/wp\/v2\/product\/62460","targetHints":{"allow":["GET"]}}],"collection":[{"href":"https:\/\/kiwistore.it\/de\/wp-json\/wp\/v2\/product"}],"about":[{"href":"https:\/\/kiwistore.it\/de\/wp-json\/wp\/v2\/types\/product"}],"wp:featuredmedia":[{"embeddable":true,"href":"https:\/\/kiwistore.it\/de\/wp-json\/wp\/v2\/media\/84062"}],"wp:attachment":[{"href":"https:\/\/kiwistore.it\/de\/wp-json\/wp\/v2\/media?parent=62460"}],"wp:term":[{"taxonomy":"product_brand","embeddable":true,"href":"https:\/\/kiwistore.it\/de\/wp-json\/wp\/v2\/product_brand?post=62460"},{"taxonomy":"product_cat","embeddable":true,"href":"https:\/\/kiwistore.it\/de\/wp-json\/wp\/v2\/product_cat?post=62460"},{"taxonomy":"product_tag","embeddable":true,"href":"https:\/\/kiwistore.it\/de\/wp-json\/wp\/v2\/product_tag?post=62460"}],"curies":[{"name":"wp","href":"https:\/\/api.w.org\/{rel}","templated":true}]}}