{"id":60844,"date":"2025-10-19T12:30:32","date_gmt":"2025-10-19T10:30:32","guid":{"rendered":"https:\/\/kiwistore.it\/negozio\/bicchiere-whisky-dof-celestia-stolzle-42-cl-6-pz\/"},"modified":"2026-04-12T20:21:40","modified_gmt":"2026-04-12T18:21:40","slug":"bicchiere-whisky-dof-celestia-stolzle-42-cl-6-pz","status":"publish","type":"product","link":"https:\/\/kiwistore.it\/de\/negozio\/bicchiere-whisky-dof-celestia-stolzle-42-cl-6-pz\/","title":{"rendered":"Celestia St\u00f6lzle DOF Whiskyglas 42 cl (6 St\u00fcck)"},"content":{"rendered":"<\/p>\n<ul>\n<li>Marke: St\u00f6lzle Lausitz<\/li>\n<li>Serie: Celestia<\/li>\n<li>Diametro: 8,6&nbsp;cm.<\/li>\n<li>Altezza: 9,9&nbsp;cm.<\/li>\n<li>Fassungsverm\u00f6gen: 42 cl.<\/li>\n<li>Material: Glas<\/li>\n<li>Paket: 6 St\u00fcck<\/li>\n<\/ul>","protected":false},"excerpt":{"rendered":"<p>Celestia ist ein avantgardistisches Design, das organische und geometrische Elemente dynamisch miteinander verbindet. Die funktionale Form bietet eine gro\u00dfz\u00fcgige Oberfl\u00e4che, damit der Wein atmen und sein Aroma entfalten kann, w\u00e4hrend die robuste Verarbeitung f\u00fcr Stabilit\u00e4t und Langlebigkeit sorgt.<\/p>\n<p>Fassungsverm\u00f6gen 42 cl.<\/p>\n<p>Produkt&nbsp;<strong>sp\u00fclmaschinenfest<\/strong>.<\/p>","protected":false},"featured_media":61496,"template":"","meta":[],"product_brand":[],"product_cat":[1045,333,757],"product_tag":[],"class_list":{"0":"post-60844","1":"product","2":"type-product","3":"status-publish","4":"has-post-thumbnail","6":"product_cat-celestia","7":"product_cat-stoelzle","8":"product_cat-whiskey","10":"first","11":"instock","12":"sale","13":"taxable","14":"shipping-taxable","15":"purchasable","16":"product-type-simple"},"yoast_head":"<!-- This site is optimized with the Yoast SEO plugin v27.2 - https:\/\/yoast.com\/product\/yoast-seo-wordpress\/ -->\n<title>Bicchiere Whisky DOF Celestia St\u00f6lzle 42 cl. (6 Pz.) | KiwiStore<\/title>\n<meta name=\"description\" content=\"| Bicchiere Whisky DOF Celestia St\u00f6lzle 42 cl. (6 Pz.) KiwiStore\" \/>\n<meta name=\"robots\" content=\"index, follow, max-snippet:-1, max-image-preview:large, max-video-preview:-1\" \/>\n<link rel=\"canonical\" href=\"https:\/\/kiwistore.it\/de\/geschaft\/bicchiere-whisky-dof-celestia-stolzle-42-cl-6-pz\/\" \/>\n<meta property=\"og:locale\" content=\"de_DE\" \/>\n<meta property=\"og:type\" content=\"article\" \/>\n<meta property=\"og:title\" content=\"Bicchiere Whisky DOF Celestia St\u00f6lzle 42 cl. (6 Pz.) | KiwiStore\" \/>\n<meta property=\"og:description\" content=\"| Bicchiere Whisky DOF Celestia St\u00f6lzle 42 cl. (6 Pz.) KiwiStore\" \/>\n<meta property=\"og:url\" content=\"https:\/\/kiwistore.it\/de\/geschaft\/bicchiere-whisky-dof-celestia-stolzle-42-cl-6-pz\/\" \/>\n<meta property=\"og:site_name\" content=\"KiwiStore\" \/>\n<meta property=\"article:publisher\" content=\"https:\/\/www.facebook.com\/kiwistore.it\" \/>\n<meta property=\"article:modified_time\" content=\"2026-04-12T18:21:40+00:00\" \/>\n<meta property=\"og:image\" content=\"https:\/\/i0.wp.com\/kiwistore.it\/wp-content\/uploads\/2025\/10\/Whisky-Celestia-42-2.jpg?fit=800%2C800&ssl=1\" \/>\n\t<meta property=\"og:image:width\" content=\"800\" \/>\n\t<meta property=\"og:image:height\" content=\"800\" \/>\n\t<meta property=\"og:image:type\" content=\"image\/jpeg\" \/>\n<meta name=\"twitter:card\" content=\"summary_large_image\" \/>\n<meta name=\"twitter:label1\" content=\"Preis\" \/>\n\t<meta name=\"twitter:data1\" content=\"19,78&euro; IVA inclusa\" \/>\n\t<meta name=\"twitter:label2\" content=\"Verf\u00fcgbarkeit\" \/>\n\t<meta name=\"twitter:data2\" content=\"Auf Lager\" \/>\n<script type=\"application\/ld+json\" class=\"yoast-schema-graph\">{\"@context\":\"https:\/\/schema.org\",\"@graph\":[{\"@type\":\"WebPage\",\"@id\":\"https:\/\/kiwistore.it\/negozio\/bicchiere-whisky-dof-celestia-stolzle-42-cl-6-pz\/\",\"url\":\"https:\/\/kiwistore.it\/negozio\/bicchiere-whisky-dof-celestia-stolzle-42-cl-6-pz\/\",\"name\":\"Bicchiere Whisky DOF Celestia St\u00f6lzle 42 cl. (6 Pz.) | KiwiStore\",\"isPartOf\":{\"@id\":\"https:\/\/kiwistore.it\/#website\"},\"primaryImageOfPage\":{\"@id\":\"https:\/\/kiwistore.it\/negozio\/bicchiere-whisky-dof-celestia-stolzle-42-cl-6-pz\/#primaryimage\"},\"image\":{\"@id\":\"https:\/\/kiwistore.it\/negozio\/bicchiere-whisky-dof-celestia-stolzle-42-cl-6-pz\/#primaryimage\"},\"thumbnailUrl\":\"https:\/\/i0.wp.com\/kiwistore.it\/wp-content\/uploads\/2025\/10\/13662.jpg?fit=800%2C800&ssl=1\",\"datePublished\":\"2025-10-19T10:30:32+00:00\",\"dateModified\":\"2026-04-12T18:21:40+00:00\",\"description\":\"| Bicchiere Whisky DOF Celestia St\u00f6lzle 42 cl. (6 Pz.) KiwiStore\",\"breadcrumb\":{\"@id\":\"https:\/\/kiwistore.it\/negozio\/bicchiere-whisky-dof-celestia-stolzle-42-cl-6-pz\/#breadcrumb\"},\"inLanguage\":\"de\",\"potentialAction\":[{\"@type\":\"ReadAction\",\"target\":[\"https:\/\/kiwistore.it\/negozio\/bicchiere-whisky-dof-celestia-stolzle-42-cl-6-pz\/\"]}]},{\"@type\":\"ImageObject\",\"inLanguage\":\"de\",\"@id\":\"https:\/\/kiwistore.it\/negozio\/bicchiere-whisky-dof-celestia-stolzle-42-cl-6-pz\/#primaryimage\",\"url\":\"https:\/\/i0.wp.com\/kiwistore.it\/wp-content\/uploads\/2025\/10\/13662.jpg?fit=800%2C800&ssl=1\",\"contentUrl\":\"https:\/\/i0.wp.com\/kiwistore.it\/wp-content\/uploads\/2025\/10\/13662.jpg?fit=800%2C800&ssl=1\",\"width\":800,\"height\":800},{\"@type\":\"BreadcrumbList\",\"@id\":\"https:\/\/kiwistore.it\/negozio\/bicchiere-whisky-dof-celestia-stolzle-42-cl-6-pz\/#breadcrumb\",\"itemListElement\":[{\"@type\":\"ListItem\",\"position\":1,\"name\":\"Home\",\"item\":\"https:\/\/kiwistore.it\/en\/\"},{\"@type\":\"ListItem\",\"position\":2,\"name\":\"Shop\",\"item\":\"https:\/\/kiwistore.it\/en\/shop\/\"},{\"@type\":\"ListItem\",\"position\":3,\"name\":\"Bicchiere Whisky DOF Celestia St\u00f6lzle 42 cl. (6 Pz.)\"}]},{\"@type\":\"WebSite\",\"@id\":\"https:\/\/kiwistore.it\/#website\",\"url\":\"https:\/\/kiwistore.it\/\",\"name\":\"KiwiStore\",\"description\":\"Forniture alberghiere al Miglior Prezzo\",\"publisher\":{\"@id\":\"https:\/\/kiwistore.it\/#organization\"},\"potentialAction\":[{\"@type\":\"SearchAction\",\"target\":{\"@type\":\"EntryPoint\",\"urlTemplate\":\"https:\/\/kiwistore.it\/?s={search_term_string}\"},\"query-input\":{\"@type\":\"PropertyValueSpecification\",\"valueRequired\":true,\"valueName\":\"search_term_string\"}}],\"inLanguage\":\"de\"},{\"@type\":\"Organization\",\"@id\":\"https:\/\/kiwistore.it\/#organization\",\"name\":\"KiwiStore\",\"url\":\"https:\/\/kiwistore.it\/\",\"logo\":{\"@type\":\"ImageObject\",\"inLanguage\":\"de\",\"@id\":\"https:\/\/kiwistore.it\/#\/schema\/logo\/image\/\",\"url\":\"https:\/\/kiwistore.it\/wp-content\/uploads\/2021\/03\/cropped-LOGO-UMBERTO-03.png\",\"contentUrl\":\"https:\/\/kiwistore.it\/wp-content\/uploads\/2021\/03\/cropped-LOGO-UMBERTO-03.png\",\"width\":512,\"height\":512,\"caption\":\"KiwiStore\"},\"image\":{\"@id\":\"https:\/\/kiwistore.it\/#\/schema\/logo\/image\/\"},\"sameAs\":[\"https:\/\/www.facebook.com\/kiwistore.it\",\"https:\/\/www.instagram.com\/kiwistore.official\/\"],\"hasMerchantReturnPolicy\":{\"@type\":\"MerchantReturnPolicy\",\"merchantReturnLink\":\"https:\/\/kiwistore.it\/de\/refund_returns\/\"}}]}<\/script>\n<meta property=\"product:price:amount\" content=\"19.78\" \/>\n<meta property=\"product:price:currency\" content=\"EUR\" \/>\n<meta property=\"og:availability\" content=\"instock\" \/>\n<meta property=\"product:availability\" content=\"instock\" \/>\n<meta property=\"product:retailer_item_id\" content=\"24869\" \/>\n<meta property=\"product:condition\" content=\"new\" \/>\n<!-- \/ Yoast SEO plugin. -->","yoast_head_json":{"title":"Bicchiere Whisky DOF Celestia St\u00f6lzle 42 cl. (6 Pz.) | KiwiStore","description":"| Bicchiere Whisky DOF Celestia St\u00f6lzle 42 cl. (6 Pz.) KiwiStore","robots":{"index":"index","follow":"follow","max-snippet":"max-snippet:-1","max-image-preview":"max-image-preview:large","max-video-preview":"max-video-preview:-1"},"canonical":"https:\/\/kiwistore.it\/de\/geschaft\/bicchiere-whisky-dof-celestia-stolzle-42-cl-6-pz\/","og_locale":"de_DE","og_type":"article","og_title":"Bicchiere Whisky DOF Celestia St\u00f6lzle 42 cl. (6 Pz.) | KiwiStore","og_description":"| Bicchiere Whisky DOF Celestia St\u00f6lzle 42 cl. (6 Pz.) KiwiStore","og_url":"https:\/\/kiwistore.it\/de\/geschaft\/bicchiere-whisky-dof-celestia-stolzle-42-cl-6-pz\/","og_site_name":"KiwiStore","article_publisher":"https:\/\/www.facebook.com\/kiwistore.it","article_modified_time":"2026-04-12T18:21:40+00:00","og_image":[{"width":800,"height":800,"url":"https:\/\/i0.wp.com\/kiwistore.it\/wp-content\/uploads\/2025\/10\/Whisky-Celestia-42-2.jpg?fit=800%2C800&ssl=1","type":"image\/jpeg"}],"twitter_card":"summary_large_image","twitter_misc":{"Preis":"19,78&euro; IVA inclusa","Verf\u00fcgbarkeit":"Auf Lager"},"schema":{"@context":"https:\/\/schema.org","@graph":[{"@type":"WebPage","@id":"https:\/\/kiwistore.it\/negozio\/bicchiere-whisky-dof-celestia-stolzle-42-cl-6-pz\/","url":"https:\/\/kiwistore.it\/negozio\/bicchiere-whisky-dof-celestia-stolzle-42-cl-6-pz\/","name":"Bicchiere Whisky DOF Celestia St\u00f6lzle 42 cl. (6 Pz.) | KiwiStore","isPartOf":{"@id":"https:\/\/kiwistore.it\/#website"},"primaryImageOfPage":{"@id":"https:\/\/kiwistore.it\/negozio\/bicchiere-whisky-dof-celestia-stolzle-42-cl-6-pz\/#primaryimage"},"image":{"@id":"https:\/\/kiwistore.it\/negozio\/bicchiere-whisky-dof-celestia-stolzle-42-cl-6-pz\/#primaryimage"},"thumbnailUrl":"https:\/\/i0.wp.com\/kiwistore.it\/wp-content\/uploads\/2025\/10\/13662.jpg?fit=800%2C800&ssl=1","datePublished":"2025-10-19T10:30:32+00:00","dateModified":"2026-04-12T18:21:40+00:00","description":"| Bicchiere Whisky DOF Celestia St\u00f6lzle 42 cl. (6 Pz.) KiwiStore","breadcrumb":{"@id":"https:\/\/kiwistore.it\/negozio\/bicchiere-whisky-dof-celestia-stolzle-42-cl-6-pz\/#breadcrumb"},"inLanguage":"de","potentialAction":[{"@type":"ReadAction","target":["https:\/\/kiwistore.it\/negozio\/bicchiere-whisky-dof-celestia-stolzle-42-cl-6-pz\/"]}]},{"@type":"ImageObject","inLanguage":"de","@id":"https:\/\/kiwistore.it\/negozio\/bicchiere-whisky-dof-celestia-stolzle-42-cl-6-pz\/#primaryimage","url":"https:\/\/i0.wp.com\/kiwistore.it\/wp-content\/uploads\/2025\/10\/13662.jpg?fit=800%2C800&ssl=1","contentUrl":"https:\/\/i0.wp.com\/kiwistore.it\/wp-content\/uploads\/2025\/10\/13662.jpg?fit=800%2C800&ssl=1","width":800,"height":800},{"@type":"BreadcrumbList","@id":"https:\/\/kiwistore.it\/negozio\/bicchiere-whisky-dof-celestia-stolzle-42-cl-6-pz\/#breadcrumb","itemListElement":[{"@type":"ListItem","position":1,"name":"Home","item":"https:\/\/kiwistore.it\/en\/"},{"@type":"ListItem","position":2,"name":"Shop","item":"https:\/\/kiwistore.it\/en\/shop\/"},{"@type":"ListItem","position":3,"name":"Bicchiere Whisky DOF Celestia St\u00f6lzle 42 cl. (6 Pz.)"}]},{"@type":"WebSite","@id":"https:\/\/kiwistore.it\/#website","url":"https:\/\/kiwistore.it\/","name":"KiwiStore","description":"Hotelbedarf zum besten Preis","publisher":{"@id":"https:\/\/kiwistore.it\/#organization"},"potentialAction":[{"@type":"SearchAction","target":{"@type":"EntryPoint","urlTemplate":"https:\/\/kiwistore.it\/?s={search_term_string}"},"query-input":{"@type":"PropertyValueSpecification","valueRequired":true,"valueName":"search_term_string"}}],"inLanguage":"de"},{"@type":"Organization","@id":"https:\/\/kiwistore.it\/#organization","name":"KiwiStore","url":"https:\/\/kiwistore.it\/","logo":{"@type":"ImageObject","inLanguage":"de","@id":"https:\/\/kiwistore.it\/#\/schema\/logo\/image\/","url":"https:\/\/kiwistore.it\/wp-content\/uploads\/2021\/03\/cropped-LOGO-UMBERTO-03.png","contentUrl":"https:\/\/kiwistore.it\/wp-content\/uploads\/2021\/03\/cropped-LOGO-UMBERTO-03.png","width":512,"height":512,"caption":"KiwiStore"},"image":{"@id":"https:\/\/kiwistore.it\/#\/schema\/logo\/image\/"},"sameAs":["https:\/\/www.facebook.com\/kiwistore.it","https:\/\/www.instagram.com\/kiwistore.official\/"],"hasMerchantReturnPolicy":{"@type":"MerchantReturnPolicy","merchantReturnLink":"https:\/\/kiwistore.it\/de\/refund_returns\/"}}]},"product_price_amount":"19.78","product_price_currency":"EUR","og_availability":"instock","product_availability":"instock","product_retailer_item_id":"24869","product_condition":"new"},"_links":{"self":[{"href":"https:\/\/kiwistore.it\/de\/wp-json\/wp\/v2\/product\/60844","targetHints":{"allow":["GET"]}}],"collection":[{"href":"https:\/\/kiwistore.it\/de\/wp-json\/wp\/v2\/product"}],"about":[{"href":"https:\/\/kiwistore.it\/de\/wp-json\/wp\/v2\/types\/product"}],"wp:featuredmedia":[{"embeddable":true,"href":"https:\/\/kiwistore.it\/de\/wp-json\/wp\/v2\/media\/61496"}],"wp:attachment":[{"href":"https:\/\/kiwistore.it\/de\/wp-json\/wp\/v2\/media?parent=60844"}],"wp:term":[{"taxonomy":"product_brand","embeddable":true,"href":"https:\/\/kiwistore.it\/de\/wp-json\/wp\/v2\/product_brand?post=60844"},{"taxonomy":"product_cat","embeddable":true,"href":"https:\/\/kiwistore.it\/de\/wp-json\/wp\/v2\/product_cat?post=60844"},{"taxonomy":"product_tag","embeddable":true,"href":"https:\/\/kiwistore.it\/de\/wp-json\/wp\/v2\/product_tag?post=60844"}],"curies":[{"name":"wp","href":"https:\/\/api.w.org\/{rel}","templated":true}]}}