{"id":44792,"date":"2023-08-08T22:00:28","date_gmt":"2023-08-08T20:00:28","guid":{"rendered":"https:\/\/kiwistore.it\/negozio\/trudi-revolution-casseruola-1m-cm16-y0f3c10160\/"},"modified":"2026-05-05T08:24:26","modified_gmt":"2026-05-05T06:24:26","slug":"trudi-revolution-casseruola-1m-cm16-y0f3c10160","status":"publish","type":"product","link":"https:\/\/kiwistore.it\/de\/negozio\/trudi-revolution-casseruola-1m-cm16-y0f3c10160\/","title":{"rendered":"Trudi Revolution-Auflauf 1m cm16 y0f3c10160"},"content":{"rendered":"<ul>\n<li>Marke: Bialetti <\/li>\n<li>Serie: Trudi Revolution <\/li>\n<li>Packung: 1 St\u00fcck<\/li>\n<\/ul>","protected":false},"excerpt":{"rendered":"<p>TRADITION UND INNOVATION TREFFEN ZU DER NEUEN TRUDI REVOLUTION-LINIE. DAS MEISTGEBRAUCHTE, MEISTVERKAUFTE UND BELIEBTESTE GIBT ES IN EINER NEUEN VERSION, DIE F\u00dcR ALLE ARTEN VON KOCHFELDERN, EINSCHLIESSLICH INDUKTION, GEEIGNET IST. DIE LINIE PR\u00c4SENTIERT SICH MIT EINEM GEPUNKTETEN DESIGN, DAS IN EINEM MODERNEN STIL \u00dcBERARBEITET WURDE, MIT DEM LOGO AN DER WAND, DAS AN DAS HISTORISCHE TRUDI ERINNERT. DIESE NEUE VERSION WURDE AUCH MIT DER NEUEN PETRAVERA-BESCHICHTUNG F\u00dcR EINE H\u00d6HERE ABRASIONSBEST\u00c4NDIGKEIT UND AUSGEZEICHNETE ANTIHAFT-EIGENSCHAFTEN AUSGESTATTET<\/p>","protected":false},"featured_media":47623,"template":"","meta":[],"product_brand":[],"product_cat":[753],"product_tag":[],"class_list":{"0":"post-44792","1":"product","2":"type-product","3":"status-publish","4":"has-post-thumbnail","6":"product_cat-casseruola","8":"first","9":"outofstock","10":"sale","11":"taxable","12":"shipping-taxable","13":"purchasable","14":"product-type-simple"},"yoast_head":"<!-- This site is optimized with the Yoast SEO plugin v27.5 - https:\/\/yoast.com\/product\/yoast-seo-wordpress\/ -->\n<title>trudi revolution-casseruola 1m cm16 y0f3c10160 | KiwiStore<\/title>\n<meta name=\"description\" content=\"| trudi revolution-casseruola 1m cm16 y0f3c10160 KiwiStore\" \/>\n<meta name=\"robots\" content=\"index, follow, max-snippet:-1, max-image-preview:large, max-video-preview:-1\" \/>\n<link rel=\"canonical\" href=\"https:\/\/kiwistore.it\/de\/geschaft\/trudi-revolution-casseruola-1m-cm16-y0f3c10160\/\" \/>\n<meta property=\"og:locale\" content=\"de_DE\" \/>\n<meta property=\"og:type\" content=\"article\" \/>\n<meta property=\"og:title\" content=\"trudi revolution-casseruola 1m cm16 y0f3c10160 | KiwiStore\" \/>\n<meta property=\"og:description\" content=\"| trudi revolution-casseruola 1m cm16 y0f3c10160 KiwiStore\" \/>\n<meta property=\"og:url\" content=\"https:\/\/kiwistore.it\/de\/geschaft\/trudi-revolution-casseruola-1m-cm16-y0f3c10160\/\" \/>\n<meta property=\"og:site_name\" content=\"KiwiStore\" \/>\n<meta property=\"article:publisher\" content=\"https:\/\/www.facebook.com\/kiwistore.it\" \/>\n<meta property=\"article:modified_time\" content=\"2026-05-05T06:24:26+00:00\" \/>\n<meta property=\"og:image\" content=\"https:\/\/i0.wp.com\/kiwistore.it\/wp-content\/uploads\/2023\/09\/12025.jpg?fit=1200%2C1200&ssl=1\" \/>\n\t<meta property=\"og:image:width\" content=\"1200\" \/>\n\t<meta property=\"og:image:height\" content=\"1200\" \/>\n\t<meta property=\"og:image:type\" content=\"image\/jpeg\" \/>\n<meta name=\"twitter:card\" content=\"summary_large_image\" \/>\n<meta name=\"twitter:label1\" content=\"Preis\" \/>\n\t<meta name=\"twitter:data1\" content=\"14,57&euro; IVA inclusa\" \/>\n\t<meta name=\"twitter:label2\" content=\"Verf\u00fcgbarkeit\" \/>\n\t<meta name=\"twitter:data2\" content=\"ausverkauft\" \/>\n<script type=\"application\/ld+json\" class=\"yoast-schema-graph\">{\"@context\":\"https:\\\/\\\/schema.org\",\"@graph\":[{\"@type\":\"WebPage\",\"@id\":\"https:\\\/\\\/kiwistore.it\\\/negozio\\\/trudi-revolution-casseruola-1m-cm16-y0f3c10160\\\/\",\"url\":\"https:\\\/\\\/kiwistore.it\\\/negozio\\\/trudi-revolution-casseruola-1m-cm16-y0f3c10160\\\/\",\"name\":\"trudi revolution-casseruola 1m cm16 y0f3c10160 | KiwiStore\",\"isPartOf\":{\"@id\":\"https:\\\/\\\/kiwistore.it\\\/#website\"},\"primaryImageOfPage\":{\"@id\":\"https:\\\/\\\/kiwistore.it\\\/negozio\\\/trudi-revolution-casseruola-1m-cm16-y0f3c10160\\\/#primaryimage\"},\"image\":{\"@id\":\"https:\\\/\\\/kiwistore.it\\\/negozio\\\/trudi-revolution-casseruola-1m-cm16-y0f3c10160\\\/#primaryimage\"},\"thumbnailUrl\":\"https:\\\/\\\/i0.wp.com\\\/kiwistore.it\\\/wp-content\\\/uploads\\\/2023\\\/09\\\/12025.jpg?fit=1200%2C1200&ssl=1\",\"datePublished\":\"2023-08-08T20:00:28+00:00\",\"dateModified\":\"2026-05-05T06:24:26+00:00\",\"description\":\"| trudi revolution-casseruola 1m cm16 y0f3c10160 KiwiStore\",\"breadcrumb\":{\"@id\":\"https:\\\/\\\/kiwistore.it\\\/negozio\\\/trudi-revolution-casseruola-1m-cm16-y0f3c10160\\\/#breadcrumb\"},\"inLanguage\":\"de\",\"potentialAction\":[{\"@type\":\"ReadAction\",\"target\":[\"https:\\\/\\\/kiwistore.it\\\/negozio\\\/trudi-revolution-casseruola-1m-cm16-y0f3c10160\\\/\"]}]},{\"@type\":\"ImageObject\",\"inLanguage\":\"de\",\"@id\":\"https:\\\/\\\/kiwistore.it\\\/negozio\\\/trudi-revolution-casseruola-1m-cm16-y0f3c10160\\\/#primaryimage\",\"url\":\"https:\\\/\\\/i0.wp.com\\\/kiwistore.it\\\/wp-content\\\/uploads\\\/2023\\\/09\\\/12025.jpg?fit=1200%2C1200&ssl=1\",\"contentUrl\":\"https:\\\/\\\/i0.wp.com\\\/kiwistore.it\\\/wp-content\\\/uploads\\\/2023\\\/09\\\/12025.jpg?fit=1200%2C1200&ssl=1\",\"width\":1200,\"height\":1200},{\"@type\":\"BreadcrumbList\",\"@id\":\"https:\\\/\\\/kiwistore.it\\\/negozio\\\/trudi-revolution-casseruola-1m-cm16-y0f3c10160\\\/#breadcrumb\",\"itemListElement\":[{\"@type\":\"ListItem\",\"position\":1,\"name\":\"Home\",\"item\":\"https:\\\/\\\/kiwistore.it\\\/en\\\/\"},{\"@type\":\"ListItem\",\"position\":2,\"name\":\"Shop\",\"item\":\"https:\\\/\\\/kiwistore.it\\\/en\\\/shop\\\/\"},{\"@type\":\"ListItem\",\"position\":3,\"name\":\"trudi revolution-casseruola 1m cm16 y0f3c10160\"}]},{\"@type\":\"WebSite\",\"@id\":\"https:\\\/\\\/kiwistore.it\\\/#website\",\"url\":\"https:\\\/\\\/kiwistore.it\\\/\",\"name\":\"KiwiStore\",\"description\":\"Forniture alberghiere al Miglior Prezzo\",\"publisher\":{\"@id\":\"https:\\\/\\\/kiwistore.it\\\/#organization\"},\"potentialAction\":[{\"@type\":\"SearchAction\",\"target\":{\"@type\":\"EntryPoint\",\"urlTemplate\":\"https:\\\/\\\/kiwistore.it\\\/?s={search_term_string}\"},\"query-input\":{\"@type\":\"PropertyValueSpecification\",\"valueRequired\":true,\"valueName\":\"search_term_string\"}}],\"inLanguage\":\"de\"},{\"@type\":\"Organization\",\"@id\":\"https:\\\/\\\/kiwistore.it\\\/#organization\",\"name\":\"KiwiStore\",\"url\":\"https:\\\/\\\/kiwistore.it\\\/\",\"logo\":{\"@type\":\"ImageObject\",\"inLanguage\":\"de\",\"@id\":\"https:\\\/\\\/kiwistore.it\\\/#\\\/schema\\\/logo\\\/image\\\/\",\"url\":\"https:\\\/\\\/kiwistore.it\\\/wp-content\\\/uploads\\\/2021\\\/03\\\/cropped-LOGO-UMBERTO-03.png\",\"contentUrl\":\"https:\\\/\\\/kiwistore.it\\\/wp-content\\\/uploads\\\/2021\\\/03\\\/cropped-LOGO-UMBERTO-03.png\",\"width\":512,\"height\":512,\"caption\":\"KiwiStore\"},\"image\":{\"@id\":\"https:\\\/\\\/kiwistore.it\\\/#\\\/schema\\\/logo\\\/image\\\/\"},\"sameAs\":[\"https:\\\/\\\/www.facebook.com\\\/kiwistore.it\",\"https:\\\/\\\/www.instagram.com\\\/kiwistore.official\\\/\"],\"hasMerchantReturnPolicy\":{\"@type\":\"MerchantReturnPolicy\",\"merchantReturnLink\":\"https:\\\/\\\/kiwistore.it\\\/de\\\/refund_returns\\\/\"}}]}<\/script>\n<meta property=\"product:price:amount\" content=\"14.57\" \/>\n<meta property=\"product:price:currency\" content=\"EUR\" \/>\n<meta property=\"og:availability\" content=\"out of stock\" \/>\n<meta property=\"product:availability\" content=\"out of stock\" \/>\n<meta property=\"product:retailer_item_id\" content=\"10424\" \/>\n<meta property=\"product:condition\" content=\"new\" \/>\n<!-- \/ Yoast SEO plugin. -->","yoast_head_json":{"title":"trudi revolution-casseruola 1m cm16 y0f3c10160 | KiwiStore","description":"| trudi revolution-casseruola 1m cm16 y0f3c10160 KiwiStore","robots":{"index":"index","follow":"follow","max-snippet":"max-snippet:-1","max-image-preview":"max-image-preview:large","max-video-preview":"max-video-preview:-1"},"canonical":"https:\/\/kiwistore.it\/de\/geschaft\/trudi-revolution-casseruola-1m-cm16-y0f3c10160\/","og_locale":"de_DE","og_type":"article","og_title":"trudi revolution-casseruola 1m cm16 y0f3c10160 | KiwiStore","og_description":"| trudi revolution-casseruola 1m cm16 y0f3c10160 KiwiStore","og_url":"https:\/\/kiwistore.it\/de\/geschaft\/trudi-revolution-casseruola-1m-cm16-y0f3c10160\/","og_site_name":"KiwiStore","article_publisher":"https:\/\/www.facebook.com\/kiwistore.it","article_modified_time":"2026-05-05T06:24:26+00:00","og_image":[{"width":1200,"height":1200,"url":"https:\/\/i0.wp.com\/kiwistore.it\/wp-content\/uploads\/2023\/09\/12025.jpg?fit=1200%2C1200&ssl=1","type":"image\/jpeg"}],"twitter_card":"summary_large_image","twitter_misc":{"Preis":"14,57&euro; IVA inclusa","Verf\u00fcgbarkeit":"ausverkauft"},"schema":{"@context":"https:\/\/schema.org","@graph":[{"@type":"WebPage","@id":"https:\/\/kiwistore.it\/negozio\/trudi-revolution-casseruola-1m-cm16-y0f3c10160\/","url":"https:\/\/kiwistore.it\/negozio\/trudi-revolution-casseruola-1m-cm16-y0f3c10160\/","name":"trudi revolution-casseruola 1m cm16 y0f3c10160 | KiwiStore","isPartOf":{"@id":"https:\/\/kiwistore.it\/#website"},"primaryImageOfPage":{"@id":"https:\/\/kiwistore.it\/negozio\/trudi-revolution-casseruola-1m-cm16-y0f3c10160\/#primaryimage"},"image":{"@id":"https:\/\/kiwistore.it\/negozio\/trudi-revolution-casseruola-1m-cm16-y0f3c10160\/#primaryimage"},"thumbnailUrl":"https:\/\/i0.wp.com\/kiwistore.it\/wp-content\/uploads\/2023\/09\/12025.jpg?fit=1200%2C1200&ssl=1","datePublished":"2023-08-08T20:00:28+00:00","dateModified":"2026-05-05T06:24:26+00:00","description":"| trudi revolution-casseruola 1m cm16 y0f3c10160 KiwiStore","breadcrumb":{"@id":"https:\/\/kiwistore.it\/negozio\/trudi-revolution-casseruola-1m-cm16-y0f3c10160\/#breadcrumb"},"inLanguage":"de","potentialAction":[{"@type":"ReadAction","target":["https:\/\/kiwistore.it\/negozio\/trudi-revolution-casseruola-1m-cm16-y0f3c10160\/"]}]},{"@type":"ImageObject","inLanguage":"de","@id":"https:\/\/kiwistore.it\/negozio\/trudi-revolution-casseruola-1m-cm16-y0f3c10160\/#primaryimage","url":"https:\/\/i0.wp.com\/kiwistore.it\/wp-content\/uploads\/2023\/09\/12025.jpg?fit=1200%2C1200&ssl=1","contentUrl":"https:\/\/i0.wp.com\/kiwistore.it\/wp-content\/uploads\/2023\/09\/12025.jpg?fit=1200%2C1200&ssl=1","width":1200,"height":1200},{"@type":"BreadcrumbList","@id":"https:\/\/kiwistore.it\/negozio\/trudi-revolution-casseruola-1m-cm16-y0f3c10160\/#breadcrumb","itemListElement":[{"@type":"ListItem","position":1,"name":"Home","item":"https:\/\/kiwistore.it\/en\/"},{"@type":"ListItem","position":2,"name":"Shop","item":"https:\/\/kiwistore.it\/en\/shop\/"},{"@type":"ListItem","position":3,"name":"trudi revolution-casseruola 1m cm16 y0f3c10160"}]},{"@type":"WebSite","@id":"https:\/\/kiwistore.it\/#website","url":"https:\/\/kiwistore.it\/","name":"KiwiStore","description":"Hotelbedarf zum besten Preis","publisher":{"@id":"https:\/\/kiwistore.it\/#organization"},"potentialAction":[{"@type":"SearchAction","target":{"@type":"EntryPoint","urlTemplate":"https:\/\/kiwistore.it\/?s={search_term_string}"},"query-input":{"@type":"PropertyValueSpecification","valueRequired":true,"valueName":"search_term_string"}}],"inLanguage":"de"},{"@type":"Organization","@id":"https:\/\/kiwistore.it\/#organization","name":"KiwiStore","url":"https:\/\/kiwistore.it\/","logo":{"@type":"ImageObject","inLanguage":"de","@id":"https:\/\/kiwistore.it\/#\/schema\/logo\/image\/","url":"https:\/\/kiwistore.it\/wp-content\/uploads\/2021\/03\/cropped-LOGO-UMBERTO-03.png","contentUrl":"https:\/\/kiwistore.it\/wp-content\/uploads\/2021\/03\/cropped-LOGO-UMBERTO-03.png","width":512,"height":512,"caption":"KiwiStore"},"image":{"@id":"https:\/\/kiwistore.it\/#\/schema\/logo\/image\/"},"sameAs":["https:\/\/www.facebook.com\/kiwistore.it","https:\/\/www.instagram.com\/kiwistore.official\/"],"hasMerchantReturnPolicy":{"@type":"MerchantReturnPolicy","merchantReturnLink":"https:\/\/kiwistore.it\/de\/refund_returns\/"}}]},"product_price_amount":"14.57","product_price_currency":"EUR","og_availability":"out of stock","product_availability":"out of stock","product_retailer_item_id":"10424","product_condition":"new"},"_links":{"self":[{"href":"https:\/\/kiwistore.it\/de\/wp-json\/wp\/v2\/product\/44792","targetHints":{"allow":["GET"]}}],"collection":[{"href":"https:\/\/kiwistore.it\/de\/wp-json\/wp\/v2\/product"}],"about":[{"href":"https:\/\/kiwistore.it\/de\/wp-json\/wp\/v2\/types\/product"}],"wp:featuredmedia":[{"embeddable":true,"href":"https:\/\/kiwistore.it\/de\/wp-json\/wp\/v2\/media\/47623"}],"wp:attachment":[{"href":"https:\/\/kiwistore.it\/de\/wp-json\/wp\/v2\/media?parent=44792"}],"wp:term":[{"taxonomy":"product_brand","embeddable":true,"href":"https:\/\/kiwistore.it\/de\/wp-json\/wp\/v2\/product_brand?post=44792"},{"taxonomy":"product_cat","embeddable":true,"href":"https:\/\/kiwistore.it\/de\/wp-json\/wp\/v2\/product_cat?post=44792"},{"taxonomy":"product_tag","embeddable":true,"href":"https:\/\/kiwistore.it\/de\/wp-json\/wp\/v2\/product_tag?post=44792"}],"curies":[{"name":"wp","href":"https:\/\/api.w.org\/{rel}","templated":true}]}}