{"id":43910,"date":"2023-07-18T09:35:41","date_gmt":"2023-07-18T07:35:41","guid":{"rendered":"https:\/\/kiwistore.it\/negozio\/florence-embossed-gourmet-piatto-piano-cm-28-interno-cm-125-st00017028\/"},"modified":"2026-04-19T20:35:12","modified_gmt":"2026-04-19T18:35:12","slug":"gourmet-essteller-mit-florenz-pragung-28-cm-innenmas-125-cm-st00017028","status":"publish","type":"product","link":"https:\/\/kiwistore.it\/de\/negozio\/florence-embossed-gourmet-piatto-piano-cm-28-interno-cm-125-st00017028\/","title":{"rendered":"Gourmet-Speiseteller mit Florenz-Pr\u00e4gung, 28 cm, Innendurchmesser 12,5 cm, st00017028"},"content":{"rendered":"<ul>\n<li>Marke: Star Porcelain<\/li>\n<li>Paket: 6 St\u00fcck<\/li>\n<\/ul>","protected":false},"excerpt":{"rendered":"<p>Sehr feines Porzellan mit weicher Masse, geeignet f\u00fcr die raffiniertesten und elegantesten Tische. Die Vielfalt der Formen erm\u00f6glicht eine ideale Anrichtenung f\u00fcr jedes Gericht und betont gleichzeitig die Harmonien und Farben.<\/p>","protected":false},"featured_media":46969,"template":"","meta":[],"product_brand":[],"product_cat":[690],"product_tag":[],"class_list":{"0":"post-43910","1":"product","2":"type-product","3":"status-publish","4":"has-post-thumbnail","6":"product_cat-piatti-piani","8":"first","9":"onbackorder","10":"taxable","11":"shipping-taxable","12":"purchasable","13":"product-type-simple"},"yoast_head":"<!-- This site is optimized with the Yoast SEO plugin v27.2 - https:\/\/yoast.com\/product\/yoast-seo-wordpress\/ -->\n<title>florence embossed-gourmet piatto piano cm 28 interno cm 12,5  st00017028 | KiwiStore<\/title>\n<meta name=\"description\" content=\"| florence embossed-gourmet piatto piano cm 28 interno cm 12,5  st00017028 KiwiStore\" \/>\n<meta name=\"robots\" content=\"index, follow, max-snippet:-1, max-image-preview:large, max-video-preview:-1\" \/>\n<link rel=\"canonical\" href=\"https:\/\/kiwistore.it\/de\/geschaft\/gourmet-essteller-mit-florenz-pragung-28-cm-innenmas-125-cm-st00017028\/\" \/>\n<meta property=\"og:locale\" content=\"de_DE\" \/>\n<meta property=\"og:type\" content=\"article\" \/>\n<meta property=\"og:title\" content=\"florence embossed-gourmet piatto piano cm 28 interno cm 12,5  st00017028 | KiwiStore\" \/>\n<meta property=\"og:description\" content=\"| florence embossed-gourmet piatto piano cm 28 interno cm 12,5  st00017028 KiwiStore\" \/>\n<meta property=\"og:url\" content=\"https:\/\/kiwistore.it\/de\/geschaft\/gourmet-essteller-mit-florenz-pragung-28-cm-innenmas-125-cm-st00017028\/\" \/>\n<meta property=\"og:site_name\" content=\"KiwiStore\" \/>\n<meta property=\"article:publisher\" content=\"https:\/\/www.facebook.com\/kiwistore.it\" \/>\n<meta property=\"article:modified_time\" content=\"2026-04-19T18:35:12+00:00\" \/>\n<meta property=\"og:image\" content=\"https:\/\/i0.wp.com\/kiwistore.it\/wp-content\/uploads\/2023\/09\/11110.jpg?fit=1200%2C1200&ssl=1\" \/>\n\t<meta property=\"og:image:width\" content=\"1200\" \/>\n\t<meta property=\"og:image:height\" content=\"1200\" \/>\n\t<meta property=\"og:image:type\" content=\"image\/jpeg\" \/>\n<meta name=\"twitter:card\" content=\"summary_large_image\" \/>\n<meta name=\"twitter:label1\" content=\"Preis\" \/>\n\t<meta name=\"twitter:data1\" content=\"37,00&euro; IVA inclusa\" \/>\n\t<meta name=\"twitter:label2\" content=\"Verf\u00fcgbarkeit\" \/>\n\t<meta name=\"twitter:data2\" content=\"bei Nachbestellung\" \/>\n<script type=\"application\/ld+json\" class=\"yoast-schema-graph\">{\"@context\":\"https:\/\/schema.org\",\"@graph\":[{\"@type\":\"WebPage\",\"@id\":\"https:\/\/kiwistore.it\/negozio\/florence-embossed-gourmet-piatto-piano-cm-28-interno-cm-125-st00017028\/\",\"url\":\"https:\/\/kiwistore.it\/negozio\/florence-embossed-gourmet-piatto-piano-cm-28-interno-cm-125-st00017028\/\",\"name\":\"florence embossed-gourmet piatto piano cm 28 interno cm 12,5 st00017028 | KiwiStore\",\"isPartOf\":{\"@id\":\"https:\/\/kiwistore.it\/#website\"},\"primaryImageOfPage\":{\"@id\":\"https:\/\/kiwistore.it\/negozio\/florence-embossed-gourmet-piatto-piano-cm-28-interno-cm-125-st00017028\/#primaryimage\"},\"image\":{\"@id\":\"https:\/\/kiwistore.it\/negozio\/florence-embossed-gourmet-piatto-piano-cm-28-interno-cm-125-st00017028\/#primaryimage\"},\"thumbnailUrl\":\"https:\/\/i0.wp.com\/kiwistore.it\/wp-content\/uploads\/2023\/09\/11110.jpg?fit=1200%2C1200&ssl=1\",\"datePublished\":\"2023-07-18T07:35:41+00:00\",\"dateModified\":\"2026-04-19T18:35:12+00:00\",\"description\":\"| florence embossed-gourmet piatto piano cm 28 interno cm 12,5 st00017028 KiwiStore\",\"breadcrumb\":{\"@id\":\"https:\/\/kiwistore.it\/negozio\/florence-embossed-gourmet-piatto-piano-cm-28-interno-cm-125-st00017028\/#breadcrumb\"},\"inLanguage\":\"de\",\"potentialAction\":[{\"@type\":\"ReadAction\",\"target\":[\"https:\/\/kiwistore.it\/negozio\/florence-embossed-gourmet-piatto-piano-cm-28-interno-cm-125-st00017028\/\"]}]},{\"@type\":\"ImageObject\",\"inLanguage\":\"de\",\"@id\":\"https:\/\/kiwistore.it\/negozio\/florence-embossed-gourmet-piatto-piano-cm-28-interno-cm-125-st00017028\/#primaryimage\",\"url\":\"https:\/\/i0.wp.com\/kiwistore.it\/wp-content\/uploads\/2023\/09\/11110.jpg?fit=1200%2C1200&ssl=1\",\"contentUrl\":\"https:\/\/i0.wp.com\/kiwistore.it\/wp-content\/uploads\/2023\/09\/11110.jpg?fit=1200%2C1200&ssl=1\",\"width\":1200,\"height\":1200},{\"@type\":\"BreadcrumbList\",\"@id\":\"https:\/\/kiwistore.it\/negozio\/florence-embossed-gourmet-piatto-piano-cm-28-interno-cm-125-st00017028\/#breadcrumb\",\"itemListElement\":[{\"@type\":\"ListItem\",\"position\":1,\"name\":\"Home\",\"item\":\"https:\/\/kiwistore.it\/en\/\"},{\"@type\":\"ListItem\",\"position\":2,\"name\":\"Shop\",\"item\":\"https:\/\/kiwistore.it\/en\/shop\/\"},{\"@type\":\"ListItem\",\"position\":3,\"name\":\"florence embossed-gourmet piatto piano cm 28 interno cm 12,5 st00017028\"}]},{\"@type\":\"WebSite\",\"@id\":\"https:\/\/kiwistore.it\/#website\",\"url\":\"https:\/\/kiwistore.it\/\",\"name\":\"KiwiStore\",\"description\":\"Forniture alberghiere al Miglior Prezzo\",\"publisher\":{\"@id\":\"https:\/\/kiwistore.it\/#organization\"},\"potentialAction\":[{\"@type\":\"SearchAction\",\"target\":{\"@type\":\"EntryPoint\",\"urlTemplate\":\"https:\/\/kiwistore.it\/?s={search_term_string}\"},\"query-input\":{\"@type\":\"PropertyValueSpecification\",\"valueRequired\":true,\"valueName\":\"search_term_string\"}}],\"inLanguage\":\"de\"},{\"@type\":\"Organization\",\"@id\":\"https:\/\/kiwistore.it\/#organization\",\"name\":\"KiwiStore\",\"url\":\"https:\/\/kiwistore.it\/\",\"logo\":{\"@type\":\"ImageObject\",\"inLanguage\":\"de\",\"@id\":\"https:\/\/kiwistore.it\/#\/schema\/logo\/image\/\",\"url\":\"https:\/\/kiwistore.it\/wp-content\/uploads\/2021\/03\/cropped-LOGO-UMBERTO-03.png\",\"contentUrl\":\"https:\/\/kiwistore.it\/wp-content\/uploads\/2021\/03\/cropped-LOGO-UMBERTO-03.png\",\"width\":512,\"height\":512,\"caption\":\"KiwiStore\"},\"image\":{\"@id\":\"https:\/\/kiwistore.it\/#\/schema\/logo\/image\/\"},\"sameAs\":[\"https:\/\/www.facebook.com\/kiwistore.it\",\"https:\/\/www.instagram.com\/kiwistore.official\/\"],\"hasMerchantReturnPolicy\":{\"@type\":\"MerchantReturnPolicy\",\"merchantReturnLink\":\"https:\/\/kiwistore.it\/de\/refund_returns\/\"}}]}<\/script>\n<meta property=\"product:price:amount\" content=\"37.00\" \/>\n<meta property=\"product:price:currency\" content=\"EUR\" \/>\n<meta property=\"og:availability\" content=\"backorder\" \/>\n<meta property=\"product:availability\" content=\"available for order\" \/>\n<meta property=\"product:retailer_item_id\" content=\"8799\" \/>\n<meta property=\"product:condition\" content=\"new\" \/>\n<!-- \/ Yoast SEO plugin. -->","yoast_head_json":{"title":"florence embossed-gourmet piatto piano cm 28 interno cm 12,5  st00017028 | KiwiStore","description":"| florence embossed-gourmet piatto piano cm 28 interno cm 12,5  st00017028 KiwiStore","robots":{"index":"index","follow":"follow","max-snippet":"max-snippet:-1","max-image-preview":"max-image-preview:large","max-video-preview":"max-video-preview:-1"},"canonical":"https:\/\/kiwistore.it\/de\/geschaft\/gourmet-essteller-mit-florenz-pragung-28-cm-innenmas-125-cm-st00017028\/","og_locale":"de_DE","og_type":"article","og_title":"florence embossed-gourmet piatto piano cm 28 interno cm 12,5  st00017028 | KiwiStore","og_description":"| florence embossed-gourmet piatto piano cm 28 interno cm 12,5  st00017028 KiwiStore","og_url":"https:\/\/kiwistore.it\/de\/geschaft\/gourmet-essteller-mit-florenz-pragung-28-cm-innenmas-125-cm-st00017028\/","og_site_name":"KiwiStore","article_publisher":"https:\/\/www.facebook.com\/kiwistore.it","article_modified_time":"2026-04-19T18:35:12+00:00","og_image":[{"width":1200,"height":1200,"url":"https:\/\/i0.wp.com\/kiwistore.it\/wp-content\/uploads\/2023\/09\/11110.jpg?fit=1200%2C1200&ssl=1","type":"image\/jpeg"}],"twitter_card":"summary_large_image","twitter_misc":{"Preis":"37,00&euro; IVA inclusa","Verf\u00fcgbarkeit":"bei Nachbestellung"},"schema":{"@context":"https:\/\/schema.org","@graph":[{"@type":"WebPage","@id":"https:\/\/kiwistore.it\/negozio\/florence-embossed-gourmet-piatto-piano-cm-28-interno-cm-125-st00017028\/","url":"https:\/\/kiwistore.it\/negozio\/florence-embossed-gourmet-piatto-piano-cm-28-interno-cm-125-st00017028\/","name":"Gourmet-Speiseteller mit Florenz-Pr\u00e4gung, 28 cm, Innendurchmesser 12,5 cm, st00017028 | KiwiStore","isPartOf":{"@id":"https:\/\/kiwistore.it\/#website"},"primaryImageOfPage":{"@id":"https:\/\/kiwistore.it\/negozio\/florence-embossed-gourmet-piatto-piano-cm-28-interno-cm-125-st00017028\/#primaryimage"},"image":{"@id":"https:\/\/kiwistore.it\/negozio\/florence-embossed-gourmet-piatto-piano-cm-28-interno-cm-125-st00017028\/#primaryimage"},"thumbnailUrl":"https:\/\/i0.wp.com\/kiwistore.it\/wp-content\/uploads\/2023\/09\/11110.jpg?fit=1200%2C1200&ssl=1","datePublished":"2023-07-18T07:35:41+00:00","dateModified":"2026-04-19T18:35:12+00:00","description":"| florence embossed-gourmet piatto piano cm 28 interno cm 12,5 st00017028 KiwiStore","breadcrumb":{"@id":"https:\/\/kiwistore.it\/negozio\/florence-embossed-gourmet-piatto-piano-cm-28-interno-cm-125-st00017028\/#breadcrumb"},"inLanguage":"de","potentialAction":[{"@type":"ReadAction","target":["https:\/\/kiwistore.it\/negozio\/florence-embossed-gourmet-piatto-piano-cm-28-interno-cm-125-st00017028\/"]}]},{"@type":"ImageObject","inLanguage":"de","@id":"https:\/\/kiwistore.it\/negozio\/florence-embossed-gourmet-piatto-piano-cm-28-interno-cm-125-st00017028\/#primaryimage","url":"https:\/\/i0.wp.com\/kiwistore.it\/wp-content\/uploads\/2023\/09\/11110.jpg?fit=1200%2C1200&ssl=1","contentUrl":"https:\/\/i0.wp.com\/kiwistore.it\/wp-content\/uploads\/2023\/09\/11110.jpg?fit=1200%2C1200&ssl=1","width":1200,"height":1200},{"@type":"BreadcrumbList","@id":"https:\/\/kiwistore.it\/negozio\/florence-embossed-gourmet-piatto-piano-cm-28-interno-cm-125-st00017028\/#breadcrumb","itemListElement":[{"@type":"ListItem","position":1,"name":"Home","item":"https:\/\/kiwistore.it\/en\/"},{"@type":"ListItem","position":2,"name":"Shop","item":"https:\/\/kiwistore.it\/en\/shop\/"},{"@type":"ListItem","position":3,"name":"florence embossed-gourmet piatto piano cm 28 interno cm 12,5 st00017028"}]},{"@type":"WebSite","@id":"https:\/\/kiwistore.it\/#website","url":"https:\/\/kiwistore.it\/","name":"KiwiStore","description":"Hotelbedarf zum besten Preis","publisher":{"@id":"https:\/\/kiwistore.it\/#organization"},"potentialAction":[{"@type":"SearchAction","target":{"@type":"EntryPoint","urlTemplate":"https:\/\/kiwistore.it\/?s={search_term_string}"},"query-input":{"@type":"PropertyValueSpecification","valueRequired":true,"valueName":"search_term_string"}}],"inLanguage":"de"},{"@type":"Organization","@id":"https:\/\/kiwistore.it\/#organization","name":"KiwiStore","url":"https:\/\/kiwistore.it\/","logo":{"@type":"ImageObject","inLanguage":"de","@id":"https:\/\/kiwistore.it\/#\/schema\/logo\/image\/","url":"https:\/\/kiwistore.it\/wp-content\/uploads\/2021\/03\/cropped-LOGO-UMBERTO-03.png","contentUrl":"https:\/\/kiwistore.it\/wp-content\/uploads\/2021\/03\/cropped-LOGO-UMBERTO-03.png","width":512,"height":512,"caption":"KiwiStore"},"image":{"@id":"https:\/\/kiwistore.it\/#\/schema\/logo\/image\/"},"sameAs":["https:\/\/www.facebook.com\/kiwistore.it","https:\/\/www.instagram.com\/kiwistore.official\/"],"hasMerchantReturnPolicy":{"@type":"MerchantReturnPolicy","merchantReturnLink":"https:\/\/kiwistore.it\/de\/refund_returns\/"}}]},"product_price_amount":"37.00","product_price_currency":"EUR","og_availability":"backorder","product_availability":"available for order","product_retailer_item_id":"8799","product_condition":"new"},"_links":{"self":[{"href":"https:\/\/kiwistore.it\/de\/wp-json\/wp\/v2\/product\/43910","targetHints":{"allow":["GET"]}}],"collection":[{"href":"https:\/\/kiwistore.it\/de\/wp-json\/wp\/v2\/product"}],"about":[{"href":"https:\/\/kiwistore.it\/de\/wp-json\/wp\/v2\/types\/product"}],"wp:featuredmedia":[{"embeddable":true,"href":"https:\/\/kiwistore.it\/de\/wp-json\/wp\/v2\/media\/46969"}],"wp:attachment":[{"href":"https:\/\/kiwistore.it\/de\/wp-json\/wp\/v2\/media?parent=43910"}],"wp:term":[{"taxonomy":"product_brand","embeddable":true,"href":"https:\/\/kiwistore.it\/de\/wp-json\/wp\/v2\/product_brand?post=43910"},{"taxonomy":"product_cat","embeddable":true,"href":"https:\/\/kiwistore.it\/de\/wp-json\/wp\/v2\/product_cat?post=43910"},{"taxonomy":"product_tag","embeddable":true,"href":"https:\/\/kiwistore.it\/de\/wp-json\/wp\/v2\/product_tag?post=43910"}],"curies":[{"name":"wp","href":"https:\/\/api.w.org\/{rel}","templated":true}]}}