{"id":42574,"date":"2023-07-14T22:26:51","date_gmt":"2023-07-14T20:26:51","guid":{"rendered":"https:\/\/kiwistore.it\/negozio\/arianna-antiaderente-tortiera-28-1-fondo\/"},"modified":"2026-04-03T09:38:06","modified_gmt":"2026-04-03T07:38:06","slug":"arianna-antihaft-kuchenform-28-1-boden","status":"publish","type":"product","link":"https:\/\/kiwistore.it\/de\/negozio\/arianna-antiaderente-tortiera-28-1-fondo\/","title":{"rendered":"Arianna Antihaft-Kuchenform mit 28-1 Boden"},"content":{"rendered":"<ul>\n<li>Marke: Guardini<\/li>\n<li>Packung: 1 St\u00fcck<\/li>\n<\/ul>","protected":false},"excerpt":{"rendered":"<p>ARIANNA ANTIHAFT-KUCHENFORM, 28-1 BODEN 55128. ARIANNA ANTIHAFT-KUCHENFORM. ARTIKEL ERH\u00c4LTLICH IN VIELEN HOCHWERTIGEN ANTIHAFTBESCHICHTUNGEN. EIN BREITES UND VIELF\u00c4LTIGES SORTIMENT AN B\u00c4CKERFORMEN, UM DESSERS, PIZZAS, BRATEN UND LASAGNE MIT W\u00c4RME UND FANTASIE ZU KOCHEN UND MOMENTE MIT DER FAMILIE ODER MIT FREUNDEN MIT GL\u00dcCKLICHKEIT UND GESELLSCHAFT ZU BEREICHERN. HERGESTELLT AUS HI-TOP-STAHL MIT KLASSISCHER TEFLON-ANTIHAFTBESCHICHTUNG VON DUPONT EINSCHICHTIG, ARIANNA REPR\u00c4SENTIERT DIE TRADITION VON CASA GUARDINI. AUSGEZEICHNETE ANTIHAFT- UND W\u00c4RMELEITF\u00c4HIGKEITSEIGENSCHAFTEN MACHEN DIESE LINIE ZU EINER AUSGEZEICHNETEN L\u00d6SUNG, UM PERFEKTE KOCH- UND VERFORMBARKEITSERGEBNISSE ZU ERZIELEN.<\/p>","protected":false},"featured_media":42573,"template":"","meta":[],"product_brand":[],"product_cat":[879],"product_tag":[],"class_list":{"0":"post-42574","1":"product","2":"type-product","3":"status-publish","4":"has-post-thumbnail","6":"product_cat-tortiere","8":"first","9":"onbackorder","10":"sale","11":"taxable","12":"shipping-taxable","13":"purchasable","14":"product-type-simple"},"yoast_head":"<!-- This site is optimized with the Yoast SEO plugin v27.2 - https:\/\/yoast.com\/product\/yoast-seo-wordpress\/ -->\n<title>arianna antiaderente tortiera 28-1 fondo | KiwiStore<\/title>\n<meta name=\"description\" content=\"| arianna antiaderente tortiera 28-1 fondo KiwiStore\" \/>\n<meta name=\"robots\" content=\"index, follow, max-snippet:-1, max-image-preview:large, max-video-preview:-1\" \/>\n<link rel=\"canonical\" href=\"https:\/\/kiwistore.it\/de\/geschaft\/arianna-antihaft-kuchenform-28-1-boden\/\" \/>\n<meta property=\"og:locale\" content=\"de_DE\" \/>\n<meta property=\"og:type\" content=\"article\" \/>\n<meta property=\"og:title\" content=\"arianna antiaderente tortiera 28-1 fondo | KiwiStore\" \/>\n<meta property=\"og:description\" content=\"| arianna antiaderente tortiera 28-1 fondo KiwiStore\" \/>\n<meta property=\"og:url\" content=\"https:\/\/kiwistore.it\/de\/geschaft\/arianna-antihaft-kuchenform-28-1-boden\/\" \/>\n<meta property=\"og:site_name\" content=\"KiwiStore\" \/>\n<meta property=\"article:publisher\" content=\"https:\/\/www.facebook.com\/kiwistore.it\" \/>\n<meta property=\"article:modified_time\" content=\"2026-04-03T07:38:06+00:00\" \/>\n<meta property=\"og:image\" content=\"https:\/\/i0.wp.com\/kiwistore.it\/wp-content\/uploads\/2023\/07\/ARIANNA-ANTIADERENTE-TORTIERA-24-1-FONDO-55124_17098800_HYHG-scaled-wpp1692091533285.jpg?fit=1200%2C1200&ssl=1\" \/>\n\t<meta property=\"og:image:width\" content=\"1200\" \/>\n\t<meta property=\"og:image:height\" content=\"1200\" \/>\n\t<meta property=\"og:image:type\" content=\"image\/jpeg\" \/>\n<meta name=\"twitter:card\" content=\"summary_large_image\" \/>\n<meta name=\"twitter:label1\" content=\"Preis\" \/>\n\t<meta name=\"twitter:data1\" content=\"12,88&euro; IVA inclusa\" \/>\n\t<meta name=\"twitter:label2\" content=\"Verf\u00fcgbarkeit\" \/>\n\t<meta name=\"twitter:data2\" content=\"bei Nachbestellung\" \/>\n<script type=\"application\/ld+json\" class=\"yoast-schema-graph\">{\"@context\":\"https:\/\/schema.org\",\"@graph\":[{\"@type\":\"WebPage\",\"@id\":\"https:\/\/kiwistore.it\/negozio\/arianna-antiaderente-tortiera-28-1-fondo\/\",\"url\":\"https:\/\/kiwistore.it\/negozio\/arianna-antiaderente-tortiera-28-1-fondo\/\",\"name\":\"arianna antiaderente tortiera 28-1 fondo | KiwiStore\",\"isPartOf\":{\"@id\":\"https:\/\/kiwistore.it\/#website\"},\"primaryImageOfPage\":{\"@id\":\"https:\/\/kiwistore.it\/negozio\/arianna-antiaderente-tortiera-28-1-fondo\/#primaryimage\"},\"image\":{\"@id\":\"https:\/\/kiwistore.it\/negozio\/arianna-antiaderente-tortiera-28-1-fondo\/#primaryimage\"},\"thumbnailUrl\":\"https:\/\/i0.wp.com\/kiwistore.it\/wp-content\/uploads\/2023\/07\/ARIANNA-ANTIADERENTE-TORTIERA-24-1-FONDO-55124_17098800_HYHG-scaled-wpp1692091533285.jpg?fit=1200%2C1200&ssl=1\",\"datePublished\":\"2023-07-14T20:26:51+00:00\",\"dateModified\":\"2026-04-03T07:38:06+00:00\",\"description\":\"| arianna antiaderente tortiera 28-1 fondo KiwiStore\",\"breadcrumb\":{\"@id\":\"https:\/\/kiwistore.it\/negozio\/arianna-antiaderente-tortiera-28-1-fondo\/#breadcrumb\"},\"inLanguage\":\"de\",\"potentialAction\":[{\"@type\":\"ReadAction\",\"target\":[\"https:\/\/kiwistore.it\/negozio\/arianna-antiaderente-tortiera-28-1-fondo\/\"]}]},{\"@type\":\"ImageObject\",\"inLanguage\":\"de\",\"@id\":\"https:\/\/kiwistore.it\/negozio\/arianna-antiaderente-tortiera-28-1-fondo\/#primaryimage\",\"url\":\"https:\/\/i0.wp.com\/kiwistore.it\/wp-content\/uploads\/2023\/07\/ARIANNA-ANTIADERENTE-TORTIERA-24-1-FONDO-55124_17098800_HYHG-scaled-wpp1692091533285.jpg?fit=1200%2C1200&ssl=1\",\"contentUrl\":\"https:\/\/i0.wp.com\/kiwistore.it\/wp-content\/uploads\/2023\/07\/ARIANNA-ANTIADERENTE-TORTIERA-24-1-FONDO-55124_17098800_HYHG-scaled-wpp1692091533285.jpg?fit=1200%2C1200&ssl=1\",\"width\":1200,\"height\":1200},{\"@type\":\"BreadcrumbList\",\"@id\":\"https:\/\/kiwistore.it\/negozio\/arianna-antiaderente-tortiera-28-1-fondo\/#breadcrumb\",\"itemListElement\":[{\"@type\":\"ListItem\",\"position\":1,\"name\":\"Home\",\"item\":\"https:\/\/kiwistore.it\/en\/\"},{\"@type\":\"ListItem\",\"position\":2,\"name\":\"Shop\",\"item\":\"https:\/\/kiwistore.it\/en\/shop\/\"},{\"@type\":\"ListItem\",\"position\":3,\"name\":\"arianna antiaderente tortiera 28-1 fondo\"}]},{\"@type\":\"WebSite\",\"@id\":\"https:\/\/kiwistore.it\/#website\",\"url\":\"https:\/\/kiwistore.it\/\",\"name\":\"KiwiStore\",\"description\":\"Forniture alberghiere al Miglior Prezzo\",\"publisher\":{\"@id\":\"https:\/\/kiwistore.it\/#organization\"},\"potentialAction\":[{\"@type\":\"SearchAction\",\"target\":{\"@type\":\"EntryPoint\",\"urlTemplate\":\"https:\/\/kiwistore.it\/?s={search_term_string}\"},\"query-input\":{\"@type\":\"PropertyValueSpecification\",\"valueRequired\":true,\"valueName\":\"search_term_string\"}}],\"inLanguage\":\"de\"},{\"@type\":\"Organization\",\"@id\":\"https:\/\/kiwistore.it\/#organization\",\"name\":\"KiwiStore\",\"url\":\"https:\/\/kiwistore.it\/\",\"logo\":{\"@type\":\"ImageObject\",\"inLanguage\":\"de\",\"@id\":\"https:\/\/kiwistore.it\/#\/schema\/logo\/image\/\",\"url\":\"https:\/\/kiwistore.it\/wp-content\/uploads\/2021\/03\/cropped-LOGO-UMBERTO-03.png\",\"contentUrl\":\"https:\/\/kiwistore.it\/wp-content\/uploads\/2021\/03\/cropped-LOGO-UMBERTO-03.png\",\"width\":512,\"height\":512,\"caption\":\"KiwiStore\"},\"image\":{\"@id\":\"https:\/\/kiwistore.it\/#\/schema\/logo\/image\/\"},\"sameAs\":[\"https:\/\/www.facebook.com\/kiwistore.it\",\"https:\/\/www.instagram.com\/kiwistore.official\/\"],\"hasMerchantReturnPolicy\":{\"@type\":\"MerchantReturnPolicy\",\"merchantReturnLink\":\"https:\/\/kiwistore.it\/de\/refund_returns\/\"}}]}<\/script>\n<meta property=\"product:price:amount\" content=\"12.88\" \/>\n<meta property=\"product:price:currency\" content=\"EUR\" \/>\n<meta property=\"og:availability\" content=\"backorder\" \/>\n<meta property=\"product:availability\" content=\"available for order\" \/>\n<meta property=\"product:retailer_item_id\" content=\"17099000\" \/>\n<meta property=\"product:condition\" content=\"new\" \/>\n<!-- \/ Yoast SEO plugin. -->","yoast_head_json":{"title":"Arianna Antihaft-Kuchenform 28-1 Boden | KiwiStore","description":"| arianna antiaderente tortiera 28-1 fondo KiwiStore","robots":{"index":"index","follow":"follow","max-snippet":"max-snippet:-1","max-image-preview":"max-image-preview:large","max-video-preview":"max-video-preview:-1"},"canonical":"https:\/\/kiwistore.it\/de\/geschaft\/arianna-antihaft-kuchenform-28-1-boden\/","og_locale":"de_DE","og_type":"article","og_title":"arianna antiaderente tortiera 28-1 fondo | KiwiStore","og_description":"| arianna antiaderente tortiera 28-1 fondo KiwiStore","og_url":"https:\/\/kiwistore.it\/de\/geschaft\/arianna-antihaft-kuchenform-28-1-boden\/","og_site_name":"KiwiStore","article_publisher":"https:\/\/www.facebook.com\/kiwistore.it","article_modified_time":"2026-04-03T07:38:06+00:00","og_image":[{"width":1200,"height":1200,"url":"https:\/\/i0.wp.com\/kiwistore.it\/wp-content\/uploads\/2023\/07\/ARIANNA-ANTIADERENTE-TORTIERA-24-1-FONDO-55124_17098800_HYHG-scaled-wpp1692091533285.jpg?fit=1200%2C1200&ssl=1","type":"image\/jpeg"}],"twitter_card":"summary_large_image","twitter_misc":{"Preis":"12,88&euro; IVA inclusa","Verf\u00fcgbarkeit":"bei Nachbestellung"},"schema":{"@context":"https:\/\/schema.org","@graph":[{"@type":"WebPage","@id":"https:\/\/kiwistore.it\/negozio\/arianna-antiaderente-tortiera-28-1-fondo\/","url":"https:\/\/kiwistore.it\/negozio\/arianna-antiaderente-tortiera-28-1-fondo\/","name":"Arianna Antihaft-Kuchenform 28-1 Boden | KiwiStore","isPartOf":{"@id":"https:\/\/kiwistore.it\/#website"},"primaryImageOfPage":{"@id":"https:\/\/kiwistore.it\/negozio\/arianna-antiaderente-tortiera-28-1-fondo\/#primaryimage"},"image":{"@id":"https:\/\/kiwistore.it\/negozio\/arianna-antiaderente-tortiera-28-1-fondo\/#primaryimage"},"thumbnailUrl":"https:\/\/i0.wp.com\/kiwistore.it\/wp-content\/uploads\/2023\/07\/ARIANNA-ANTIADERENTE-TORTIERA-24-1-FONDO-55124_17098800_HYHG-scaled-wpp1692091533285.jpg?fit=1200%2C1200&ssl=1","datePublished":"2023-07-14T20:26:51+00:00","dateModified":"2026-04-03T07:38:06+00:00","description":"| arianna antiaderente tortiera 28-1 fondo KiwiStore","breadcrumb":{"@id":"https:\/\/kiwistore.it\/negozio\/arianna-antiaderente-tortiera-28-1-fondo\/#breadcrumb"},"inLanguage":"de","potentialAction":[{"@type":"ReadAction","target":["https:\/\/kiwistore.it\/negozio\/arianna-antiaderente-tortiera-28-1-fondo\/"]}]},{"@type":"ImageObject","inLanguage":"de","@id":"https:\/\/kiwistore.it\/negozio\/arianna-antiaderente-tortiera-28-1-fondo\/#primaryimage","url":"https:\/\/i0.wp.com\/kiwistore.it\/wp-content\/uploads\/2023\/07\/ARIANNA-ANTIADERENTE-TORTIERA-24-1-FONDO-55124_17098800_HYHG-scaled-wpp1692091533285.jpg?fit=1200%2C1200&ssl=1","contentUrl":"https:\/\/i0.wp.com\/kiwistore.it\/wp-content\/uploads\/2023\/07\/ARIANNA-ANTIADERENTE-TORTIERA-24-1-FONDO-55124_17098800_HYHG-scaled-wpp1692091533285.jpg?fit=1200%2C1200&ssl=1","width":1200,"height":1200},{"@type":"BreadcrumbList","@id":"https:\/\/kiwistore.it\/negozio\/arianna-antiaderente-tortiera-28-1-fondo\/#breadcrumb","itemListElement":[{"@type":"ListItem","position":1,"name":"Home","item":"https:\/\/kiwistore.it\/en\/"},{"@type":"ListItem","position":2,"name":"Shop","item":"https:\/\/kiwistore.it\/en\/shop\/"},{"@type":"ListItem","position":3,"name":"arianna antiaderente tortiera 28-1 fondo"}]},{"@type":"WebSite","@id":"https:\/\/kiwistore.it\/#website","url":"https:\/\/kiwistore.it\/","name":"KiwiStore","description":"Hotelbedarf zum besten Preis","publisher":{"@id":"https:\/\/kiwistore.it\/#organization"},"potentialAction":[{"@type":"SearchAction","target":{"@type":"EntryPoint","urlTemplate":"https:\/\/kiwistore.it\/?s={search_term_string}"},"query-input":{"@type":"PropertyValueSpecification","valueRequired":true,"valueName":"search_term_string"}}],"inLanguage":"de"},{"@type":"Organization","@id":"https:\/\/kiwistore.it\/#organization","name":"KiwiStore","url":"https:\/\/kiwistore.it\/","logo":{"@type":"ImageObject","inLanguage":"de","@id":"https:\/\/kiwistore.it\/#\/schema\/logo\/image\/","url":"https:\/\/kiwistore.it\/wp-content\/uploads\/2021\/03\/cropped-LOGO-UMBERTO-03.png","contentUrl":"https:\/\/kiwistore.it\/wp-content\/uploads\/2021\/03\/cropped-LOGO-UMBERTO-03.png","width":512,"height":512,"caption":"KiwiStore"},"image":{"@id":"https:\/\/kiwistore.it\/#\/schema\/logo\/image\/"},"sameAs":["https:\/\/www.facebook.com\/kiwistore.it","https:\/\/www.instagram.com\/kiwistore.official\/"],"hasMerchantReturnPolicy":{"@type":"MerchantReturnPolicy","merchantReturnLink":"https:\/\/kiwistore.it\/de\/refund_returns\/"}}]},"product_price_amount":"12.88","product_price_currency":"EUR","og_availability":"backorder","product_availability":"available for order","product_retailer_item_id":"17099000","product_condition":"new"},"_links":{"self":[{"href":"https:\/\/kiwistore.it\/de\/wp-json\/wp\/v2\/product\/42574","targetHints":{"allow":["GET"]}}],"collection":[{"href":"https:\/\/kiwistore.it\/de\/wp-json\/wp\/v2\/product"}],"about":[{"href":"https:\/\/kiwistore.it\/de\/wp-json\/wp\/v2\/types\/product"}],"wp:featuredmedia":[{"embeddable":true,"href":"https:\/\/kiwistore.it\/de\/wp-json\/wp\/v2\/media\/42573"}],"wp:attachment":[{"href":"https:\/\/kiwistore.it\/de\/wp-json\/wp\/v2\/media?parent=42574"}],"wp:term":[{"taxonomy":"product_brand","embeddable":true,"href":"https:\/\/kiwistore.it\/de\/wp-json\/wp\/v2\/product_brand?post=42574"},{"taxonomy":"product_cat","embeddable":true,"href":"https:\/\/kiwistore.it\/de\/wp-json\/wp\/v2\/product_cat?post=42574"},{"taxonomy":"product_tag","embeddable":true,"href":"https:\/\/kiwistore.it\/de\/wp-json\/wp\/v2\/product_tag?post=42574"}],"curies":[{"name":"wp","href":"https:\/\/api.w.org\/{rel}","templated":true}]}}