{"id":41823,"date":"2023-07-07T15:48:33","date_gmt":"2023-07-07T13:48:33","guid":{"rendered":"https:\/\/kiwistore.it\/negozio\/spirits-open-up-bicchiere-warm-cl-30-u1032\/"},"modified":"2026-04-03T09:37:54","modified_gmt":"2026-04-03T07:37:54","slug":"spirits-open-up-bicchiere-warm-cl-30-u1032","status":"publish","type":"product","link":"https:\/\/kiwistore.it\/de\/negozio\/spirits-open-up-bicchiere-warm-cl-30-u1032\/","title":{"rendered":"Geister \u00f6ffnen sich \u2013 warmes Glas cl.30 u1032"},"content":{"rendered":"<ul>\n<li>Marke: Chef &amp; Sommelier&nbsp;<\/li>\n<li>Paket: 6 St\u00fcck<\/li>\n<\/ul>","protected":false},"excerpt":{"rendered":"<p>ELEGANTES UND RAFFINIERTES GLAS F\u00dcR WICHTIGE ANL\u00c4SSE, AUS KRYSTA-KRISTALLIN-TOP-GLAS, GEEIGNET F\u00dcR WHISKY UND F\u00dcR ALLE LIK\u00d6RE, DIE EIN GRO\u00dfES GLAS BEN\u00d6TIGEN, DAS DIE AROMEN BEtont.<\/p>","protected":false},"featured_media":41819,"template":"","meta":[],"product_brand":[],"product_cat":[756,589],"product_tag":[],"class_list":{"0":"post-41823","1":"product","2":"type-product","3":"status-publish","4":"has-post-thumbnail","6":"product_cat-bicch-acqua","7":"product_cat-chef-sommelier","9":"first","10":"instock","11":"sale","12":"taxable","13":"shipping-taxable","14":"purchasable","15":"product-type-simple"},"yoast_head":"<!-- This site is optimized with the Yoast SEO plugin v27.2 - https:\/\/yoast.com\/product\/yoast-seo-wordpress\/ -->\n<title>spirits open up - bicchiere warm cl.30 u1032 | KiwiStore<\/title>\n<meta name=\"description\" content=\"| spirits open up - bicchiere warm cl.30 u1032 KiwiStore\" \/>\n<meta name=\"robots\" content=\"index, follow, max-snippet:-1, max-image-preview:large, max-video-preview:-1\" \/>\n<link rel=\"canonical\" href=\"https:\/\/kiwistore.it\/de\/geschaft\/spirits-open-up-bicchiere-warm-cl-30-u1032\/\" \/>\n<meta property=\"og:locale\" content=\"de_DE\" \/>\n<meta property=\"og:type\" content=\"article\" \/>\n<meta property=\"og:title\" content=\"spirits open up - bicchiere warm cl.30 u1032 | KiwiStore\" \/>\n<meta property=\"og:description\" content=\"| spirits open up - bicchiere warm cl.30 u1032 KiwiStore\" \/>\n<meta property=\"og:url\" content=\"https:\/\/kiwistore.it\/de\/geschaft\/spirits-open-up-bicchiere-warm-cl-30-u1032\/\" \/>\n<meta property=\"og:site_name\" content=\"KiwiStore\" \/>\n<meta property=\"article:publisher\" content=\"https:\/\/www.facebook.com\/kiwistore.it\" \/>\n<meta property=\"article:modified_time\" content=\"2026-04-03T07:37:54+00:00\" \/>\n<meta property=\"og:image\" content=\"https:\/\/i0.wp.com\/kiwistore.it\/wp-content\/uploads\/2023\/07\/OPEN-UP-SPIRITS-BICCHIERE-WARM-CL-30-U1032_1205300_KURG-scaled-wpp1692044509176.jpg?fit=1200%2C1200&ssl=1\" \/>\n\t<meta property=\"og:image:width\" content=\"1200\" \/>\n\t<meta property=\"og:image:height\" content=\"1200\" \/>\n\t<meta property=\"og:image:type\" content=\"image\/jpeg\" \/>\n<meta name=\"twitter:card\" content=\"summary_large_image\" \/>\n<meta name=\"twitter:label1\" content=\"Preis\" \/>\n\t<meta name=\"twitter:data1\" content=\"33,61&euro; IVA inclusa\" \/>\n\t<meta name=\"twitter:label2\" content=\"Verf\u00fcgbarkeit\" \/>\n\t<meta name=\"twitter:data2\" content=\"Auf Lager\" \/>\n<script type=\"application\/ld+json\" class=\"yoast-schema-graph\">{\"@context\":\"https:\/\/schema.org\",\"@graph\":[{\"@type\":\"WebPage\",\"@id\":\"https:\/\/kiwistore.it\/negozio\/spirits-open-up-bicchiere-warm-cl-30-u1032\/\",\"url\":\"https:\/\/kiwistore.it\/negozio\/spirits-open-up-bicchiere-warm-cl-30-u1032\/\",\"name\":\"spirits open up - bicchiere warm cl.30 u1032 | KiwiStore\",\"isPartOf\":{\"@id\":\"https:\/\/kiwistore.it\/#website\"},\"primaryImageOfPage\":{\"@id\":\"https:\/\/kiwistore.it\/negozio\/spirits-open-up-bicchiere-warm-cl-30-u1032\/#primaryimage\"},\"image\":{\"@id\":\"https:\/\/kiwistore.it\/negozio\/spirits-open-up-bicchiere-warm-cl-30-u1032\/#primaryimage\"},\"thumbnailUrl\":\"https:\/\/i0.wp.com\/kiwistore.it\/wp-content\/uploads\/2023\/07\/OPEN-UP-SPIRITS-BICCHIERE-WARM-CL-30-U1032_1205300_KURG-scaled-wpp1692044509176.jpg?fit=1200%2C1200&ssl=1\",\"datePublished\":\"2023-07-07T13:48:33+00:00\",\"dateModified\":\"2026-04-03T07:37:54+00:00\",\"description\":\"| spirits open up - bicchiere warm cl.30 u1032 KiwiStore\",\"breadcrumb\":{\"@id\":\"https:\/\/kiwistore.it\/negozio\/spirits-open-up-bicchiere-warm-cl-30-u1032\/#breadcrumb\"},\"inLanguage\":\"de\",\"potentialAction\":[{\"@type\":\"ReadAction\",\"target\":[\"https:\/\/kiwistore.it\/negozio\/spirits-open-up-bicchiere-warm-cl-30-u1032\/\"]}]},{\"@type\":\"ImageObject\",\"inLanguage\":\"de\",\"@id\":\"https:\/\/kiwistore.it\/negozio\/spirits-open-up-bicchiere-warm-cl-30-u1032\/#primaryimage\",\"url\":\"https:\/\/i0.wp.com\/kiwistore.it\/wp-content\/uploads\/2023\/07\/OPEN-UP-SPIRITS-BICCHIERE-WARM-CL-30-U1032_1205300_KURG-scaled-wpp1692044509176.jpg?fit=1200%2C1200&ssl=1\",\"contentUrl\":\"https:\/\/i0.wp.com\/kiwistore.it\/wp-content\/uploads\/2023\/07\/OPEN-UP-SPIRITS-BICCHIERE-WARM-CL-30-U1032_1205300_KURG-scaled-wpp1692044509176.jpg?fit=1200%2C1200&ssl=1\",\"width\":1200,\"height\":1200},{\"@type\":\"BreadcrumbList\",\"@id\":\"https:\/\/kiwistore.it\/negozio\/spirits-open-up-bicchiere-warm-cl-30-u1032\/#breadcrumb\",\"itemListElement\":[{\"@type\":\"ListItem\",\"position\":1,\"name\":\"Home\",\"item\":\"https:\/\/kiwistore.it\/en\/\"},{\"@type\":\"ListItem\",\"position\":2,\"name\":\"Shop\",\"item\":\"https:\/\/kiwistore.it\/en\/shop\/\"},{\"@type\":\"ListItem\",\"position\":3,\"name\":\"spirits open up &#8211; bicchiere warm cl.30 u1032\"}]},{\"@type\":\"WebSite\",\"@id\":\"https:\/\/kiwistore.it\/#website\",\"url\":\"https:\/\/kiwistore.it\/\",\"name\":\"KiwiStore\",\"description\":\"Forniture alberghiere al Miglior Prezzo\",\"publisher\":{\"@id\":\"https:\/\/kiwistore.it\/#organization\"},\"potentialAction\":[{\"@type\":\"SearchAction\",\"target\":{\"@type\":\"EntryPoint\",\"urlTemplate\":\"https:\/\/kiwistore.it\/?s={search_term_string}\"},\"query-input\":{\"@type\":\"PropertyValueSpecification\",\"valueRequired\":true,\"valueName\":\"search_term_string\"}}],\"inLanguage\":\"de\"},{\"@type\":\"Organization\",\"@id\":\"https:\/\/kiwistore.it\/#organization\",\"name\":\"KiwiStore\",\"url\":\"https:\/\/kiwistore.it\/\",\"logo\":{\"@type\":\"ImageObject\",\"inLanguage\":\"de\",\"@id\":\"https:\/\/kiwistore.it\/#\/schema\/logo\/image\/\",\"url\":\"https:\/\/kiwistore.it\/wp-content\/uploads\/2021\/03\/cropped-LOGO-UMBERTO-03.png\",\"contentUrl\":\"https:\/\/kiwistore.it\/wp-content\/uploads\/2021\/03\/cropped-LOGO-UMBERTO-03.png\",\"width\":512,\"height\":512,\"caption\":\"KiwiStore\"},\"image\":{\"@id\":\"https:\/\/kiwistore.it\/#\/schema\/logo\/image\/\"},\"sameAs\":[\"https:\/\/www.facebook.com\/kiwistore.it\",\"https:\/\/www.instagram.com\/kiwistore.official\/\"],\"hasMerchantReturnPolicy\":{\"@type\":\"MerchantReturnPolicy\",\"merchantReturnLink\":\"https:\/\/kiwistore.it\/de\/refund_returns\/\"}}]}<\/script>\n<meta property=\"product:price:amount\" content=\"33.61\" \/>\n<meta property=\"product:price:currency\" content=\"EUR\" \/>\n<meta property=\"og:availability\" content=\"instock\" \/>\n<meta property=\"product:availability\" content=\"instock\" \/>\n<meta property=\"product:retailer_item_id\" content=\"1205300\" \/>\n<meta property=\"product:condition\" content=\"new\" \/>\n<!-- \/ Yoast SEO plugin. -->","yoast_head_json":{"title":"spirits open up - bicchiere warm cl.30 u1032 | KiwiStore","description":"| spirits open up - bicchiere warm cl.30 u1032 KiwiStore","robots":{"index":"index","follow":"follow","max-snippet":"max-snippet:-1","max-image-preview":"max-image-preview:large","max-video-preview":"max-video-preview:-1"},"canonical":"https:\/\/kiwistore.it\/de\/geschaft\/spirits-open-up-bicchiere-warm-cl-30-u1032\/","og_locale":"de_DE","og_type":"article","og_title":"spirits open up - bicchiere warm cl.30 u1032 | KiwiStore","og_description":"| spirits open up - bicchiere warm cl.30 u1032 KiwiStore","og_url":"https:\/\/kiwistore.it\/de\/geschaft\/spirits-open-up-bicchiere-warm-cl-30-u1032\/","og_site_name":"KiwiStore","article_publisher":"https:\/\/www.facebook.com\/kiwistore.it","article_modified_time":"2026-04-03T07:37:54+00:00","og_image":[{"width":1200,"height":1200,"url":"https:\/\/i0.wp.com\/kiwistore.it\/wp-content\/uploads\/2023\/07\/OPEN-UP-SPIRITS-BICCHIERE-WARM-CL-30-U1032_1205300_KURG-scaled-wpp1692044509176.jpg?fit=1200%2C1200&ssl=1","type":"image\/jpeg"}],"twitter_card":"summary_large_image","twitter_misc":{"Preis":"33,61&euro; IVA inclusa","Verf\u00fcgbarkeit":"Auf Lager"},"schema":{"@context":"https:\/\/schema.org","@graph":[{"@type":"WebPage","@id":"https:\/\/kiwistore.it\/negozio\/spirits-open-up-bicchiere-warm-cl-30-u1032\/","url":"https:\/\/kiwistore.it\/negozio\/spirits-open-up-bicchiere-warm-cl-30-u1032\/","name":"spirits open up - bicchiere warm cl.30 u1032 | KiwiStore","isPartOf":{"@id":"https:\/\/kiwistore.it\/#website"},"primaryImageOfPage":{"@id":"https:\/\/kiwistore.it\/negozio\/spirits-open-up-bicchiere-warm-cl-30-u1032\/#primaryimage"},"image":{"@id":"https:\/\/kiwistore.it\/negozio\/spirits-open-up-bicchiere-warm-cl-30-u1032\/#primaryimage"},"thumbnailUrl":"https:\/\/i0.wp.com\/kiwistore.it\/wp-content\/uploads\/2023\/07\/OPEN-UP-SPIRITS-BICCHIERE-WARM-CL-30-U1032_1205300_KURG-scaled-wpp1692044509176.jpg?fit=1200%2C1200&ssl=1","datePublished":"2023-07-07T13:48:33+00:00","dateModified":"2026-04-03T07:37:54+00:00","description":"| spirits open up - bicchiere warm cl.30 u1032 KiwiStore","breadcrumb":{"@id":"https:\/\/kiwistore.it\/negozio\/spirits-open-up-bicchiere-warm-cl-30-u1032\/#breadcrumb"},"inLanguage":"de","potentialAction":[{"@type":"ReadAction","target":["https:\/\/kiwistore.it\/negozio\/spirits-open-up-bicchiere-warm-cl-30-u1032\/"]}]},{"@type":"ImageObject","inLanguage":"de","@id":"https:\/\/kiwistore.it\/negozio\/spirits-open-up-bicchiere-warm-cl-30-u1032\/#primaryimage","url":"https:\/\/i0.wp.com\/kiwistore.it\/wp-content\/uploads\/2023\/07\/OPEN-UP-SPIRITS-BICCHIERE-WARM-CL-30-U1032_1205300_KURG-scaled-wpp1692044509176.jpg?fit=1200%2C1200&ssl=1","contentUrl":"https:\/\/i0.wp.com\/kiwistore.it\/wp-content\/uploads\/2023\/07\/OPEN-UP-SPIRITS-BICCHIERE-WARM-CL-30-U1032_1205300_KURG-scaled-wpp1692044509176.jpg?fit=1200%2C1200&ssl=1","width":1200,"height":1200},{"@type":"BreadcrumbList","@id":"https:\/\/kiwistore.it\/negozio\/spirits-open-up-bicchiere-warm-cl-30-u1032\/#breadcrumb","itemListElement":[{"@type":"ListItem","position":1,"name":"Home","item":"https:\/\/kiwistore.it\/en\/"},{"@type":"ListItem","position":2,"name":"Shop","item":"https:\/\/kiwistore.it\/en\/shop\/"},{"@type":"ListItem","position":3,"name":"spirits open up &#8211; bicchiere warm cl.30 u1032"}]},{"@type":"WebSite","@id":"https:\/\/kiwistore.it\/#website","url":"https:\/\/kiwistore.it\/","name":"KiwiStore","description":"Hotelbedarf zum besten Preis","publisher":{"@id":"https:\/\/kiwistore.it\/#organization"},"potentialAction":[{"@type":"SearchAction","target":{"@type":"EntryPoint","urlTemplate":"https:\/\/kiwistore.it\/?s={search_term_string}"},"query-input":{"@type":"PropertyValueSpecification","valueRequired":true,"valueName":"search_term_string"}}],"inLanguage":"de"},{"@type":"Organization","@id":"https:\/\/kiwistore.it\/#organization","name":"KiwiStore","url":"https:\/\/kiwistore.it\/","logo":{"@type":"ImageObject","inLanguage":"de","@id":"https:\/\/kiwistore.it\/#\/schema\/logo\/image\/","url":"https:\/\/kiwistore.it\/wp-content\/uploads\/2021\/03\/cropped-LOGO-UMBERTO-03.png","contentUrl":"https:\/\/kiwistore.it\/wp-content\/uploads\/2021\/03\/cropped-LOGO-UMBERTO-03.png","width":512,"height":512,"caption":"KiwiStore"},"image":{"@id":"https:\/\/kiwistore.it\/#\/schema\/logo\/image\/"},"sameAs":["https:\/\/www.facebook.com\/kiwistore.it","https:\/\/www.instagram.com\/kiwistore.official\/"],"hasMerchantReturnPolicy":{"@type":"MerchantReturnPolicy","merchantReturnLink":"https:\/\/kiwistore.it\/de\/refund_returns\/"}}]},"product_price_amount":"33.61","product_price_currency":"EUR","og_availability":"instock","product_availability":"instock","product_retailer_item_id":"1205300","product_condition":"new"},"_links":{"self":[{"href":"https:\/\/kiwistore.it\/de\/wp-json\/wp\/v2\/product\/41823","targetHints":{"allow":["GET"]}}],"collection":[{"href":"https:\/\/kiwistore.it\/de\/wp-json\/wp\/v2\/product"}],"about":[{"href":"https:\/\/kiwistore.it\/de\/wp-json\/wp\/v2\/types\/product"}],"wp:featuredmedia":[{"embeddable":true,"href":"https:\/\/kiwistore.it\/de\/wp-json\/wp\/v2\/media\/41819"}],"wp:attachment":[{"href":"https:\/\/kiwistore.it\/de\/wp-json\/wp\/v2\/media?parent=41823"}],"wp:term":[{"taxonomy":"product_brand","embeddable":true,"href":"https:\/\/kiwistore.it\/de\/wp-json\/wp\/v2\/product_brand?post=41823"},{"taxonomy":"product_cat","embeddable":true,"href":"https:\/\/kiwistore.it\/de\/wp-json\/wp\/v2\/product_cat?post=41823"},{"taxonomy":"product_tag","embeddable":true,"href":"https:\/\/kiwistore.it\/de\/wp-json\/wp\/v2\/product_tag?post=41823"}],"curies":[{"name":"wp","href":"https:\/\/api.w.org\/{rel}","templated":true}]}}