{"id":41436,"date":"2023-07-03T20:02:25","date_gmt":"2023-07-03T18:02:25","guid":{"rendered":"https:\/\/kiwistore.it\/negozio\/jazz-cf-4-calici-negroni-cl-28-h-206-cm-75\/"},"modified":"2026-04-03T09:37:47","modified_gmt":"2026-04-03T07:37:47","slug":"jazz-cf-4-calici-negroni-cl-28-h-206-cm-75","status":"publish","type":"product","link":"https:\/\/kiwistore.it\/de\/negozio\/jazz-cf-4-calici-negroni-cl-28-h-206-cm-75\/","title":{"rendered":"Jazz \u2013 siehe 4 Negroni-Gl\u00e4ser, Kl. 28, H. 20,6 cm, 7,5"},"content":{"rendered":"<ul>\n<li>Marke: Luigi Bormioli <\/li>\n<li>Verpackung: 4 St\u00fcck <\/li>\n<\/ul>","protected":false},"excerpt":{"rendered":"<p>Superleichte, robuste und flexible Brille mit ultrad\u00fcnnem Rand (0,95 mm). Der optische Effekt betont den Inhalt und verleiht einen Retro-Look, w\u00e4hrend die Breite des Durchmessers am Getr\u00e4nk sie ideal f\u00fcr die Zubereitung von \u201eEffekt\u201c-Cocktails macht. DIE BRILLANZ UND TRANSPARENZ DES SONHYX-GLASS HALTEN DIE FARBE DES INHALTS UNVER\u00c4NDERT: ECHTE UND BRILLANTE FARBEN<\/p>","protected":false},"featured_media":41432,"template":"","meta":[],"product_brand":[],"product_cat":[890],"product_tag":[],"class_list":{"0":"post-41436","1":"product","2":"type-product","3":"status-publish","4":"has-post-thumbnail","6":"product_cat-calici-cocktail","8":"first","9":"onbackorder","10":"taxable","11":"shipping-taxable","12":"purchasable","13":"product-type-simple"},"yoast_head":"<!-- This site is optimized with the Yoast SEO plugin v27.2 - https:\/\/yoast.com\/product\/yoast-seo-wordpress\/ -->\n<title>jazz - cf.4 calici negroni cl.28 h.20,6 cm.7,5 | KiwiStore<\/title>\n<meta name=\"description\" content=\"| jazz - cf.4 calici negroni cl.28 h.20,6 cm.7,5 KiwiStore\" \/>\n<meta name=\"robots\" content=\"index, follow, max-snippet:-1, max-image-preview:large, max-video-preview:-1\" \/>\n<link rel=\"canonical\" href=\"https:\/\/kiwistore.it\/de\/geschaft\/jazz-cf-4-calici-negroni-cl-28-h-206-cm-75\/\" \/>\n<meta property=\"og:locale\" content=\"de_DE\" \/>\n<meta property=\"og:type\" content=\"article\" \/>\n<meta property=\"og:title\" content=\"jazz - cf.4 calici negroni cl.28 h.20,6 cm.7,5 | KiwiStore\" \/>\n<meta property=\"og:description\" content=\"| jazz - cf.4 calici negroni cl.28 h.20,6 cm.7,5 KiwiStore\" \/>\n<meta property=\"og:url\" content=\"https:\/\/kiwistore.it\/de\/geschaft\/jazz-cf-4-calici-negroni-cl-28-h-206-cm-75\/\" \/>\n<meta property=\"og:site_name\" content=\"KiwiStore\" \/>\n<meta property=\"article:publisher\" content=\"https:\/\/www.facebook.com\/kiwistore.it\" \/>\n<meta property=\"article:modified_time\" content=\"2026-04-03T07:37:47+00:00\" \/>\n<meta property=\"og:image\" content=\"https:\/\/i0.wp.com\/kiwistore.it\/wp-content\/uploads\/2023\/07\/JAZZ-CF.4-CALICI-NEGRONI-CL.28-H.20-6-CM.7-5_19749_QCKG-scaled-wpp1692016895842.jpg?fit=1200%2C1200&ssl=1\" \/>\n\t<meta property=\"og:image:width\" content=\"1200\" \/>\n\t<meta property=\"og:image:height\" content=\"1200\" \/>\n\t<meta property=\"og:image:type\" content=\"image\/jpeg\" \/>\n<meta name=\"twitter:card\" content=\"summary_large_image\" \/>\n<meta name=\"twitter:label1\" content=\"Preis\" \/>\n\t<meta name=\"twitter:data1\" content=\"20,30&euro; IVA inclusa\" \/>\n\t<meta name=\"twitter:label2\" content=\"Verf\u00fcgbarkeit\" \/>\n\t<meta name=\"twitter:data2\" content=\"bei Nachbestellung\" \/>\n<script type=\"application\/ld+json\" class=\"yoast-schema-graph\">{\"@context\":\"https:\/\/schema.org\",\"@graph\":[{\"@type\":\"WebPage\",\"@id\":\"https:\/\/kiwistore.it\/negozio\/jazz-cf-4-calici-negroni-cl-28-h-206-cm-75\/\",\"url\":\"https:\/\/kiwistore.it\/negozio\/jazz-cf-4-calici-negroni-cl-28-h-206-cm-75\/\",\"name\":\"jazz - cf.4 calici negroni cl.28 h.20,6 cm.7,5 | KiwiStore\",\"isPartOf\":{\"@id\":\"https:\/\/kiwistore.it\/#website\"},\"primaryImageOfPage\":{\"@id\":\"https:\/\/kiwistore.it\/negozio\/jazz-cf-4-calici-negroni-cl-28-h-206-cm-75\/#primaryimage\"},\"image\":{\"@id\":\"https:\/\/kiwistore.it\/negozio\/jazz-cf-4-calici-negroni-cl-28-h-206-cm-75\/#primaryimage\"},\"thumbnailUrl\":\"https:\/\/i0.wp.com\/kiwistore.it\/wp-content\/uploads\/2023\/07\/JAZZ-CF.4-CALICI-NEGRONI-CL.28-H.20-6-CM.7-5_19749_QCKG-scaled-wpp1692016895842.jpg?fit=1200%2C1200&ssl=1\",\"datePublished\":\"2023-07-03T18:02:25+00:00\",\"dateModified\":\"2026-04-03T07:37:47+00:00\",\"description\":\"| jazz - cf.4 calici negroni cl.28 h.20,6 cm.7,5 KiwiStore\",\"breadcrumb\":{\"@id\":\"https:\/\/kiwistore.it\/negozio\/jazz-cf-4-calici-negroni-cl-28-h-206-cm-75\/#breadcrumb\"},\"inLanguage\":\"de\",\"potentialAction\":[{\"@type\":\"ReadAction\",\"target\":[\"https:\/\/kiwistore.it\/negozio\/jazz-cf-4-calici-negroni-cl-28-h-206-cm-75\/\"]}]},{\"@type\":\"ImageObject\",\"inLanguage\":\"de\",\"@id\":\"https:\/\/kiwistore.it\/negozio\/jazz-cf-4-calici-negroni-cl-28-h-206-cm-75\/#primaryimage\",\"url\":\"https:\/\/i0.wp.com\/kiwistore.it\/wp-content\/uploads\/2023\/07\/JAZZ-CF.4-CALICI-NEGRONI-CL.28-H.20-6-CM.7-5_19749_QCKG-scaled-wpp1692016895842.jpg?fit=1200%2C1200&ssl=1\",\"contentUrl\":\"https:\/\/i0.wp.com\/kiwistore.it\/wp-content\/uploads\/2023\/07\/JAZZ-CF.4-CALICI-NEGRONI-CL.28-H.20-6-CM.7-5_19749_QCKG-scaled-wpp1692016895842.jpg?fit=1200%2C1200&ssl=1\",\"width\":1200,\"height\":1200},{\"@type\":\"BreadcrumbList\",\"@id\":\"https:\/\/kiwistore.it\/negozio\/jazz-cf-4-calici-negroni-cl-28-h-206-cm-75\/#breadcrumb\",\"itemListElement\":[{\"@type\":\"ListItem\",\"position\":1,\"name\":\"Home\",\"item\":\"https:\/\/kiwistore.it\/en\/\"},{\"@type\":\"ListItem\",\"position\":2,\"name\":\"Shop\",\"item\":\"https:\/\/kiwistore.it\/en\/shop\/\"},{\"@type\":\"ListItem\",\"position\":3,\"name\":\"jazz &#8211; cf.4 calici negroni cl.28 h.20,6 cm.7,5\"}]},{\"@type\":\"WebSite\",\"@id\":\"https:\/\/kiwistore.it\/#website\",\"url\":\"https:\/\/kiwistore.it\/\",\"name\":\"KiwiStore\",\"description\":\"Forniture alberghiere al Miglior Prezzo\",\"publisher\":{\"@id\":\"https:\/\/kiwistore.it\/#organization\"},\"potentialAction\":[{\"@type\":\"SearchAction\",\"target\":{\"@type\":\"EntryPoint\",\"urlTemplate\":\"https:\/\/kiwistore.it\/?s={search_term_string}\"},\"query-input\":{\"@type\":\"PropertyValueSpecification\",\"valueRequired\":true,\"valueName\":\"search_term_string\"}}],\"inLanguage\":\"de\"},{\"@type\":\"Organization\",\"@id\":\"https:\/\/kiwistore.it\/#organization\",\"name\":\"KiwiStore\",\"url\":\"https:\/\/kiwistore.it\/\",\"logo\":{\"@type\":\"ImageObject\",\"inLanguage\":\"de\",\"@id\":\"https:\/\/kiwistore.it\/#\/schema\/logo\/image\/\",\"url\":\"https:\/\/kiwistore.it\/wp-content\/uploads\/2021\/03\/cropped-LOGO-UMBERTO-03.png\",\"contentUrl\":\"https:\/\/kiwistore.it\/wp-content\/uploads\/2021\/03\/cropped-LOGO-UMBERTO-03.png\",\"width\":512,\"height\":512,\"caption\":\"KiwiStore\"},\"image\":{\"@id\":\"https:\/\/kiwistore.it\/#\/schema\/logo\/image\/\"},\"sameAs\":[\"https:\/\/www.facebook.com\/kiwistore.it\",\"https:\/\/www.instagram.com\/kiwistore.official\/\"],\"hasMerchantReturnPolicy\":{\"@type\":\"MerchantReturnPolicy\",\"merchantReturnLink\":\"https:\/\/kiwistore.it\/de\/refund_returns\/\"}}]}<\/script>\n<meta property=\"product:price:amount\" content=\"20.30\" \/>\n<meta property=\"product:price:currency\" content=\"EUR\" \/>\n<meta property=\"og:availability\" content=\"backorder\" \/>\n<meta property=\"product:availability\" content=\"available for order\" \/>\n<meta property=\"product:retailer_item_id\" content=\"19749\" \/>\n<meta property=\"product:condition\" content=\"new\" \/>\n<!-- \/ Yoast SEO plugin. -->","yoast_head_json":{"title":"jazz - cf.4 calici negroni cl.28 h.20,6 cm.7,5 | KiwiStore","description":"| jazz - cf.4 calici negroni cl.28 h.20,6 cm.7,5 KiwiStore","robots":{"index":"index","follow":"follow","max-snippet":"max-snippet:-1","max-image-preview":"max-image-preview:large","max-video-preview":"max-video-preview:-1"},"canonical":"https:\/\/kiwistore.it\/de\/geschaft\/jazz-cf-4-calici-negroni-cl-28-h-206-cm-75\/","og_locale":"de_DE","og_type":"article","og_title":"jazz - cf.4 calici negroni cl.28 h.20,6 cm.7,5 | KiwiStore","og_description":"| jazz - cf.4 calici negroni cl.28 h.20,6 cm.7,5 KiwiStore","og_url":"https:\/\/kiwistore.it\/de\/geschaft\/jazz-cf-4-calici-negroni-cl-28-h-206-cm-75\/","og_site_name":"KiwiStore","article_publisher":"https:\/\/www.facebook.com\/kiwistore.it","article_modified_time":"2026-04-03T07:37:47+00:00","og_image":[{"width":1200,"height":1200,"url":"https:\/\/i0.wp.com\/kiwistore.it\/wp-content\/uploads\/2023\/07\/JAZZ-CF.4-CALICI-NEGRONI-CL.28-H.20-6-CM.7-5_19749_QCKG-scaled-wpp1692016895842.jpg?fit=1200%2C1200&ssl=1","type":"image\/jpeg"}],"twitter_card":"summary_large_image","twitter_misc":{"Preis":"20,30&euro; IVA inclusa","Verf\u00fcgbarkeit":"bei Nachbestellung"},"schema":{"@context":"https:\/\/schema.org","@graph":[{"@type":"WebPage","@id":"https:\/\/kiwistore.it\/negozio\/jazz-cf-4-calici-negroni-cl-28-h-206-cm-75\/","url":"https:\/\/kiwistore.it\/negozio\/jazz-cf-4-calici-negroni-cl-28-h-206-cm-75\/","name":"jazz - cf.4 calici negroni cl.28 h.20,6 cm.7,5 | KiwiStore","isPartOf":{"@id":"https:\/\/kiwistore.it\/#website"},"primaryImageOfPage":{"@id":"https:\/\/kiwistore.it\/negozio\/jazz-cf-4-calici-negroni-cl-28-h-206-cm-75\/#primaryimage"},"image":{"@id":"https:\/\/kiwistore.it\/negozio\/jazz-cf-4-calici-negroni-cl-28-h-206-cm-75\/#primaryimage"},"thumbnailUrl":"https:\/\/i0.wp.com\/kiwistore.it\/wp-content\/uploads\/2023\/07\/JAZZ-CF.4-CALICI-NEGRONI-CL.28-H.20-6-CM.7-5_19749_QCKG-scaled-wpp1692016895842.jpg?fit=1200%2C1200&ssl=1","datePublished":"2023-07-03T18:02:25+00:00","dateModified":"2026-04-03T07:37:47+00:00","description":"| jazz - cf.4 calici negroni cl.28 h.20,6 cm.7,5 KiwiStore","breadcrumb":{"@id":"https:\/\/kiwistore.it\/negozio\/jazz-cf-4-calici-negroni-cl-28-h-206-cm-75\/#breadcrumb"},"inLanguage":"de","potentialAction":[{"@type":"ReadAction","target":["https:\/\/kiwistore.it\/negozio\/jazz-cf-4-calici-negroni-cl-28-h-206-cm-75\/"]}]},{"@type":"ImageObject","inLanguage":"de","@id":"https:\/\/kiwistore.it\/negozio\/jazz-cf-4-calici-negroni-cl-28-h-206-cm-75\/#primaryimage","url":"https:\/\/i0.wp.com\/kiwistore.it\/wp-content\/uploads\/2023\/07\/JAZZ-CF.4-CALICI-NEGRONI-CL.28-H.20-6-CM.7-5_19749_QCKG-scaled-wpp1692016895842.jpg?fit=1200%2C1200&ssl=1","contentUrl":"https:\/\/i0.wp.com\/kiwistore.it\/wp-content\/uploads\/2023\/07\/JAZZ-CF.4-CALICI-NEGRONI-CL.28-H.20-6-CM.7-5_19749_QCKG-scaled-wpp1692016895842.jpg?fit=1200%2C1200&ssl=1","width":1200,"height":1200},{"@type":"BreadcrumbList","@id":"https:\/\/kiwistore.it\/negozio\/jazz-cf-4-calici-negroni-cl-28-h-206-cm-75\/#breadcrumb","itemListElement":[{"@type":"ListItem","position":1,"name":"Home","item":"https:\/\/kiwistore.it\/en\/"},{"@type":"ListItem","position":2,"name":"Shop","item":"https:\/\/kiwistore.it\/en\/shop\/"},{"@type":"ListItem","position":3,"name":"jazz &#8211; cf.4 calici negroni cl.28 h.20,6 cm.7,5"}]},{"@type":"WebSite","@id":"https:\/\/kiwistore.it\/#website","url":"https:\/\/kiwistore.it\/","name":"KiwiStore","description":"Hotelbedarf zum besten Preis","publisher":{"@id":"https:\/\/kiwistore.it\/#organization"},"potentialAction":[{"@type":"SearchAction","target":{"@type":"EntryPoint","urlTemplate":"https:\/\/kiwistore.it\/?s={search_term_string}"},"query-input":{"@type":"PropertyValueSpecification","valueRequired":true,"valueName":"search_term_string"}}],"inLanguage":"de"},{"@type":"Organization","@id":"https:\/\/kiwistore.it\/#organization","name":"KiwiStore","url":"https:\/\/kiwistore.it\/","logo":{"@type":"ImageObject","inLanguage":"de","@id":"https:\/\/kiwistore.it\/#\/schema\/logo\/image\/","url":"https:\/\/kiwistore.it\/wp-content\/uploads\/2021\/03\/cropped-LOGO-UMBERTO-03.png","contentUrl":"https:\/\/kiwistore.it\/wp-content\/uploads\/2021\/03\/cropped-LOGO-UMBERTO-03.png","width":512,"height":512,"caption":"KiwiStore"},"image":{"@id":"https:\/\/kiwistore.it\/#\/schema\/logo\/image\/"},"sameAs":["https:\/\/www.facebook.com\/kiwistore.it","https:\/\/www.instagram.com\/kiwistore.official\/"],"hasMerchantReturnPolicy":{"@type":"MerchantReturnPolicy","merchantReturnLink":"https:\/\/kiwistore.it\/de\/refund_returns\/"}}]},"product_price_amount":"20.30","product_price_currency":"EUR","og_availability":"backorder","product_availability":"available for order","product_retailer_item_id":"19749","product_condition":"new"},"_links":{"self":[{"href":"https:\/\/kiwistore.it\/de\/wp-json\/wp\/v2\/product\/41436","targetHints":{"allow":["GET"]}}],"collection":[{"href":"https:\/\/kiwistore.it\/de\/wp-json\/wp\/v2\/product"}],"about":[{"href":"https:\/\/kiwistore.it\/de\/wp-json\/wp\/v2\/types\/product"}],"wp:featuredmedia":[{"embeddable":true,"href":"https:\/\/kiwistore.it\/de\/wp-json\/wp\/v2\/media\/41432"}],"wp:attachment":[{"href":"https:\/\/kiwistore.it\/de\/wp-json\/wp\/v2\/media?parent=41436"}],"wp:term":[{"taxonomy":"product_brand","embeddable":true,"href":"https:\/\/kiwistore.it\/de\/wp-json\/wp\/v2\/product_brand?post=41436"},{"taxonomy":"product_cat","embeddable":true,"href":"https:\/\/kiwistore.it\/de\/wp-json\/wp\/v2\/product_cat?post=41436"},{"taxonomy":"product_tag","embeddable":true,"href":"https:\/\/kiwistore.it\/de\/wp-json\/wp\/v2\/product_tag?post=41436"}],"curies":[{"name":"wp","href":"https:\/\/api.w.org\/{rel}","templated":true}]}}