{"id":41053,"date":"2023-06-29T14:50:16","date_gmt":"2023-06-29T12:50:16","guid":{"rendered":"https:\/\/kiwistore.it\/negozio\/sea-wave-bianco-insalatiera-cm-23-sw23kk00\/"},"modified":"2026-04-06T18:44:41","modified_gmt":"2026-04-06T16:44:41","slug":"sea-wave-bianco-insalatiera-cm-23-sw23kk00","status":"publish","type":"product","link":"https:\/\/kiwistore.it\/de\/negozio\/sea-wave-bianco-insalatiera-cm-23-sw23kk00\/","title":{"rendered":"Sea Wave White-Salatsch\u00fcssel 23 cm sw23kk00"},"content":{"rendered":"<ul>\n<li>Marke: Kutahya Seramick <\/li>\n<li>Paket: 6 St\u00fcck <\/li>\n<\/ul>","protected":false},"excerpt":{"rendered":"<p>WO DAS MEER AUF DEN TISCH TRIFFT...EINE SERIE AUS WEISSEM PROFESSIONELLEN PORZELLAN MIT EINEM WELLENDEKORATION AUF DEM FL\u00dcGEL DES TELLERS. GEDACHT F\u00dcR ALLE, DIE DEM TISCH EINEN HAUCH VON ORIGINALIT\u00c4T VERLEIHEN M\u00d6CHTEN.<\/p>","protected":false},"featured_media":41050,"template":"","meta":[],"product_brand":[],"product_cat":[885],"product_tag":[],"class_list":{"0":"post-41053","1":"product","2":"type-product","3":"status-publish","4":"has-post-thumbnail","6":"product_cat-insalatiere","8":"first","9":"outofstock","10":"taxable","11":"shipping-taxable","12":"purchasable","13":"product-type-simple"},"yoast_head":"<!-- This site is optimized with the Yoast SEO plugin v27.2 - https:\/\/yoast.com\/product\/yoast-seo-wordpress\/ -->\n<title>sea wave bianco-insalatiera cm 23 sw23kk00 | KiwiStore<\/title>\n<meta name=\"description\" content=\"| sea wave bianco-insalatiera cm 23 sw23kk00 KiwiStore\" \/>\n<meta name=\"robots\" content=\"index, follow, max-snippet:-1, max-image-preview:large, max-video-preview:-1\" \/>\n<link rel=\"canonical\" href=\"https:\/\/kiwistore.it\/de\/geschaft\/sea-wave-bianco-insalatiera-cm-23-sw23kk00\/\" \/>\n<meta property=\"og:locale\" content=\"de_DE\" \/>\n<meta property=\"og:type\" content=\"article\" \/>\n<meta property=\"og:title\" content=\"sea wave bianco-insalatiera cm 23 sw23kk00 | KiwiStore\" \/>\n<meta property=\"og:description\" content=\"| sea wave bianco-insalatiera cm 23 sw23kk00 KiwiStore\" \/>\n<meta property=\"og:url\" content=\"https:\/\/kiwistore.it\/de\/geschaft\/sea-wave-bianco-insalatiera-cm-23-sw23kk00\/\" \/>\n<meta property=\"og:site_name\" content=\"KiwiStore\" \/>\n<meta property=\"article:publisher\" content=\"https:\/\/www.facebook.com\/kiwistore.it\" \/>\n<meta property=\"article:modified_time\" content=\"2026-04-06T16:44:41+00:00\" \/>\n<meta property=\"og:image\" content=\"https:\/\/i0.wp.com\/kiwistore.it\/wp-content\/uploads\/2023\/06\/SEA-WAVE-BIANCO-COPPETTA-CM-13-SW13KK00_8071_UNUG-scaled-wpp1691831486342.jpg?fit=1200%2C1200&ssl=1\" \/>\n\t<meta property=\"og:image:width\" content=\"1200\" \/>\n\t<meta property=\"og:image:height\" content=\"1200\" \/>\n\t<meta property=\"og:image:type\" content=\"image\/jpeg\" \/>\n<meta name=\"twitter:card\" content=\"summary_large_image\" \/>\n<meta name=\"twitter:label1\" content=\"Preis\" \/>\n\t<meta name=\"twitter:data1\" content=\"53,80&euro; IVA inclusa\" \/>\n\t<meta name=\"twitter:label2\" content=\"Verf\u00fcgbarkeit\" \/>\n\t<meta name=\"twitter:data2\" content=\"ausverkauft\" \/>\n<script type=\"application\/ld+json\" class=\"yoast-schema-graph\">{\"@context\":\"https:\/\/schema.org\",\"@graph\":[{\"@type\":\"WebPage\",\"@id\":\"https:\/\/kiwistore.it\/negozio\/sea-wave-bianco-insalatiera-cm-23-sw23kk00\/\",\"url\":\"https:\/\/kiwistore.it\/negozio\/sea-wave-bianco-insalatiera-cm-23-sw23kk00\/\",\"name\":\"sea wave bianco-insalatiera cm 23 sw23kk00 | KiwiStore\",\"isPartOf\":{\"@id\":\"https:\/\/kiwistore.it\/#website\"},\"primaryImageOfPage\":{\"@id\":\"https:\/\/kiwistore.it\/negozio\/sea-wave-bianco-insalatiera-cm-23-sw23kk00\/#primaryimage\"},\"image\":{\"@id\":\"https:\/\/kiwistore.it\/negozio\/sea-wave-bianco-insalatiera-cm-23-sw23kk00\/#primaryimage\"},\"thumbnailUrl\":\"https:\/\/i0.wp.com\/kiwistore.it\/wp-content\/uploads\/2023\/06\/SEA-WAVE-BIANCO-COPPETTA-CM-13-SW13KK00_8071_UNUG-scaled-wpp1691831486342.jpg?fit=1200%2C1200&ssl=1\",\"datePublished\":\"2023-06-29T12:50:16+00:00\",\"dateModified\":\"2026-04-06T16:44:41+00:00\",\"description\":\"| sea wave bianco-insalatiera cm 23 sw23kk00 KiwiStore\",\"breadcrumb\":{\"@id\":\"https:\/\/kiwistore.it\/negozio\/sea-wave-bianco-insalatiera-cm-23-sw23kk00\/#breadcrumb\"},\"inLanguage\":\"de\",\"potentialAction\":[{\"@type\":\"ReadAction\",\"target\":[\"https:\/\/kiwistore.it\/negozio\/sea-wave-bianco-insalatiera-cm-23-sw23kk00\/\"]}]},{\"@type\":\"ImageObject\",\"inLanguage\":\"de\",\"@id\":\"https:\/\/kiwistore.it\/negozio\/sea-wave-bianco-insalatiera-cm-23-sw23kk00\/#primaryimage\",\"url\":\"https:\/\/i0.wp.com\/kiwistore.it\/wp-content\/uploads\/2023\/06\/SEA-WAVE-BIANCO-COPPETTA-CM-13-SW13KK00_8071_UNUG-scaled-wpp1691831486342.jpg?fit=1200%2C1200&ssl=1\",\"contentUrl\":\"https:\/\/i0.wp.com\/kiwistore.it\/wp-content\/uploads\/2023\/06\/SEA-WAVE-BIANCO-COPPETTA-CM-13-SW13KK00_8071_UNUG-scaled-wpp1691831486342.jpg?fit=1200%2C1200&ssl=1\",\"width\":1200,\"height\":1200},{\"@type\":\"BreadcrumbList\",\"@id\":\"https:\/\/kiwistore.it\/negozio\/sea-wave-bianco-insalatiera-cm-23-sw23kk00\/#breadcrumb\",\"itemListElement\":[{\"@type\":\"ListItem\",\"position\":1,\"name\":\"Home\",\"item\":\"https:\/\/kiwistore.it\/en\/\"},{\"@type\":\"ListItem\",\"position\":2,\"name\":\"Shop\",\"item\":\"https:\/\/kiwistore.it\/en\/shop\/\"},{\"@type\":\"ListItem\",\"position\":3,\"name\":\"sea wave bianco-insalatiera cm 23 sw23kk00\"}]},{\"@type\":\"WebSite\",\"@id\":\"https:\/\/kiwistore.it\/#website\",\"url\":\"https:\/\/kiwistore.it\/\",\"name\":\"KiwiStore\",\"description\":\"Forniture alberghiere al Miglior Prezzo\",\"publisher\":{\"@id\":\"https:\/\/kiwistore.it\/#organization\"},\"potentialAction\":[{\"@type\":\"SearchAction\",\"target\":{\"@type\":\"EntryPoint\",\"urlTemplate\":\"https:\/\/kiwistore.it\/?s={search_term_string}\"},\"query-input\":{\"@type\":\"PropertyValueSpecification\",\"valueRequired\":true,\"valueName\":\"search_term_string\"}}],\"inLanguage\":\"de\"},{\"@type\":\"Organization\",\"@id\":\"https:\/\/kiwistore.it\/#organization\",\"name\":\"KiwiStore\",\"url\":\"https:\/\/kiwistore.it\/\",\"logo\":{\"@type\":\"ImageObject\",\"inLanguage\":\"de\",\"@id\":\"https:\/\/kiwistore.it\/#\/schema\/logo\/image\/\",\"url\":\"https:\/\/kiwistore.it\/wp-content\/uploads\/2021\/03\/cropped-LOGO-UMBERTO-03.png\",\"contentUrl\":\"https:\/\/kiwistore.it\/wp-content\/uploads\/2021\/03\/cropped-LOGO-UMBERTO-03.png\",\"width\":512,\"height\":512,\"caption\":\"KiwiStore\"},\"image\":{\"@id\":\"https:\/\/kiwistore.it\/#\/schema\/logo\/image\/\"},\"sameAs\":[\"https:\/\/www.facebook.com\/kiwistore.it\",\"https:\/\/www.instagram.com\/kiwistore.official\/\"],\"hasMerchantReturnPolicy\":{\"@type\":\"MerchantReturnPolicy\",\"merchantReturnLink\":\"https:\/\/kiwistore.it\/de\/refund_returns\/\"}}]}<\/script>\n<meta property=\"product:price:amount\" content=\"53.80\" \/>\n<meta property=\"product:price:currency\" content=\"EUR\" \/>\n<meta property=\"og:availability\" content=\"out of stock\" \/>\n<meta property=\"product:availability\" content=\"out of stock\" \/>\n<meta property=\"product:retailer_item_id\" content=\"8074\" \/>\n<meta property=\"product:condition\" content=\"new\" \/>\n<!-- \/ Yoast SEO plugin. -->","yoast_head_json":{"title":"sea wave bianco-insalatiera cm 23 sw23kk00 | KiwiStore","description":"| sea wave bianco-insalatiera cm 23 sw23kk00 KiwiStore","robots":{"index":"index","follow":"follow","max-snippet":"max-snippet:-1","max-image-preview":"max-image-preview:large","max-video-preview":"max-video-preview:-1"},"canonical":"https:\/\/kiwistore.it\/de\/geschaft\/sea-wave-bianco-insalatiera-cm-23-sw23kk00\/","og_locale":"de_DE","og_type":"article","og_title":"sea wave bianco-insalatiera cm 23 sw23kk00 | KiwiStore","og_description":"| sea wave bianco-insalatiera cm 23 sw23kk00 KiwiStore","og_url":"https:\/\/kiwistore.it\/de\/geschaft\/sea-wave-bianco-insalatiera-cm-23-sw23kk00\/","og_site_name":"KiwiStore","article_publisher":"https:\/\/www.facebook.com\/kiwistore.it","article_modified_time":"2026-04-06T16:44:41+00:00","og_image":[{"width":1200,"height":1200,"url":"https:\/\/i0.wp.com\/kiwistore.it\/wp-content\/uploads\/2023\/06\/SEA-WAVE-BIANCO-COPPETTA-CM-13-SW13KK00_8071_UNUG-scaled-wpp1691831486342.jpg?fit=1200%2C1200&ssl=1","type":"image\/jpeg"}],"twitter_card":"summary_large_image","twitter_misc":{"Preis":"53,80&euro; IVA inclusa","Verf\u00fcgbarkeit":"ausverkauft"},"schema":{"@context":"https:\/\/schema.org","@graph":[{"@type":"WebPage","@id":"https:\/\/kiwistore.it\/negozio\/sea-wave-bianco-insalatiera-cm-23-sw23kk00\/","url":"https:\/\/kiwistore.it\/negozio\/sea-wave-bianco-insalatiera-cm-23-sw23kk00\/","name":"sea wave bianco-insalatiera cm 23 sw23kk00 | KiwiStore","isPartOf":{"@id":"https:\/\/kiwistore.it\/#website"},"primaryImageOfPage":{"@id":"https:\/\/kiwistore.it\/negozio\/sea-wave-bianco-insalatiera-cm-23-sw23kk00\/#primaryimage"},"image":{"@id":"https:\/\/kiwistore.it\/negozio\/sea-wave-bianco-insalatiera-cm-23-sw23kk00\/#primaryimage"},"thumbnailUrl":"https:\/\/i0.wp.com\/kiwistore.it\/wp-content\/uploads\/2023\/06\/SEA-WAVE-BIANCO-COPPETTA-CM-13-SW13KK00_8071_UNUG-scaled-wpp1691831486342.jpg?fit=1200%2C1200&ssl=1","datePublished":"2023-06-29T12:50:16+00:00","dateModified":"2026-04-06T16:44:41+00:00","description":"| sea wave bianco-insalatiera cm 23 sw23kk00 KiwiStore","breadcrumb":{"@id":"https:\/\/kiwistore.it\/negozio\/sea-wave-bianco-insalatiera-cm-23-sw23kk00\/#breadcrumb"},"inLanguage":"de","potentialAction":[{"@type":"ReadAction","target":["https:\/\/kiwistore.it\/negozio\/sea-wave-bianco-insalatiera-cm-23-sw23kk00\/"]}]},{"@type":"ImageObject","inLanguage":"de","@id":"https:\/\/kiwistore.it\/negozio\/sea-wave-bianco-insalatiera-cm-23-sw23kk00\/#primaryimage","url":"https:\/\/i0.wp.com\/kiwistore.it\/wp-content\/uploads\/2023\/06\/SEA-WAVE-BIANCO-COPPETTA-CM-13-SW13KK00_8071_UNUG-scaled-wpp1691831486342.jpg?fit=1200%2C1200&ssl=1","contentUrl":"https:\/\/i0.wp.com\/kiwistore.it\/wp-content\/uploads\/2023\/06\/SEA-WAVE-BIANCO-COPPETTA-CM-13-SW13KK00_8071_UNUG-scaled-wpp1691831486342.jpg?fit=1200%2C1200&ssl=1","width":1200,"height":1200},{"@type":"BreadcrumbList","@id":"https:\/\/kiwistore.it\/negozio\/sea-wave-bianco-insalatiera-cm-23-sw23kk00\/#breadcrumb","itemListElement":[{"@type":"ListItem","position":1,"name":"Home","item":"https:\/\/kiwistore.it\/en\/"},{"@type":"ListItem","position":2,"name":"Shop","item":"https:\/\/kiwistore.it\/en\/shop\/"},{"@type":"ListItem","position":3,"name":"sea wave bianco-insalatiera cm 23 sw23kk00"}]},{"@type":"WebSite","@id":"https:\/\/kiwistore.it\/#website","url":"https:\/\/kiwistore.it\/","name":"KiwiStore","description":"Hotelbedarf zum besten Preis","publisher":{"@id":"https:\/\/kiwistore.it\/#organization"},"potentialAction":[{"@type":"SearchAction","target":{"@type":"EntryPoint","urlTemplate":"https:\/\/kiwistore.it\/?s={search_term_string}"},"query-input":{"@type":"PropertyValueSpecification","valueRequired":true,"valueName":"search_term_string"}}],"inLanguage":"de"},{"@type":"Organization","@id":"https:\/\/kiwistore.it\/#organization","name":"KiwiStore","url":"https:\/\/kiwistore.it\/","logo":{"@type":"ImageObject","inLanguage":"de","@id":"https:\/\/kiwistore.it\/#\/schema\/logo\/image\/","url":"https:\/\/kiwistore.it\/wp-content\/uploads\/2021\/03\/cropped-LOGO-UMBERTO-03.png","contentUrl":"https:\/\/kiwistore.it\/wp-content\/uploads\/2021\/03\/cropped-LOGO-UMBERTO-03.png","width":512,"height":512,"caption":"KiwiStore"},"image":{"@id":"https:\/\/kiwistore.it\/#\/schema\/logo\/image\/"},"sameAs":["https:\/\/www.facebook.com\/kiwistore.it","https:\/\/www.instagram.com\/kiwistore.official\/"],"hasMerchantReturnPolicy":{"@type":"MerchantReturnPolicy","merchantReturnLink":"https:\/\/kiwistore.it\/de\/refund_returns\/"}}]},"product_price_amount":"53.80","product_price_currency":"EUR","og_availability":"out of stock","product_availability":"out of stock","product_retailer_item_id":"8074","product_condition":"new"},"_links":{"self":[{"href":"https:\/\/kiwistore.it\/de\/wp-json\/wp\/v2\/product\/41053","targetHints":{"allow":["GET"]}}],"collection":[{"href":"https:\/\/kiwistore.it\/de\/wp-json\/wp\/v2\/product"}],"about":[{"href":"https:\/\/kiwistore.it\/de\/wp-json\/wp\/v2\/types\/product"}],"wp:featuredmedia":[{"embeddable":true,"href":"https:\/\/kiwistore.it\/de\/wp-json\/wp\/v2\/media\/41050"}],"wp:attachment":[{"href":"https:\/\/kiwistore.it\/de\/wp-json\/wp\/v2\/media?parent=41053"}],"wp:term":[{"taxonomy":"product_brand","embeddable":true,"href":"https:\/\/kiwistore.it\/de\/wp-json\/wp\/v2\/product_brand?post=41053"},{"taxonomy":"product_cat","embeddable":true,"href":"https:\/\/kiwistore.it\/de\/wp-json\/wp\/v2\/product_cat?post=41053"},{"taxonomy":"product_tag","embeddable":true,"href":"https:\/\/kiwistore.it\/de\/wp-json\/wp\/v2\/product_tag?post=41053"}],"curies":[{"name":"wp","href":"https:\/\/api.w.org\/{rel}","templated":true}]}}