{"id":38285,"date":"2023-05-22T14:56:06","date_gmt":"2023-05-22T12:56:06","guid":{"rendered":"https:\/\/kiwistore.it\/negozio\/nature-portamenu-in-fibra-naturale-completamente-impermeabile-a5-colore-nero-cm-175x249-mc-nta5\/"},"modified":"2026-04-25T21:01:52","modified_gmt":"2026-04-25T19:01:52","slug":"nature-portamenu-in-fibra-naturale-completamente-impermeabile-a5-colore-nero-cm-175x249-mc-nta5","status":"publish","type":"product","link":"https:\/\/kiwistore.it\/de\/negozio\/nature-portamenu-in-fibra-naturale-completamente-impermeabile-a5-colore-nero-cm-175x249-mc-nta5\/","title":{"rendered":"Nature-Men\u00fchalter aus Naturfaser, absolut wasserdicht, A5, schwarze Farbe, 17,5 x 24,9 cm, MC-NTA5"},"content":{"rendered":"<ul>\n<li>Marke: Sicherheit <\/li>\n<li>Verpackung: 10 St\u00fcck <\/li>\n<\/ul>","protected":false},"excerpt":{"rendered":"<p>V\u00f6llig wasserdichter Men\u00fchalter aus Naturfaser. Internes Gummiband zur Aufnahme von A5-Einlagen und inklusive doppelseitiger Einlage. Erh\u00e4ltlich in A4 und A5 in drei verschiedenen Farben.<\/p>","protected":false},"featured_media":38283,"template":"","meta":[],"product_brand":[],"product_cat":[916],"product_tag":[],"class_list":{"0":"post-38285","1":"product","2":"type-product","3":"status-publish","4":"has-post-thumbnail","6":"product_cat-menu-conto","8":"first","9":"onbackorder","10":"sale","11":"taxable","12":"shipping-taxable","13":"purchasable","14":"product-type-simple"},"yoast_head":"<!-- This site is optimized with the Yoast SEO plugin v27.2 - https:\/\/yoast.com\/product\/yoast-seo-wordpress\/ -->\n<title>nature-portamenu in fibra naturale completamente impermeabile a5 colore nero cm 17,5x24,9  mc-nta5 | KiwiStore<\/title>\n<meta name=\"description\" content=\"| nature-portamenu in fibra naturale completamente impermeabile a5 colore nero cm 17,5x24,9  mc-nta5 KiwiStore\" \/>\n<meta name=\"robots\" content=\"index, follow, max-snippet:-1, max-image-preview:large, max-video-preview:-1\" \/>\n<link rel=\"canonical\" href=\"https:\/\/kiwistore.it\/de\/geschaft\/nature-portamenu-in-fibra-naturale-completamente-impermeabile-a5-colore-nero-cm-175x249-mc-nta5\/\" \/>\n<meta property=\"og:locale\" content=\"de_DE\" \/>\n<meta property=\"og:type\" content=\"article\" \/>\n<meta property=\"og:title\" content=\"nature-portamenu in fibra naturale completamente impermeabile a5 colore nero cm 17,5x24,9  mc-nta5 | KiwiStore\" \/>\n<meta property=\"og:description\" content=\"| nature-portamenu in fibra naturale completamente impermeabile a5 colore nero cm 17,5x24,9  mc-nta5 KiwiStore\" \/>\n<meta property=\"og:url\" content=\"https:\/\/kiwistore.it\/de\/geschaft\/nature-portamenu-in-fibra-naturale-completamente-impermeabile-a5-colore-nero-cm-175x249-mc-nta5\/\" \/>\n<meta property=\"og:site_name\" content=\"KiwiStore\" \/>\n<meta property=\"article:publisher\" content=\"https:\/\/www.facebook.com\/kiwistore.it\" \/>\n<meta property=\"article:modified_time\" content=\"2026-04-25T19:01:52+00:00\" \/>\n<meta property=\"og:image\" content=\"https:\/\/i0.wp.com\/kiwistore.it\/wp-content\/uploads\/2023\/05\/NATURE-PORTAMENU-FIBRA-NATURALE-A5-NERO-MC-NTA5-BL_15320_LPQG-scaled-wpp1689263738190.jpg?fit=1200%2C1200&ssl=1\" \/>\n\t<meta property=\"og:image:width\" content=\"1200\" \/>\n\t<meta property=\"og:image:height\" content=\"1200\" \/>\n\t<meta property=\"og:image:type\" content=\"image\/jpeg\" \/>\n<meta name=\"twitter:card\" content=\"summary_large_image\" \/>\n<meta name=\"twitter:label1\" content=\"Preis\" \/>\n\t<meta name=\"twitter:data1\" content=\"99,08&euro; IVA inclusa\" \/>\n\t<meta name=\"twitter:label2\" content=\"Verf\u00fcgbarkeit\" \/>\n\t<meta name=\"twitter:data2\" content=\"bei Nachbestellung\" \/>\n<script type=\"application\/ld+json\" class=\"yoast-schema-graph\">{\"@context\":\"https:\/\/schema.org\",\"@graph\":[{\"@type\":\"WebPage\",\"@id\":\"https:\/\/kiwistore.it\/negozio\/nature-portamenu-in-fibra-naturale-completamente-impermeabile-a5-colore-nero-cm-175x249-mc-nta5\/\",\"url\":\"https:\/\/kiwistore.it\/negozio\/nature-portamenu-in-fibra-naturale-completamente-impermeabile-a5-colore-nero-cm-175x249-mc-nta5\/\",\"name\":\"nature-portamenu in fibra naturale completamente impermeabile a5 colore nero cm 17,5x24,9 mc-nta5 | KiwiStore\",\"isPartOf\":{\"@id\":\"https:\/\/kiwistore.it\/#website\"},\"primaryImageOfPage\":{\"@id\":\"https:\/\/kiwistore.it\/negozio\/nature-portamenu-in-fibra-naturale-completamente-impermeabile-a5-colore-nero-cm-175x249-mc-nta5\/#primaryimage\"},\"image\":{\"@id\":\"https:\/\/kiwistore.it\/negozio\/nature-portamenu-in-fibra-naturale-completamente-impermeabile-a5-colore-nero-cm-175x249-mc-nta5\/#primaryimage\"},\"thumbnailUrl\":\"https:\/\/i0.wp.com\/kiwistore.it\/wp-content\/uploads\/2023\/05\/NATURE-PORTAMENU-FIBRA-NATURALE-A5-NERO-MC-NTA5-BL_15320_LPQG-scaled-wpp1689263738190.jpg?fit=1200%2C1200&ssl=1\",\"datePublished\":\"2023-05-22T12:56:06+00:00\",\"dateModified\":\"2026-04-25T19:01:52+00:00\",\"description\":\"| nature-portamenu in fibra naturale completamente impermeabile a5 colore nero cm 17,5x24,9 mc-nta5 KiwiStore\",\"breadcrumb\":{\"@id\":\"https:\/\/kiwistore.it\/negozio\/nature-portamenu-in-fibra-naturale-completamente-impermeabile-a5-colore-nero-cm-175x249-mc-nta5\/#breadcrumb\"},\"inLanguage\":\"de\",\"potentialAction\":[{\"@type\":\"ReadAction\",\"target\":[\"https:\/\/kiwistore.it\/negozio\/nature-portamenu-in-fibra-naturale-completamente-impermeabile-a5-colore-nero-cm-175x249-mc-nta5\/\"]}]},{\"@type\":\"ImageObject\",\"inLanguage\":\"de\",\"@id\":\"https:\/\/kiwistore.it\/negozio\/nature-portamenu-in-fibra-naturale-completamente-impermeabile-a5-colore-nero-cm-175x249-mc-nta5\/#primaryimage\",\"url\":\"https:\/\/i0.wp.com\/kiwistore.it\/wp-content\/uploads\/2023\/05\/NATURE-PORTAMENU-FIBRA-NATURALE-A5-NERO-MC-NTA5-BL_15320_LPQG-scaled-wpp1689263738190.jpg?fit=1200%2C1200&ssl=1\",\"contentUrl\":\"https:\/\/i0.wp.com\/kiwistore.it\/wp-content\/uploads\/2023\/05\/NATURE-PORTAMENU-FIBRA-NATURALE-A5-NERO-MC-NTA5-BL_15320_LPQG-scaled-wpp1689263738190.jpg?fit=1200%2C1200&ssl=1\",\"width\":1200,\"height\":1200},{\"@type\":\"BreadcrumbList\",\"@id\":\"https:\/\/kiwistore.it\/negozio\/nature-portamenu-in-fibra-naturale-completamente-impermeabile-a5-colore-nero-cm-175x249-mc-nta5\/#breadcrumb\",\"itemListElement\":[{\"@type\":\"ListItem\",\"position\":1,\"name\":\"Home\",\"item\":\"https:\/\/kiwistore.it\/en\/\"},{\"@type\":\"ListItem\",\"position\":2,\"name\":\"Shop\",\"item\":\"https:\/\/kiwistore.it\/en\/shop\/\"},{\"@type\":\"ListItem\",\"position\":3,\"name\":\"nature-portamenu in fibra naturale completamente impermeabile a5 colore nero cm 17,5&#215;24,9 mc-nta5\"}]},{\"@type\":\"WebSite\",\"@id\":\"https:\/\/kiwistore.it\/#website\",\"url\":\"https:\/\/kiwistore.it\/\",\"name\":\"KiwiStore\",\"description\":\"Forniture alberghiere al Miglior Prezzo\",\"publisher\":{\"@id\":\"https:\/\/kiwistore.it\/#organization\"},\"potentialAction\":[{\"@type\":\"SearchAction\",\"target\":{\"@type\":\"EntryPoint\",\"urlTemplate\":\"https:\/\/kiwistore.it\/?s={search_term_string}\"},\"query-input\":{\"@type\":\"PropertyValueSpecification\",\"valueRequired\":true,\"valueName\":\"search_term_string\"}}],\"inLanguage\":\"de\"},{\"@type\":\"Organization\",\"@id\":\"https:\/\/kiwistore.it\/#organization\",\"name\":\"KiwiStore\",\"url\":\"https:\/\/kiwistore.it\/\",\"logo\":{\"@type\":\"ImageObject\",\"inLanguage\":\"de\",\"@id\":\"https:\/\/kiwistore.it\/#\/schema\/logo\/image\/\",\"url\":\"https:\/\/kiwistore.it\/wp-content\/uploads\/2021\/03\/cropped-LOGO-UMBERTO-03.png\",\"contentUrl\":\"https:\/\/kiwistore.it\/wp-content\/uploads\/2021\/03\/cropped-LOGO-UMBERTO-03.png\",\"width\":512,\"height\":512,\"caption\":\"KiwiStore\"},\"image\":{\"@id\":\"https:\/\/kiwistore.it\/#\/schema\/logo\/image\/\"},\"sameAs\":[\"https:\/\/www.facebook.com\/kiwistore.it\",\"https:\/\/www.instagram.com\/kiwistore.official\/\"],\"hasMerchantReturnPolicy\":{\"@type\":\"MerchantReturnPolicy\",\"merchantReturnLink\":\"https:\/\/kiwistore.it\/de\/refund_returns\/\"}}]}<\/script>\n<meta property=\"product:price:amount\" content=\"99.08\" \/>\n<meta property=\"product:price:currency\" content=\"EUR\" \/>\n<meta property=\"og:availability\" content=\"backorder\" \/>\n<meta property=\"product:availability\" content=\"available for order\" \/>\n<meta property=\"product:retailer_item_id\" content=\"15320\" \/>\n<meta property=\"product:condition\" content=\"new\" \/>\n<!-- \/ Yoast SEO plugin. -->","yoast_head_json":{"title":"nature-portamenu in fibra naturale completamente impermeabile a5 colore nero cm 17,5x24,9  mc-nta5 | KiwiStore","description":"| nature-portamenu in fibra naturale completamente impermeabile a5 colore nero cm 17,5x24,9  mc-nta5 KiwiStore","robots":{"index":"index","follow":"follow","max-snippet":"max-snippet:-1","max-image-preview":"max-image-preview:large","max-video-preview":"max-video-preview:-1"},"canonical":"https:\/\/kiwistore.it\/de\/geschaft\/nature-portamenu-in-fibra-naturale-completamente-impermeabile-a5-colore-nero-cm-175x249-mc-nta5\/","og_locale":"de_DE","og_type":"article","og_title":"nature-portamenu in fibra naturale completamente impermeabile a5 colore nero cm 17,5x24,9  mc-nta5 | KiwiStore","og_description":"| nature-portamenu in fibra naturale completamente impermeabile a5 colore nero cm 17,5x24,9  mc-nta5 KiwiStore","og_url":"https:\/\/kiwistore.it\/de\/geschaft\/nature-portamenu-in-fibra-naturale-completamente-impermeabile-a5-colore-nero-cm-175x249-mc-nta5\/","og_site_name":"KiwiStore","article_publisher":"https:\/\/www.facebook.com\/kiwistore.it","article_modified_time":"2026-04-25T19:01:52+00:00","og_image":[{"width":1200,"height":1200,"url":"https:\/\/i0.wp.com\/kiwistore.it\/wp-content\/uploads\/2023\/05\/NATURE-PORTAMENU-FIBRA-NATURALE-A5-NERO-MC-NTA5-BL_15320_LPQG-scaled-wpp1689263738190.jpg?fit=1200%2C1200&ssl=1","type":"image\/jpeg"}],"twitter_card":"summary_large_image","twitter_misc":{"Preis":"99,08&euro; IVA inclusa","Verf\u00fcgbarkeit":"bei Nachbestellung"},"schema":{"@context":"https:\/\/schema.org","@graph":[{"@type":"WebPage","@id":"https:\/\/kiwistore.it\/negozio\/nature-portamenu-in-fibra-naturale-completamente-impermeabile-a5-colore-nero-cm-175x249-mc-nta5\/","url":"https:\/\/kiwistore.it\/negozio\/nature-portamenu-in-fibra-naturale-completamente-impermeabile-a5-colore-nero-cm-175x249-mc-nta5\/","name":"nature-portamenu in fibra naturale completamente impermeabile a5 colore nero cm 17,5x24,9 mc-nta5 | KiwiStore","isPartOf":{"@id":"https:\/\/kiwistore.it\/#website"},"primaryImageOfPage":{"@id":"https:\/\/kiwistore.it\/negozio\/nature-portamenu-in-fibra-naturale-completamente-impermeabile-a5-colore-nero-cm-175x249-mc-nta5\/#primaryimage"},"image":{"@id":"https:\/\/kiwistore.it\/negozio\/nature-portamenu-in-fibra-naturale-completamente-impermeabile-a5-colore-nero-cm-175x249-mc-nta5\/#primaryimage"},"thumbnailUrl":"https:\/\/i0.wp.com\/kiwistore.it\/wp-content\/uploads\/2023\/05\/NATURE-PORTAMENU-FIBRA-NATURALE-A5-NERO-MC-NTA5-BL_15320_LPQG-scaled-wpp1689263738190.jpg?fit=1200%2C1200&ssl=1","datePublished":"2023-05-22T12:56:06+00:00","dateModified":"2026-04-25T19:01:52+00:00","description":"| nature-portamenu in fibra naturale completamente impermeabile a5 colore nero cm 17,5x24,9 mc-nta5 KiwiStore","breadcrumb":{"@id":"https:\/\/kiwistore.it\/negozio\/nature-portamenu-in-fibra-naturale-completamente-impermeabile-a5-colore-nero-cm-175x249-mc-nta5\/#breadcrumb"},"inLanguage":"de","potentialAction":[{"@type":"ReadAction","target":["https:\/\/kiwistore.it\/negozio\/nature-portamenu-in-fibra-naturale-completamente-impermeabile-a5-colore-nero-cm-175x249-mc-nta5\/"]}]},{"@type":"ImageObject","inLanguage":"de","@id":"https:\/\/kiwistore.it\/negozio\/nature-portamenu-in-fibra-naturale-completamente-impermeabile-a5-colore-nero-cm-175x249-mc-nta5\/#primaryimage","url":"https:\/\/i0.wp.com\/kiwistore.it\/wp-content\/uploads\/2023\/05\/NATURE-PORTAMENU-FIBRA-NATURALE-A5-NERO-MC-NTA5-BL_15320_LPQG-scaled-wpp1689263738190.jpg?fit=1200%2C1200&ssl=1","contentUrl":"https:\/\/i0.wp.com\/kiwistore.it\/wp-content\/uploads\/2023\/05\/NATURE-PORTAMENU-FIBRA-NATURALE-A5-NERO-MC-NTA5-BL_15320_LPQG-scaled-wpp1689263738190.jpg?fit=1200%2C1200&ssl=1","width":1200,"height":1200},{"@type":"BreadcrumbList","@id":"https:\/\/kiwistore.it\/negozio\/nature-portamenu-in-fibra-naturale-completamente-impermeabile-a5-colore-nero-cm-175x249-mc-nta5\/#breadcrumb","itemListElement":[{"@type":"ListItem","position":1,"name":"Home","item":"https:\/\/kiwistore.it\/en\/"},{"@type":"ListItem","position":2,"name":"Shop","item":"https:\/\/kiwistore.it\/en\/shop\/"},{"@type":"ListItem","position":3,"name":"nature-portamenu in fibra naturale completamente impermeabile a5 colore nero cm 17,5&#215;24,9 mc-nta5"}]},{"@type":"WebSite","@id":"https:\/\/kiwistore.it\/#website","url":"https:\/\/kiwistore.it\/","name":"KiwiStore","description":"Hotelbedarf zum besten Preis","publisher":{"@id":"https:\/\/kiwistore.it\/#organization"},"potentialAction":[{"@type":"SearchAction","target":{"@type":"EntryPoint","urlTemplate":"https:\/\/kiwistore.it\/?s={search_term_string}"},"query-input":{"@type":"PropertyValueSpecification","valueRequired":true,"valueName":"search_term_string"}}],"inLanguage":"de"},{"@type":"Organization","@id":"https:\/\/kiwistore.it\/#organization","name":"KiwiStore","url":"https:\/\/kiwistore.it\/","logo":{"@type":"ImageObject","inLanguage":"de","@id":"https:\/\/kiwistore.it\/#\/schema\/logo\/image\/","url":"https:\/\/kiwistore.it\/wp-content\/uploads\/2021\/03\/cropped-LOGO-UMBERTO-03.png","contentUrl":"https:\/\/kiwistore.it\/wp-content\/uploads\/2021\/03\/cropped-LOGO-UMBERTO-03.png","width":512,"height":512,"caption":"KiwiStore"},"image":{"@id":"https:\/\/kiwistore.it\/#\/schema\/logo\/image\/"},"sameAs":["https:\/\/www.facebook.com\/kiwistore.it","https:\/\/www.instagram.com\/kiwistore.official\/"],"hasMerchantReturnPolicy":{"@type":"MerchantReturnPolicy","merchantReturnLink":"https:\/\/kiwistore.it\/de\/refund_returns\/"}}]},"product_price_amount":"99.08","product_price_currency":"EUR","og_availability":"backorder","product_availability":"available for order","product_retailer_item_id":"15320","product_condition":"new"},"_links":{"self":[{"href":"https:\/\/kiwistore.it\/de\/wp-json\/wp\/v2\/product\/38285","targetHints":{"allow":["GET"]}}],"collection":[{"href":"https:\/\/kiwistore.it\/de\/wp-json\/wp\/v2\/product"}],"about":[{"href":"https:\/\/kiwistore.it\/de\/wp-json\/wp\/v2\/types\/product"}],"wp:featuredmedia":[{"embeddable":true,"href":"https:\/\/kiwistore.it\/de\/wp-json\/wp\/v2\/media\/38283"}],"wp:attachment":[{"href":"https:\/\/kiwistore.it\/de\/wp-json\/wp\/v2\/media?parent=38285"}],"wp:term":[{"taxonomy":"product_brand","embeddable":true,"href":"https:\/\/kiwistore.it\/de\/wp-json\/wp\/v2\/product_brand?post=38285"},{"taxonomy":"product_cat","embeddable":true,"href":"https:\/\/kiwistore.it\/de\/wp-json\/wp\/v2\/product_cat?post=38285"},{"taxonomy":"product_tag","embeddable":true,"href":"https:\/\/kiwistore.it\/de\/wp-json\/wp\/v2\/product_tag?post=38285"}],"curies":[{"name":"wp","href":"https:\/\/api.w.org\/{rel}","templated":true}]}}