{"id":2410,"date":"2020-12-21T13:58:03","date_gmt":"2020-12-21T11:58:03","guid":{"rendered":"https:\/\/kiwistore.it\/?post_type=product&#038;p=2410"},"modified":"2026-04-06T18:39:09","modified_gmt":"2026-04-06T16:39:09","slug":"sanduhr","status":"publish","type":"product","link":"https:\/\/kiwistore.it\/de\/negozio\/rcrclessidra\/","title":{"rendered":"Glas \/ Jigger Tattoo Clessidra Rcr 3\/6 cl (6 Stk.)"},"content":{"rendered":"<ul>\n<li>Schnapsglas<\/li>\n<li>Jigger<\/li>\n<li>Marke: RCR Cristalleria italiana<\/li>\n<li>Serie: Tattoo<\/li>\n<li>Volumen: 3cl \/ 6cl<\/li>\n<li>H\u00f6he: 10cm<\/li>\n<li>Durchmesser: 4 cm<\/li>\n<li>Material: LUXION\u00ae \u00d6ko-Kristallglas<\/li>\n<li><strong>einzeln verkauft<\/strong><\/li>\n<li>Ohne Originalverpackung<\/li>\n<\/ul>","protected":false},"excerpt":{"rendered":"<p>Dieses Glas wird von RCR Cristalleria italiana unter Verwendung von LUXION\u00ae Kristall hergestellt. <strong>LUXION\u00ae.&nbsp;<\/strong>Von Natur aus brillant, transparent und sicher, ist LUXION\u00ae ein freundliches Glas: ein \u00f6kologisches Material, das jeden Moment des t\u00e4glichen Lebens begleitet, genau wie wahre Freunde. Sicher und zuverl\u00e4ssig erm\u00f6glicht es Ihnen, alle Eigenschaften des Inhalts zu genie\u00dfen, da Geschmack und Aroma in keiner Weise ver\u00e4ndert werden.<\/p>\n<p>LUXION\u00ae ist brillant, transparent, widerstandsf\u00e4hig, klangvoll, \u00f6kologisch und sp\u00fclmaschinenfest, sogar professionell.<\/p>\n<p>Das Glas ist Teil der Tattoo-Linie<\/p>","protected":false},"featured_media":2411,"template":"","meta":[],"product_brand":[],"product_cat":[289,252,345],"product_tag":[],"class_list":{"0":"post-2410","1":"product","2":"type-product","3":"status-publish","4":"has-post-thumbnail","6":"product_cat-bicchieri-shot","7":"product_cat-jigger","8":"product_cat-tattoo","10":"first","11":"instock","12":"sale","13":"taxable","14":"shipping-taxable","15":"purchasable","16":"product-type-simple"},"yoast_head":"<!-- This site is optimized with the Yoast SEO plugin v27.2 - https:\/\/yoast.com\/product\/yoast-seo-wordpress\/ -->\n<title>Bicchiere\/Jigger Tattoo Clessidra Rcr 3\/6 cl (6 pz.) | KiwiStore<\/title>\n<meta name=\"description\" content=\"| Bicchiere\/Jigger Tattoo Clessidra Rcr 3\/6 cl (6 pz.) KiwiStore\" \/>\n<meta name=\"robots\" content=\"index, follow, max-snippet:-1, max-image-preview:large, max-video-preview:-1\" \/>\n<link rel=\"canonical\" href=\"https:\/\/kiwistore.it\/de\/geschaft\/sanduhr\/\" \/>\n<meta property=\"og:locale\" content=\"de_DE\" \/>\n<meta property=\"og:type\" content=\"article\" \/>\n<meta property=\"og:title\" content=\"Bicchiere\/Jigger Tattoo Clessidra Rcr 3\/6 cl (6 pz.) | KiwiStore\" \/>\n<meta property=\"og:description\" content=\"| Bicchiere\/Jigger Tattoo Clessidra Rcr 3\/6 cl (6 pz.) KiwiStore\" \/>\n<meta property=\"og:url\" content=\"https:\/\/kiwistore.it\/de\/geschaft\/sanduhr\/\" \/>\n<meta property=\"og:site_name\" content=\"KiwiStore\" \/>\n<meta property=\"article:publisher\" content=\"https:\/\/www.facebook.com\/kiwistore.it\" \/>\n<meta property=\"article:modified_time\" content=\"2026-04-06T16:39:09+00:00\" \/>\n<meta property=\"og:image\" content=\"https:\/\/i0.wp.com\/kiwistore.it\/wp-content\/uploads\/2020\/12\/RCR-Tattoo-Clessidra-2.jpg?fit=1200%2C1200&ssl=1\" \/>\n\t<meta property=\"og:image:width\" content=\"1200\" \/>\n\t<meta property=\"og:image:height\" content=\"1200\" \/>\n\t<meta property=\"og:image:type\" content=\"image\/jpeg\" \/>\n<meta name=\"twitter:card\" content=\"summary_large_image\" \/>\n<meta name=\"twitter:label1\" content=\"Preis\" \/>\n\t<meta name=\"twitter:data1\" content=\"15,36&euro; IVA inclusa\" \/>\n\t<meta name=\"twitter:label2\" content=\"Verf\u00fcgbarkeit\" \/>\n\t<meta name=\"twitter:data2\" content=\"Auf Lager\" \/>\n<script type=\"application\/ld+json\" class=\"yoast-schema-graph\">{\"@context\":\"https:\/\/schema.org\",\"@graph\":[{\"@type\":\"WebPage\",\"@id\":\"https:\/\/kiwistore.it\/negozio\/rcrclessidra\/\",\"url\":\"https:\/\/kiwistore.it\/negozio\/rcrclessidra\/\",\"name\":\"Bicchiere\/Jigger Tattoo Clessidra Rcr 3\/6 cl (6 pz.) | KiwiStore\",\"isPartOf\":{\"@id\":\"https:\/\/kiwistore.it\/#website\"},\"primaryImageOfPage\":{\"@id\":\"https:\/\/kiwistore.it\/negozio\/rcrclessidra\/#primaryimage\"},\"image\":{\"@id\":\"https:\/\/kiwistore.it\/negozio\/rcrclessidra\/#primaryimage\"},\"thumbnailUrl\":\"https:\/\/i0.wp.com\/kiwistore.it\/wp-content\/uploads\/2020\/12\/RCR-Tattoo-Clessidra-2.jpg?fit=1200%2C1200&ssl=1\",\"datePublished\":\"2020-12-21T11:58:03+00:00\",\"dateModified\":\"2026-04-06T16:39:09+00:00\",\"description\":\"| Bicchiere\/Jigger Tattoo Clessidra Rcr 3\/6 cl (6 pz.) KiwiStore\",\"breadcrumb\":{\"@id\":\"https:\/\/kiwistore.it\/negozio\/rcrclessidra\/#breadcrumb\"},\"inLanguage\":\"de\",\"potentialAction\":[{\"@type\":\"ReadAction\",\"target\":[\"https:\/\/kiwistore.it\/negozio\/rcrclessidra\/\"]}]},{\"@type\":\"ImageObject\",\"inLanguage\":\"de\",\"@id\":\"https:\/\/kiwistore.it\/negozio\/rcrclessidra\/#primaryimage\",\"url\":\"https:\/\/i0.wp.com\/kiwistore.it\/wp-content\/uploads\/2020\/12\/RCR-Tattoo-Clessidra-2.jpg?fit=1200%2C1200&ssl=1\",\"contentUrl\":\"https:\/\/i0.wp.com\/kiwistore.it\/wp-content\/uploads\/2020\/12\/RCR-Tattoo-Clessidra-2.jpg?fit=1200%2C1200&ssl=1\",\"width\":1200,\"height\":1200,\"caption\":\"RCR Tattoo Clessidra\"},{\"@type\":\"BreadcrumbList\",\"@id\":\"https:\/\/kiwistore.it\/negozio\/rcrclessidra\/#breadcrumb\",\"itemListElement\":[{\"@type\":\"ListItem\",\"position\":1,\"name\":\"Home\",\"item\":\"https:\/\/kiwistore.it\/en\/\"},{\"@type\":\"ListItem\",\"position\":2,\"name\":\"Shop\",\"item\":\"https:\/\/kiwistore.it\/en\/shop\/\"},{\"@type\":\"ListItem\",\"position\":3,\"name\":\"Bicchiere\/Jigger Tattoo Clessidra Rcr 3\/6 cl (6 pz.)\"}]},{\"@type\":\"WebSite\",\"@id\":\"https:\/\/kiwistore.it\/#website\",\"url\":\"https:\/\/kiwistore.it\/\",\"name\":\"KiwiStore\",\"description\":\"Forniture alberghiere al Miglior Prezzo\",\"publisher\":{\"@id\":\"https:\/\/kiwistore.it\/#organization\"},\"potentialAction\":[{\"@type\":\"SearchAction\",\"target\":{\"@type\":\"EntryPoint\",\"urlTemplate\":\"https:\/\/kiwistore.it\/?s={search_term_string}\"},\"query-input\":{\"@type\":\"PropertyValueSpecification\",\"valueRequired\":true,\"valueName\":\"search_term_string\"}}],\"inLanguage\":\"de\"},{\"@type\":\"Organization\",\"@id\":\"https:\/\/kiwistore.it\/#organization\",\"name\":\"KiwiStore\",\"url\":\"https:\/\/kiwistore.it\/\",\"logo\":{\"@type\":\"ImageObject\",\"inLanguage\":\"de\",\"@id\":\"https:\/\/kiwistore.it\/#\/schema\/logo\/image\/\",\"url\":\"https:\/\/kiwistore.it\/wp-content\/uploads\/2021\/03\/cropped-LOGO-UMBERTO-03.png\",\"contentUrl\":\"https:\/\/kiwistore.it\/wp-content\/uploads\/2021\/03\/cropped-LOGO-UMBERTO-03.png\",\"width\":512,\"height\":512,\"caption\":\"KiwiStore\"},\"image\":{\"@id\":\"https:\/\/kiwistore.it\/#\/schema\/logo\/image\/\"},\"sameAs\":[\"https:\/\/www.facebook.com\/kiwistore.it\",\"https:\/\/www.instagram.com\/kiwistore.official\/\"],\"hasMerchantReturnPolicy\":{\"@type\":\"MerchantReturnPolicy\",\"merchantReturnLink\":\"https:\/\/kiwistore.it\/de\/refund_returns\/\"}}]}<\/script>\n<meta property=\"product:price:amount\" content=\"15.36\" \/>\n<meta property=\"product:price:currency\" content=\"EUR\" \/>\n<meta property=\"og:availability\" content=\"instock\" \/>\n<meta property=\"product:availability\" content=\"instock\" \/>\n<meta property=\"product:retailer_item_id\" content=\"12958\" \/>\n<meta property=\"product:condition\" content=\"new\" \/>\n<!-- \/ Yoast SEO plugin. -->","yoast_head_json":{"title":"Glas\/Jigger Tattoo Sanduhr Rcr 3\/6 cl (6 Stk.) | Kiwi-Laden","description":"| Bicchiere\/Jigger Tattoo Clessidra Rcr 3\/6 cl (6 pz.) KiwiStore","robots":{"index":"index","follow":"follow","max-snippet":"max-snippet:-1","max-image-preview":"max-image-preview:large","max-video-preview":"max-video-preview:-1"},"canonical":"https:\/\/kiwistore.it\/de\/geschaft\/sanduhr\/","og_locale":"de_DE","og_type":"article","og_title":"Bicchiere\/Jigger Tattoo Clessidra Rcr 3\/6 cl (6 pz.) | KiwiStore","og_description":"| Bicchiere\/Jigger Tattoo Clessidra Rcr 3\/6 cl (6 pz.) KiwiStore","og_url":"https:\/\/kiwistore.it\/de\/geschaft\/sanduhr\/","og_site_name":"KiwiStore","article_publisher":"https:\/\/www.facebook.com\/kiwistore.it","article_modified_time":"2026-04-06T16:39:09+00:00","og_image":[{"width":1200,"height":1200,"url":"https:\/\/i0.wp.com\/kiwistore.it\/wp-content\/uploads\/2020\/12\/RCR-Tattoo-Clessidra-2.jpg?fit=1200%2C1200&ssl=1","type":"image\/jpeg"}],"twitter_card":"summary_large_image","twitter_misc":{"Preis":"15,36&euro; IVA inclusa","Verf\u00fcgbarkeit":"Auf Lager"},"schema":{"@context":"https:\/\/schema.org","@graph":[{"@type":"WebPage","@id":"https:\/\/kiwistore.it\/negozio\/rcrclessidra\/","url":"https:\/\/kiwistore.it\/negozio\/rcrclessidra\/","name":"Glas\/Jigger Tattoo Sanduhr Rcr 3\/6 cl (6 Stk.) | Kiwi-Laden","isPartOf":{"@id":"https:\/\/kiwistore.it\/#website"},"primaryImageOfPage":{"@id":"https:\/\/kiwistore.it\/negozio\/rcrclessidra\/#primaryimage"},"image":{"@id":"https:\/\/kiwistore.it\/negozio\/rcrclessidra\/#primaryimage"},"thumbnailUrl":"https:\/\/i0.wp.com\/kiwistore.it\/wp-content\/uploads\/2020\/12\/RCR-Tattoo-Clessidra-2.jpg?fit=1200%2C1200&ssl=1","datePublished":"2020-12-21T11:58:03+00:00","dateModified":"2026-04-06T16:39:09+00:00","description":"| Bicchiere\/Jigger Tattoo Clessidra Rcr 3\/6 cl (6 pz.) KiwiStore","breadcrumb":{"@id":"https:\/\/kiwistore.it\/negozio\/rcrclessidra\/#breadcrumb"},"inLanguage":"de","potentialAction":[{"@type":"ReadAction","target":["https:\/\/kiwistore.it\/negozio\/rcrclessidra\/"]}]},{"@type":"ImageObject","inLanguage":"de","@id":"https:\/\/kiwistore.it\/negozio\/rcrclessidra\/#primaryimage","url":"https:\/\/i0.wp.com\/kiwistore.it\/wp-content\/uploads\/2020\/12\/RCR-Tattoo-Clessidra-2.jpg?fit=1200%2C1200&ssl=1","contentUrl":"https:\/\/i0.wp.com\/kiwistore.it\/wp-content\/uploads\/2020\/12\/RCR-Tattoo-Clessidra-2.jpg?fit=1200%2C1200&ssl=1","width":1200,"height":1200,"caption":"RCR Tattoo Clessidra"},{"@type":"BreadcrumbList","@id":"https:\/\/kiwistore.it\/negozio\/rcrclessidra\/#breadcrumb","itemListElement":[{"@type":"ListItem","position":1,"name":"Home","item":"https:\/\/kiwistore.it\/en\/"},{"@type":"ListItem","position":2,"name":"Shop","item":"https:\/\/kiwistore.it\/en\/shop\/"},{"@type":"ListItem","position":3,"name":"Bicchiere\/Jigger Tattoo Clessidra Rcr 3\/6 cl (6 pz.)"}]},{"@type":"WebSite","@id":"https:\/\/kiwistore.it\/#website","url":"https:\/\/kiwistore.it\/","name":"KiwiStore","description":"Hotelbedarf zum besten Preis","publisher":{"@id":"https:\/\/kiwistore.it\/#organization"},"potentialAction":[{"@type":"SearchAction","target":{"@type":"EntryPoint","urlTemplate":"https:\/\/kiwistore.it\/?s={search_term_string}"},"query-input":{"@type":"PropertyValueSpecification","valueRequired":true,"valueName":"search_term_string"}}],"inLanguage":"de"},{"@type":"Organization","@id":"https:\/\/kiwistore.it\/#organization","name":"KiwiStore","url":"https:\/\/kiwistore.it\/","logo":{"@type":"ImageObject","inLanguage":"de","@id":"https:\/\/kiwistore.it\/#\/schema\/logo\/image\/","url":"https:\/\/kiwistore.it\/wp-content\/uploads\/2021\/03\/cropped-LOGO-UMBERTO-03.png","contentUrl":"https:\/\/kiwistore.it\/wp-content\/uploads\/2021\/03\/cropped-LOGO-UMBERTO-03.png","width":512,"height":512,"caption":"KiwiStore"},"image":{"@id":"https:\/\/kiwistore.it\/#\/schema\/logo\/image\/"},"sameAs":["https:\/\/www.facebook.com\/kiwistore.it","https:\/\/www.instagram.com\/kiwistore.official\/"],"hasMerchantReturnPolicy":{"@type":"MerchantReturnPolicy","merchantReturnLink":"https:\/\/kiwistore.it\/de\/refund_returns\/"}}]},"product_price_amount":"15.36","product_price_currency":"EUR","og_availability":"instock","product_availability":"instock","product_retailer_item_id":"12958","product_condition":"new"},"_links":{"self":[{"href":"https:\/\/kiwistore.it\/de\/wp-json\/wp\/v2\/product\/2410","targetHints":{"allow":["GET"]}}],"collection":[{"href":"https:\/\/kiwistore.it\/de\/wp-json\/wp\/v2\/product"}],"about":[{"href":"https:\/\/kiwistore.it\/de\/wp-json\/wp\/v2\/types\/product"}],"wp:featuredmedia":[{"embeddable":true,"href":"https:\/\/kiwistore.it\/de\/wp-json\/wp\/v2\/media\/2411"}],"wp:attachment":[{"href":"https:\/\/kiwistore.it\/de\/wp-json\/wp\/v2\/media?parent=2410"}],"wp:term":[{"taxonomy":"product_brand","embeddable":true,"href":"https:\/\/kiwistore.it\/de\/wp-json\/wp\/v2\/product_brand?post=2410"},{"taxonomy":"product_cat","embeddable":true,"href":"https:\/\/kiwistore.it\/de\/wp-json\/wp\/v2\/product_cat?post=2410"},{"taxonomy":"product_tag","embeddable":true,"href":"https:\/\/kiwistore.it\/de\/wp-json\/wp\/v2\/product_tag?post=2410"}],"curies":[{"name":"wp","href":"https:\/\/api.w.org\/{rel}","templated":true}]}}